{"id":7209,"date":"2017-04-03T23:05:13","date_gmt":"2017-04-03T22:05:13","guid":{"rendered":"https:\/\/innovatione.eu\/plus-dinformations-sur-les-cookies\/"},"modified":"2017-04-03T23:05:13","modified_gmt":"2017-04-03T22:05:13","slug":"plus-dinformations-sur-les-cookies","status":"publish","type":"page","link":"https:\/\/innovatione.eu\/fr\/plus-dinformations-sur-les-cookies\/","title":{"rendered":"Plus d&rsquo;informations sur les cookies"},"content":{"rendered":"<p><strong>Qu&rsquo;est-ce qu&rsquo;un cookie ?<\/strong><\/p>\n<p>Un cookie est un fichier texte <strong>inoffensif<\/strong> qui est stock\u00e9 dans votre navigateur lorsque vous visitez presque n&rsquo;importe quel site web. L&rsquo;objectif du cookie est de permettre au site web de se souvenir de votre visite lorsque vous revenez sur cette page. Bien que de nombreuses personnes ne le sachent pas, les cookies sont utilis\u00e9s depuis 20 ans, lorsque les premiers navigateurs du World Wide Web sont apparus.<\/p>\n<p><strong>Qu&rsquo;est-ce qui n&rsquo;est PAS un cookie ?<\/strong><\/p>\n<p>Il ne s&rsquo;agit pas d&rsquo;un virus, d&rsquo;un cheval de Troie, d&rsquo;un ver, de spam, de spyware ou de fen\u00eatres pop-up.<\/p>\n<p><strong>Quelles informations un cookie stocke-t-il ?<\/strong><\/p>\n<p>En r\u00e8gle g\u00e9n\u00e9rale, les cookies ne stockent pas d&rsquo;informations sensibles vous concernant, telles que des donn\u00e9es relatives \u00e0 votre carte de cr\u00e9dit ou \u00e0 votre compte bancaire, des photographies, votre carte d&rsquo;identit\u00e9 ou des informations personnelles, etc. Les donn\u00e9es qu&rsquo;ils stockent sont de nature technique, les pr\u00e9f\u00e9rences personnelles, la personnalisation du contenu, etc.<\/p>\n<p>Ce n&rsquo;est pas le serveur web qui vous associe en tant que personne mais votre navigateur web. En fait, si vous avez l&rsquo;habitude de naviguer avec Internet Explorer et que vous essayez de naviguer sur le m\u00eame site web avec Firefox ou Chrome, vous verrez que le web ne se rend pas compte que vous \u00eates la m\u00eame personne car il associe en fait le navigateur et non la personne.<\/p>\n<p><strong>Quels types de cookies existe-t-il ?<\/strong><\/p>\n<ul>\n<li>Cookies techniques : ce sont les plus basiques et permettent, entre autres, de savoir quand un humain ou une application automatis\u00e9e navigue, quand un utilisateur anonyme et un utilisateur enregistr\u00e9 naviguent, des t\u00e2ches de base pour le fonctionnement de tout site web dynamique.<\/li>\n<li>Cookies d&rsquo;analyse : ils recueillent des informations sur le type de navigation effectu\u00e9e, les sections les plus utilis\u00e9es, les produits consult\u00e9s, le temps d&rsquo;utilisation, la langue, etc.<\/li>\n<li>Cookies publicitaires : ils pr\u00e9sentent des publicit\u00e9s en fonction de votre navigation, de votre pays d&rsquo;origine, de votre langue, etc.<\/li>\n<\/ul>\n<p><strong>Que sont les cookies de premi\u00e8re partie et de tierce partie ?<\/strong><\/p>\n<p><em>Les cookies de premi\u00e8re<\/em> partie sont ceux g\u00e9n\u00e9r\u00e9s par la page que vous visitez et les cookies de tierce partie sont ceux g\u00e9n\u00e9r\u00e9s par des services ou des fournisseurs externes tels que Facebook, Twitter, Google, etc.<\/p>\n<p><strong>Que se passe-t-il si je d\u00e9sactive les cookies ?<\/strong><\/p>\n<p>Pour vous aider \u00e0 comprendre la port\u00e9e que peut avoir la d\u00e9sactivation des cookies, voici quelques exemples :<\/p>\n<ul>\n<li>Vous ne serez pas en mesure de partager le contenu de ce site web sur Facebook, Twitter ou tout autre r\u00e9seau social.<\/li>\n<li>Le site web ne sera pas en mesure d&rsquo;adapter le contenu \u00e0 vos pr\u00e9f\u00e9rences personnelles, comme c&rsquo;est souvent le cas dans les boutiques en ligne.<\/li>\n<li>Vous ne pourrez pas acc\u00e9der \u00e0 l&rsquo;espace personnel de ce site web, tel que Mon compte, Mon profil ou Mes commandes.<\/li>\n<li>Magasins en ligne : Vous ne pourrez pas faire d&rsquo;achats en ligne, vous devrez les faire par t\u00e9l\u00e9phone ou en vous rendant dans le magasin physique si celui-ci existe.<\/li>\n<li>Il ne sera pas possible de personnaliser vos pr\u00e9f\u00e9rences g\u00e9ographiques telles que le fuseau horaire, la devise ou la langue.<\/li>\n<li>Le site web ne sera pas en mesure d&rsquo;effectuer des analyses sur les visiteurs et le trafic web, ce qui rendra difficile la comp\u00e9titivit\u00e9 du site web.<\/li>\n<li>Vous ne pourrez pas \u00e9crire sur le blog, t\u00e9l\u00e9charger des photos, poster des commentaires, noter ou \u00e9valuer le contenu. Le site web ne sera pas en mesure de savoir si vous \u00eates un humain ou une application automatis\u00e9e qui publie du spam.<\/li>\n<li>Vous ne pourrez pas afficher de publicit\u00e9 cibl\u00e9e, ce qui r\u00e9duira les recettes publicitaires du site.<\/li>\n<li>Tous les r\u00e9seaux sociaux utilisent des cookies. Si vous les d\u00e9sactivez, vous ne pourrez utiliser aucun r\u00e9seau social.<\/li>\n<\/ul>\n<p><strong>Puis-je supprimer les cookies ?<\/strong><\/p>\n<p>Oui, non seulement les supprimer, mais aussi les bloquer, de mani\u00e8re g\u00e9n\u00e9rale ou pour un domaine sp\u00e9cifique.<\/p>\n<p>Pour supprimer les cookies d&rsquo;un site web, vous devez aller dans les param\u00e8tres de votre navigateur et l\u00e0, vous pouvez rechercher ceux associ\u00e9s au domaine en question et les supprimer.<\/p>\n<p><strong>Configuration des cookies pour les navigateurs les plus populaires<\/strong><br \/>\nVoici comment acc\u00e9der \u00e0 un cookie sp\u00e9cifique dans le <strong>navigateur Chrome.<\/strong> Remarque : ces \u00e9tapes peuvent varier en fonction de la version du navigateur :<\/p>\n<ol>\n<li>Allez dans Param\u00e8tres ou Pr\u00e9f\u00e9rences via le menu Fichier ou en cliquant sur l&rsquo;ic\u00f4ne de personnalisation en haut \u00e0 droite.<\/li>\n<li>Vous verrez diff\u00e9rentes sections, cliquez sur <em>Afficher les options avanc\u00e9es.<\/em><\/li>\n<li>Allez dans <em>Confidentialit\u00e9, Param\u00e8tres<\/em> de contenu.<\/li>\n<li>S\u00e9lectionnez <em>Tous les cookies et les donn\u00e9es du site.<\/em><\/li>\n<li>Vous verrez une liste de tous les cookies tri\u00e9s par domaine. Pour faciliter la recherche de cookies pour un domaine particulier, saisissez une partie ou la totalit\u00e9 de l&rsquo;adresse dans le champ <em>Rechercher des cookies<\/em>.<\/li>\n<li>Apr\u00e8s avoir effectu\u00e9 ce filtre, une ou plusieurs lignes avec les cookies du site web demand\u00e9 appara\u00eetront sur l&rsquo;\u00e9cran. Il ne vous reste plus qu&rsquo;\u00e0 le s\u00e9lectionner et \u00e0 appuyer sur <em>X<\/em> pour le supprimer.<\/li>\n<\/ol>\n<p>Pour acc\u00e9der aux param\u00e8tres des cookies du navigateur <strong>Internet Explorer,<\/strong> suivez les \u00e9tapes suivantes (elles peuvent varier en fonction de la version du navigateur) :<\/p>\n<ol>\n<li>Allez dans <em>Outils, Options Internet<\/em><\/li>\n<li>Cliquez sur <em>Confidentialit\u00e9<\/em>.<\/li>\n<li>D\u00e9placez le curseur pour d\u00e9finir le niveau de confidentialit\u00e9 que vous souhaitez.<\/li>\n<\/ol>\n<p>Pour acc\u00e9der aux param\u00e8tres des cookies de votre navigateur <strong>Firefox<\/strong>, suivez ces \u00e9tapes (qui peuvent varier selon la version du navigateur) :<\/p>\n<ol>\n<li>Allez dans <em>Options<\/em> ou <em>Pr\u00e9f\u00e9rences<\/em>, selon votre syst\u00e8me d&rsquo;exploitation.<\/li>\n<li>Cliquez sur Confidentialit\u00e9.<\/li>\n<li>Sous <em>Historique<\/em>, choisissez <em>Utiliser<\/em> les param\u00e8tres personnalis\u00e9s pour l&rsquo;historique.<\/li>\n<li>Vous verrez maintenant l&rsquo;option <em>Accepter<\/em> <em>les cookie<\/em>s, vous pouvez l&rsquo;activer ou la d\u00e9sactiver selon vos pr\u00e9f\u00e9rences.<\/li>\n<\/ol>\n<p>Pour acc\u00e9der aux param\u00e8tres des cookies dans le navigateur <strong>Safari pour OSX<\/strong>, suivez ces \u00e9tapes (qui peuvent varier selon la version du navigateur) :<\/p>\n<ol>\n<li>Allez dans <em>Pr\u00e9f\u00e9rences<\/em>, puis dans <em>Confidentialit\u00e9<\/em>.<\/li>\n<li>Ici, vous verrez l&rsquo;option <em>Bloquer les cookies<\/em> afin que vous puissiez ajuster le type de blocage que vous voulez faire.<\/li>\n<\/ol>\n<p>Pour acc\u00e9der aux param\u00e8tres des cookies dans le navigateur <strong>Safari pour iOS<\/strong>, suivez ces \u00e9tapes (qui peuvent varier selon la version du navigateur) :<\/p>\n<ol>\n<li>Allez dans <em>Param\u00e8tres<\/em>, puis dans <em>Safari<\/em>.<\/li>\n<li>Dans la rubrique \u00ab\u00a0Confidentialit\u00e9 et s\u00e9curit\u00e9\u00a0\u00bb, l&rsquo;option <em>Bloquer les cookies<\/em>\u00a0s&rsquo;affiche pour vous permettre d&rsquo;ajuster le type de blocage que vous souhaitez effectuer.<\/li>\n<\/ol>\n<p>Pour acc\u00e9der aux param\u00e8tres des cookies du navigateur pour les appareils <strong>Android<\/strong>, suivez ces \u00e9tapes (qui peuvent varier en fonction de la version du navigateur) :<\/p>\n<ol>\n<li>Lancez le navigateur et appuyez sur la touche <em>Menu<\/em>, puis sur Param\u00e8tres.<\/li>\n<li>Allez dans <em>S\u00e9curit\u00e9 et confidentialit\u00e9<\/em>, vous verrez l&rsquo;option <em>Accepter les cookies<\/em> pour cocher ou d\u00e9cocher la case.<\/li>\n<\/ol>\n<p>Pour acc\u00e9der aux param\u00e8tres des cookies de votre navigateur pour les appareils <strong>Windows Phone<\/strong>, suivez ces \u00e9tapes (qui peuvent varier selon la version du navigateur) :<\/p>\n<ol>\n<li>Ouvrez Internet Explorer, puis More, puis <em>Settings<\/em><\/li>\n<li>Vous pouvez maintenant cocher ou d\u00e9cocher la case <em>\u00ab\u00a0Autoriser les cookies\u00a0\u00bb.<\/em><\/li>\n<\/ol>\n","protected":false},"excerpt":{"rendered":"<p>Qu&rsquo;est-ce qu&rsquo;un cookie ? Un cookie est un fichier texte inoffensif qui est stock\u00e9 dans votre navigateur lorsque vous visitez presque n&rsquo;importe quel site web. L&rsquo;objectif du cookie est de permettre au site web de se souvenir de votre visite lorsque vous revenez sur cette page. Bien que de nombreuses personnes ne le sachent pas, [&hellip;]<\/p>\n","protected":false},"author":1,"featured_media":0,"parent":0,"menu_order":0,"comment_status":"closed","ping_status":"closed","template":"","meta":{"_joinchat":[]},"yoast_head":"<!-- This site is optimized with the Yoast SEO plugin v19.4 - https:\/\/yoast.com\/wordpress\/plugins\/seo\/ -->\n<title>Plus d&#039;informations sur les cookies - Innovatione<\/title>\n<meta name=\"robots\" content=\"index, follow, max-snippet:-1, max-image-preview:large, max-video-preview:-1\" \/>\n<link rel=\"canonical\" href=\"https:\/\/innovatione.eu\/fr\/plus-dinformations-sur-les-cookies\/\" \/>\n<meta property=\"og:locale\" content=\"fr_FR\" \/>\n<meta property=\"og:type\" content=\"article\" \/>\n<meta property=\"og:title\" content=\"Plus d&#039;informations sur les cookies - Innovatione\" \/>\n<meta property=\"og:description\" content=\"Qu&rsquo;est-ce qu&rsquo;un cookie ? Un cookie est un fichier texte inoffensif qui est stock\u00e9 dans votre navigateur lorsque vous visitez presque n&rsquo;importe quel site web. L&rsquo;objectif du cookie est de permettre au site web de se souvenir de votre visite lorsque vous revenez sur cette page. Bien que de nombreuses personnes ne le sachent pas, [&hellip;]\" \/>\n<meta property=\"og:url\" content=\"https:\/\/innovatione.eu\/fr\/plus-dinformations-sur-les-cookies\/\" \/>\n<meta property=\"og:site_name\" content=\"Innovatione\" \/>\n<meta property=\"article:publisher\" content=\"https:\/\/www.facebook.com\/foodinnovatione\/\" \/>\n<meta name=\"twitter:card\" content=\"summary\" \/>\n<meta name=\"twitter:site\" content=\"@foodinnovatione\" \/>\n<meta name=\"twitter:label1\" content=\"Dur\u00e9e de lecture estim\u00e9e\" \/>\n\t<meta name=\"twitter:data1\" content=\"6 minutes\" \/>\n<script type=\"application\/ld+json\" class=\"yoast-schema-graph\">{\"@context\":\"https:\/\/schema.org\",\"@graph\":[{\"@type\":\"WebSite\",\"@id\":\"https:\/\/innovatione.eu\/fr\/#website\",\"url\":\"https:\/\/innovatione.eu\/fr\/\",\"name\":\"Innovatione\",\"description\":\"P&aacute;gina Oficial\",\"potentialAction\":[{\"@type\":\"SearchAction\",\"target\":{\"@type\":\"EntryPoint\",\"urlTemplate\":\"https:\/\/innovatione.eu\/fr\/?s={search_term_string}\"},\"query-input\":\"required name=search_term_string\"}],\"inLanguage\":\"fr-FR\"},{\"@type\":\"WebPage\",\"@id\":\"https:\/\/innovatione.eu\/fr\/plus-dinformations-sur-les-cookies\/\",\"url\":\"https:\/\/innovatione.eu\/fr\/plus-dinformations-sur-les-cookies\/\",\"name\":\"Plus d'informations sur les cookies - Innovatione\",\"isPartOf\":{\"@id\":\"https:\/\/innovatione.eu\/fr\/#website\"},\"datePublished\":\"2017-04-03T22:05:13+00:00\",\"dateModified\":\"2017-04-03T22:05:13+00:00\",\"breadcrumb\":{\"@id\":\"https:\/\/innovatione.eu\/fr\/plus-dinformations-sur-les-cookies\/#breadcrumb\"},\"inLanguage\":\"fr-FR\",\"potentialAction\":[{\"@type\":\"ReadAction\",\"target\":[\"https:\/\/innovatione.eu\/fr\/plus-dinformations-sur-les-cookies\/\"]}]},{\"@type\":\"BreadcrumbList\",\"@id\":\"https:\/\/innovatione.eu\/fr\/plus-dinformations-sur-les-cookies\/#breadcrumb\",\"itemListElement\":[{\"@type\":\"ListItem\",\"position\":1,\"name\":\"Portada\",\"item\":\"https:\/\/innovatione.eu\/fr\/\"},{\"@type\":\"ListItem\",\"position\":2,\"name\":\"Plus d&rsquo;informations sur les cookies\"}]}]}<\/script>\n<!-- \/ Yoast SEO plugin. -->","yoast_head_json":{"title":"Plus d'informations sur les cookies - Innovatione","robots":{"index":"index","follow":"follow","max-snippet":"max-snippet:-1","max-image-preview":"max-image-preview:large","max-video-preview":"max-video-preview:-1"},"canonical":"https:\/\/innovatione.eu\/fr\/plus-dinformations-sur-les-cookies\/","og_locale":"fr_FR","og_type":"article","og_title":"Plus d'informations sur les cookies - Innovatione","og_description":"Qu&rsquo;est-ce qu&rsquo;un cookie ? Un cookie est un fichier texte inoffensif qui est stock\u00e9 dans votre navigateur lorsque vous visitez presque n&rsquo;importe quel site web. L&rsquo;objectif du cookie est de permettre au site web de se souvenir de votre visite lorsque vous revenez sur cette page. Bien que de nombreuses personnes ne le sachent pas, [&hellip;]","og_url":"https:\/\/innovatione.eu\/fr\/plus-dinformations-sur-les-cookies\/","og_site_name":"Innovatione","article_publisher":"https:\/\/www.facebook.com\/foodinnovatione\/","twitter_card":"summary","twitter_site":"@foodinnovatione","twitter_misc":{"Dur\u00e9e de lecture estim\u00e9e":"6 minutes"},"schema":{"@context":"https:\/\/schema.org","@graph":[{"@type":"WebSite","@id":"https:\/\/innovatione.eu\/fr\/#website","url":"https:\/\/innovatione.eu\/fr\/","name":"Innovatione","description":"P&aacute;gina Oficial","potentialAction":[{"@type":"SearchAction","target":{"@type":"EntryPoint","urlTemplate":"https:\/\/innovatione.eu\/fr\/?s={search_term_string}"},"query-input":"required name=search_term_string"}],"inLanguage":"fr-FR"},{"@type":"WebPage","@id":"https:\/\/innovatione.eu\/fr\/plus-dinformations-sur-les-cookies\/","url":"https:\/\/innovatione.eu\/fr\/plus-dinformations-sur-les-cookies\/","name":"Plus d'informations sur les cookies - Innovatione","isPartOf":{"@id":"https:\/\/innovatione.eu\/fr\/#website"},"datePublished":"2017-04-03T22:05:13+00:00","dateModified":"2017-04-03T22:05:13+00:00","breadcrumb":{"@id":"https:\/\/innovatione.eu\/fr\/plus-dinformations-sur-les-cookies\/#breadcrumb"},"inLanguage":"fr-FR","potentialAction":[{"@type":"ReadAction","target":["https:\/\/innovatione.eu\/fr\/plus-dinformations-sur-les-cookies\/"]}]},{"@type":"BreadcrumbList","@id":"https:\/\/innovatione.eu\/fr\/plus-dinformations-sur-les-cookies\/#breadcrumb","itemListElement":[{"@type":"ListItem","position":1,"name":"Portada","item":"https:\/\/innovatione.eu\/fr\/"},{"@type":"ListItem","position":2,"name":"Plus d&rsquo;informations sur les cookies"}]}]}},"_links":{"self":[{"href":"https:\/\/innovatione.eu\/fr\/wp-json\/wp\/v2\/pages\/7209"}],"collection":[{"href":"https:\/\/innovatione.eu\/fr\/wp-json\/wp\/v2\/pages"}],"about":[{"href":"https:\/\/innovatione.eu\/fr\/wp-json\/wp\/v2\/types\/page"}],"author":[{"embeddable":true,"href":"https:\/\/innovatione.eu\/fr\/wp-json\/wp\/v2\/users\/1"}],"replies":[{"embeddable":true,"href":"https:\/\/innovatione.eu\/fr\/wp-json\/wp\/v2\/comments?post=7209"}],"version-history":[{"count":0,"href":"https:\/\/innovatione.eu\/fr\/wp-json\/wp\/v2\/pages\/7209\/revisions"}],"wp:attachment":[{"href":"https:\/\/innovatione.eu\/fr\/wp-json\/wp\/v2\/media?parent=7209"}],"curies":[{"name":"wp","href":"https:\/\/api.w.org\/{rel}","templated":true}]}}