{"id":7206,"date":"2017-03-16T09:38:12","date_gmt":"2017-03-16T08:38:12","guid":{"rendered":"https:\/\/innovatione.eu\/que-faisons-nous-de-la-nourriture\/"},"modified":"2022-07-28T12:21:54","modified_gmt":"2022-07-28T11:21:54","slug":"que-faisons-nous-de-la-nourriture","status":"publish","type":"page","link":"https:\/\/innovatione.eu\/fr\/que-faisons-nous-de-la-nourriture\/","title":{"rendered":"Que faisons-nous de la nourriture ?"},"content":{"rendered":"<div class=\"wpb-content-wrapper\">[vc_row fullwidth=\u00a0\u00bbtrue\u00a0\u00bb padding=\u00a0\u00bb0&Prime;][vc_column][mk_page_title_box page_title=\u00a0\u00bbQUE FAISONS-NOUS DE LA NOURRITURE ?\u00a0\u00bb page_subtitle=\u00a0\u00bbNous nous engageons en faveur de l&rsquo;alimentation\u00a0\u00bb section_height=\u00a0\u00bb500&Prime; bg_image=\u00a0\u00bbhttps:\/\/innovatione.eu\/wp-content\/uploads\/2014\/08\/oranges-half-2117123_1920.jpg\u00a0\u00bb bg_position=\u00a0\u00bbcenter top\u00a0\u00bb bg_stretch=\u00a0\u00bbtrue\u00a0\u00bb bg_effects=\u00a0\u00bbparallax\u00a0\u00bb font_size=\u00a0\u00bb60&Prime; font_color=\u00a0\u00bb#ffffff\u00a0\u00bb sub_font_size=\u00a0\u00bb26&Prime; sub_font_color=\u00a0\u00bb#ffffff\u00a0\u00bb][mk_divider style=\u00a0\u00bbthin_solid\u00a0\u00bb thickness=\u00a0\u00bb3&Prime; margin_top=\u00a0\u00bb0&Prime; margin_bottom=\u00a0\u00bb0&Prime;][mk_padding_divider size=\u00a0\u00bb80&Prime;][\/vc_column][\/vc_row][vc_row][vc_column width=\u00a0\u00bb1\/2&Prime;][mk_padding_divider][mk_fancy_title color=\u00a0\u00bb#393836&Prime; size=\u00a0\u00bb22&Prime; txt_transform=\u00a0\u00bbuppercase\u00a0\u00bb letter_spacing=\u00a0\u00bb1&Prime; margin_bottom=\u00a0\u00bb25&Prime; font_family=\u00a0\u00bbnone\u00a0\u00bb]<a href=\"https:\/\/innovatione.eu\/fr\/developpement-de-nouveaux-produits\/\">LE D\u00c9VELOPPEMENT DE NOUVEAUX PRODUITS ALIMENTAIRES<\/a>[\/mk_fancy_title][vc_column_text]Nous faisons confiance \u00e0 vos id\u00e9es et les transformons en r\u00e9alit\u00e9. Gr\u00e2ce \u00e0 notre m\u00e9thode de d\u00e9veloppement de nouveaux produits, nous vous aidons \u00e0 cr\u00e9er un produit alimentaire innovant, diff\u00e9renci\u00e9 et \u00e0 forte valeur ajout\u00e9e. Peu importe que vous ayez une id\u00e9e ou un produit presque fini auquel il faut donner la touche finale pour qu&rsquo;il soit r\u00e9ussi.[\/vc_column_text][\/vc_column][vc_column width=\u00a0\u00bb1\/2&Prime;][mk_image src=\u00a0\u00bbhttps:\/\/innovatione.eu\/wp-content\/uploads\/2017\/03\/joseph-gonzalez-111631.jpg\u00a0\u00bb group=\u00a0\u00bb_general\u00a0\u00bb margin_bottom=\u00a0\u00bb0&Prime; animation=\u00a0\u00bbright-to-left\u00a0\u00bb][\/vc_column][\/vc_row][vc_row][vc_column][mk_padding_divider][\/vc_column][\/vc_row][vc_row][vc_column width=\u00a0\u00bb1\/2&Prime;][mk_image src=\u00a0\u00bbhttps:\/\/innovatione.eu\/wp-content\/uploads\/2014\/09\/man-using-digital-tablet.jpg\u00a0\u00bb group=\u00a0\u00bb_general\u00a0\u00bb margin_bottom=\u00a0\u00bb0&Prime; animation=\u00a0\u00bbleft-to-right\u00a0\u00bb][\/vc_column][vc_column width=\u00a0\u00bb1\/2&Prime;][mk_padding_divider][mk_fancy_title color=\u00a0\u00bb#393836&Prime; size=\u00a0\u00bb22&Prime; txt_transform=\u00a0\u00bbuppercase\u00a0\u00bb letter_spacing=\u00a0\u00bb1&Prime; margin_bottom=\u00a0\u00bb25&Prime; font_family=\u00a0\u00bbnone\u00a0\u00bb]AM\u00c9LIORATION DES PROCESSUS[\/mk_fancy_title][vc_column_text]L&rsquo;application des nouvelles technologies dans l&rsquo;industrie agroalimentaire permet de r\u00e9duire consid\u00e9rablement le temps et le co\u00fbt des processus de production.[\/vc_column_text][\/vc_column][\/vc_row][vc_row][vc_column][mk_padding_divider][\/vc_column][\/vc_row][vc_row][vc_column width=\u00a0\u00bb1\/2&Prime;][mk_padding_divider][mk_fancy_title color=\u00a0\u00bb#393836&Prime; size=\u00a0\u00bb22&Prime; txt_transform=\u00a0\u00bbuppercase\u00a0\u00bb letter_spacing=\u00a0\u00bb1&Prime; margin_bottom=\u00a0\u00bb25&Prime; font_family=\u00a0\u00bbnone\u00a0\u00bb]<a href=\"https:\/\/innovatione.eu\/fr\/securite-alimentaire\/\">S\u00c9CURIT\u00c9 ALIMENTAIRE<\/a>[\/mk_fancy_title][vc_column_text]Garantir la s\u00e9curit\u00e9 de votre produit est le meilleur moyen de lui donner une valeur ajout\u00e9e et d&rsquo;accro\u00eetre votre comp\u00e9titivit\u00e9. Nous veillons \u00e0 ce que la s\u00e9curit\u00e9 alimentaire de votre entreprise soit correcte, afin que vous n&rsquo;ayez \u00e0 vous pr\u00e9occuper que de ce que vous aimez vraiment, \u00e0 savoir fabriquer un produit de qualit\u00e9. N&rsquo;h\u00e9sitez pas \u00e0 nous demander, nous sommes \u00e0 port\u00e9e de clic.[\/vc_column_text][\/vc_column][vc_column width=\u00a0\u00bb1\/2&Prime;][mk_image src=\u00a0\u00bbhttps:\/\/innovatione.eu\/wp-content\/uploads\/2017\/03\/food-market-food-market.jpg\u00a0\u00bb group=\u00a0\u00bb_general\u00a0\u00bb margin_bottom=\u00a0\u00bb0&Prime; animation=\u00a0\u00bbright-to-left\u00a0\u00bb][\/vc_column][\/vc_row][vc_row][vc_column][mk_padding_divider][\/vc_column][\/vc_row][vc_row][vc_column width=\u00a0\u00bb1\/2&Prime;][mk_image src=\u00a0\u00bbhttps:\/\/innovatione.eu\/wp-content\/uploads\/2014\/08\/interior-of-modern-conference-room.jpg\u00a0\u00bb group=\u00a0\u00bb_genereal\u00a0\u00bb margin_bottom=\u00a0\u00bb0&Prime; animation=\u00a0\u00bbleft-to-right\u00a0\u00bb][\/vc_column][vc_column width=\u00a0\u00bb1\/2&Prime;][mk_padding_divider][mk_fancy_title color=\u00a0\u00bb#393836&Prime; size=\u00a0\u00bb22&Prime; txt_transform=\u00a0\u00bbuppercase\u00a0\u00bb letter_spacing=\u00a0\u00bb1&Prime; margin_bottom=\u00a0\u00bb25&Prime; font_family=\u00a0\u00bbnone\u00a0\u00bb]<a href=\"https:\/\/innovatione.eu\/fr\/cours-et-formations\/\">FORMATION<\/a>[\/mk_fancy_title][vc_column_text]Destin\u00e9 \u00e0 toutes les personnes int\u00e9ress\u00e9es par le secteur alimentaire. Elle s&rsquo;adresse principalement \u00e0 ceux qui veulent se tenir au courant des derniers d\u00e9veloppements et des nouvelles technologies sur le march\u00e9, ainsi qu&rsquo;aux personnes qui veulent d\u00e9buter dans le monde de l&rsquo;alimentation et qui ont besoin d&rsquo;une formation dans un aspect sp\u00e9cifique.[\/vc_column_text][\/vc_column][\/vc_row][vc_row][vc_column][mk_padding_divider][\/vc_column][\/vc_row][vc_row][vc_column width=\u00a0\u00bb1\/2&Prime;][mk_padding_divider][mk_fancy_title color=\u00a0\u00bb#393836&Prime; size=\u00a0\u00bb22&Prime; txt_transform=\u00a0\u00bbuppercase\u00a0\u00bb letter_spacing=\u00a0\u00bb1&Prime; margin_bottom=\u00a0\u00bb25&Prime; font_family=\u00a0\u00bbnone\u00a0\u00bb]<a href=\"https:\/\/innovatione.eu\/fr\/conseil-alimentaire\/\">CONSEIL EN ALIMENTATION<\/a>[\/mk_fancy_title][vc_column_text]Parfois, des doutes surgissent au sein d&rsquo;une entreprise et sont difficiles \u00e0 r\u00e9soudre. Sans l&rsquo;aide d&rsquo;un expert en alimentation, ils peuvent devenir de v\u00e9ritables probl\u00e8mes. C&rsquo;est pourquoi nous mettons notre exp\u00e9rience \u00e0 votre disposition pour vous aider \u00e0 r\u00e9soudre tout doute ou toute question dans les meilleurs d\u00e9lais.[\/vc_column_text][\/vc_column][vc_column width=\u00a0\u00bb1\/2&Prime;][mk_image src=\u00a0\u00bbhttps:\/\/innovatione.eu\/wp-content\/uploads\/2014\/08\/colleagues-having-business-meeting-in-coffee-bar.jpg\u00a0\u00bb group=\u00a0\u00bb_general\u00a0\u00bb margin_bottom=\u00a0\u00bb0&Prime; animation=\u00a0\u00bbright-to-left\u00a0\u00bb][\/vc_column][\/vc_row][vc_row][vc_column][mk_padding_divider][\/vc_column][\/vc_row]\n<\/div>","protected":false},"excerpt":{"rendered":"<p>[vc_row fullwidth=\u00a0\u00bbtrue\u00a0\u00bb padding=\u00a0\u00bb0&Prime;][vc_column][mk_page_title_box page_title=\u00a0\u00bbQUE FAISONS-NOUS DE LA NOURRITURE ?\u00a0\u00bb page_subtitle=\u00a0\u00bbNous nous engageons en faveur de l&rsquo;alimentation\u00a0\u00bb section_height=\u00a0\u00bb500&Prime; bg_image=\u00a0\u00bbhttps:\/\/innovatione.eu\/wp-content\/uploads\/2014\/08\/oranges-half-2117123_1920.jpg\u00a0\u00bb bg_position=\u00a0\u00bbcenter top\u00a0\u00bb bg_stretch=\u00a0\u00bbtrue\u00a0\u00bb bg_effects=\u00a0\u00bbparallax\u00a0\u00bb font_size=\u00a0\u00bb60&Prime; font_color=\u00a0\u00bb#ffffff\u00a0\u00bb sub_font_size=\u00a0\u00bb26&Prime; sub_font_color=\u00a0\u00bb#ffffff\u00a0\u00bb][mk_divider style=\u00a0\u00bbthin_solid\u00a0\u00bb thickness=\u00a0\u00bb3&Prime; margin_top=\u00a0\u00bb0&Prime; margin_bottom=\u00a0\u00bb0&Prime;][mk_padding_divider size=\u00a0\u00bb80&Prime;][\/vc_column][\/vc_row][vc_row][vc_column width=\u00a0\u00bb1\/2&Prime;][mk_padding_divider][mk_fancy_title color=\u00a0\u00bb#393836&Prime; size=\u00a0\u00bb22&Prime; txt_transform=\u00a0\u00bbuppercase\u00a0\u00bb letter_spacing=\u00a0\u00bb1&Prime; margin_bottom=\u00a0\u00bb25&Prime; font_family=\u00a0\u00bbnone\u00a0\u00bb]LE D\u00c9VELOPPEMENT DE NOUVEAUX PRODUITS ALIMENTAIRES[\/mk_fancy_title][vc_column_text]Nous faisons confiance \u00e0 vos id\u00e9es et les transformons en r\u00e9alit\u00e9. Gr\u00e2ce \u00e0 [&hellip;]<\/p>\n","protected":false},"author":1,"featured_media":0,"parent":0,"menu_order":0,"comment_status":"open","ping_status":"closed","template":"","meta":{"_joinchat":[]},"yoast_head":"<!-- This site is optimized with the Yoast SEO plugin v19.4 - https:\/\/yoast.com\/wordpress\/plugins\/seo\/ -->\n<title>Innovatione secci\u00f3n Food - Consultoria y asesor\u00eda alimentaria<\/title>\n<meta name=\"description\" content=\"Chez Innovatione, nous offrons notre aide pour d\u00e9velopper des projets de s\u00e9curit\u00e9 alimentaire, HACCP, certifications de qualit\u00e9, d\u00e9veloppement de nouveaux aliments.\" \/>\n<meta name=\"robots\" content=\"index, follow, max-snippet:-1, max-image-preview:large, max-video-preview:-1\" \/>\n<link rel=\"canonical\" href=\"https:\/\/innovatione.eu\/fr\/que-faisons-nous-de-la-nourriture\/\" \/>\n<meta property=\"og:locale\" content=\"fr_FR\" \/>\n<meta property=\"og:type\" content=\"article\" \/>\n<meta property=\"og:title\" content=\"Innovatione secci\u00f3n Food - Consultoria y asesor\u00eda alimentaria\" \/>\n<meta property=\"og:description\" content=\"Chez Innovatione, nous offrons notre aide pour d\u00e9velopper des projets de s\u00e9curit\u00e9 alimentaire, HACCP, certifications de qualit\u00e9, d\u00e9veloppement de nouveaux aliments.\" \/>\n<meta property=\"og:url\" content=\"https:\/\/innovatione.eu\/fr\/que-faisons-nous-de-la-nourriture\/\" \/>\n<meta property=\"og:site_name\" content=\"Innovatione\" \/>\n<meta property=\"article:publisher\" content=\"https:\/\/www.facebook.com\/foodinnovatione\/\" \/>\n<meta property=\"article:modified_time\" content=\"2022-07-28T11:21:54+00:00\" \/>\n<meta name=\"twitter:card\" content=\"summary\" \/>\n<meta name=\"twitter:site\" content=\"@foodinnovatione\" \/>\n<meta name=\"twitter:label1\" content=\"Dur\u00e9e de lecture estim\u00e9e\" \/>\n\t<meta name=\"twitter:data1\" content=\"3 minutes\" \/>\n<script type=\"application\/ld+json\" class=\"yoast-schema-graph\">{\"@context\":\"https:\/\/schema.org\",\"@graph\":[{\"@type\":\"WebSite\",\"@id\":\"https:\/\/innovatione.eu\/fr\/#website\",\"url\":\"https:\/\/innovatione.eu\/fr\/\",\"name\":\"Innovatione\",\"description\":\"P&aacute;gina Oficial\",\"potentialAction\":[{\"@type\":\"SearchAction\",\"target\":{\"@type\":\"EntryPoint\",\"urlTemplate\":\"https:\/\/innovatione.eu\/fr\/?s={search_term_string}\"},\"query-input\":\"required name=search_term_string\"}],\"inLanguage\":\"fr-FR\"},{\"@type\":\"WebPage\",\"@id\":\"https:\/\/innovatione.eu\/fr\/que-faisons-nous-de-la-nourriture\/\",\"url\":\"https:\/\/innovatione.eu\/fr\/que-faisons-nous-de-la-nourriture\/\",\"name\":\"Innovatione secci\u00f3n Food - Consultoria y asesor\u00eda alimentaria\",\"isPartOf\":{\"@id\":\"https:\/\/innovatione.eu\/fr\/#website\"},\"datePublished\":\"2017-03-16T08:38:12+00:00\",\"dateModified\":\"2022-07-28T11:21:54+00:00\",\"description\":\"Chez Innovatione, nous offrons notre aide pour d\u00e9velopper des projets de s\u00e9curit\u00e9 alimentaire, HACCP, certifications de qualit\u00e9, d\u00e9veloppement de nouveaux aliments.\",\"breadcrumb\":{\"@id\":\"https:\/\/innovatione.eu\/fr\/que-faisons-nous-de-la-nourriture\/#breadcrumb\"},\"inLanguage\":\"fr-FR\",\"potentialAction\":[{\"@type\":\"ReadAction\",\"target\":[\"https:\/\/innovatione.eu\/fr\/que-faisons-nous-de-la-nourriture\/\"]}]},{\"@type\":\"BreadcrumbList\",\"@id\":\"https:\/\/innovatione.eu\/fr\/que-faisons-nous-de-la-nourriture\/#breadcrumb\",\"itemListElement\":[{\"@type\":\"ListItem\",\"position\":1,\"name\":\"Portada\",\"item\":\"https:\/\/innovatione.eu\/fr\/\"},{\"@type\":\"ListItem\",\"position\":2,\"name\":\"Que faisons-nous de la nourriture ?\"}]}]}<\/script>\n<!-- \/ Yoast SEO plugin. -->","yoast_head_json":{"title":"Innovatione secci\u00f3n Food - Consultoria y asesor\u00eda alimentaria","description":"Chez Innovatione, nous offrons notre aide pour d\u00e9velopper des projets de s\u00e9curit\u00e9 alimentaire, HACCP, certifications de qualit\u00e9, d\u00e9veloppement de nouveaux aliments.","robots":{"index":"index","follow":"follow","max-snippet":"max-snippet:-1","max-image-preview":"max-image-preview:large","max-video-preview":"max-video-preview:-1"},"canonical":"https:\/\/innovatione.eu\/fr\/que-faisons-nous-de-la-nourriture\/","og_locale":"fr_FR","og_type":"article","og_title":"Innovatione secci\u00f3n Food - Consultoria y asesor\u00eda alimentaria","og_description":"Chez Innovatione, nous offrons notre aide pour d\u00e9velopper des projets de s\u00e9curit\u00e9 alimentaire, HACCP, certifications de qualit\u00e9, d\u00e9veloppement de nouveaux aliments.","og_url":"https:\/\/innovatione.eu\/fr\/que-faisons-nous-de-la-nourriture\/","og_site_name":"Innovatione","article_publisher":"https:\/\/www.facebook.com\/foodinnovatione\/","article_modified_time":"2022-07-28T11:21:54+00:00","twitter_card":"summary","twitter_site":"@foodinnovatione","twitter_misc":{"Dur\u00e9e de lecture estim\u00e9e":"3 minutes"},"schema":{"@context":"https:\/\/schema.org","@graph":[{"@type":"WebSite","@id":"https:\/\/innovatione.eu\/fr\/#website","url":"https:\/\/innovatione.eu\/fr\/","name":"Innovatione","description":"P&aacute;gina Oficial","potentialAction":[{"@type":"SearchAction","target":{"@type":"EntryPoint","urlTemplate":"https:\/\/innovatione.eu\/fr\/?s={search_term_string}"},"query-input":"required name=search_term_string"}],"inLanguage":"fr-FR"},{"@type":"WebPage","@id":"https:\/\/innovatione.eu\/fr\/que-faisons-nous-de-la-nourriture\/","url":"https:\/\/innovatione.eu\/fr\/que-faisons-nous-de-la-nourriture\/","name":"Innovatione secci\u00f3n Food - Consultoria y asesor\u00eda alimentaria","isPartOf":{"@id":"https:\/\/innovatione.eu\/fr\/#website"},"datePublished":"2017-03-16T08:38:12+00:00","dateModified":"2022-07-28T11:21:54+00:00","description":"Chez Innovatione, nous offrons notre aide pour d\u00e9velopper des projets de s\u00e9curit\u00e9 alimentaire, HACCP, certifications de qualit\u00e9, d\u00e9veloppement de nouveaux aliments.","breadcrumb":{"@id":"https:\/\/innovatione.eu\/fr\/que-faisons-nous-de-la-nourriture\/#breadcrumb"},"inLanguage":"fr-FR","potentialAction":[{"@type":"ReadAction","target":["https:\/\/innovatione.eu\/fr\/que-faisons-nous-de-la-nourriture\/"]}]},{"@type":"BreadcrumbList","@id":"https:\/\/innovatione.eu\/fr\/que-faisons-nous-de-la-nourriture\/#breadcrumb","itemListElement":[{"@type":"ListItem","position":1,"name":"Portada","item":"https:\/\/innovatione.eu\/fr\/"},{"@type":"ListItem","position":2,"name":"Que faisons-nous de la nourriture ?"}]}]}},"_links":{"self":[{"href":"https:\/\/innovatione.eu\/fr\/wp-json\/wp\/v2\/pages\/7206"}],"collection":[{"href":"https:\/\/innovatione.eu\/fr\/wp-json\/wp\/v2\/pages"}],"about":[{"href":"https:\/\/innovatione.eu\/fr\/wp-json\/wp\/v2\/types\/page"}],"author":[{"embeddable":true,"href":"https:\/\/innovatione.eu\/fr\/wp-json\/wp\/v2\/users\/1"}],"replies":[{"embeddable":true,"href":"https:\/\/innovatione.eu\/fr\/wp-json\/wp\/v2\/comments?post=7206"}],"version-history":[{"count":0,"href":"https:\/\/innovatione.eu\/fr\/wp-json\/wp\/v2\/pages\/7206\/revisions"}],"wp:attachment":[{"href":"https:\/\/innovatione.eu\/fr\/wp-json\/wp\/v2\/media?parent=7206"}],"curies":[{"name":"wp","href":"https:\/\/api.w.org\/{rel}","templated":true}]}}