{"id":7203,"date":"2017-03-16T09:10:21","date_gmt":"2017-03-16T08:10:21","guid":{"rendered":"https:\/\/innovatione.eu\/quest-ce-quon-fait-agro\/"},"modified":"2022-07-28T12:21:15","modified_gmt":"2022-07-28T11:21:15","slug":"quest-ce-quon-fait-agro","status":"publish","type":"page","link":"https:\/\/innovatione.eu\/fr\/quest-ce-quon-fait-agro\/","title":{"rendered":"Qu&rsquo;est-ce qu&rsquo;on fait, agro ?"},"content":{"rendered":"<div class=\"wpb-content-wrapper\">[vc_row fullwidth=\u00a0\u00bbtrue\u00a0\u00bb padding=\u00a0\u00bb0&Prime;][vc_column][mk_page_title_box page_title=\u00a0\u00bbQU&rsquo;EST-CE QU&rsquo;ON FAIT, AGRO ?\u00a0\u00bb page_subtitle=\u00a0\u00bbNous croyons au monde rural\u00a0\u00bb section_height=\u00a0\u00bb500&Prime; bg_image=\u00a0\u00bbhttps:\/\/innovatione.eu\/wp-content\/uploads\/2014\/09\/animals-1868565-1-e1566563321923.jpg\u00a0\u00bb bg_position=\u00a0\u00bbcenter top\u00a0\u00bb bg_stretch=\u00a0\u00bbtrue\u00a0\u00bb overlay=\u00a0\u00bbrgba(10,10,10,0.4)\u00a0\u00bb bg_effects=\u00a0\u00bbparallax\u00a0\u00bb font_size=\u00a0\u00bb60&Prime; font_color=\u00a0\u00bb#ffffff\u00a0\u00bb sub_font_size=\u00a0\u00bb26&Prime; sub_font_color=\u00a0\u00bb#ffffff\u00a0\u00bb][mk_divider style=\u00a0\u00bbthin_solid\u00a0\u00bb thickness=\u00a0\u00bb3&Prime; margin_top=\u00a0\u00bb0&Prime; margin_bottom=\u00a0\u00bb0&Prime;][mk_padding_divider size=\u00a0\u00bb80&Prime;][\/vc_column][\/vc_row][vc_row padding=\u00a0\u00bb1&Prime;][vc_column width=\u00a0\u00bb1\/2&Prime;][mk_fancy_title color=\u00a0\u00bb#393836&Prime; size=\u00a0\u00bb22&Prime; txt_transform=\u00a0\u00bbuppercase\u00a0\u00bb letter_spacing=\u00a0\u00bb1&Prime; margin_bottom=\u00a0\u00bb25&Prime; font_family=\u00a0\u00bbnone\u00a0\u00bb]<a href=\"https:\/\/innovatione.eu\/fr\/projets\/\">CONCEPTION ET MISE EN \u0152UVRE DU PROJET<\/a>[\/mk_fancy_title][vc_column_text disable_pattern=\u00a0\u00bbfalse\u00a0\u00bb]\n<ul>\n<li>Projets techniques et avant-projets relatifs \u00e0 la construction de nouvelles exploitations.<\/li>\n<li>L\u00e9galisation des infrastructures.<\/li>\n<li>Remembrement des terres.<\/li>\n<li>\u00c9valuation des incidences sur l&rsquo;environnement.<\/li>\n<li>Communaut\u00e9 d&rsquo;irrigation.<\/li>\n<li>Concessions d&rsquo;eau.<\/li>\n<\/ul>\n[\/vc_column_text][\/vc_column][vc_column width=\u00a0\u00bb1\/2&Prime;][mk_image src=\u00a0\u00bbhttps:\/\/innovatione.eu\/wp-content\/uploads\/2017\/03\/Secadero_alzado.png\u00a0\u00bb group=\u00a0\u00bb_general\u00a0\u00bb margin_bottom=\u00a0\u00bb0&Prime; animation=\u00a0\u00bbright-to-left\u00a0\u00bb crop=\u00a0\u00bbfalse\u00a0\u00bb][\/vc_column][\/vc_row][vc_row][vc_column][mk_padding_divider size=\u00a0\u00bb60&Prime;][\/vc_column][\/vc_row][vc_row padding=\u00a0\u00bb1&Prime;][vc_column width=\u00a0\u00bb1\/2&Prime;][mk_image src=\u00a0\u00bbhttps:\/\/innovatione.eu\/wp-content\/uploads\/2017\/03\/lettuce-1841273-e1558023761154.jpg\u00a0\u00bb group=\u00a0\u00bb_general\u00a0\u00bb margin_bottom=\u00a0\u00bb0&Prime; animation=\u00a0\u00bbleft-to-right\u00a0\u00bb crop=\u00a0\u00bbfalse\u00a0\u00bb][\/vc_column][vc_column width=\u00a0\u00bb1\/2&Prime;][mk_padding_divider size=\u00a0\u00bb60&Prime;][mk_fancy_title color=\u00a0\u00bb#393836&Prime; size=\u00a0\u00bb22&Prime; txt_transform=\u00a0\u00bbuppercase\u00a0\u00bb letter_spacing=\u00a0\u00bb1&Prime; margin_bottom=\u00a0\u00bb25&Prime; font_family=\u00a0\u00bbnone\u00a0\u00bb]<a href=\"https:\/\/innovatione.eu\/fr\/services-agricoles\/\">SERVICES POUR LE SECTEUR AGRICOLE<\/a>[\/mk_fancy_title][vc_column_text disable_pattern=\u00a0\u00bbfalse\u00a0\u00bb]\nNous vous aidons \u00e0 am\u00e9liorer les performances \u00e9conomiques de votre exploitation. Le monde rural, comme tout le monde, se renouvelle constamment et il convient d&rsquo;appliquer les innovations et les am\u00e9liorations \u00e0 votre profit afin d&rsquo;\u00eatre plus comp\u00e9titif. Bien souvent, c&rsquo;est la capacit\u00e9 \u00e0 s&rsquo;adapter aux nouvelles tendances, aux nouvelles d\u00e9couvertes agricoles et aux nouvelles demandes du secteur agroalimentaire qui fait la diff\u00e9rence entre le succ\u00e8s et l&rsquo;\u00e9chec.<br \/>\n[\/vc_column_text][\/vc_column][\/vc_row][vc_row][vc_column][mk_padding_divider size=\u00a0\u00bb60&Prime;][\/vc_column][\/vc_row][vc_row padding=\u00a0\u00bb1&Prime;][vc_column width=\u00a0\u00bb1\/2&Prime;][mk_padding_divider size=\u00a0\u00bb60&Prime;][mk_fancy_title color=\u00a0\u00bb#393836&Prime; size=\u00a0\u00bb22&Prime; txt_transform=\u00a0\u00bbuppercase\u00a0\u00bb letter_spacing=\u00a0\u00bb1&Prime; margin_bottom=\u00a0\u00bb25&Prime; font_family=\u00a0\u00bbnone\u00a0\u00bb]<a href=\"https:\/\/innovatione.eu\/fr\/conseils-pour-le-secteur-agroalimentaire\/\">CONSEIL AGRONOMIQUE<\/a>[\/mk_fancy_title][vc_column_text disable_pattern=\u00a0\u00bbfalse\u00a0\u00bb]\nConseil g\u00e9n\u00e9ral aux agriculteurs et aux \u00e9leveurs sur toute question li\u00e9e \u00e0 l&rsquo;activit\u00e9 agricole : gestion de l&rsquo;exploitation, r\u00e9glementation applicable, conditionnalit\u00e9, autorisations, registres, traitement des aides PAC, aides de l&rsquo;administration g\u00e9n\u00e9rale, r\u00e9daction des contrats de location, consultation des droits, achat et vente de terres, d&rsquo;animaux, de droits, facturation.<br \/>\n[\/vc_column_text][\/vc_column][vc_column width=\u00a0\u00bb1\/2&Prime;][mk_image src=\u00a0\u00bbhttps:\/\/innovatione.eu\/wp-content\/uploads\/2017\/03\/field-839797_1280-1-e1540640254924.jpg\u00a0\u00bb group=\u00a0\u00bb_general\u00a0\u00bb margin_bottom=\u00a0\u00bb0&Prime; animation=\u00a0\u00bbleft-to-right\u00a0\u00bb crop=\u00a0\u00bbfalse\u00a0\u00bb][\/vc_column][\/vc_row][vc_row][vc_column][mk_padding_divider size=\u00a0\u00bb60&Prime;][\/vc_column][\/vc_row][vc_row padding=\u00a0\u00bb1&Prime;][vc_column width=\u00a0\u00bb1\/2&Prime;][mk_image src=\u00a0\u00bbhttps:\/\/innovatione.eu\/wp-content\/uploads\/2014\/08\/interior-of-modern-conference-room.jpg\u00a0\u00bb group=\u00a0\u00bb_general\u00a0\u00bb margin_bottom=\u00a0\u00bb0&Prime; animation=\u00a0\u00bbright-to-left\u00a0\u00bb crop=\u00a0\u00bbfalse\u00a0\u00bb][\/vc_column][vc_column width=\u00a0\u00bb1\/2&Prime;][mk_padding_divider size=\u00a0\u00bb60&Prime;][mk_fancy_title color=\u00a0\u00bb#393836&Prime; size=\u00a0\u00bb22&Prime; txt_transform=\u00a0\u00bbuppercase\u00a0\u00bb letter_spacing=\u00a0\u00bb1&Prime; margin_bottom=\u00a0\u00bb25&Prime; font_family=\u00a0\u00bbnone\u00a0\u00bb]<a href=\"https:\/\/innovatione.eu\/fr\/cours-et-formations\/\">FORMATION<\/a>[\/mk_fancy_title][vc_column_text disable_pattern=\u00a0\u00bbfalse\u00a0\u00bb]\nDestin\u00e9 \u00e0 toute personne int\u00e9ress\u00e9e par le secteur, qui cherche \u00e0 se tenir au courant des nouvelles tendances ou innovations apparues r\u00e9cemment, ou qui a simplement besoin d&rsquo;un dipl\u00f4me pour int\u00e9grer une entreprise agricole afin de d\u00e9marrer son activit\u00e9.<br \/>\n[\/vc_column_text][\/vc_column][\/vc_row][vc_row][vc_column][mk_padding_divider size=\u00a0\u00bb60&Prime;][\/vc_column][\/vc_row]\n<\/div>","protected":false},"excerpt":{"rendered":"<p>[vc_row fullwidth=\u00a0\u00bbtrue\u00a0\u00bb padding=\u00a0\u00bb0&Prime;][vc_column][mk_page_title_box page_title=\u00a0\u00bbQU&rsquo;EST-CE QU&rsquo;ON FAIT, AGRO ?\u00a0\u00bb page_subtitle=\u00a0\u00bbNous croyons au monde rural\u00a0\u00bb section_height=\u00a0\u00bb500&Prime; bg_image=\u00a0\u00bbhttps:\/\/innovatione.eu\/wp-content\/uploads\/2014\/09\/animals-1868565-1-e1566563321923.jpg\u00a0\u00bb bg_position=\u00a0\u00bbcenter top\u00a0\u00bb bg_stretch=\u00a0\u00bbtrue\u00a0\u00bb overlay=\u00a0\u00bbrgba(10,10,10,0.4)\u00a0\u00bb bg_effects=\u00a0\u00bbparallax\u00a0\u00bb font_size=\u00a0\u00bb60&Prime; font_color=\u00a0\u00bb#ffffff\u00a0\u00bb sub_font_size=\u00a0\u00bb26&Prime; sub_font_color=\u00a0\u00bb#ffffff\u00a0\u00bb][mk_divider style=\u00a0\u00bbthin_solid\u00a0\u00bb thickness=\u00a0\u00bb3&Prime; margin_top=\u00a0\u00bb0&Prime; margin_bottom=\u00a0\u00bb0&Prime;][mk_padding_divider size=\u00a0\u00bb80&Prime;][\/vc_column][\/vc_row][vc_row padding=\u00a0\u00bb1&Prime;][vc_column width=\u00a0\u00bb1\/2&Prime;][mk_fancy_title color=\u00a0\u00bb#393836&Prime; size=\u00a0\u00bb22&Prime; txt_transform=\u00a0\u00bbuppercase\u00a0\u00bb letter_spacing=\u00a0\u00bb1&Prime; margin_bottom=\u00a0\u00bb25&Prime; font_family=\u00a0\u00bbnone\u00a0\u00bb]CONCEPTION ET MISE EN \u0152UVRE DU PROJET[\/mk_fancy_title][vc_column_text disable_pattern=\u00a0\u00bbfalse\u00a0\u00bb] Projets techniques et avant-projets relatifs \u00e0 la construction de nouvelles exploitations. [&hellip;]<\/p>\n","protected":false},"author":1,"featured_media":0,"parent":0,"menu_order":0,"comment_status":"open","ping_status":"closed","template":"","meta":{"_joinchat":[]},"yoast_head":"<!-- This site is optimized with the Yoast SEO plugin v19.4 - https:\/\/yoast.com\/wordpress\/plugins\/seo\/ -->\n<title>Entreprise d&#039;ing\u00e9nierie agricole Murcia-Salamanca<\/title>\n<meta name=\"description\" content=\"Les ing\u00e9nieurs agronomes de Salamanque \u00e9taient sp\u00e9cialis\u00e9s dans le conseil aux agriculteurs et aux \u00e9leveurs. Entreprise d&#039;ing\u00e9nierie agricole Murcia-Salamanca\" \/>\n<meta name=\"robots\" content=\"index, follow, max-snippet:-1, max-image-preview:large, max-video-preview:-1\" \/>\n<link rel=\"canonical\" href=\"https:\/\/innovatione.eu\/fr\/quest-ce-quon-fait-agro\/\" \/>\n<meta property=\"og:locale\" content=\"fr_FR\" \/>\n<meta property=\"og:type\" content=\"article\" \/>\n<meta property=\"og:title\" content=\"Entreprise d&#039;ing\u00e9nierie agricole Murcia-Salamanca\" \/>\n<meta property=\"og:description\" content=\"Les ing\u00e9nieurs agronomes de Salamanque \u00e9taient sp\u00e9cialis\u00e9s dans le conseil aux agriculteurs et aux \u00e9leveurs. Entreprise d&#039;ing\u00e9nierie agricole Murcia-Salamanca\" \/>\n<meta property=\"og:url\" content=\"https:\/\/innovatione.eu\/fr\/quest-ce-quon-fait-agro\/\" \/>\n<meta property=\"og:site_name\" content=\"Innovatione\" \/>\n<meta property=\"article:publisher\" content=\"https:\/\/www.facebook.com\/foodinnovatione\/\" \/>\n<meta property=\"article:modified_time\" content=\"2022-07-28T11:21:15+00:00\" \/>\n<meta name=\"twitter:card\" content=\"summary\" \/>\n<meta name=\"twitter:site\" content=\"@foodinnovatione\" \/>\n<meta name=\"twitter:label1\" content=\"Dur\u00e9e de lecture estim\u00e9e\" \/>\n\t<meta name=\"twitter:data1\" content=\"3 minutes\" \/>\n<script type=\"application\/ld+json\" class=\"yoast-schema-graph\">{\"@context\":\"https:\/\/schema.org\",\"@graph\":[{\"@type\":\"WebSite\",\"@id\":\"https:\/\/innovatione.eu\/fr\/#website\",\"url\":\"https:\/\/innovatione.eu\/fr\/\",\"name\":\"Innovatione\",\"description\":\"P&aacute;gina Oficial\",\"potentialAction\":[{\"@type\":\"SearchAction\",\"target\":{\"@type\":\"EntryPoint\",\"urlTemplate\":\"https:\/\/innovatione.eu\/fr\/?s={search_term_string}\"},\"query-input\":\"required name=search_term_string\"}],\"inLanguage\":\"fr-FR\"},{\"@type\":\"WebPage\",\"@id\":\"https:\/\/innovatione.eu\/fr\/quest-ce-quon-fait-agro\/\",\"url\":\"https:\/\/innovatione.eu\/fr\/quest-ce-quon-fait-agro\/\",\"name\":\"Entreprise d'ing\u00e9nierie agricole Murcia-Salamanca\",\"isPartOf\":{\"@id\":\"https:\/\/innovatione.eu\/fr\/#website\"},\"datePublished\":\"2017-03-16T08:10:21+00:00\",\"dateModified\":\"2022-07-28T11:21:15+00:00\",\"description\":\"Les ing\u00e9nieurs agronomes de Salamanque \u00e9taient sp\u00e9cialis\u00e9s dans le conseil aux agriculteurs et aux \u00e9leveurs. Entreprise d'ing\u00e9nierie agricole Murcia-Salamanca\",\"breadcrumb\":{\"@id\":\"https:\/\/innovatione.eu\/fr\/quest-ce-quon-fait-agro\/#breadcrumb\"},\"inLanguage\":\"fr-FR\",\"potentialAction\":[{\"@type\":\"ReadAction\",\"target\":[\"https:\/\/innovatione.eu\/fr\/quest-ce-quon-fait-agro\/\"]}]},{\"@type\":\"BreadcrumbList\",\"@id\":\"https:\/\/innovatione.eu\/fr\/quest-ce-quon-fait-agro\/#breadcrumb\",\"itemListElement\":[{\"@type\":\"ListItem\",\"position\":1,\"name\":\"Portada\",\"item\":\"https:\/\/innovatione.eu\/fr\/\"},{\"@type\":\"ListItem\",\"position\":2,\"name\":\"Qu&rsquo;est-ce qu&rsquo;on fait, agro ?\"}]}]}<\/script>\n<!-- \/ Yoast SEO plugin. -->","yoast_head_json":{"title":"Entreprise d'ing\u00e9nierie agricole Murcia-Salamanca","description":"Les ing\u00e9nieurs agronomes de Salamanque \u00e9taient sp\u00e9cialis\u00e9s dans le conseil aux agriculteurs et aux \u00e9leveurs. Entreprise d'ing\u00e9nierie agricole Murcia-Salamanca","robots":{"index":"index","follow":"follow","max-snippet":"max-snippet:-1","max-image-preview":"max-image-preview:large","max-video-preview":"max-video-preview:-1"},"canonical":"https:\/\/innovatione.eu\/fr\/quest-ce-quon-fait-agro\/","og_locale":"fr_FR","og_type":"article","og_title":"Entreprise d'ing\u00e9nierie agricole Murcia-Salamanca","og_description":"Les ing\u00e9nieurs agronomes de Salamanque \u00e9taient sp\u00e9cialis\u00e9s dans le conseil aux agriculteurs et aux \u00e9leveurs. Entreprise d'ing\u00e9nierie agricole Murcia-Salamanca","og_url":"https:\/\/innovatione.eu\/fr\/quest-ce-quon-fait-agro\/","og_site_name":"Innovatione","article_publisher":"https:\/\/www.facebook.com\/foodinnovatione\/","article_modified_time":"2022-07-28T11:21:15+00:00","twitter_card":"summary","twitter_site":"@foodinnovatione","twitter_misc":{"Dur\u00e9e de lecture estim\u00e9e":"3 minutes"},"schema":{"@context":"https:\/\/schema.org","@graph":[{"@type":"WebSite","@id":"https:\/\/innovatione.eu\/fr\/#website","url":"https:\/\/innovatione.eu\/fr\/","name":"Innovatione","description":"P&aacute;gina Oficial","potentialAction":[{"@type":"SearchAction","target":{"@type":"EntryPoint","urlTemplate":"https:\/\/innovatione.eu\/fr\/?s={search_term_string}"},"query-input":"required name=search_term_string"}],"inLanguage":"fr-FR"},{"@type":"WebPage","@id":"https:\/\/innovatione.eu\/fr\/quest-ce-quon-fait-agro\/","url":"https:\/\/innovatione.eu\/fr\/quest-ce-quon-fait-agro\/","name":"Entreprise d'ing\u00e9nierie agricole Murcia-Salamanca","isPartOf":{"@id":"https:\/\/innovatione.eu\/fr\/#website"},"datePublished":"2017-03-16T08:10:21+00:00","dateModified":"2022-07-28T11:21:15+00:00","description":"Les ing\u00e9nieurs agronomes de Salamanque \u00e9taient sp\u00e9cialis\u00e9s dans le conseil aux agriculteurs et aux \u00e9leveurs. Entreprise d'ing\u00e9nierie agricole Murcia-Salamanca","breadcrumb":{"@id":"https:\/\/innovatione.eu\/fr\/quest-ce-quon-fait-agro\/#breadcrumb"},"inLanguage":"fr-FR","potentialAction":[{"@type":"ReadAction","target":["https:\/\/innovatione.eu\/fr\/quest-ce-quon-fait-agro\/"]}]},{"@type":"BreadcrumbList","@id":"https:\/\/innovatione.eu\/fr\/quest-ce-quon-fait-agro\/#breadcrumb","itemListElement":[{"@type":"ListItem","position":1,"name":"Portada","item":"https:\/\/innovatione.eu\/fr\/"},{"@type":"ListItem","position":2,"name":"Qu&rsquo;est-ce qu&rsquo;on fait, agro ?"}]}]}},"_links":{"self":[{"href":"https:\/\/innovatione.eu\/fr\/wp-json\/wp\/v2\/pages\/7203"}],"collection":[{"href":"https:\/\/innovatione.eu\/fr\/wp-json\/wp\/v2\/pages"}],"about":[{"href":"https:\/\/innovatione.eu\/fr\/wp-json\/wp\/v2\/types\/page"}],"author":[{"embeddable":true,"href":"https:\/\/innovatione.eu\/fr\/wp-json\/wp\/v2\/users\/1"}],"replies":[{"embeddable":true,"href":"https:\/\/innovatione.eu\/fr\/wp-json\/wp\/v2\/comments?post=7203"}],"version-history":[{"count":0,"href":"https:\/\/innovatione.eu\/fr\/wp-json\/wp\/v2\/pages\/7203\/revisions"}],"wp:attachment":[{"href":"https:\/\/innovatione.eu\/fr\/wp-json\/wp\/v2\/media?parent=7203"}],"curies":[{"name":"wp","href":"https:\/\/api.w.org\/{rel}","templated":true}]}}