{"id":7200,"date":"2017-03-23T09:10:04","date_gmt":"2017-03-23T08:10:04","guid":{"rendered":"https:\/\/innovatione.eu\/a-propos-de-nous\/"},"modified":"2022-07-11T22:47:56","modified_gmt":"2022-07-11T21:47:56","slug":"a-propos-de-nous","status":"publish","type":"page","link":"https:\/\/innovatione.eu\/fr\/a-propos-de-nous\/","title":{"rendered":"A propos de nous"},"content":{"rendered":"<div class=\"wpb-content-wrapper\">[vc_row fullwidth=\u00a0\u00bbtrue\u00a0\u00bb padding=\u00a0\u00bb0&Prime;][vc_column][mk_edge_slider swiper_bg=\u00a0\u00bb#000000&Prime; orderby=\u00a0\u00bbmenu_order\u00a0\u00bb full_height=\u00a0\u00bbfalse\u00a0\u00bb height=\u00a0\u00bb500&Prime; skip_arrow=\u00a0\u00bbfalse\u00a0\u00bb slides=\u00a0\u00bb7342, 7345, 7346&Prime;][mk_divider style=\u00a0\u00bbthin_solid\u00a0\u00bb thickness=\u00a0\u00bb3&Prime; margin_top=\u00a0\u00bb0&Prime; margin_bottom=\u00a0\u00bb0&Prime;][mk_padding_divider size=\u00a0\u00bb80&Prime;][\/vc_column][\/vc_row][vc_row css=\u00a0\u00bb.vc_custom_1447765509294{padding-top: 2px !important;padding-right: 2px !important;padding-bottom: 2px !important;padding-left: 2px !important;}\u00a0\u00bb][vc_column width=\u00a0\u00bb1\/2&Prime;][mk_fancy_title tag_name=\u00a0\u00bbh3&Prime; color=\u00a0\u00bb#00afec\u00a0\u00bb size=\u00a0\u00bb26&Prime; font_weight=\u00a0\u00bbbold\u00a0\u00bb txt_transform=\u00a0\u00bbuppercase\u00a0\u00bb letter_spacing=\u00a0\u00bb2&Prime; font_family=\u00a0\u00bbnone\u00a0\u00bb]QUI NOUS A INSPIR\u00c9 LA CR\u00c9ATION DE L&rsquo;INNOVATIONE[\/mk_fancy_title][vc_column_text css=\u00a0\u00bb.vc_custom_1408360942331{margin-bottom: 0px !important;}\u00a0\u00bb]Innovatione est une entreprise espagnole bas\u00e9e \u00e0 Salamanque et Murcie avec un champ d&rsquo;action national, o\u00f9 son fondateur, Carlos Garc\u00eda, a \u00e9tabli la base des op\u00e9rations et d&rsquo;o\u00f9 son \u00e9quipe offre des solutions \u00e0 haute valeur ajout\u00e9e \u00e0 travers des strat\u00e9gies innovantes pour le secteur agroalimentaire.[\/vc_column_text][\/vc_column][vc_column width=\u00a0\u00bb1\/2&Prime;][mk_skill_meter title=\u00a0\u00bbCREATIVITE\u00a0\u00bb percent=\u00a0\u00bb89&Prime; bar_color=\u00a0\u00bbrgba(0,0,0,0.07)\u00a0\u00bb][mk_skill_meter title=\u00a0\u00bbVISION\u00a0\u00bb percent=\u00a0\u00bb80&Prime; bar_color=\u00a0\u00bbrgba(0,0,0,0.07)\u00a0\u00bb][mk_skill_meter title=\u00a0\u00bbR\u00c9SULTATS\u00a0\u00bb percent=\u00a0\u00bb90&Prime; bar_color=\u00a0\u00bbrgba(0,0,0,0.07)\u00a0\u00bb][mk_skill_meter title=\u00a0\u00bbSATISFACTION\u00a0\u00bb percent=\u00a0\u00bb99&Prime; bar_color=\u00a0\u00bbrgba(0,0,0,0.07)\u00a0\u00bb][\/vc_column][\/vc_row][vc_row fullwidth=\u00a0\u00bbtrue\u00a0\u00bb padding=\u00a0\u00bb0&Prime;][vc_column][mk_padding_divider size=\u00a0\u00bb80&Prime;][\/vc_column][\/vc_row][mk_page_section bg_color=\u00a0\u00bb#efefef\u00a0\u00bb speed_factor=\u00a0\u00bb4&Prime; min_height=\u00a0\u00bb0&Prime; padding_top=\u00a0\u00bb50&Prime; padding_bottom=\u00a0\u00bb30&Prime; margin_bottom=\u00a0\u00bb60&Prime; sidebar=\u00a0\u00bbsidebar-1&Prime; first_page=\u00a0\u00bbfalse\u00a0\u00bb last_page=\u00a0\u00bbfalse\u00a0\u00bb][vc_column][mk_fancy_title color=\u00a0\u00bb#00afec\u00a0\u00bb size=\u00a0\u00bb20&Prime; txt_transform=\u00a0\u00bbuppercase\u00a0\u00bb letter_spacing=\u00a0\u00bb1&Prime; font_family=\u00a0\u00bbnone\u00a0\u00bb align=\u00a0\u00bbcenter\u00a0\u00bb]VOTRE SATISFACTION EST L&rsquo;IMPULSION QUI NOUS ANIME[\/mk_fancy_title][mk_fancy_title tag_name=\u00a0\u00bbh4&Prime; color=\u00a0\u00bb#000000&Prime; size=\u00a0\u00bb28&Prime; font_style=\u00a0\u00bbitalic\u00a0\u00bb font_family=\u00a0\u00bbnone\u00a0\u00bb]Chez Innovatione, nous croyons en une agriculture diff\u00e9rente, proche du consommateur, r\u00e9aliste et respectueuse de l&rsquo;\u00e9cosyst\u00e8me. C&rsquo;est pourquoi nous d\u00e9fendrons toujours une agriculture responsable, rentable pour l&rsquo;agriculteur et respectueuse, en encourageant les pratiques les plus b\u00e9n\u00e9fiques pour l&rsquo;agriculteur et l&rsquo;environnement.[\/mk_fancy_title][\/vc_column][\/mk_page_section][mk_page_section bg_image=\u00a0\u00bbhttps:\/\/innovatione.eu\/wp-content\/uploads\/2017\/03\/gaetano-cessati-128379-e1545070615654.jpg\u00a0\u00bb attachment=\u00a0\u00bbfixed\u00a0\u00bb bg_position=\u00a0\u00bbcenter center\u00a0\u00bb bg_repeat=\u00a0\u00bbno-repeat\u00a0\u00bb enable_3d=\u00a0\u00bbtrue\u00a0\u00bb min_height=\u00a0\u00bb0&Prime; padding_top=\u00a0\u00bb140&Prime; padding_bottom=\u00a0\u00bb140&Prime; sidebar=\u00a0\u00bbsidebar-1&Prime; first_page=\u00a0\u00bbfalse\u00a0\u00bb last_page=\u00a0\u00bbfalse\u00a0\u00bb][vc_column width=\u00a0\u00bb1\/2&Prime;][\/vc_column][vc_column width=\u00a0\u00bb1\/2&Prime;][mk_fancy_title tag_name=\u00a0\u00bbh4&Prime; color=\u00a0\u00bb#ffffff\u00a0\u00bb size=\u00a0\u00bb28&Prime; font_style=\u00a0\u00bbitalic\u00a0\u00bb font_family=\u00a0\u00bbnone\u00a0\u00bb]\u00a0\u00bbCe n&rsquo;est qu&rsquo;en faisant les choses avec passion et effort que l&rsquo;on peut obtenir les meilleurs r\u00e9sultats. Nous n&rsquo;aimons pas laisser les choses \u00e0 moiti\u00e9 faites, ni presque bien faites non plus. La perfection dans chaque d\u00e9tail est notre raison d&rsquo;\u00eatre\u00a0\u00bb.[\/mk_fancy_title][mk_fancy_title tag_name=\u00a0\u00bbh4&Prime; color=\u00a0\u00bb#333333&Prime; font_weight=\u00a0\u00bbbold\u00a0\u00bb font_style=\u00a0\u00bbnormal\u00a0\u00bb letter_spacing=\u00a0\u00bb1&Prime; margin_top=\u00a0\u00bb20&Prime; margin_bottom=\u00a0\u00bb0&Prime; font_family=\u00a0\u00bbnone\u00a0\u00bb align=\u00a0\u00bbright\u00a0\u00bb]CAR CARLOS G. GARC\u00cdA &#8211; FONDATEUR ET DIRECTEUR DU D\u00c9VELOPPEMENT[\/mk_fancy_title][\/vc_column][\/mk_page_section][vc_row][vc_column][mk_padding_divider size=\u00a0\u00bb80&Prime;][mk_fancy_title tag_name=\u00a0\u00bbh3&Prime; color=\u00a0\u00bb#00afec\u00a0\u00bb size=\u00a0\u00bb26&Prime; font_weight=\u00a0\u00bbbold\u00a0\u00bb txt_transform=\u00a0\u00bbuppercase\u00a0\u00bb letter_spacing=\u00a0\u00bb2&Prime; font_family=\u00a0\u00bbnone\u00a0\u00bb align=\u00a0\u00bbcenter\u00a0\u00bb]R\u00c9ALISATIONS[\/mk_fancy_title][mk_fancy_title tag_name=\u00a0\u00bbh3&Prime; color=\u00a0\u00bb#6b6b6b\u00a0\u00bb size=\u00a0\u00bb16&Prime; txt_transform=\u00a0\u00bbuppercase\u00a0\u00bb letter_spacing=\u00a0\u00bb1&Prime; font_family=\u00a0\u00bbnone\u00a0\u00bb align=\u00a0\u00bbcenter\u00a0\u00bb]CE QUE NOUS AVONS R\u00c9ALIS\u00c9 JUSQU&rsquo;\u00c0 PR\u00c9SENT[\/mk_fancy_title][mk_padding_divider size=\u00a0\u00bb30&Prime;][\/vc_column][\/vc_row][vc_row padding=\u00a0\u00bb2&Prime;][vc_column width=\u00a0\u00bb1\/4&Prime;][mk_chart percent=\u00a0\u00bb65&Prime; line_width=\u00a0\u00bb9&Prime; bar_size=\u00a0\u00bb220&Prime; content_type=\u00a0\u00bbicon\u00a0\u00bb icon=\u00a0\u00bbmk-li-umbrella\u00a0\u00bb icon_color=\u00a0\u00bb#444444&Prime; desc_color=\u00a0\u00bb#444444&Prime;][mk_padding_divider size=\u00a0\u00bb20&Prime;][vc_column_text title=\u00a0\u00bbR\u00c9SOLUTION DES PROBL\u00c8MES\u00a0\u00bb disable_pattern=\u00a0\u00bbfalse\u00a0\u00bb align=\u00a0\u00bbcenter\u00a0\u00bb css=\u00a0\u00bb.vc_custom_1657576037523{margin-bottom: 0px !important;}\u00a0\u00bb]Grandir ensemble[\/vc_column_text][\/vc_column][vc_column width=\u00a0\u00bb1\/4&Prime;][mk_chart percent=\u00a0\u00bb57&Prime; line_width=\u00a0\u00bb9&Prime; bar_size=\u00a0\u00bb220&Prime; content_type=\u00a0\u00bbicon\u00a0\u00bb icon=\u00a0\u00bbmk-li-news\u00a0\u00bb icon_color=\u00a0\u00bb#444444&Prime; desc_color=\u00a0\u00bb#444444&Prime;][mk_padding_divider size=\u00a0\u00bb20&Prime;][vc_column_text title=\u00a0\u00bbAPPARITIONS DANS LA PRESSE\u00a0\u00bb disable_pattern=\u00a0\u00bbfalse\u00a0\u00bb align=\u00a0\u00bbcenter\u00a0\u00bb css=\u00a0\u00bb.vc_custom_1657576048549{margin-bottom: 0px !important;}\u00a0\u00bb]Coh\u00e9rence et talent[\/vc_column_text][\/vc_column][vc_column width=\u00a0\u00bb1\/4&Prime;][mk_chart percent=\u00a0\u00bb99&Prime; line_width=\u00a0\u00bb9&Prime; bar_size=\u00a0\u00bb220&Prime; content_type=\u00a0\u00bbicon\u00a0\u00bb icon=\u00a0\u00bbmk-li-like\u00a0\u00bb icon_color=\u00a0\u00bb#444444&Prime; desc_color=\u00a0\u00bb#444444&Prime;][mk_padding_divider size=\u00a0\u00bb20&Prime;][vc_column_text title=\u00a0\u00bbCLIENTS HEUREUX\u00a0\u00bb disable_pattern=\u00a0\u00bbfalse\u00a0\u00bb align=\u00a0\u00bbcenter\u00a0\u00bb css=\u00a0\u00bb.vc_custom_1657576063826{margin-bottom: 0px !important;}\u00a0\u00bb]Satisfaction[\/vc_column_text][\/vc_column][vc_column width=\u00a0\u00bb1\/4&Prime;][mk_chart percent=\u00a0\u00bb88&Prime; line_width=\u00a0\u00bb9&Prime; bar_size=\u00a0\u00bb220&Prime; content_type=\u00a0\u00bbicon\u00a0\u00bb icon=\u00a0\u00bbmk-li-net\u00a0\u00bb icon_color=\u00a0\u00bb#444444&Prime; desc_color=\u00a0\u00bb#444444&Prime;][mk_padding_divider size=\u00a0\u00bb20&Prime;][vc_column_text title=\u00a0\u00bbPRIX ET RECONNAISSANCES\u00a0\u00bb disable_pattern=\u00a0\u00bbfalse\u00a0\u00bb align=\u00a0\u00bbcenter\u00a0\u00bb css=\u00a0\u00bb.vc_custom_1657576075044{margin-bottom: 0px !important;}\u00a0\u00bb]Travail et effort[\/vc_column_text][\/vc_column][\/vc_row][vc_row][vc_column][mk_padding_divider][\/vc_column][\/vc_row][vc_row][vc_column width=\u00a0\u00bb1\/4&Prime;][\/vc_column][vc_column width=\u00a0\u00bb1\/2&Prime;][mk_padding_divider size=\u00a0\u00bb80&Prime;][mk_image_slideshow title=\u00a0\u00bbAWARDS\u00a0\u00bb images=\u00a0\u00bb4060,4058,4061,4591,4986,4987&Prime; image_width=\u00a0\u00bb400&Prime; image_height=\u00a0\u00bb250&Prime; animation_speed=\u00a0\u00bb286&Prime; slideshow_speed=\u00a0\u00bb4213&Prime;][\/vc_column][vc_column width=\u00a0\u00bb1\/4&Prime;][\/vc_column][\/vc_row][vc_row][vc_column][mk_padding_divider][\/vc_column][\/vc_row]\n<\/div>","protected":false},"excerpt":{"rendered":"<p>[vc_row fullwidth=\u00a0\u00bbtrue\u00a0\u00bb padding=\u00a0\u00bb0&Prime;][vc_column][mk_edge_slider swiper_bg=\u00a0\u00bb#000000&Prime; orderby=\u00a0\u00bbmenu_order\u00a0\u00bb full_height=\u00a0\u00bbfalse\u00a0\u00bb height=\u00a0\u00bb500&Prime; skip_arrow=\u00a0\u00bbfalse\u00a0\u00bb slides=\u00a0\u00bb7342, 7345, 7346&Prime;][mk_divider style=\u00a0\u00bbthin_solid\u00a0\u00bb thickness=\u00a0\u00bb3&Prime; margin_top=\u00a0\u00bb0&Prime; margin_bottom=\u00a0\u00bb0&Prime;][mk_padding_divider size=\u00a0\u00bb80&Prime;][\/vc_column][\/vc_row][vc_row css=\u00a0\u00bb.vc_custom_1447765509294{padding-top: 2px !important;padding-right: 2px !important;padding-bottom: 2px !important;padding-left: 2px !important;}\u00a0\u00bb][vc_column width=\u00a0\u00bb1\/2&Prime;][mk_fancy_title tag_name=\u00a0\u00bbh3&Prime; color=\u00a0\u00bb#00afec\u00a0\u00bb size=\u00a0\u00bb26&Prime; font_weight=\u00a0\u00bbbold\u00a0\u00bb txt_transform=\u00a0\u00bbuppercase\u00a0\u00bb letter_spacing=\u00a0\u00bb2&Prime; font_family=\u00a0\u00bbnone\u00a0\u00bb]QUI NOUS A INSPIR\u00c9 LA CR\u00c9ATION DE L&rsquo;INNOVATIONE[\/mk_fancy_title][vc_column_text css=\u00a0\u00bb.vc_custom_1408360942331{margin-bottom: 0px !important;}\u00a0\u00bb]Innovatione est une entreprise espagnole bas\u00e9e \u00e0 Salamanque et Murcie avec un champ [&hellip;]<\/p>\n","protected":false},"author":1,"featured_media":0,"parent":0,"menu_order":0,"comment_status":"open","ping_status":"closed","template":"","meta":{"_joinchat":[]},"yoast_head":"<!-- This site is optimized with the Yoast SEO plugin v19.4 - https:\/\/yoast.com\/wordpress\/plugins\/seo\/ -->\n<title>\u00c9quipe de conception d&#039;Innovatione AgroFood<\/title>\n<meta name=\"description\" content=\"C&#039;est l&#039;\u00e9quipe qui donne forme \u00e0 Innovatione AgroFood Design.\" \/>\n<meta name=\"robots\" content=\"index, follow, max-snippet:-1, max-image-preview:large, max-video-preview:-1\" \/>\n<link rel=\"canonical\" href=\"https:\/\/innovatione.eu\/fr\/a-propos-de-nous\/\" \/>\n<meta property=\"og:locale\" content=\"fr_FR\" \/>\n<meta property=\"og:type\" content=\"article\" \/>\n<meta property=\"og:title\" content=\"\u00c9quipe de conception d&#039;Innovatione AgroFood\" \/>\n<meta property=\"og:description\" content=\"C&#039;est l&#039;\u00e9quipe qui donne forme \u00e0 Innovatione AgroFood Design.\" \/>\n<meta property=\"og:url\" content=\"https:\/\/innovatione.eu\/fr\/a-propos-de-nous\/\" \/>\n<meta property=\"og:site_name\" content=\"Innovatione\" \/>\n<meta property=\"article:publisher\" content=\"https:\/\/www.facebook.com\/foodinnovatione\/\" \/>\n<meta property=\"article:modified_time\" content=\"2022-07-11T21:47:56+00:00\" \/>\n<meta name=\"twitter:card\" content=\"summary\" \/>\n<meta name=\"twitter:site\" content=\"@foodinnovatione\" \/>\n<meta name=\"twitter:label1\" content=\"Dur\u00e9e de lecture estim\u00e9e\" \/>\n\t<meta name=\"twitter:data1\" content=\"4 minutes\" \/>\n<script type=\"application\/ld+json\" class=\"yoast-schema-graph\">{\"@context\":\"https:\/\/schema.org\",\"@graph\":[{\"@type\":\"WebSite\",\"@id\":\"https:\/\/innovatione.eu\/fr\/#website\",\"url\":\"https:\/\/innovatione.eu\/fr\/\",\"name\":\"Innovatione\",\"description\":\"P&aacute;gina Oficial\",\"potentialAction\":[{\"@type\":\"SearchAction\",\"target\":{\"@type\":\"EntryPoint\",\"urlTemplate\":\"https:\/\/innovatione.eu\/fr\/?s={search_term_string}\"},\"query-input\":\"required name=search_term_string\"}],\"inLanguage\":\"fr-FR\"},{\"@type\":\"WebPage\",\"@id\":\"https:\/\/innovatione.eu\/fr\/a-propos-de-nous\/\",\"url\":\"https:\/\/innovatione.eu\/fr\/a-propos-de-nous\/\",\"name\":\"\u00c9quipe de conception d'Innovatione AgroFood\",\"isPartOf\":{\"@id\":\"https:\/\/innovatione.eu\/fr\/#website\"},\"datePublished\":\"2017-03-23T08:10:04+00:00\",\"dateModified\":\"2022-07-11T21:47:56+00:00\",\"description\":\"C'est l'\u00e9quipe qui donne forme \u00e0 Innovatione AgroFood Design.\",\"breadcrumb\":{\"@id\":\"https:\/\/innovatione.eu\/fr\/a-propos-de-nous\/#breadcrumb\"},\"inLanguage\":\"fr-FR\",\"potentialAction\":[{\"@type\":\"ReadAction\",\"target\":[\"https:\/\/innovatione.eu\/fr\/a-propos-de-nous\/\"]}]},{\"@type\":\"BreadcrumbList\",\"@id\":\"https:\/\/innovatione.eu\/fr\/a-propos-de-nous\/#breadcrumb\",\"itemListElement\":[{\"@type\":\"ListItem\",\"position\":1,\"name\":\"Portada\",\"item\":\"https:\/\/innovatione.eu\/fr\/\"},{\"@type\":\"ListItem\",\"position\":2,\"name\":\"A propos de nous\"}]}]}<\/script>\n<!-- \/ Yoast SEO plugin. -->","yoast_head_json":{"title":"\u00c9quipe de conception d'Innovatione AgroFood","description":"C'est l'\u00e9quipe qui donne forme \u00e0 Innovatione AgroFood Design.","robots":{"index":"index","follow":"follow","max-snippet":"max-snippet:-1","max-image-preview":"max-image-preview:large","max-video-preview":"max-video-preview:-1"},"canonical":"https:\/\/innovatione.eu\/fr\/a-propos-de-nous\/","og_locale":"fr_FR","og_type":"article","og_title":"\u00c9quipe de conception d'Innovatione AgroFood","og_description":"C'est l'\u00e9quipe qui donne forme \u00e0 Innovatione AgroFood Design.","og_url":"https:\/\/innovatione.eu\/fr\/a-propos-de-nous\/","og_site_name":"Innovatione","article_publisher":"https:\/\/www.facebook.com\/foodinnovatione\/","article_modified_time":"2022-07-11T21:47:56+00:00","twitter_card":"summary","twitter_site":"@foodinnovatione","twitter_misc":{"Dur\u00e9e de lecture estim\u00e9e":"4 minutes"},"schema":{"@context":"https:\/\/schema.org","@graph":[{"@type":"WebSite","@id":"https:\/\/innovatione.eu\/fr\/#website","url":"https:\/\/innovatione.eu\/fr\/","name":"Innovatione","description":"P&aacute;gina Oficial","potentialAction":[{"@type":"SearchAction","target":{"@type":"EntryPoint","urlTemplate":"https:\/\/innovatione.eu\/fr\/?s={search_term_string}"},"query-input":"required name=search_term_string"}],"inLanguage":"fr-FR"},{"@type":"WebPage","@id":"https:\/\/innovatione.eu\/fr\/a-propos-de-nous\/","url":"https:\/\/innovatione.eu\/fr\/a-propos-de-nous\/","name":"\u00c9quipe de conception d'Innovatione AgroFood","isPartOf":{"@id":"https:\/\/innovatione.eu\/fr\/#website"},"datePublished":"2017-03-23T08:10:04+00:00","dateModified":"2022-07-11T21:47:56+00:00","description":"C'est l'\u00e9quipe qui donne forme \u00e0 Innovatione AgroFood Design.","breadcrumb":{"@id":"https:\/\/innovatione.eu\/fr\/a-propos-de-nous\/#breadcrumb"},"inLanguage":"fr-FR","potentialAction":[{"@type":"ReadAction","target":["https:\/\/innovatione.eu\/fr\/a-propos-de-nous\/"]}]},{"@type":"BreadcrumbList","@id":"https:\/\/innovatione.eu\/fr\/a-propos-de-nous\/#breadcrumb","itemListElement":[{"@type":"ListItem","position":1,"name":"Portada","item":"https:\/\/innovatione.eu\/fr\/"},{"@type":"ListItem","position":2,"name":"A propos de nous"}]}]}},"_links":{"self":[{"href":"https:\/\/innovatione.eu\/fr\/wp-json\/wp\/v2\/pages\/7200"}],"collection":[{"href":"https:\/\/innovatione.eu\/fr\/wp-json\/wp\/v2\/pages"}],"about":[{"href":"https:\/\/innovatione.eu\/fr\/wp-json\/wp\/v2\/types\/page"}],"author":[{"embeddable":true,"href":"https:\/\/innovatione.eu\/fr\/wp-json\/wp\/v2\/users\/1"}],"replies":[{"embeddable":true,"href":"https:\/\/innovatione.eu\/fr\/wp-json\/wp\/v2\/comments?post=7200"}],"version-history":[{"count":0,"href":"https:\/\/innovatione.eu\/fr\/wp-json\/wp\/v2\/pages\/7200\/revisions"}],"wp:attachment":[{"href":"https:\/\/innovatione.eu\/fr\/wp-json\/wp\/v2\/media?parent=7200"}],"curies":[{"name":"wp","href":"https:\/\/api.w.org\/{rel}","templated":true}]}}