{"id":7197,"date":"2017-03-26T09:11:11","date_gmt":"2017-03-26T08:11:11","guid":{"rendered":"https:\/\/innovatione.eu\/services-agricoles\/"},"modified":"2022-06-16T11:18:18","modified_gmt":"2022-06-16T10:18:18","slug":"services-agricoles","status":"publish","type":"page","link":"https:\/\/innovatione.eu\/fr\/services-agricoles\/","title":{"rendered":"Services agricoles"},"content":{"rendered":"<div class=\"wpb-content-wrapper\">[vc_row fullwidth=\u00a0\u00bbtrue\u00a0\u00bb padding=\u00a0\u00bb0&Prime;][vc_column visibility=\u00a0\u00bbhidden-sm\u00a0\u00bb][mk_page_title_box page_title=\u00a0\u00bbSERVICES POUR LE SECTEUR AGRICOLE\u00a0\u00bb page_subtitle=\u00a0\u00bbInnovation dans le domaine\u00a0\u00bb section_height=\u00a0\u00bb582&Prime; bg_image=\u00a0\u00bbhttps:\/\/innovatione.eu\/wp-content\/uploads\/2017\/03\/combine-harvester-at-work-from-birds-eye-view-2-picjumbo-com-min-1-e1582893630247.jpg\u00a0\u00bb bg_position=\u00a0\u00bbcenter top\u00a0\u00bb bg_stretch=\u00a0\u00bbtrue\u00a0\u00bb overlay=\u00a0\u00bbrgba(10,10,10,0.4)\u00a0\u00bb bg_effects=\u00a0\u00bbparallax\u00a0\u00bb font_size=\u00a0\u00bb60&Prime; font_color=\u00a0\u00bb#ffffff\u00a0\u00bb sub_font_size=\u00a0\u00bb26&Prime; sub_font_color=\u00a0\u00bb#ffffff\u00a0\u00bb][mk_divider style=\u00a0\u00bbthin_solid\u00a0\u00bb thickness=\u00a0\u00bb3&Prime; margin_top=\u00a0\u00bb0&Prime; margin_bottom=\u00a0\u00bb0&Prime;][mk_padding_divider size=\u00a0\u00bb80&Prime;][\/vc_column][\/vc_row][vc_row fullwidth=\u00a0\u00bbtrue\u00a0\u00bb padding=\u00a0\u00bb0&Prime;][vc_column visibility=\u00a0\u00bbvisible-sm\u00a0\u00bb][mk_page_title_box page_title=\u00a0\u00bbSERVICES POUR LE SECTEUR AGRICOLE\u00a0\u00bb page_subtitle=\u00a0\u00bbInnovation dans le domaine\u00a0\u00bb section_height=\u00a0\u00bb500&Prime; bg_image=\u00a0\u00bbhttps:\/\/innovatione.eu\/wp-content\/uploads\/2017\/03\/combine-harvester-at-work-from-birds-eye-view-2-picjumbo-com-min-1-e1582893542141.jpg\u00a0\u00bb bg_position=\u00a0\u00bbcenter top\u00a0\u00bb bg_stretch=\u00a0\u00bbtrue\u00a0\u00bb overlay=\u00a0\u00bbrgba(10,10,10,0.4)\u00a0\u00bb bg_effects=\u00a0\u00bbparallax\u00a0\u00bb font_size=\u00a0\u00bb42&Prime; font_color=\u00a0\u00bb#ffffff\u00a0\u00bb sub_font_size=\u00a0\u00bb26&Prime; sub_font_color=\u00a0\u00bb#ffffff\u00a0\u00bb][mk_divider style=\u00a0\u00bbthin_solid\u00a0\u00bb thickness=\u00a0\u00bb3&Prime; margin_top=\u00a0\u00bb0&Prime; margin_bottom=\u00a0\u00bb0&Prime;][mk_padding_divider size=\u00a0\u00bb80&Prime;][\/vc_column][\/vc_row][vc_row padding=\u00a0\u00bb1&Prime;][vc_column width=\u00a0\u00bb1\/2&Prime;][mk_image src=\u00a0\u00bbhttps:\/\/innovatione.eu\/wp-content\/uploads\/2017\/03\/5533575908_e846f2c8e9_o.jpg\u00a0\u00bb image_width=\u00a0\u00bb1275&Prime; image_height=\u00a0\u00bb2032&Prime; group=\u00a0\u00bb_general\u00a0\u00bb margin_bottom=\u00a0\u00bb0&Prime; animation=\u00a0\u00bbright-to-left\u00a0\u00bb crop=\u00a0\u00bbfalse\u00a0\u00bb][\/vc_column][vc_column width=\u00a0\u00bb1\/2&Prime;][mk_padding_divider size=\u00a0\u00bb80&Prime;][mk_fancy_title color=\u00a0\u00bb#393836&Prime; size=\u00a0\u00bb22&Prime; txt_transform=\u00a0\u00bbuppercase\u00a0\u00bb letter_spacing=\u00a0\u00bb1&Prime; margin_bottom=\u00a0\u00bb25&Prime; font_family=\u00a0\u00bbnone\u00a0\u00bb]INTRODUCTION DE NOUVELLES VARI\u00c9T\u00c9S[\/mk_fancy_title][vc_column_text disable_pattern=\u00a0\u00bbfalse\u00a0\u00bb]Nous voulons \u00eatre diff\u00e9rents et c&rsquo;est pourquoi nous nous engageons \u00e0 introduire de nouvelles vari\u00e9t\u00e9s \u00e0 haute valeur ajout\u00e9e dans le secteur agricole, qui r\u00e9pondent aux nouvelles tendances du march\u00e9, assurant ainsi le succ\u00e8s de l&rsquo;agriculteur.[\/vc_column_text][\/vc_column][\/vc_row][vc_row][vc_column][mk_padding_divider size=\u00a0\u00bb60&Prime;][\/vc_column][\/vc_row][vc_row padding=\u00a0\u00bb1&Prime;][vc_column width=\u00a0\u00bb1\/2&Prime;][mk_padding_divider size=\u00a0\u00bb60&Prime;][mk_fancy_title color=\u00a0\u00bb#393836&Prime; size=\u00a0\u00bb22&Prime; txt_transform=\u00a0\u00bbuppercase\u00a0\u00bb letter_spacing=\u00a0\u00bb1&Prime; margin_bottom=\u00a0\u00bb25&Prime; font_family=\u00a0\u00bbnone\u00a0\u00bb]L&rsquo;\u00c9LABORATION DE PLANS DE FERTILISATION[\/mk_fancy_title][vc_column_text disable_pattern=\u00a0\u00bbfalse\u00a0\u00bb]Nous r\u00e9alisons des plans de fertilisation adapt\u00e9s \u00e0 la culture et au type de sol, afin d&rsquo;optimiser l&rsquo;application des produits fertilisants, en \u00e9vitant des ph\u00e9nom\u00e8nes tels que le lessivage des nitrites dans le sol. Nous nous engageons \u00e0 utiliser des biofertilisants et de nouvelles m\u00e9thodes de fertilisation pour parvenir \u00e0 une agriculture durable.[\/vc_column_text][\/vc_column][vc_column width=\u00a0\u00bb1\/2&Prime;][mk_image src=\u00a0\u00bbhttps:\/\/innovatione.eu\/wp-content\/uploads\/2019\/12\/arable-3442666.jpg\u00a0\u00bb image_width=\u00a0\u00bb1275&Prime; image_height=\u00a0\u00bb2032&Prime; group=\u00a0\u00bb_general\u00a0\u00bb margin_bottom=\u00a0\u00bb0&Prime; animation=\u00a0\u00bbright-to-left\u00a0\u00bb crop=\u00a0\u00bbfalse\u00a0\u00bb][\/vc_column][\/vc_row][vc_row][vc_column][mk_padding_divider size=\u00a0\u00bb60&Prime;][\/vc_column][\/vc_row][vc_row padding=\u00a0\u00bb1&Prime;][vc_column width=\u00a0\u00bb1\/2&Prime;][mk_image src=\u00a0\u00bbhttps:\/\/innovatione.eu\/wp-content\/uploads\/2014\/09\/farm-field-field-agricultural.jpg\u00a0\u00bb image_width=\u00a0\u00bb1275&Prime; image_height=\u00a0\u00bb2032&Prime; group=\u00a0\u00bb_general\u00a0\u00bb margin_bottom=\u00a0\u00bb0&Prime; animation=\u00a0\u00bbleft-to-right\u00a0\u00bb crop=\u00a0\u00bbfalse\u00a0\u00bb][\/vc_column][vc_column width=\u00a0\u00bb1\/2&Prime;][mk_padding_divider size=\u00a0\u00bb60&Prime;][mk_fancy_title color=\u00a0\u00bb#393836&Prime; size=\u00a0\u00bb22&Prime; txt_transform=\u00a0\u00bbuppercase\u00a0\u00bb letter_spacing=\u00a0\u00bb1&Prime; margin_bottom=\u00a0\u00bb25&Prime; font_family=\u00a0\u00bbnone\u00a0\u00bb]CALENDRIERS D&rsquo;IRRIGATION[\/mk_fancy_title][vc_column_text disable_pattern=\u00a0\u00bbfalse\u00a0\u00bb]Nous pr\u00e9parons des programmes d&rsquo;irrigation pour tous les types de cultures, en tenant compte de l&rsquo;application d&rsquo;eau en fonction des besoins de la plante et des allocations d&rsquo;irrigation disponibles. Chaque cas est particulier, c&rsquo;est pourquoi nos techniciens visitent la plantation in situ afin de mieux comprendre vos besoins r\u00e9els.[\/vc_column_text][\/vc_column][\/vc_row][vc_row][vc_column][mk_padding_divider size=\u00a0\u00bb60&Prime;][\/vc_column][\/vc_row][vc_row padding=\u00a0\u00bb1&Prime;][vc_column width=\u00a0\u00bb1\/2&Prime;][mk_padding_divider size=\u00a0\u00bb60&Prime;][mk_padding_divider size=\u00a0\u00bb60&Prime;][mk_fancy_title color=\u00a0\u00bb#393836&Prime; size=\u00a0\u00bb22&Prime; txt_transform=\u00a0\u00bbuppercase\u00a0\u00bb letter_spacing=\u00a0\u00bb1&Prime; margin_bottom=\u00a0\u00bb25&Prime; font_family=\u00a0\u00bbnone\u00a0\u00bb]MISE \u00c0 JOUR DES CARNETS DE TERRAIN[\/mk_fancy_title][vc_column_text disable_pattern=\u00a0\u00bbfalse\u00a0\u00bb]Tenir \u00e0 jour toutes les informations relatives \u00e0 l&rsquo;application des produits phytosanitaires, \u00e0 la gestion des conteneurs vides, aux certificats d&rsquo;inspection du mat\u00e9riel d&rsquo;application et \u00e0 l&rsquo;analyse des r\u00e9sidus de produits phytosanitaires.[\/vc_column_text][\/vc_column][vc_column width=\u00a0\u00bb1\/2&Prime;][mk_image src=\u00a0\u00bbhttps:\/\/innovatione.eu\/wp-content\/uploads\/2014\/08\/computer-with-landscape-on-screen-and-mobile-phone-on-wooden-table.jpg\u00a0\u00bb image_width=\u00a0\u00bb1275&Prime; image_height=\u00a0\u00bb2032&Prime; group=\u00a0\u00bb_general\u00a0\u00bb margin_bottom=\u00a0\u00bb0&Prime; animation=\u00a0\u00bbright-to-left\u00a0\u00bb crop=\u00a0\u00bbfalse\u00a0\u00bb][\/vc_column][\/vc_row][vc_row][vc_column][mk_padding_divider size=\u00a0\u00bb60&Prime;][\/vc_column][\/vc_row][vc_row padding=\u00a0\u00bb1&Prime;][vc_column width=\u00a0\u00bb1\/2&Prime;][mk_image src=\u00a0\u00bbhttps:\/\/innovatione.eu\/wp-content\/uploads\/2014\/08\/5770943825_46400da2e2_z.jpg\u00a0\u00bb image_width=\u00a0\u00bb1275&Prime; image_height=\u00a0\u00bb2032&Prime; group=\u00a0\u00bb_general\u00a0\u00bb margin_bottom=\u00a0\u00bb0&Prime; animation=\u00a0\u00bbleft-to-right\u00a0\u00bb crop=\u00a0\u00bbfalse\u00a0\u00bb][\/vc_column][vc_column width=\u00a0\u00bb1\/2&Prime;][mk_padding_divider size=\u00a0\u00bb60&Prime;][mk_padding_divider size=\u00a0\u00bb60&Prime;][mk_fancy_title color=\u00a0\u00bb#393836&Prime; size=\u00a0\u00bb22&Prime; txt_transform=\u00a0\u00bbuppercase\u00a0\u00bb letter_spacing=\u00a0\u00bb1&Prime; margin_bottom=\u00a0\u00bb25&Prime; font_family=\u00a0\u00bbnone\u00a0\u00bb]DES CONSEILS SUR LA LUTTE INT\u00c9GR\u00c9E CONTRE LES RAVAGEURS[\/mk_fancy_title][vc_column_text disable_pattern=\u00a0\u00bbfalse\u00a0\u00bb]Nous disposons de techniciens autoris\u00e9s par l&rsquo;administration \u00e0 fournir des conseils sur la lutte int\u00e9gr\u00e9e contre les parasites pour tout type de culture. Ces conseils sont obligatoires si vous envisagez ou avez d\u00e9j\u00e0 une plantation en production int\u00e9gr\u00e9e.[\/vc_column_text][\/vc_column][\/vc_row][vc_row][vc_column][mk_padding_divider][\/vc_column][\/vc_row][vc_row padding=\u00a0\u00bb1&Prime;][vc_column width=\u00a0\u00bb1\/2&Prime;][mk_padding_divider size=\u00a0\u00bb60&Prime;][mk_fancy_title color=\u00a0\u00bb#393836&Prime; size=\u00a0\u00bb22&Prime; txt_transform=\u00a0\u00bbuppercase\u00a0\u00bb letter_spacing=\u00a0\u00bb1&Prime; margin_bottom=\u00a0\u00bb25&Prime; font_family=\u00a0\u00bbnone\u00a0\u00bb]INSPECTION DU MAT\u00c9RIEL D&rsquo;APPLICATION DES PRODUITS PHYTOSANITAIRES[\/mk_fancy_title][vc_column_text disable_pattern=\u00a0\u00bbfalse\u00a0\u00bb]Une application correcte des produits phytopharmaceutiques n\u00e9cessite une r\u00e9partition homog\u00e8ne du produit, conform\u00e9ment aux doses autoris\u00e9es et recommand\u00e9es, afin d&rsquo;\u00e9viter des effets nocifs ou pr\u00e9judiciables sur la sant\u00e9 humaine et l&rsquo;environnement. Une r\u00e9gulation d\u00e9ficiente des \u00e9quipements ou des machines d&rsquo;application peut entra\u00eener une distribution anormale et la pr\u00e9sence de d\u00e9fauts, de pannes ou de d\u00e9r\u00e9glages qui peuvent provoquer des fuites ou des d\u00e9versements du produit dans des endroits inappropri\u00e9s.[\/vc_column_text][\/vc_column][vc_column width=\u00a0\u00bb1\/2&Prime;][mk_image src=\u00a0\u00bbhttps:\/\/innovatione.eu\/wp-content\/uploads\/2014\/08\/herbicide-587589_1280.jpg\u00a0\u00bb image_width=\u00a0\u00bb1275&Prime; image_height=\u00a0\u00bb2032&Prime; group=\u00a0\u00bb_general\u00a0\u00bb margin_bottom=\u00a0\u00bb0&Prime; animation=\u00a0\u00bbright-to-left\u00a0\u00bb crop=\u00a0\u00bbfalse\u00a0\u00bb][\/vc_column][\/vc_row][vc_row][vc_column][mk_padding_divider][\/vc_column][\/vc_row][vc_row padding=\u00a0\u00bb1&Prime;][vc_column width=\u00a0\u00bb1\/2&Prime;][mk_image src=\u00a0\u00bbhttps:\/\/innovatione.eu\/wp-content\/uploads\/2019\/06\/spike-4047001_1920.jpg\u00a0\u00bb image_width=\u00a0\u00bb1275&Prime; image_height=\u00a0\u00bb2032&Prime; group=\u00a0\u00bb_general\u00a0\u00bb margin_bottom=\u00a0\u00bb0&Prime; animation=\u00a0\u00bbleft-to-right\u00a0\u00bb crop=\u00a0\u00bbfalse\u00a0\u00bb][\/vc_column][vc_column width=\u00a0\u00bb1\/2&Prime;][mk_padding_divider size=\u00a0\u00bb60&Prime;][mk_padding_divider size=\u00a0\u00bb60&Prime;][mk_fancy_title color=\u00a0\u00bb#393836&Prime; size=\u00a0\u00bb22&Prime; txt_transform=\u00a0\u00bbuppercase\u00a0\u00bb letter_spacing=\u00a0\u00bb1&Prime; margin_bottom=\u00a0\u00bb25&Prime; font_family=\u00a0\u00bbnone\u00a0\u00bb]CHANGEMENTS DE CULTURES, ROTATION&#8230;[\/mk_fancy_title][vc_column_text disable_pattern=\u00a0\u00bbfalse\u00a0\u00bb]Nos services visent \u00e0 optimiser les cultures. Nous nous engageons \u00e0 moderniser les exploitations agricoles en r\u00e9alisant des projets qui am\u00e9liorent leurs performances \u00e9conomiques.[\/vc_column_text][\/vc_column][\/vc_row][vc_row][vc_column][mk_padding_divider][\/vc_column][\/vc_row]\n<\/div>","protected":false},"excerpt":{"rendered":"<p>[vc_row fullwidth=\u00a0\u00bbtrue\u00a0\u00bb padding=\u00a0\u00bb0&Prime;][vc_column visibility=\u00a0\u00bbhidden-sm\u00a0\u00bb][mk_page_title_box page_title=\u00a0\u00bbSERVICES POUR LE SECTEUR AGRICOLE\u00a0\u00bb page_subtitle=\u00a0\u00bbInnovation dans le domaine\u00a0\u00bb section_height=\u00a0\u00bb582&Prime; bg_image=\u00a0\u00bbhttps:\/\/innovatione.eu\/wp-content\/uploads\/2017\/03\/combine-harvester-at-work-from-birds-eye-view-2-picjumbo-com-min-1-e1582893630247.jpg\u00a0\u00bb bg_position=\u00a0\u00bbcenter top\u00a0\u00bb bg_stretch=\u00a0\u00bbtrue\u00a0\u00bb overlay=\u00a0\u00bbrgba(10,10,10,0.4)\u00a0\u00bb bg_effects=\u00a0\u00bbparallax\u00a0\u00bb font_size=\u00a0\u00bb60&Prime; font_color=\u00a0\u00bb#ffffff\u00a0\u00bb sub_font_size=\u00a0\u00bb26&Prime; sub_font_color=\u00a0\u00bb#ffffff\u00a0\u00bb][mk_divider style=\u00a0\u00bbthin_solid\u00a0\u00bb thickness=\u00a0\u00bb3&Prime; margin_top=\u00a0\u00bb0&Prime; margin_bottom=\u00a0\u00bb0&Prime;][mk_padding_divider size=\u00a0\u00bb80&Prime;][\/vc_column][\/vc_row][vc_row fullwidth=\u00a0\u00bbtrue\u00a0\u00bb padding=\u00a0\u00bb0&Prime;][vc_column visibility=\u00a0\u00bbvisible-sm\u00a0\u00bb][mk_page_title_box page_title=\u00a0\u00bbSERVICES POUR LE SECTEUR AGRICOLE\u00a0\u00bb page_subtitle=\u00a0\u00bbInnovation dans le domaine\u00a0\u00bb section_height=\u00a0\u00bb500&Prime; bg_image=\u00a0\u00bbhttps:\/\/innovatione.eu\/wp-content\/uploads\/2017\/03\/combine-harvester-at-work-from-birds-eye-view-2-picjumbo-com-min-1-e1582893542141.jpg\u00a0\u00bb bg_position=\u00a0\u00bbcenter top\u00a0\u00bb bg_stretch=\u00a0\u00bbtrue\u00a0\u00bb overlay=\u00a0\u00bbrgba(10,10,10,0.4)\u00a0\u00bb bg_effects=\u00a0\u00bbparallax\u00a0\u00bb font_size=\u00a0\u00bb42&Prime; font_color=\u00a0\u00bb#ffffff\u00a0\u00bb sub_font_size=\u00a0\u00bb26&Prime; sub_font_color=\u00a0\u00bb#ffffff\u00a0\u00bb][mk_divider style=\u00a0\u00bbthin_solid\u00a0\u00bb thickness=\u00a0\u00bb3&Prime; margin_top=\u00a0\u00bb0&Prime; [&hellip;]<\/p>\n","protected":false},"author":1,"featured_media":0,"parent":0,"menu_order":0,"comment_status":"open","ping_status":"closed","template":"","meta":{"_joinchat":[]},"yoast_head":"<!-- This site is optimized with the Yoast SEO plugin v19.4 - https:\/\/yoast.com\/wordpress\/plugins\/seo\/ -->\n<title>Services agricoles pour l&#039;am\u00e9lioration et l&#039;optimisation de l&#039;agriculture<\/title>\n<meta name=\"description\" content=\"Nous vous aidons \u00e0 optimiser toute culture. Innovatione dispose de tous les services agricoles n\u00e9cessaires \u00e0 l&#039;am\u00e9lioration et \u00e0 l&#039;optimisation de l&#039;agriculture.\" \/>\n<meta name=\"robots\" content=\"index, follow, max-snippet:-1, max-image-preview:large, max-video-preview:-1\" \/>\n<link rel=\"canonical\" href=\"https:\/\/innovatione.eu\/fr\/services-agricoles\/\" \/>\n<meta property=\"og:locale\" content=\"fr_FR\" \/>\n<meta property=\"og:type\" content=\"article\" \/>\n<meta property=\"og:title\" content=\"Services agricoles pour l&#039;am\u00e9lioration et l&#039;optimisation de l&#039;agriculture\" \/>\n<meta property=\"og:description\" content=\"Nous vous aidons \u00e0 optimiser toute culture. Innovatione dispose de tous les services agricoles n\u00e9cessaires \u00e0 l&#039;am\u00e9lioration et \u00e0 l&#039;optimisation de l&#039;agriculture.\" \/>\n<meta property=\"og:url\" content=\"https:\/\/innovatione.eu\/fr\/services-agricoles\/\" \/>\n<meta property=\"og:site_name\" content=\"Innovatione\" \/>\n<meta property=\"article:publisher\" content=\"https:\/\/www.facebook.com\/foodinnovatione\/\" \/>\n<meta property=\"article:modified_time\" content=\"2022-06-16T10:18:18+00:00\" \/>\n<meta name=\"twitter:card\" content=\"summary\" \/>\n<meta name=\"twitter:site\" content=\"@foodinnovatione\" \/>\n<meta name=\"twitter:label1\" content=\"Dur\u00e9e de lecture estim\u00e9e\" \/>\n\t<meta name=\"twitter:data1\" content=\"6 minutes\" \/>\n<script type=\"application\/ld+json\" class=\"yoast-schema-graph\">{\"@context\":\"https:\/\/schema.org\",\"@graph\":[{\"@type\":\"WebSite\",\"@id\":\"https:\/\/innovatione.eu\/fr\/#website\",\"url\":\"https:\/\/innovatione.eu\/fr\/\",\"name\":\"Innovatione\",\"description\":\"P&aacute;gina Oficial\",\"potentialAction\":[{\"@type\":\"SearchAction\",\"target\":{\"@type\":\"EntryPoint\",\"urlTemplate\":\"https:\/\/innovatione.eu\/fr\/?s={search_term_string}\"},\"query-input\":\"required name=search_term_string\"}],\"inLanguage\":\"fr-FR\"},{\"@type\":\"WebPage\",\"@id\":\"https:\/\/innovatione.eu\/fr\/services-agricoles\/\",\"url\":\"https:\/\/innovatione.eu\/fr\/services-agricoles\/\",\"name\":\"Services agricoles pour l'am\u00e9lioration et l'optimisation de l'agriculture\",\"isPartOf\":{\"@id\":\"https:\/\/innovatione.eu\/fr\/#website\"},\"datePublished\":\"2017-03-26T08:11:11+00:00\",\"dateModified\":\"2022-06-16T10:18:18+00:00\",\"description\":\"Nous vous aidons \u00e0 optimiser toute culture. Innovatione dispose de tous les services agricoles n\u00e9cessaires \u00e0 l'am\u00e9lioration et \u00e0 l'optimisation de l'agriculture.\",\"breadcrumb\":{\"@id\":\"https:\/\/innovatione.eu\/fr\/services-agricoles\/#breadcrumb\"},\"inLanguage\":\"fr-FR\",\"potentialAction\":[{\"@type\":\"ReadAction\",\"target\":[\"https:\/\/innovatione.eu\/fr\/services-agricoles\/\"]}]},{\"@type\":\"BreadcrumbList\",\"@id\":\"https:\/\/innovatione.eu\/fr\/services-agricoles\/#breadcrumb\",\"itemListElement\":[{\"@type\":\"ListItem\",\"position\":1,\"name\":\"Portada\",\"item\":\"https:\/\/innovatione.eu\/fr\/\"},{\"@type\":\"ListItem\",\"position\":2,\"name\":\"Services agricoles\"}]}]}<\/script>\n<!-- \/ Yoast SEO plugin. -->","yoast_head_json":{"title":"Services agricoles pour l'am\u00e9lioration et l'optimisation de l'agriculture","description":"Nous vous aidons \u00e0 optimiser toute culture. Innovatione dispose de tous les services agricoles n\u00e9cessaires \u00e0 l'am\u00e9lioration et \u00e0 l'optimisation de l'agriculture.","robots":{"index":"index","follow":"follow","max-snippet":"max-snippet:-1","max-image-preview":"max-image-preview:large","max-video-preview":"max-video-preview:-1"},"canonical":"https:\/\/innovatione.eu\/fr\/services-agricoles\/","og_locale":"fr_FR","og_type":"article","og_title":"Services agricoles pour l'am\u00e9lioration et l'optimisation de l'agriculture","og_description":"Nous vous aidons \u00e0 optimiser toute culture. Innovatione dispose de tous les services agricoles n\u00e9cessaires \u00e0 l'am\u00e9lioration et \u00e0 l'optimisation de l'agriculture.","og_url":"https:\/\/innovatione.eu\/fr\/services-agricoles\/","og_site_name":"Innovatione","article_publisher":"https:\/\/www.facebook.com\/foodinnovatione\/","article_modified_time":"2022-06-16T10:18:18+00:00","twitter_card":"summary","twitter_site":"@foodinnovatione","twitter_misc":{"Dur\u00e9e de lecture estim\u00e9e":"6 minutes"},"schema":{"@context":"https:\/\/schema.org","@graph":[{"@type":"WebSite","@id":"https:\/\/innovatione.eu\/fr\/#website","url":"https:\/\/innovatione.eu\/fr\/","name":"Innovatione","description":"P&aacute;gina Oficial","potentialAction":[{"@type":"SearchAction","target":{"@type":"EntryPoint","urlTemplate":"https:\/\/innovatione.eu\/fr\/?s={search_term_string}"},"query-input":"required name=search_term_string"}],"inLanguage":"fr-FR"},{"@type":"WebPage","@id":"https:\/\/innovatione.eu\/fr\/services-agricoles\/","url":"https:\/\/innovatione.eu\/fr\/services-agricoles\/","name":"Services agricoles pour l'am\u00e9lioration et l'optimisation de l'agriculture","isPartOf":{"@id":"https:\/\/innovatione.eu\/fr\/#website"},"datePublished":"2017-03-26T08:11:11+00:00","dateModified":"2022-06-16T10:18:18+00:00","description":"Nous vous aidons \u00e0 optimiser toute culture. Innovatione dispose de tous les services agricoles n\u00e9cessaires \u00e0 l'am\u00e9lioration et \u00e0 l'optimisation de l'agriculture.","breadcrumb":{"@id":"https:\/\/innovatione.eu\/fr\/services-agricoles\/#breadcrumb"},"inLanguage":"fr-FR","potentialAction":[{"@type":"ReadAction","target":["https:\/\/innovatione.eu\/fr\/services-agricoles\/"]}]},{"@type":"BreadcrumbList","@id":"https:\/\/innovatione.eu\/fr\/services-agricoles\/#breadcrumb","itemListElement":[{"@type":"ListItem","position":1,"name":"Portada","item":"https:\/\/innovatione.eu\/fr\/"},{"@type":"ListItem","position":2,"name":"Services agricoles"}]}]}},"_links":{"self":[{"href":"https:\/\/innovatione.eu\/fr\/wp-json\/wp\/v2\/pages\/7197"}],"collection":[{"href":"https:\/\/innovatione.eu\/fr\/wp-json\/wp\/v2\/pages"}],"about":[{"href":"https:\/\/innovatione.eu\/fr\/wp-json\/wp\/v2\/types\/page"}],"author":[{"embeddable":true,"href":"https:\/\/innovatione.eu\/fr\/wp-json\/wp\/v2\/users\/1"}],"replies":[{"embeddable":true,"href":"https:\/\/innovatione.eu\/fr\/wp-json\/wp\/v2\/comments?post=7197"}],"version-history":[{"count":0,"href":"https:\/\/innovatione.eu\/fr\/wp-json\/wp\/v2\/pages\/7197\/revisions"}],"wp:attachment":[{"href":"https:\/\/innovatione.eu\/fr\/wp-json\/wp\/v2\/media?parent=7197"}],"curies":[{"name":"wp","href":"https:\/\/api.w.org\/{rel}","templated":true}]}}