{"id":7194,"date":"2017-03-20T11:00:43","date_gmt":"2017-03-20T10:00:43","guid":{"rendered":"https:\/\/innovatione.eu\/securite-alimentaire\/"},"modified":"2022-06-17T10:51:15","modified_gmt":"2022-06-17T09:51:15","slug":"securite-alimentaire","status":"publish","type":"page","link":"https:\/\/innovatione.eu\/fr\/securite-alimentaire\/","title":{"rendered":"S\u00e9curit\u00e9 alimentaire"},"content":{"rendered":"<div class=\"wpb-content-wrapper\">[vc_row fullwidth=\u00a0\u00bbtrue\u00a0\u00bb padding=\u00a0\u00bb0&Prime;][vc_column visibility=\u00a0\u00bbhidden-sm\u00a0\u00bb][mk_page_title_box page_title=\u00a0\u00bbS\u00c9CURIT\u00c9 ALIMENTAIRE\u00a0\u00bb page_subtitle=\u00a0\u00bbVous fabriquez, nous nous occupons du reste\u00a0\u00bb section_height=\u00a0\u00bb500&Prime; bg_image=\u00a0\u00bbhttp:\/\/innovatione.eu\/wp-content\/uploads\/2017\/03\/food-market-food-market.jpg\u00a0\u00bb bg_position=\u00a0\u00bbcenter top\u00a0\u00bb bg_stretch=\u00a0\u00bbtrue\u00a0\u00bb overlay=\u00a0\u00bbrgba(10,10,10,0.4)\u00a0\u00bb bg_effects=\u00a0\u00bbparallax\u00a0\u00bb font_size=\u00a0\u00bb60&Prime; font_color=\u00a0\u00bb#ffffff\u00a0\u00bb sub_font_size=\u00a0\u00bb26&Prime; sub_font_color=\u00a0\u00bb#ffffff\u00a0\u00bb][mk_divider style=\u00a0\u00bbthin_solid\u00a0\u00bb thickness=\u00a0\u00bb3&Prime; margin_top=\u00a0\u00bb0&Prime; margin_bottom=\u00a0\u00bb0&Prime;][mk_padding_divider size=\u00a0\u00bb80&Prime;][\/vc_column][\/vc_row][vc_row fullwidth=\u00a0\u00bbtrue\u00a0\u00bb padding=\u00a0\u00bb0&Prime;][vc_column visibility=\u00a0\u00bbvisible-sm\u00a0\u00bb][mk_page_title_box page_title=\u00a0\u00bbS\u00c9CURIT\u00c9 ALIMENTAIRE\u00a0\u00bb page_subtitle=\u00a0\u00bbVous fabriquez, nous nous occupons du reste\u00a0\u00bb section_height=\u00a0\u00bb500&Prime; bg_image=\u00a0\u00bbhttp:\/\/innovatione.eu\/wp-content\/uploads\/2017\/03\/food-market-food-market.jpg\u00a0\u00bb bg_position=\u00a0\u00bbcenter top\u00a0\u00bb bg_stretch=\u00a0\u00bbtrue\u00a0\u00bb overlay=\u00a0\u00bbrgba(10,10,10,0.4)\u00a0\u00bb bg_effects=\u00a0\u00bbparallax\u00a0\u00bb font_size=\u00a0\u00bb42&Prime; font_color=\u00a0\u00bb#ffffff\u00a0\u00bb sub_font_size=\u00a0\u00bb26&Prime; sub_font_color=\u00a0\u00bb#ffffff\u00a0\u00bb][mk_divider style=\u00a0\u00bbthin_solid\u00a0\u00bb thickness=\u00a0\u00bb3&Prime; margin_top=\u00a0\u00bb0&Prime; margin_bottom=\u00a0\u00bb0&Prime;][mk_padding_divider size=\u00a0\u00bb80&Prime;][\/vc_column][\/vc_row][vc_row padding=\u00a0\u00bb1&Prime;][vc_column width=\u00a0\u00bb1\/2&Prime;][mk_image src=\u00a0\u00bbhttps:\/\/innovatione.eu\/wp-content\/uploads\/2014\/08\/9605682901_408a87a9cd_h-1.jpg\u00a0\u00bb group=\u00a0\u00bb_general\u00a0\u00bb margin_bottom=\u00a0\u00bb0&Prime; animation=\u00a0\u00bbright-to-left\u00a0\u00bb][\/vc_column][vc_column width=\u00a0\u00bb1\/2&Prime;][mk_fancy_title color=\u00a0\u00bb#393836&Prime; size=\u00a0\u00bb22&Prime; txt_transform=\u00a0\u00bbuppercase\u00a0\u00bb letter_spacing=\u00a0\u00bb1&Prime; margin_bottom=\u00a0\u00bb25&Prime; font_family=\u00a0\u00bbnone\u00a0\u00bb]VOUS AVEZ BESOIN DE NOTRE AIDE SI :[\/mk_fancy_title][vc_column_text disable_pattern=\u00a0\u00bbfalse\u00a0\u00bb]-Vous voulez vous concentrer sur votre produit et le rendre plus s\u00fbr.<br \/>\n-Vous avez une petite entreprise dans le secteur[\/vc_column_text][\/vc_column][\/vc_row][vc_row][vc_column][mk_padding_divider size=\u00a0\u00bb60&Prime;][\/vc_column][\/vc_row][vc_row padding=\u00a0\u00bb1&Prime;][vc_column width=\u00a0\u00bb1\/2&Prime;][mk_fancy_title color=\u00a0\u00bb#393836&Prime; size=\u00a0\u00bb22&Prime; txt_transform=\u00a0\u00bbuppercase\u00a0\u00bb letter_spacing=\u00a0\u00bb1&Prime; margin_bottom=\u00a0\u00bb25&Prime; font_family=\u00a0\u00bbnone\u00a0\u00bb]TRACEABILIT\u00c9[\/mk_fancy_title][vc_column_text disable_pattern=\u00a0\u00bbfalse\u00a0\u00bb]Toutes les industries alimentaires doivent disposer de leur propre syst\u00e8me de tra\u00e7abilit\u00e9, qui garantit l&rsquo;existence d&rsquo;une trace de tous les processus que l&rsquo;aliment a subis \u00ab\u00a0de la ferme \u00e0 la fourchette\u00a0\u00bb.[\/vc_column_text][\/vc_column][vc_column width=\u00a0\u00bb1\/2&Prime;][mk_image src=\u00a0\u00bbhttps:\/\/innovatione.eu\/wp-content\/uploads\/2017\/10\/anda-ambrosini-36101.jpg\u00a0\u00bb group=\u00a0\u00bb_general\u00a0\u00bb margin_bottom=\u00a0\u00bb0&Prime; animation=\u00a0\u00bbright-to-left\u00a0\u00bb][\/vc_column][\/vc_row][vc_row][vc_column][mk_padding_divider size=\u00a0\u00bb60&Prime;][\/vc_column][\/vc_row][vc_row padding=\u00a0\u00bb1&Prime;][vc_column width=\u00a0\u00bb1\/2&Prime;][mk_image src=\u00a0\u00bbhttps:\/\/innovatione.eu\/wp-content\/uploads\/2017\/03\/timothy-muza-572-e1526754957495.jpg\u00a0\u00bb group=\u00a0\u00bb_general\u00a0\u00bb margin_bottom=\u00a0\u00bb0&Prime; animation=\u00a0\u00bbright-to-left\u00a0\u00bb][\/vc_column][vc_column width=\u00a0\u00bb1\/2&Prime;][mk_fancy_title color=\u00a0\u00bb#393836&Prime; size=\u00a0\u00bb22&Prime; txt_transform=\u00a0\u00bbuppercase\u00a0\u00bb letter_spacing=\u00a0\u00bb1&Prime; margin_bottom=\u00a0\u00bb25&Prime; font_family=\u00a0\u00bbnone\u00a0\u00bb]SYST\u00c8ME D&rsquo;AUTOCONTR\u00d4LE[\/mk_fancy_title][vc_column_text disable_pattern=\u00a0\u00bbfalse\u00a0\u00bb]\nL&rsquo;industrie alimentaire doit disposer d&rsquo;un syst\u00e8me d&rsquo;autocontr\u00f4le obligatoire pour garantir la s\u00e9curit\u00e9 alimentaire des produits qu&rsquo;elle propose, selon la l\u00e9gislation en vigueur. Ce document sera pr\u00e9alablement soumis au Registre G\u00e9n\u00e9ral Sanitaire (RGSA). Depuis Innovatione, nous nous occupons de la mise en \u0153uvre du syst\u00e8me, tant au niveau global que sp\u00e9cifique.<br \/>\n[\/vc_column_text][\/vc_column][\/vc_row][vc_row][vc_column][mk_padding_divider size=\u00a0\u00bb60&Prime;][\/vc_column][\/vc_row][vc_row padding=\u00a0\u00bb1&Prime;][vc_column width=\u00a0\u00bb1\/2&Prime;][mk_fancy_title color=\u00a0\u00bb#393836&Prime; size=\u00a0\u00bb22&Prime; txt_transform=\u00a0\u00bbuppercase\u00a0\u00bb letter_spacing=\u00a0\u00bb1&Prime; margin_bottom=\u00a0\u00bb25&Prime; font_family=\u00a0\u00bbnone\u00a0\u00bb]APPCC[\/mk_fancy_title][vc_column_text disable_pattern=\u00a0\u00bbfalse\u00a0\u00bb]\nL&rsquo;industrie alimentaire est actuellement oblig\u00e9e de mettre en place un syst\u00e8me d&rsquo;autocontr\u00f4le bas\u00e9 sur une m\u00e9thodologie scientifique. Selon la l\u00e9gislation actuelle, disposer d&rsquo;un HACCP est une condition essentielle pour pouvoir commercialiser votre produit. Chez Innovatione, nous pr\u00e9parons un rapport personnalis\u00e9 avec une analyse des dangers et des points de contr\u00f4le critiques de votre processus de production. De cette mani\u00e8re, vous pouvez garantir la conformit\u00e9 de votre entreprise avec la l\u00e9gislation en vigueur.<br \/>\n[\/vc_column_text][\/vc_column][vc_column width=\u00a0\u00bb1\/2&Prime;][mk_image src=\u00a0\u00bbhttps:\/\/innovatione.eu\/wp-content\/uploads\/2017\/03\/APPCC.jpg\u00a0\u00bb group=\u00a0\u00bb_general\u00a0\u00bb margin_bottom=\u00a0\u00bb0&Prime; animation=\u00a0\u00bbright-to-left\u00a0\u00bb][\/vc_column][\/vc_row][vc_row][vc_column][mk_padding_divider size=\u00a0\u00bb60&Prime;][\/vc_column][\/vc_row][vc_row padding=\u00a0\u00bb1&Prime;][vc_column width=\u00a0\u00bb1\/2&Prime;][mk_image src=\u00a0\u00bbhttp:\/\/innovatione.eu\/wp-content\/uploads\/2017\/03\/joseph-gonzalez-111631.jpg\u00a0\u00bb group=\u00a0\u00bb_general\u00a0\u00bb margin_bottom=\u00a0\u00bb0&Prime; animation=\u00a0\u00bbright-to-left\u00a0\u00bb][\/vc_column][vc_column width=\u00a0\u00bb1\/2&Prime;][mk_fancy_title color=\u00a0\u00bb#393836&Prime; size=\u00a0\u00bb22&Prime; txt_transform=\u00a0\u00bbuppercase\u00a0\u00bb letter_spacing=\u00a0\u00bb1&Prime; margin_bottom=\u00a0\u00bb25&Prime; font_family=\u00a0\u00bbnone\u00a0\u00bb]ENREGISTREMENT SANITAIRE[\/mk_fancy_title][vc_column_text disable_pattern=\u00a0\u00bbfalse\u00a0\u00bb]Avant la production et la commercialisation de tout produit alimentaire, il est obligatoire d&rsquo;obtenir l&rsquo;enregistrement sanitaire requis. Chez Innovatione, nous nous occupons de toute la documentation pr\u00e9alable pertinente et nous fournissons une assistance et une couverture juridique pour garantir le succ\u00e8s.[\/vc_column_text][\/vc_column][\/vc_row][vc_row][vc_column][mk_padding_divider][\/vc_column][\/vc_row][vc_row padding=\u00a0\u00bb1&Prime;][vc_column width=\u00a0\u00bb1\/2&Prime;][mk_fancy_title color=\u00a0\u00bb#393836&Prime; size=\u00a0\u00bb22&Prime; txt_transform=\u00a0\u00bbuppercase\u00a0\u00bb letter_spacing=\u00a0\u00bb1&Prime; margin_bottom=\u00a0\u00bb25&Prime; font_family=\u00a0\u00bbnone\u00a0\u00bb]AUDITS[\/mk_fancy_title][vc_column_text disable_pattern=\u00a0\u00bbfalse\u00a0\u00bb]\nIl est n\u00e9cessaire de mettre en place un syst\u00e8me de r\u00e9vision p\u00e9riodique au sein d&rsquo;une entreprise alimentaire pour en assurer le bon fonctionnement. Le service d&rsquo;audit d&rsquo;Innovatione sert \u00e0 s&rsquo;assurer que les entreprises sont correctement pr\u00e9par\u00e9es \u00e0 d&rsquo;\u00e9ventuelles inspections par les autorit\u00e9s sanitaires, un certificateur, une entreprise cliente&#8230;<br \/>\n[\/vc_column_text][\/vc_column][vc_column width=\u00a0\u00bb1\/2&Prime;][mk_image src=\u00a0\u00bbhttps:\/\/innovatione.eu\/wp-content\/uploads\/2014\/09\/control-427512_640.png\u00a0\u00bb group=\u00a0\u00bb_general\u00a0\u00bb margin_bottom=\u00a0\u00bb0&Prime; animation=\u00a0\u00bbright-to-left\u00a0\u00bb][\/vc_column][\/vc_row][vc_row][vc_column][mk_padding_divider][\/vc_column][\/vc_row][vc_row padding=\u00a0\u00bb1&Prime;][vc_column width=\u00a0\u00bb1\/2&Prime;][mk_image src=\u00a0\u00bbhttps:\/\/innovatione.eu\/wp-content\/uploads\/2017\/03\/cleanliness-2799470_1920.jpg\u00a0\u00bb group=\u00a0\u00bb_general\u00a0\u00bb margin_bottom=\u00a0\u00bb0&Prime; animation=\u00a0\u00bbright-to-left\u00a0\u00bb][\/vc_column][vc_column width=\u00a0\u00bb1\/2&Prime;][mk_fancy_title color=\u00a0\u00bb#393836&Prime; size=\u00a0\u00bb22&Prime; txt_transform=\u00a0\u00bbuppercase\u00a0\u00bb letter_spacing=\u00a0\u00bb1&Prime; margin_bottom=\u00a0\u00bb25&Prime; font_family=\u00a0\u00bbnone\u00a0\u00bb]LES PLANS DE NETTOYAGE ET DE D\u00c9SINFECTION[\/mk_fancy_title][vc_column_text disable_pattern=\u00a0\u00bbfalse\u00a0\u00bb]Les installations doivent \u00eatre con\u00e7ues de mani\u00e8re \u00e0 promouvoir et \u00e0 faciliter tant l&rsquo;hygi\u00e8ne personnelle que le nettoyage et la d\u00e9sinfection des locaux et des \u00e9quipements. Apr\u00e8s chaque p\u00e9riode de travail, il est n\u00e9cessaire d&rsquo;\u00e9liminer toute trace de salet\u00e9 et de d\u00e9sinfecter correctement toutes les surfaces. Chez Innovatione, nous concevons un plan de nettoyage et de d\u00e9sinfection personnalis\u00e9, visant \u00e0 \u00e9viter les contaminations potentielles et l&rsquo;apparition d&rsquo;alertes sanitaires, dues \u00e0 une hygi\u00e8ne incorrecte des installations.[\/vc_column_text][\/vc_column][\/vc_row][vc_row][vc_column][mk_padding_divider][\/vc_column][\/vc_row][vc_row padding=\u00a0\u00bb1&Prime;][vc_column width=\u00a0\u00bb1\/2&Prime;][mk_fancy_title color=\u00a0\u00bb#393836&Prime; size=\u00a0\u00bb22&Prime; txt_transform=\u00a0\u00bbuppercase\u00a0\u00bb letter_spacing=\u00a0\u00bb1&Prime; margin_bottom=\u00a0\u00bb25&Prime; font_family=\u00a0\u00bbnone\u00a0\u00bb]LE CONTR\u00d4LE DES FOURNISSEURS ET DES MATI\u00c8RES PREMI\u00c8RES[\/mk_fancy_title][vc_column_text disable_pattern=\u00a0\u00bbfalse\u00a0\u00bb]\nIl est important de choisir correctement nos fournisseurs, pour cela il convient de savoir s&rsquo;ils respectent les r\u00e9glementations l\u00e9gales en vigueur et disposent de la documentation essentielle en ordre (HACCP, enregistrement sanitaire, fiches techniques actualis\u00e9es, etc.) Une option tr\u00e8s int\u00e9ressante \u00e0 prendre en compte est d&rsquo;exiger un certificat de qualit\u00e9 externe de la part des fournisseurs. De cette mani\u00e8re, nous nous assurons que le produit que nous allons acqu\u00e9rir pr\u00e9sente un niveau strict de s\u00e9curit\u00e9 et de qualit\u00e9.<br \/>\n[\/vc_column_text][\/vc_column][vc_column width=\u00a0\u00bb1\/2&Prime;][mk_image src=\u00a0\u00bbhttps:\/\/innovatione.eu\/wp-content\/uploads\/2017\/03\/429H-e1517783438390.jpg\u00a0\u00bb group=\u00a0\u00bb_general\u00a0\u00bb margin_bottom=\u00a0\u00bb0&Prime; animation=\u00a0\u00bbright-to-left\u00a0\u00bb][\/vc_column][\/vc_row][vc_row][vc_column][mk_padding_divider][\/vc_column][\/vc_row][vc_row padding=\u00a0\u00bb1&Prime;][vc_column width=\u00a0\u00bb1\/2&Prime;][mk_image src=\u00a0\u00bbhttps:\/\/innovatione.eu\/wp-content\/uploads\/2017\/03\/preparing-food-mans-sushi-rolls.jpg\u00a0\u00bb group=\u00a0\u00bb_general\u00a0\u00bb margin_bottom=\u00a0\u00bb0&Prime; animation=\u00a0\u00bbright-to-left\u00a0\u00bb][\/vc_column][vc_column width=\u00a0\u00bb1\/2&Prime;][mk_fancy_title color=\u00a0\u00bb#393836&Prime; size=\u00a0\u00bb22&Prime; txt_transform=\u00a0\u00bbuppercase\u00a0\u00bb letter_spacing=\u00a0\u00bb1&Prime; margin_bottom=\u00a0\u00bb25&Prime; font_family=\u00a0\u00bbnone\u00a0\u00bb]FORMATION[\/mk_fancy_title][vc_column_text disable_pattern=\u00a0\u00bbfalse\u00a0\u00bb]\nLa s\u00e9curit\u00e9 alimentaire de votre entreprise est fondamentale, depuis Innovatione nous offrons un service de formation personnalis\u00e9 sur place avec des plans adapt\u00e9s et sp\u00e9cifiques pour votre entreprise et dans le cas o\u00f9 vous pr\u00e9f\u00e9rez suivre un cours pour votre entreprise en ligne, nous avons \u00e9galement un plan de formation rigoureux et de qualit\u00e9 en ligne.<br \/>\n[\/vc_column_text][\/vc_column][\/vc_row]\n<\/div>","protected":false},"excerpt":{"rendered":"<p>[vc_row fullwidth=\u00a0\u00bbtrue\u00a0\u00bb padding=\u00a0\u00bb0&Prime;][vc_column visibility=\u00a0\u00bbhidden-sm\u00a0\u00bb][mk_page_title_box page_title=\u00a0\u00bbS\u00c9CURIT\u00c9 ALIMENTAIRE\u00a0\u00bb page_subtitle=\u00a0\u00bbVous fabriquez, nous nous occupons du reste\u00a0\u00bb section_height=\u00a0\u00bb500&Prime; bg_image=\u00a0\u00bbhttp:\/\/innovatione.eu\/wp-content\/uploads\/2017\/03\/food-market-food-market.jpg\u00a0\u00bb bg_position=\u00a0\u00bbcenter top\u00a0\u00bb bg_stretch=\u00a0\u00bbtrue\u00a0\u00bb overlay=\u00a0\u00bbrgba(10,10,10,0.4)\u00a0\u00bb bg_effects=\u00a0\u00bbparallax\u00a0\u00bb font_size=\u00a0\u00bb60&Prime; font_color=\u00a0\u00bb#ffffff\u00a0\u00bb sub_font_size=\u00a0\u00bb26&Prime; sub_font_color=\u00a0\u00bb#ffffff\u00a0\u00bb][mk_divider style=\u00a0\u00bbthin_solid\u00a0\u00bb thickness=\u00a0\u00bb3&Prime; margin_top=\u00a0\u00bb0&Prime; margin_bottom=\u00a0\u00bb0&Prime;][mk_padding_divider size=\u00a0\u00bb80&Prime;][\/vc_column][\/vc_row][vc_row fullwidth=\u00a0\u00bbtrue\u00a0\u00bb padding=\u00a0\u00bb0&Prime;][vc_column visibility=\u00a0\u00bbvisible-sm\u00a0\u00bb][mk_page_title_box page_title=\u00a0\u00bbS\u00c9CURIT\u00c9 ALIMENTAIRE\u00a0\u00bb page_subtitle=\u00a0\u00bbVous fabriquez, nous nous occupons du reste\u00a0\u00bb section_height=\u00a0\u00bb500&Prime; bg_image=\u00a0\u00bbhttp:\/\/innovatione.eu\/wp-content\/uploads\/2017\/03\/food-market-food-market.jpg\u00a0\u00bb bg_position=\u00a0\u00bbcenter top\u00a0\u00bb bg_stretch=\u00a0\u00bbtrue\u00a0\u00bb overlay=\u00a0\u00bbrgba(10,10,10,0.4)\u00a0\u00bb bg_effects=\u00a0\u00bbparallax\u00a0\u00bb font_size=\u00a0\u00bb42&Prime; font_color=\u00a0\u00bb#ffffff\u00a0\u00bb sub_font_size=\u00a0\u00bb26&Prime; sub_font_color=\u00a0\u00bb#ffffff\u00a0\u00bb][mk_divider style=\u00a0\u00bbthin_solid\u00a0\u00bb thickness=\u00a0\u00bb3&Prime; margin_top=\u00a0\u00bb0&Prime; [&hellip;]<\/p>\n","protected":false},"author":1,"featured_media":0,"parent":0,"menu_order":0,"comment_status":"closed","ping_status":"closed","template":"","meta":{"_joinchat":[]},"yoast_head":"<!-- This site is optimized with the Yoast SEO plugin v19.4 - https:\/\/yoast.com\/wordpress\/plugins\/seo\/ -->\n<title>Conseil en HACCP et en s\u00e9curit\u00e9 alimentaire \u00e0 Murcie et Salamanque<\/title>\n<meta name=\"description\" content=\"Nous r\u00e9alisons la mise en \u0153uvre de plans de s\u00e9curit\u00e9 alimentaire cl\u00e9s en main. Conseil en HACCP et en s\u00e9curit\u00e9 alimentaire \u00e0 Murcie et Salamanque\" \/>\n<meta name=\"robots\" content=\"index, follow, max-snippet:-1, max-image-preview:large, max-video-preview:-1\" \/>\n<link rel=\"canonical\" href=\"https:\/\/innovatione.eu\/fr\/securite-alimentaire\/\" \/>\n<meta property=\"og:locale\" content=\"fr_FR\" \/>\n<meta property=\"og:type\" content=\"article\" \/>\n<meta property=\"og:title\" content=\"Conseil en HACCP et en s\u00e9curit\u00e9 alimentaire \u00e0 Murcie et Salamanque\" \/>\n<meta property=\"og:description\" content=\"Nous r\u00e9alisons la mise en \u0153uvre de plans de s\u00e9curit\u00e9 alimentaire cl\u00e9s en main. Conseil en HACCP et en s\u00e9curit\u00e9 alimentaire \u00e0 Murcie et Salamanque\" \/>\n<meta property=\"og:url\" content=\"https:\/\/innovatione.eu\/fr\/securite-alimentaire\/\" \/>\n<meta property=\"og:site_name\" content=\"Innovatione\" \/>\n<meta property=\"article:publisher\" content=\"https:\/\/www.facebook.com\/foodinnovatione\/\" \/>\n<meta property=\"article:modified_time\" content=\"2022-06-17T09:51:15+00:00\" \/>\n<meta name=\"twitter:card\" content=\"summary\" \/>\n<meta name=\"twitter:site\" content=\"@foodinnovatione\" \/>\n<meta name=\"twitter:label1\" content=\"Dur\u00e9e de lecture estim\u00e9e\" \/>\n\t<meta name=\"twitter:data1\" content=\"7 minutes\" \/>\n<script type=\"application\/ld+json\" class=\"yoast-schema-graph\">{\"@context\":\"https:\/\/schema.org\",\"@graph\":[{\"@type\":\"WebSite\",\"@id\":\"https:\/\/innovatione.eu\/fr\/#website\",\"url\":\"https:\/\/innovatione.eu\/fr\/\",\"name\":\"Innovatione\",\"description\":\"P&aacute;gina Oficial\",\"potentialAction\":[{\"@type\":\"SearchAction\",\"target\":{\"@type\":\"EntryPoint\",\"urlTemplate\":\"https:\/\/innovatione.eu\/fr\/?s={search_term_string}\"},\"query-input\":\"required name=search_term_string\"}],\"inLanguage\":\"fr-FR\"},{\"@type\":\"WebPage\",\"@id\":\"https:\/\/innovatione.eu\/fr\/securite-alimentaire\/\",\"url\":\"https:\/\/innovatione.eu\/fr\/securite-alimentaire\/\",\"name\":\"Conseil en HACCP et en s\u00e9curit\u00e9 alimentaire \u00e0 Murcie et Salamanque\",\"isPartOf\":{\"@id\":\"https:\/\/innovatione.eu\/fr\/#website\"},\"datePublished\":\"2017-03-20T10:00:43+00:00\",\"dateModified\":\"2022-06-17T09:51:15+00:00\",\"description\":\"Nous r\u00e9alisons la mise en \u0153uvre de plans de s\u00e9curit\u00e9 alimentaire cl\u00e9s en main. Conseil en HACCP et en s\u00e9curit\u00e9 alimentaire \u00e0 Murcie et Salamanque\",\"breadcrumb\":{\"@id\":\"https:\/\/innovatione.eu\/fr\/securite-alimentaire\/#breadcrumb\"},\"inLanguage\":\"fr-FR\",\"potentialAction\":[{\"@type\":\"ReadAction\",\"target\":[\"https:\/\/innovatione.eu\/fr\/securite-alimentaire\/\"]}]},{\"@type\":\"BreadcrumbList\",\"@id\":\"https:\/\/innovatione.eu\/fr\/securite-alimentaire\/#breadcrumb\",\"itemListElement\":[{\"@type\":\"ListItem\",\"position\":1,\"name\":\"Portada\",\"item\":\"https:\/\/innovatione.eu\/fr\/\"},{\"@type\":\"ListItem\",\"position\":2,\"name\":\"S\u00e9curit\u00e9 alimentaire\"}]}]}<\/script>\n<!-- \/ Yoast SEO plugin. -->","yoast_head_json":{"title":"Conseil en HACCP et en s\u00e9curit\u00e9 alimentaire \u00e0 Murcie et Salamanque","description":"Nous r\u00e9alisons la mise en \u0153uvre de plans de s\u00e9curit\u00e9 alimentaire cl\u00e9s en main. Conseil en HACCP et en s\u00e9curit\u00e9 alimentaire \u00e0 Murcie et Salamanque","robots":{"index":"index","follow":"follow","max-snippet":"max-snippet:-1","max-image-preview":"max-image-preview:large","max-video-preview":"max-video-preview:-1"},"canonical":"https:\/\/innovatione.eu\/fr\/securite-alimentaire\/","og_locale":"fr_FR","og_type":"article","og_title":"Conseil en HACCP et en s\u00e9curit\u00e9 alimentaire \u00e0 Murcie et Salamanque","og_description":"Nous r\u00e9alisons la mise en \u0153uvre de plans de s\u00e9curit\u00e9 alimentaire cl\u00e9s en main. Conseil en HACCP et en s\u00e9curit\u00e9 alimentaire \u00e0 Murcie et Salamanque","og_url":"https:\/\/innovatione.eu\/fr\/securite-alimentaire\/","og_site_name":"Innovatione","article_publisher":"https:\/\/www.facebook.com\/foodinnovatione\/","article_modified_time":"2022-06-17T09:51:15+00:00","twitter_card":"summary","twitter_site":"@foodinnovatione","twitter_misc":{"Dur\u00e9e de lecture estim\u00e9e":"7 minutes"},"schema":{"@context":"https:\/\/schema.org","@graph":[{"@type":"WebSite","@id":"https:\/\/innovatione.eu\/fr\/#website","url":"https:\/\/innovatione.eu\/fr\/","name":"Innovatione","description":"P&aacute;gina Oficial","potentialAction":[{"@type":"SearchAction","target":{"@type":"EntryPoint","urlTemplate":"https:\/\/innovatione.eu\/fr\/?s={search_term_string}"},"query-input":"required name=search_term_string"}],"inLanguage":"fr-FR"},{"@type":"WebPage","@id":"https:\/\/innovatione.eu\/fr\/securite-alimentaire\/","url":"https:\/\/innovatione.eu\/fr\/securite-alimentaire\/","name":"Conseil en HACCP et en s\u00e9curit\u00e9 alimentaire \u00e0 Murcie et Salamanque","isPartOf":{"@id":"https:\/\/innovatione.eu\/fr\/#website"},"datePublished":"2017-03-20T10:00:43+00:00","dateModified":"2022-06-17T09:51:15+00:00","description":"Nous r\u00e9alisons la mise en \u0153uvre de plans de s\u00e9curit\u00e9 alimentaire cl\u00e9s en main. Conseil en HACCP et en s\u00e9curit\u00e9 alimentaire \u00e0 Murcie et Salamanque","breadcrumb":{"@id":"https:\/\/innovatione.eu\/fr\/securite-alimentaire\/#breadcrumb"},"inLanguage":"fr-FR","potentialAction":[{"@type":"ReadAction","target":["https:\/\/innovatione.eu\/fr\/securite-alimentaire\/"]}]},{"@type":"BreadcrumbList","@id":"https:\/\/innovatione.eu\/fr\/securite-alimentaire\/#breadcrumb","itemListElement":[{"@type":"ListItem","position":1,"name":"Portada","item":"https:\/\/innovatione.eu\/fr\/"},{"@type":"ListItem","position":2,"name":"S\u00e9curit\u00e9 alimentaire"}]}]}},"_links":{"self":[{"href":"https:\/\/innovatione.eu\/fr\/wp-json\/wp\/v2\/pages\/7194"}],"collection":[{"href":"https:\/\/innovatione.eu\/fr\/wp-json\/wp\/v2\/pages"}],"about":[{"href":"https:\/\/innovatione.eu\/fr\/wp-json\/wp\/v2\/types\/page"}],"author":[{"embeddable":true,"href":"https:\/\/innovatione.eu\/fr\/wp-json\/wp\/v2\/users\/1"}],"replies":[{"embeddable":true,"href":"https:\/\/innovatione.eu\/fr\/wp-json\/wp\/v2\/comments?post=7194"}],"version-history":[{"count":0,"href":"https:\/\/innovatione.eu\/fr\/wp-json\/wp\/v2\/pages\/7194\/revisions"}],"wp:attachment":[{"href":"https:\/\/innovatione.eu\/fr\/wp-json\/wp\/v2\/media?parent=7194"}],"curies":[{"name":"wp","href":"https:\/\/api.w.org\/{rel}","templated":true}]}}