{"id":7190,"date":"2017-11-27T18:21:49","date_gmt":"2017-11-27T17:21:49","guid":{"rendered":"https:\/\/innovatione.eu\/politique-de-confidentialite\/"},"modified":"2022-07-12T08:21:03","modified_gmt":"2022-07-12T07:21:03","slug":"politique-de-confidentialite","status":"publish","type":"page","link":"https:\/\/innovatione.eu\/fr\/politique-de-confidentialite\/","title":{"rendered":"Politique de confidentialit\u00e9"},"content":{"rendered":"<div class=\"wpb-content-wrapper\">[vc_row][vc_column][vc_empty_space height=\u00a0\u00bb140px\u00a0\u00bb][vc_column_text]Innovatione informe ensuite de sa politique de confidentialit\u00e9 appliqu\u00e9e aux donn\u00e9es personnelles. De cette fa\u00e7on, toutes les donn\u00e9es personnelles sous sa responsabilit\u00e9 seront trait\u00e9es conform\u00e9ment \u00e0 la loi 15\/1999, 13 D\u00e9cembre, la protection des donn\u00e9es personnelles et sera conserv\u00e9 avec les mesures de s\u00e9curit\u00e9 appropri\u00e9es et la confidentialit\u00e9 de la m\u00eame.<\/p>\n<p>La visite du site n&rsquo;implique pas que l&rsquo;utilisateur doive fournir des informations concernant son identit\u00e9, et ne peut \u00eatre associ\u00e9e \u00e0 un utilisateur sp\u00e9cifique par la soci\u00e9t\u00e9. Dans le cas o\u00f9 des donn\u00e9es personnelles sont fournies, ces donn\u00e9es seront collect\u00e9es et utilis\u00e9es conform\u00e9ment aux limitations et aux droits \u00e9nonc\u00e9s dans les r\u00e8glements de protection des donn\u00e9es susmentionn\u00e9s.<\/p>\n<p>Les utilisateurs qui fournissent des donn\u00e9es personnelles donnent leur consentement clair, exact et sans \u00e9quivoque \u00e0 ces conditions.<\/p>\n<p><strong>1. collecte des donn\u00e9es<\/strong><\/p>\n<p>La collecte des donn\u00e9es personnelles sera effectu\u00e9e \u00e0 travers les formulaires publi\u00e9s sur le Web et les courriers \u00e9lectroniques que les utilisateurs peuvent envoyer \u00e0 Innovatione, qui seront inclus dans un fichier automatis\u00e9.<\/p>\n<p>Les fichiers appartenant \u00e0 Innovatione sont inscrits au registre g\u00e9n\u00e9ral de l&rsquo;Agence espagnole de protection des donn\u00e9es, auquel l&rsquo;utilisateur ou le visiteur peut acc\u00e9der pour v\u00e9rifier l&rsquo;\u00e9tat de ceux-ci.<\/p>\n<p>Innovatione conservera vos donn\u00e9es une fois la relation avec l&rsquo;utilisateur termin\u00e9e afin de se conformer aux obligations l\u00e9gales n\u00e9cessaires. A son tour, il proc\u00e9dera \u00e0 l&rsquo;effacement des donn\u00e9es collect\u00e9es lorsqu&rsquo;elles ne sont plus n\u00e9cessaires \u00e0 la finalit\u00e9 pour laquelle elles ont \u00e9t\u00e9 collect\u00e9es.<\/p>\n<p><strong>2. la s\u00e9curit\u00e9 de l&rsquo;informatio<\/strong><\/p>\n<p>Innovatione a d\u00e9velopp\u00e9 tous les syst\u00e8mes et les mesures techniques et organisationnelles \u00e0 sa disposition, pr\u00e9vus par la r\u00e9glementation sur la protection des donn\u00e9es personnelles pour \u00e9viter la perte, la mauvaise utilisation, l&rsquo;alt\u00e9ration, l&rsquo;acc\u00e8s non autoris\u00e9 et le vol des donn\u00e9es personnelles fournies par l&rsquo;utilisateur ou le visiteur.<\/p>\n<p>Toutefois, l&rsquo;utilisateur ou le visiteur doit \u00eatre conscient que les mesures de s\u00e9curit\u00e9 sur Internet ne sont pas inexpugnables.<\/p>\n<p><strong>3. Confidentialit\u00e9 et secret professionnel<\/strong><\/p>\n<p>Les communications priv\u00e9es qui peuvent avoir lieu entre le personnel d&rsquo;Innovatione et les utilisateurs ou les visiteurs seront consid\u00e9r\u00e9es comme confidentielles. L&rsquo;acc\u00e8s \u00e0 ces informations est limit\u00e9 par des outils technologiques et des contr\u00f4les internes stricts.<\/p>\n<p><strong>4. Liens vers d&rsquo;autres sites web<\/strong><\/p>\n<p>Ce site web peut contenir des liens vers d&rsquo;autres sites web. Innovatione n&rsquo;a aucun contr\u00f4le sur les politiques ou mesures de protection des donn\u00e9es d&rsquo;autres sites web et n&rsquo;en est pas responsable.<\/p>\n<p><strong>5. Droits des utilisateurs<\/strong><\/p>\n<p>L&rsquo;utilisateur pourra exercer, \u00e0 l&rsquo;\u00e9gard des donn\u00e9es recueillies de la mani\u00e8re pr\u00e9vue, les droits reconnus par la loi 15\/1999 du 13 d\u00e9cembre sur la protection des donn\u00e9es \u00e0 caract\u00e8re personnel et notamment les droits d&rsquo;acc\u00e8s, de rectification ou de suppression des donn\u00e9es et d&rsquo;opposition.<\/p>\n<p>Vous pouvez exercer vos droits en envoyant une demande par courrier ordinaire, sign\u00e9e et accompagn\u00e9e d&rsquo;une photocopie de votre pi\u00e8ce d&rsquo;identit\u00e9, \u00e0 l&rsquo;adresse du si\u00e8ge d&rsquo;Innovatione.<\/p>\n<p>Innovatione informe que les donn\u00e9es personnelles collect\u00e9es, lorsqu&rsquo;elles ne sont plus n\u00e9cessaires ou pertinentes pour la finalit\u00e9 pour laquelle elles ont \u00e9t\u00e9 collect\u00e9es, seront annul\u00e9es conform\u00e9ment \u00e0 la r\u00e9glementation sur la protection des donn\u00e9es personnelles.<\/p>\n<p><strong>6. Utilisation des cookies<\/strong><\/p>\n<p>Ce site web peut faire usage de \u00ab\u00a0cookies\u00a0\u00bb, de petits fichiers de donn\u00e9es qui sont g\u00e9n\u00e9r\u00e9s dans l&rsquo;ordinateur de l&rsquo;utilisateur et qui permettent \u00e0 Innovatione d&rsquo;obtenir les informations suivantes de la part des utilisateurs :<\/p>\n<p>Google Analytics :<\/p>\n<p>Ce site Web peut utiliser Google Analytics, un service d&rsquo;analyse Web fourni par Google Inc. Les informations g\u00e9n\u00e9r\u00e9es par les cookies concernant votre utilisation du site Web (y compris votre adresse IP) sont transmises \u00e0 un serveur de Google aux \u00c9tats-Unis et y sont stock\u00e9es. Google utilisera ces informations pour notre compte dans le but d&rsquo;\u00e9valuer votre utilisation du site, de compiler des rapports sur l&rsquo;activit\u00e9 du site \u00e0 l&rsquo;intention de son exploitant et de fournir d&rsquo;autres services li\u00e9s \u00e0 l&rsquo;activit\u00e9 du site et \u00e0 l&rsquo;utilisation d&rsquo;Internet. Google peut \u00e9galement transmettre ces informations \u00e0 des tiers si la loi l&rsquo;exige ou si ces tiers traitent ces informations pour le compte de Google. Google n&rsquo;associera pas votre adresse IP \u00e0 d&rsquo;autres donn\u00e9es d\u00e9tenues par Google. Vous pouvez refuser l&rsquo;utilisation de cookies en s\u00e9lectionnant les param\u00e8tres appropri\u00e9s de votre navigateur, mais veuillez noter que si vous faites cela, vous ne pourrez peut-\u00eatre pas utiliser toutes les fonctionnalit\u00e9s de ce site web. En utilisant ce site Web, vous consentez au traitement des donn\u00e9es vous concernant par Google de la mani\u00e8re et aux fins d\u00e9crites ci-dessus.<\/p>\n<p><strong>Google Maps :<\/strong><\/p>\n<p>Ce site web peut faire appel \u00e0 Google Maps pour afficher des emplacements g\u00e9ographiques (nos bureaux). Son utilisation implique l&rsquo;envoi de deux cookies (PREF et NID) enti\u00e8rement g\u00e9r\u00e9s par Google.[\/vc_column_text][\/vc_column][\/vc_row]\n<\/div>","protected":false},"excerpt":{"rendered":"<p>[vc_row][vc_column][vc_empty_space height=\u00a0\u00bb140px\u00a0\u00bb][vc_column_text]Innovatione informe ensuite de sa politique de confidentialit\u00e9 appliqu\u00e9e aux donn\u00e9es personnelles. De cette fa\u00e7on, toutes les donn\u00e9es personnelles sous sa responsabilit\u00e9 seront trait\u00e9es conform\u00e9ment \u00e0 la loi 15\/1999, 13 D\u00e9cembre, la protection des donn\u00e9es personnelles et sera conserv\u00e9 avec les mesures de s\u00e9curit\u00e9 appropri\u00e9es et la confidentialit\u00e9 de la m\u00eame. La visite du [&hellip;]<\/p>\n","protected":false},"author":1,"featured_media":0,"parent":0,"menu_order":0,"comment_status":"closed","ping_status":"closed","template":"","meta":{"_joinchat":[]},"yoast_head":"<!-- This site is optimized with the Yoast SEO plugin v19.4 - https:\/\/yoast.com\/wordpress\/plugins\/seo\/ -->\n<title>Politique de confidentialit\u00e9 - Innovatione<\/title>\n<meta name=\"robots\" content=\"index, follow, max-snippet:-1, max-image-preview:large, max-video-preview:-1\" \/>\n<link rel=\"canonical\" href=\"https:\/\/innovatione.eu\/fr\/politique-de-confidentialite\/\" \/>\n<meta property=\"og:locale\" content=\"fr_FR\" \/>\n<meta property=\"og:type\" content=\"article\" \/>\n<meta property=\"og:title\" content=\"Politique de confidentialit\u00e9 - Innovatione\" \/>\n<meta property=\"og:description\" content=\"[vc_row][vc_column][vc_empty_space height=\u00a0\u00bb140px\u00a0\u00bb][vc_column_text]Innovatione informe ensuite de sa politique de confidentialit\u00e9 appliqu\u00e9e aux donn\u00e9es personnelles. De cette fa\u00e7on, toutes les donn\u00e9es personnelles sous sa responsabilit\u00e9 seront trait\u00e9es conform\u00e9ment \u00e0 la loi 15\/1999, 13 D\u00e9cembre, la protection des donn\u00e9es personnelles et sera conserv\u00e9 avec les mesures de s\u00e9curit\u00e9 appropri\u00e9es et la confidentialit\u00e9 de la m\u00eame. La visite du [&hellip;]\" \/>\n<meta property=\"og:url\" content=\"https:\/\/innovatione.eu\/fr\/politique-de-confidentialite\/\" \/>\n<meta property=\"og:site_name\" content=\"Innovatione\" \/>\n<meta property=\"article:publisher\" content=\"https:\/\/www.facebook.com\/foodinnovatione\/\" \/>\n<meta property=\"article:modified_time\" content=\"2022-07-12T07:21:03+00:00\" \/>\n<meta name=\"twitter:card\" content=\"summary\" \/>\n<meta name=\"twitter:site\" content=\"@foodinnovatione\" \/>\n<meta name=\"twitter:label1\" content=\"Dur\u00e9e de lecture estim\u00e9e\" \/>\n\t<meta name=\"twitter:data1\" content=\"4 minutes\" \/>\n<script type=\"application\/ld+json\" class=\"yoast-schema-graph\">{\"@context\":\"https:\/\/schema.org\",\"@graph\":[{\"@type\":\"WebSite\",\"@id\":\"https:\/\/innovatione.eu\/fr\/#website\",\"url\":\"https:\/\/innovatione.eu\/fr\/\",\"name\":\"Innovatione\",\"description\":\"P&aacute;gina Oficial\",\"potentialAction\":[{\"@type\":\"SearchAction\",\"target\":{\"@type\":\"EntryPoint\",\"urlTemplate\":\"https:\/\/innovatione.eu\/fr\/?s={search_term_string}\"},\"query-input\":\"required name=search_term_string\"}],\"inLanguage\":\"fr-FR\"},{\"@type\":\"WebPage\",\"@id\":\"https:\/\/innovatione.eu\/fr\/politique-de-confidentialite\/\",\"url\":\"https:\/\/innovatione.eu\/fr\/politique-de-confidentialite\/\",\"name\":\"Politique de confidentialit\u00e9 - Innovatione\",\"isPartOf\":{\"@id\":\"https:\/\/innovatione.eu\/fr\/#website\"},\"datePublished\":\"2017-11-27T17:21:49+00:00\",\"dateModified\":\"2022-07-12T07:21:03+00:00\",\"breadcrumb\":{\"@id\":\"https:\/\/innovatione.eu\/fr\/politique-de-confidentialite\/#breadcrumb\"},\"inLanguage\":\"fr-FR\",\"potentialAction\":[{\"@type\":\"ReadAction\",\"target\":[\"https:\/\/innovatione.eu\/fr\/politique-de-confidentialite\/\"]}]},{\"@type\":\"BreadcrumbList\",\"@id\":\"https:\/\/innovatione.eu\/fr\/politique-de-confidentialite\/#breadcrumb\",\"itemListElement\":[{\"@type\":\"ListItem\",\"position\":1,\"name\":\"Portada\",\"item\":\"https:\/\/innovatione.eu\/fr\/\"},{\"@type\":\"ListItem\",\"position\":2,\"name\":\"Politique de confidentialit\u00e9\"}]}]}<\/script>\n<!-- \/ Yoast SEO plugin. -->","yoast_head_json":{"title":"Politique de confidentialit\u00e9 - Innovatione","robots":{"index":"index","follow":"follow","max-snippet":"max-snippet:-1","max-image-preview":"max-image-preview:large","max-video-preview":"max-video-preview:-1"},"canonical":"https:\/\/innovatione.eu\/fr\/politique-de-confidentialite\/","og_locale":"fr_FR","og_type":"article","og_title":"Politique de confidentialit\u00e9 - Innovatione","og_description":"[vc_row][vc_column][vc_empty_space height=\u00a0\u00bb140px\u00a0\u00bb][vc_column_text]Innovatione informe ensuite de sa politique de confidentialit\u00e9 appliqu\u00e9e aux donn\u00e9es personnelles. De cette fa\u00e7on, toutes les donn\u00e9es personnelles sous sa responsabilit\u00e9 seront trait\u00e9es conform\u00e9ment \u00e0 la loi 15\/1999, 13 D\u00e9cembre, la protection des donn\u00e9es personnelles et sera conserv\u00e9 avec les mesures de s\u00e9curit\u00e9 appropri\u00e9es et la confidentialit\u00e9 de la m\u00eame. La visite du [&hellip;]","og_url":"https:\/\/innovatione.eu\/fr\/politique-de-confidentialite\/","og_site_name":"Innovatione","article_publisher":"https:\/\/www.facebook.com\/foodinnovatione\/","article_modified_time":"2022-07-12T07:21:03+00:00","twitter_card":"summary","twitter_site":"@foodinnovatione","twitter_misc":{"Dur\u00e9e de lecture estim\u00e9e":"4 minutes"},"schema":{"@context":"https:\/\/schema.org","@graph":[{"@type":"WebSite","@id":"https:\/\/innovatione.eu\/fr\/#website","url":"https:\/\/innovatione.eu\/fr\/","name":"Innovatione","description":"P&aacute;gina Oficial","potentialAction":[{"@type":"SearchAction","target":{"@type":"EntryPoint","urlTemplate":"https:\/\/innovatione.eu\/fr\/?s={search_term_string}"},"query-input":"required name=search_term_string"}],"inLanguage":"fr-FR"},{"@type":"WebPage","@id":"https:\/\/innovatione.eu\/fr\/politique-de-confidentialite\/","url":"https:\/\/innovatione.eu\/fr\/politique-de-confidentialite\/","name":"Politique de confidentialit\u00e9 - Innovatione","isPartOf":{"@id":"https:\/\/innovatione.eu\/fr\/#website"},"datePublished":"2017-11-27T17:21:49+00:00","dateModified":"2022-07-12T07:21:03+00:00","breadcrumb":{"@id":"https:\/\/innovatione.eu\/fr\/politique-de-confidentialite\/#breadcrumb"},"inLanguage":"fr-FR","potentialAction":[{"@type":"ReadAction","target":["https:\/\/innovatione.eu\/fr\/politique-de-confidentialite\/"]}]},{"@type":"BreadcrumbList","@id":"https:\/\/innovatione.eu\/fr\/politique-de-confidentialite\/#breadcrumb","itemListElement":[{"@type":"ListItem","position":1,"name":"Portada","item":"https:\/\/innovatione.eu\/fr\/"},{"@type":"ListItem","position":2,"name":"Politique de confidentialit\u00e9"}]}]}},"_links":{"self":[{"href":"https:\/\/innovatione.eu\/fr\/wp-json\/wp\/v2\/pages\/7190"}],"collection":[{"href":"https:\/\/innovatione.eu\/fr\/wp-json\/wp\/v2\/pages"}],"about":[{"href":"https:\/\/innovatione.eu\/fr\/wp-json\/wp\/v2\/types\/page"}],"author":[{"embeddable":true,"href":"https:\/\/innovatione.eu\/fr\/wp-json\/wp\/v2\/users\/1"}],"replies":[{"embeddable":true,"href":"https:\/\/innovatione.eu\/fr\/wp-json\/wp\/v2\/comments?post=7190"}],"version-history":[{"count":0,"href":"https:\/\/innovatione.eu\/fr\/wp-json\/wp\/v2\/pages\/7190\/revisions"}],"wp:attachment":[{"href":"https:\/\/innovatione.eu\/fr\/wp-json\/wp\/v2\/media?parent=7190"}],"curies":[{"name":"wp","href":"https:\/\/api.w.org\/{rel}","templated":true}]}}