{"id":7187,"date":"2017-03-15T06:38:58","date_gmt":"2017-03-15T05:38:58","guid":{"rendered":"https:\/\/innovatione.eu\/page-daccueil\/"},"modified":"2022-07-11T19:29:44","modified_gmt":"2022-07-11T18:29:44","slug":"page-daccueil","status":"publish","type":"page","link":"https:\/\/innovatione.eu\/fr\/","title":{"rendered":"Page d&rsquo;accueil"},"content":{"rendered":"<div class=\"wpb-content-wrapper\">[vc_row fullwidth=\u00a0\u00bbtrue\u00a0\u00bb css=\u00a0\u00bb.vc_custom_1543321191906{padding-top: 0px !important;padding-right: 0px !important;padding-bottom: 0px !important;padding-left: 0px !important;}\u00a0\u00bb][vc_column visibility=\u00a0\u00bbhidden-sm\u00a0\u00bb][mk_page_title_box page_title=\u00a0\u00bbTECHNOLOGIE, INNOVATION ET CR\u00c9ATIVIT\u00c9 APPLIQU\u00c9ES AU SECTEUR AGRICOLE ET ALIMENTAIRE\u00a0\u00bb section_height=\u00a0\u00bb700&Prime; bg_image=\u00a0\u00bbhttps:\/\/innovatione.eu\/wp-content\/uploads\/2017\/03\/canola-fields-1911392-min-e1582898547917.jpg\u00a0\u00bb bg_position=\u00a0\u00bbcenter top\u00a0\u00bb bg_stretch=\u00a0\u00bbtrue\u00a0\u00bb bg_effects=\u00a0\u00bbparallax\u00a0\u00bb font_size=\u00a0\u00bb60&Prime; font_color=\u00a0\u00bb#ffffff\u00a0\u00bb sub_font_color=\u00a0\u00bb#ffffff\u00a0\u00bb][mk_divider style=\u00a0\u00bbthin_solid\u00a0\u00bb thickness=\u00a0\u00bb3&Prime; margin_top=\u00a0\u00bb0&Prime; margin_bottom=\u00a0\u00bb0&Prime;][mk_padding_divider size=\u00a0\u00bb80&Prime;][\/vc_column][\/vc_row][vc_row][vc_column][mk_fancy_title tag_name=\u00a0\u00bbh3&Prime; color=\u00a0\u00bb#00afec\u00a0\u00bb size=\u00a0\u00bb26&Prime; font_weight=\u00a0\u00bbbold\u00a0\u00bb txt_transform=\u00a0\u00bbuppercase\u00a0\u00bb letter_spacing=\u00a0\u00bb2&Prime; font_family=\u00a0\u00bbnone\u00a0\u00bb align=\u00a0\u00bbcenter\u00a0\u00bb]BIENVENUE DANS LE MONDE DE L&rsquo;INNOVATION AGROALIMENTAIRE[\/mk_fancy_title][mk_fancy_title tag_name=\u00a0\u00bbh3&Prime; color=\u00a0\u00bb#6b6b6b\u00a0\u00bb size=\u00a0\u00bb16&Prime; txt_transform=\u00a0\u00bbuppercase\u00a0\u00bb letter_spacing=\u00a0\u00bb1&Prime; font_family=\u00a0\u00bbnone\u00a0\u00bb align=\u00a0\u00bbcenter\u00a0\u00bb]Technologie, innovation et cr\u00e9ativit\u00e9[\/mk_fancy_title][mk_padding_divider][\/vc_column][\/vc_row][vc_row][vc_column][mk_imagebox show_as=\u00a0\u00bbcolumn\u00a0\u00bb][mk_imagebox_item item_image=\u00a0\u00bbhttps:\/\/innovatione.eu\/wp-content\/uploads\/2017\/03\/nave-agricola-en-aguilar-de-campos_268139-e1526728742970.jpg\u00a0\u00bb image_padding=\u00a0\u00bbfalse\u00a0\u00bb background_color=\u00a0\u00bb#fafafa\u00a0\u00bb item_title=\u00a0\u00bbPROJETS D&rsquo;ING\u00c9NIERIE AGRICOLE ET D&rsquo;\u00c9LEVAGE\u00a0\u00bb title_font_weight=\u00a0\u00bbbold\u00a0\u00bb title_color=\u00a0\u00bb#00afec\u00a0\u00bb text_color=\u00a0\u00bb#999999&Prime; btn_text=\u00a0\u00bbVOIR PLUS\u00a0\u00bb btn_url=\u00a0\u00bb\/proyectos\u00a0\u00bb btn_background_color=\u00a0\u00bb#e3e3e3&Prime; btn_text_color=\u00a0\u00bb#ffffff\u00a0\u00bb btn_hover_background_color=\u00a0\u00bb#00afec\u00a0\u00bb]Nous concevons et construisons des b\u00e2timents industriels, ruraux et agro-industriels adapt\u00e9s \u00e0 vos besoins, y compris la gestion du site.[\/mk_imagebox_item][mk_imagebox_item item_image=\u00a0\u00bbhttps:\/\/innovatione.eu\/wp-content\/uploads\/2017\/03\/henry-be-98915-1-e1557763080902.jpg\u00a0\u00bb image_padding=\u00a0\u00bbfalse\u00a0\u00bb background_color=\u00a0\u00bb#fafafa\u00a0\u00bb item_title=\u00a0\u00bbL&rsquo;INNOVATION APPLIQU\u00c9E AU SECTEUR AGRICOLE\u00a0\u00bb title_font_weight=\u00a0\u00bbbold\u00a0\u00bb title_color=\u00a0\u00bb#00afec\u00a0\u00bb text_color=\u00a0\u00bb#999999&Prime; btn_text=\u00a0\u00bbVOIR PLUS\u00a0\u00bb btn_url=\u00a0\u00bbwww.innovatione.eu\/que-hacemos-agro\u00a0\u00bb btn_background_color=\u00a0\u00bb#e3e3e3&Prime; btn_text_color=\u00a0\u00bb#ffffff\u00a0\u00bb btn_hover_background_color=\u00a0\u00bb#00afec\u00a0\u00bb]Nous vous aidons \u00e0 mieux faire ce que vous savez d\u00e9j\u00e0 faire. Nous garantissons une augmentation de la production de votre entreprise en appliquant nos m\u00e9thodes.[\/mk_imagebox_item][mk_imagebox_item item_image=\u00a0\u00bbhttps:\/\/innovatione.eu\/wp-content\/uploads\/2017\/03\/image1fggff-e1517692193564.png\u00a0\u00bb image_padding=\u00a0\u00bbfalse\u00a0\u00bb background_color=\u00a0\u00bb#fafafa\u00a0\u00bb item_title=\u00a0\u00bbL&rsquo;INNOVATION APPLIQU\u00c9E AU SECTEUR ALIMENTAIRE\u00a0\u00bb title_font_weight=\u00a0\u00bbbold\u00a0\u00bb title_color=\u00a0\u00bb#00afec\u00a0\u00bb text_color=\u00a0\u00bb#999999&Prime; btn_text=\u00a0\u00bbVOIR PLUS\u00a0\u00bb btn_url=\u00a0\u00bbwww.innovatione.es\/que-hacemos-food\u00a0\u00bb btn_background_color=\u00a0\u00bb#e3e3e3&Prime; btn_text_color=\u00a0\u00bb#ffffff\u00a0\u00bb btn_hover_background_color=\u00a0\u00bb#00afec\u00a0\u00bb]Nous g\u00e9rons la s\u00e9curit\u00e9 alimentaire de votre entreprise et vous aidons \u00e0 vous diff\u00e9rencier de vos concurrents en donnant une valeur ajout\u00e9e \u00e0 vos produits.[\/mk_imagebox_item][\/mk_imagebox][mk_padding_divider size=\u00a0\u00bb70&Prime;][\/vc_column][\/vc_row][mk_page_section bg_image=\u00a0\u00bbhttps:\/\/innovatione.eu\/wp-content\/uploads\/2017\/03\/milestone-bg-full-1.jpg\u00a0\u00bb attachment=\u00a0\u00bbfixed\u00a0\u00bb bg_repeat=\u00a0\u00bbno-repeat\u00a0\u00bb bg_stretch=\u00a0\u00bbtrue\u00a0\u00bb enable_3d=\u00a0\u00bbtrue\u00a0\u00bb video_color_mask=\u00a0\u00bbrgba(0,0,0,0.15)\u00a0\u00bb padding_top=\u00a0\u00bb80&Prime; padding_bottom=\u00a0\u00bb40&Prime; sidebar=\u00a0\u00bbsidebar-1&Prime; first_page=\u00a0\u00bbfalse\u00a0\u00bb last_page=\u00a0\u00bbfalse\u00a0\u00bb][vc_column][vc_row_inner][vc_column_inner width=\u00a0\u00bb1\/4&Prime;][mk_milestone icon=\u00a0\u00bbmk-li-portfolio\u00a0\u00bb icon_size=\u00a0\u00bbmedium\u00a0\u00bb align=\u00a0\u00bbcenter\u00a0\u00bb icon_color=\u00a0\u00bb#ffffff\u00a0\u00bb stop=\u00a0\u00bb49&Prime; speed=\u00a0\u00bb180&Prime; text=\u00a0\u00bbPROJETS R\u00c9ALIS\u00c9S\u00a0\u00bb text_color=\u00a0\u00bb#333333&Prime; text_size=\u00a0\u00bb46&Prime; font_family=\u00a0\u00bbnone\u00a0\u00bb][\/vc_column_inner][vc_column_inner width=\u00a0\u00bb1\/4&Prime;][mk_milestone icon=\u00a0\u00bbmk-li-smile\u00a0\u00bb icon_size=\u00a0\u00bbmedium\u00a0\u00bb align=\u00a0\u00bbcenter\u00a0\u00bb icon_color=\u00a0\u00bb#ffffff\u00a0\u00bb stop=\u00a0\u00bb33&Prime; speed=\u00a0\u00bb936&Prime; text=\u00a0\u00bbCLIENTS\u00a0\u00bb text_color=\u00a0\u00bb#333333&Prime; text_size=\u00a0\u00bb46&Prime; font_family=\u00a0\u00bbnone\u00a0\u00bb][\/vc_column_inner][vc_column_inner width=\u00a0\u00bb1\/4&Prime;][mk_milestone icon=\u00a0\u00bbmk-moon-clock-5&Prime; icon_size=\u00a0\u00bbmedium\u00a0\u00bb align=\u00a0\u00bbcenter\u00a0\u00bb icon_color=\u00a0\u00bb#ffffff\u00a0\u00bb stop=\u00a0\u00bb11359&Prime; speed=\u00a0\u00bb490&Prime; text=\u00a0\u00bbHEURES TRAVAILL\u00c9ES\u00a0\u00bb text_color=\u00a0\u00bb#333333&Prime; text_size=\u00a0\u00bb46&Prime; font_family=\u00a0\u00bbnone\u00a0\u00bb][\/vc_column_inner][vc_column_inner width=\u00a0\u00bb1\/4&Prime;][mk_milestone icon=\u00a0\u00bbmk-li-cup\u00a0\u00bb icon_size=\u00a0\u00bbmedium\u00a0\u00bb align=\u00a0\u00bbcenter\u00a0\u00bb icon_color=\u00a0\u00bb#ffffff\u00a0\u00bb stop=\u00a0\u00bb11&Prime; speed=\u00a0\u00bb220&Prime; text=\u00a0\u00bbPRIX ET R\u00c9COMPENSES\u00a0\u00bb text_color=\u00a0\u00bb#333333&Prime; text_size=\u00a0\u00bb46&Prime; font_family=\u00a0\u00bbnone\u00a0\u00bb][\/vc_column_inner][\/vc_row_inner][\/vc_column][\/mk_page_section][vc_row][vc_column][mk_padding_divider size=\u00a0\u00bb80&Prime;][mk_fancy_title tag_name=\u00a0\u00bbh3&Prime; color=\u00a0\u00bb#00afec\u00a0\u00bb size=\u00a0\u00bb26&Prime; font_weight=\u00a0\u00bbbold\u00a0\u00bb txt_transform=\u00a0\u00bbuppercase\u00a0\u00bb letter_spacing=\u00a0\u00bb2&Prime; font_family=\u00a0\u00bbnone\u00a0\u00bb align=\u00a0\u00bbcenter\u00a0\u00bb]CE QUI NOUS DISTINGUE[\/mk_fancy_title][mk_fancy_title tag_name=\u00a0\u00bbh3&Prime; color=\u00a0\u00bb#6b6b6b\u00a0\u00bb size=\u00a0\u00bb16&Prime; txt_transform=\u00a0\u00bbuppercase\u00a0\u00bb letter_spacing=\u00a0\u00bb1&Prime; font_family=\u00a0\u00bbnone\u00a0\u00bb align=\u00a0\u00bbcenter\u00a0\u00bb]\n<p>Nous garantissons des r\u00e9sultats positifs. Nous sommes tellement s\u00fbrs de notre succ\u00e8s que si vous n&rsquo;\u00eates pas satisfait de notre service, nous vous remboursons votre argent.<\/p>\n[\/mk_fancy_title][mk_padding_divider size=\u00a0\u00bb50&Prime;][\/vc_column][\/vc_row][mk_page_section bg_image=\u00a0\u00bbhttps:\/\/innovatione.eu\/wp-content\/uploads\/2017\/03\/testimonial-bg-full1.jpg\u00a0\u00bb attachment=\u00a0\u00bbfixed\u00a0\u00bb bg_repeat=\u00a0\u00bbno-repeat\u00a0\u00bb bg_stretch=\u00a0\u00bbtrue\u00a0\u00bb enable_3d=\u00a0\u00bbtrue\u00a0\u00bb video_color_mask=\u00a0\u00bbrgba(0,0,0,0.26)\u00a0\u00bb padding_top=\u00a0\u00bb90&Prime; padding_bottom=\u00a0\u00bb40&Prime; sidebar=\u00a0\u00bbsidebar-1&Prime; first_page=\u00a0\u00bbfalse\u00a0\u00bb last_page=\u00a0\u00bbfalse\u00a0\u00bb][vc_column width=\u00a0\u00bb1\/6&Prime;][\/vc_column][vc_column width=\u00a0\u00bb2\/3&Prime;][mk_testimonials style=\u00a0\u00bbsimple\u00a0\u00bb skin=\u00a0\u00bblight\u00a0\u00bb animation_speed=\u00a0\u00bb1153&Prime; slideshow_speed=\u00a0\u00bb4000&Prime; categories=\u00a0\u00bbrecomendaciones\u00a0\u00bb][\/vc_column][vc_column width=\u00a0\u00bb1\/6&Prime;][\/vc_column][\/mk_page_section][mk_page_section bg_color=\u00a0\u00bb#00afec\u00a0\u00bb min_height=\u00a0\u00bb0&Prime; padding_top=\u00a0\u00bb50&Prime; padding_bottom=\u00a0\u00bb40&Prime; sidebar=\u00a0\u00bbsidebar-1&Prime; first_page=\u00a0\u00bbfalse\u00a0\u00bb last_page=\u00a0\u00bbfalse\u00a0\u00bb][vc_column width=\u00a0\u00bb2\/3&Prime;][mk_fancy_title color=\u00a0\u00bb#ffffff\u00a0\u00bb size=\u00a0\u00bb30&Prime; font_style=\u00a0\u00bbnormal\u00a0\u00bb margin_top=\u00a0\u00bb13&Prime; margin_bottom=\u00a0\u00bb18&Prime; font_family=\u00a0\u00bbnone\u00a0\u00bb]Nous garantissons des r\u00e9sultats positifs. Nous sommes tellement s\u00fbrs de notre succ\u00e8s que si vous n&rsquo;\u00eates pas satisfait Garantizamos resultados positivos. Estamos tan seguros de nuestro \u00e9xito que en caso de que no quede satisfecho con nuestro servicio, le devolvemos su dinero. notre service, nous vous remboursons votre argent.[\/mk_fancy_title][\/vc_column][vc_column width=\u00a0\u00bb1\/3&Prime;][mk_button dimension=\u00a0\u00bbflat\u00a0\u00bb corner_style=\u00a0\u00bbrounded\u00a0\u00bb size=\u00a0\u00bblarge\u00a0\u00bb url=\u00a0\u00bbwww.innovatione.eu\/contacto\u00a0\u00bb bg_color=\u00a0\u00bbrgba(255,255,255,0.3)\u00a0\u00bb btn_hover_bg=\u00a0\u00bb#ffffff\u00a0\u00bb btn_hover_txt_color=\u00a0\u00bb#50c9f3&Prime;]NOUS CONTACTER[\/mk_button][\/vc_column][\/mk_page_section][vc_row][vc_column][mk_padding_divider][mk_fancy_title color=\u00a0\u00bb#00afec\u00a0\u00bb size=\u00a0\u00bb26&Prime; font_weight=\u00a0\u00bbbold\u00a0\u00bb txt_transform=\u00a0\u00bbuppercase\u00a0\u00bb letter_spacing=\u00a0\u00bb2&Prime; font_family=\u00a0\u00bbnone\u00a0\u00bb align=\u00a0\u00bbcenter\u00a0\u00bb]CERTAINS DE NOS PARTENAIRES ET CLIENTS[\/mk_fancy_title][vc_images_carousel images=\u00a0\u00bb4988,4985,4984,4982,4817,4792,4788,4787,4785,4783,4782,4180,8,4991,4915,6056&Prime; img_size=\u00a0\u00bbfull\u00a0\u00bb onclick=\u00a0\u00bbcustom_link\u00a0\u00bb custom_links_target=\u00a0\u00bb_blank\u00a0\u00bb speed=\u00a0\u00bb2000&Prime; slides_per_view=\u00a0\u00bb4&Prime; autoplay=\u00a0\u00bbyes\u00a0\u00bb hide_pagination_control=\u00a0\u00bbyes\u00a0\u00bb wrap=\u00a0\u00bbyes\u00a0\u00bb custom_links=\u00a0\u00bb#E-8_aHR0cHMlM0ElMkYlMkZ3d3cudXNhbC5lcyUyQ2h0dHAlM0ElMkYlMkZ3d3cucmVkZWZpbmUuZXMlMkNodHRwcyUzQSUyRiUyRnd3dy5oZW1hdi5jb20lMkNodHRwcyUzQSUyRiUyRnd3dy5leHBvcnRtaW5kLmVzJTJDaHR0cHMlM0ElMkYlMkZ3d3cuY3J1enJvamEuZXMlMkMlMkMlMkMlMkNodHRwJTNBJTJGJTJGd3d3Lm5vZXNpc2Zvcm1hY2lvbi5jb20lMkYlMkMlMkMlMkNodHRwcyUzQSUyRiUyRnd3dy5jb2lhY2xjLmVzJTJDJTJDaHR0cHMlM0ElMkYlMkZ3d3cudW0uZXMlMkNodHRwJTNBJTJGJTJGd3d3LmNvaWFtLmVzJTJDaHR0cHMlM0ElMkYlMkZ3d3d3LmRyb25pYWwuZXMlMkMlMkM=\u00a0\u00bb][mk_fancy_title color=\u00a0\u00bb#000000&Prime; size=\u00a0\u00bb22&Prime; font_weight=\u00a0\u00bb400&Prime; txt_transform=\u00a0\u00bbuppercase\u00a0\u00bb letter_spacing=\u00a0\u00bb1&Prime; font_family=\u00a0\u00bbnone\u00a0\u00bb align=\u00a0\u00bbcenter\u00a0\u00bb]Nous sommes impatients de vous rencontrer.[\/mk_fancy_title][mk_padding_divider][\/vc_column][\/vc_row][vc_row][vc_column width=\u00a0\u00bb1\/3&Prime;][mk_icon_box icon=\u00a0\u00bbmk-li-rocket\u00a0\u00bb title=\u00a0\u00bbCREATIVITE\u00a0\u00bb text_size=\u00a0\u00bb20&Prime; font_weight=\u00a0\u00bbbold\u00a0\u00bb style=\u00a0\u00bbsimple_ultimate\u00a0\u00bb title_color=\u00a0\u00bb#333333&Prime; txt_color=\u00a0\u00bb#a8a8a8&Prime; box_blur=\u00a0\u00bbfalse\u00a0\u00bb]Nous sommes conscients de la difficult\u00e9 d&rsquo;obtenir un produit parfait, malgr\u00e9 cela, notre exigence est maximale, vos produits doivent avoir une harmonie parfaite entre technique et cr\u00e9ativit\u00e9 et nous ne nous arr\u00eatons pas avant d&rsquo;y \u00eatre parvenus.[\/mk_icon_box][\/vc_column][vc_column width=\u00a0\u00bb1\/3&Prime;][mk_icon_box icon=\u00a0\u00bbmk-li-users\u00a0\u00bb title=\u00a0\u00bb\u00c9QUIPE PLURIDISCIPLINAIRE\u00a0\u00bb text_size=\u00a0\u00bb20&Prime; font_weight=\u00a0\u00bbbold\u00a0\u00bb style=\u00a0\u00bbsimple_ultimate\u00a0\u00bb title_color=\u00a0\u00bb#333333&Prime; txt_color=\u00a0\u00bb#a8a8a8&Prime; box_blur=\u00a0\u00bbfalse\u00a0\u00bb]Une grande \u00e9quipe est toujours le point de d\u00e9part de toute grande histoire, nous le savons et c&rsquo;est pourquoi nous avons la meilleure \u00e9quipe possible de cr\u00e9atifs, d&rsquo;ing\u00e9nieurs et de sp\u00e9cialistes de l&rsquo;alimentation.[\/mk_icon_box][\/vc_column][vc_column width=\u00a0\u00bb1\/3&Prime;][mk_icon_box icon=\u00a0\u00bbmk-li-like\u00a0\u00bb title=\u00a0\u00bbTRAITEMENT EXQUIS\u00a0\u00bb text_size=\u00a0\u00bb20&Prime; font_weight=\u00a0\u00bbbold\u00a0\u00bb style=\u00a0\u00bbsimple_ultimate\u00a0\u00bb title_color=\u00a0\u00bb#333333&Prime; txt_color=\u00a0\u00bb#a8a8a8&Prime; box_blur=\u00a0\u00bbfalse\u00a0\u00bb]Nous tenons \u00e0 ce que nos clients soient satisfaits de notre travail, car un client satisfait est le meilleur moyen de savoir que nous faisons bien les choses.[\/mk_icon_box][\/vc_column][\/vc_row][vc_row][vc_column][mk_padding_divider][\/vc_column][\/vc_row][vc_row][vc_column width=\u00a0\u00bb1\/3&Prime;][mk_icon_box icon=\u00a0\u00bbmk-icon-book\u00a0\u00bb title=\u00a0\u00bb\u00caTRE \u00c0 JOUR AUTANT QUE POSSIBLE\u00a0\u00bb text_size=\u00a0\u00bb20&Prime; font_weight=\u00a0\u00bbbold\u00a0\u00bb style=\u00a0\u00bbsimple_ultimate\u00a0\u00bb title_color=\u00a0\u00bb#333333&Prime; txt_color=\u00a0\u00bb#a8a8a8&Prime; box_blur=\u00a0\u00bbfalse\u00a0\u00bb]Nous recherchons l&rsquo;excellence dans tous les domaines. Il est donc essentiel de se tenir au courant des nouvelles technologies et des d\u00e9couvertes afin de vous fournir le meilleur service possible.[\/mk_icon_box][\/vc_column][vc_column width=\u00a0\u00bb1\/3&Prime;][mk_icon_box icon=\u00a0\u00bbmk-moon-stats-up\u00a0\u00bb title=\u00a0\u00bbENGAG\u00c9S DANS VOTRE CAUSE\u00a0\u00bb text_size=\u00a0\u00bb20&Prime; font_weight=\u00a0\u00bbbold\u00a0\u00bb style=\u00a0\u00bbsimple_ultimate\u00a0\u00bb title_color=\u00a0\u00bb#333333&Prime; txt_color=\u00a0\u00bb#a8a8a8&Prime; box_blur=\u00a0\u00bbfalse\u00a0\u00bb]\u00caTRE \u00c0 JOUR AUTANT QUE POSSIBLE[\/mk_icon_box][\/vc_column][vc_column width=\u00a0\u00bb1\/3&Prime;][mk_icon_box title=\u00a0\u00bbLA PASSION POUR CE QUE NOUS FAISONS\u00a0\u00bb text_size=\u00a0\u00bb20&Prime; font_weight=\u00a0\u00bbbold\u00a0\u00bb style=\u00a0\u00bbsimple_ultimate\u00a0\u00bb title_color=\u00a0\u00bb#333333&Prime; txt_color=\u00a0\u00bb#a8a8a8&Prime; box_blur=\u00a0\u00bbfalse\u00a0\u00bb]Nous aimons ce que nous faisons et cela se voit dans les r\u00e9sultats. Chaque d\u00e9tail est important, notre objectif est d&rsquo;atteindre la plus grande perfection possible dans chaque \u00e9l\u00e9ment.[\/mk_icon_box][\/vc_column][\/vc_row][vc_row][vc_column][mk_padding_divider][\/vc_column][\/vc_row][vc_row][vc_column][mk_fancy_title tag_name=\u00a0\u00bbh3&Prime; color=\u00a0\u00bb#00afec\u00a0\u00bb size=\u00a0\u00bb26&Prime; font_weight=\u00a0\u00bbbold\u00a0\u00bb txt_transform=\u00a0\u00bbuppercase\u00a0\u00bb letter_spacing=\u00a0\u00bb2&Prime; font_family=\u00a0\u00bbnone\u00a0\u00bb align=\u00a0\u00bbcenter\u00a0\u00bb]NOTRE BLOG[\/mk_fancy_title][mk_fancy_title tag_name=\u00a0\u00bbh3&Prime; color=\u00a0\u00bb#6b6b6b\u00a0\u00bb size=\u00a0\u00bb16&Prime; txt_transform=\u00a0\u00bbuppercase\u00a0\u00bb letter_spacing=\u00a0\u00bb1&Prime; font_family=\u00a0\u00bbnone\u00a0\u00bb align=\u00a0\u00bbcenter\u00a0\u00bb]Voici quelques-unes de nos r\u00e9flexions et informations sur l&rsquo;entreprise[\/mk_fancy_title][mk_padding_divider][mk_blog style=\u00a0\u00bbgrid\u00a0\u00bb pagination=\u00a0\u00bbfalse\u00a0\u00bb count=\u00a0\u00bb3&Prime; posts=\u00a0\u00bb43, 5264, 5509, 7285, 7286, 7287&Prime; disable_lightbox=\u00a0\u00bbtrue\u00a0\u00bb item_id=\u00a0\u00bb1409775126-54077616e631f\u00a0\u00bb exclude_post_format=\u00a0\u00bb\u00a0\u00bb][mk_padding_divider size=\u00a0\u00bb130&Prime;][\/vc_column][\/vc_row]\n<\/div>","protected":false},"excerpt":{"rendered":"<p>[vc_row fullwidth=\u00a0\u00bbtrue\u00a0\u00bb css=\u00a0\u00bb.vc_custom_1543321191906{padding-top: 0px !important;padding-right: 0px !important;padding-bottom: 0px !important;padding-left: 0px !important;}\u00a0\u00bb][vc_column visibility=\u00a0\u00bbhidden-sm\u00a0\u00bb][mk_page_title_box page_title=\u00a0\u00bbTECHNOLOGIE, INNOVATION ET CR\u00c9ATIVIT\u00c9 APPLIQU\u00c9ES AU SECTEUR AGRICOLE ET ALIMENTAIRE\u00a0\u00bb section_height=\u00a0\u00bb700&Prime; bg_image=\u00a0\u00bbhttps:\/\/innovatione.eu\/wp-content\/uploads\/2017\/03\/canola-fields-1911392-min-e1582898547917.jpg\u00a0\u00bb bg_position=\u00a0\u00bbcenter top\u00a0\u00bb bg_stretch=\u00a0\u00bbtrue\u00a0\u00bb bg_effects=\u00a0\u00bbparallax\u00a0\u00bb font_size=\u00a0\u00bb60&Prime; font_color=\u00a0\u00bb#ffffff\u00a0\u00bb sub_font_color=\u00a0\u00bb#ffffff\u00a0\u00bb][mk_divider style=\u00a0\u00bbthin_solid\u00a0\u00bb thickness=\u00a0\u00bb3&Prime; margin_top=\u00a0\u00bb0&Prime; margin_bottom=\u00a0\u00bb0&Prime;][mk_padding_divider size=\u00a0\u00bb80&Prime;][\/vc_column][\/vc_row][vc_row][vc_column][mk_fancy_title tag_name=\u00a0\u00bbh3&Prime; color=\u00a0\u00bb#00afec\u00a0\u00bb size=\u00a0\u00bb26&Prime; font_weight=\u00a0\u00bbbold\u00a0\u00bb txt_transform=\u00a0\u00bbuppercase\u00a0\u00bb letter_spacing=\u00a0\u00bb2&Prime; font_family=\u00a0\u00bbnone\u00a0\u00bb align=\u00a0\u00bbcenter\u00a0\u00bb]BIENVENUE DANS LE MONDE DE L&rsquo;INNOVATION AGROALIMENTAIRE[\/mk_fancy_title][mk_fancy_title tag_name=\u00a0\u00bbh3&Prime; color=\u00a0\u00bb#6b6b6b\u00a0\u00bb size=\u00a0\u00bb16&Prime; txt_transform=\u00a0\u00bbuppercase\u00a0\u00bb letter_spacing=\u00a0\u00bb1&Prime; [&hellip;]<\/p>\n","protected":false},"author":1,"featured_media":0,"parent":0,"menu_order":0,"comment_status":"closed","ping_status":"closed","template":"","meta":{"_joinchat":[]},"yoast_head":"<!-- This site is optimized with the Yoast SEO plugin v19.4 - https:\/\/yoast.com\/wordpress\/plugins\/seo\/ -->\n<title>Innovatione AgroFood Design - Ing\u00e9nierie agricole innovante et de qualit\u00e9<\/title>\n<meta name=\"description\" content=\"Technologie, innovation et cr\u00e9ativit\u00e9 appliqu\u00e9es au secteur agroalimentaire. Innovatione AgroFood Design : soci\u00e9t\u00e9 d&#039;ing\u00e9nierie agricole innovante et de qualit\u00e9\" \/>\n<meta name=\"robots\" content=\"index, follow, max-snippet:-1, max-image-preview:large, max-video-preview:-1\" \/>\n<link rel=\"canonical\" href=\"https:\/\/innovatione.eu\/fr\/\" \/>\n<meta property=\"og:locale\" content=\"fr_FR\" \/>\n<meta property=\"og:type\" content=\"article\" \/>\n<meta property=\"og:title\" content=\"Innovatione AgroFood Design - Ing\u00e9nierie agricole innovante et de qualit\u00e9\" \/>\n<meta property=\"og:description\" content=\"Technologie, innovation et cr\u00e9ativit\u00e9 appliqu\u00e9es au secteur agroalimentaire. Innovatione AgroFood Design : soci\u00e9t\u00e9 d&#039;ing\u00e9nierie agricole innovante et de qualit\u00e9\" \/>\n<meta property=\"og:url\" content=\"https:\/\/innovatione.eu\/fr\/\" \/>\n<meta property=\"og:site_name\" content=\"Innovatione\" \/>\n<meta property=\"article:publisher\" content=\"https:\/\/www.facebook.com\/foodinnovatione\/\" \/>\n<meta property=\"article:modified_time\" content=\"2022-07-11T18:29:44+00:00\" \/>\n<meta name=\"twitter:card\" content=\"summary\" \/>\n<meta name=\"twitter:site\" content=\"@foodinnovatione\" \/>\n<meta name=\"twitter:label1\" content=\"Dur\u00e9e de lecture estim\u00e9e\" \/>\n\t<meta name=\"twitter:data1\" content=\"8 minutes\" \/>\n<script type=\"application\/ld+json\" class=\"yoast-schema-graph\">{\"@context\":\"https:\/\/schema.org\",\"@graph\":[{\"@type\":\"WebSite\",\"@id\":\"https:\/\/innovatione.eu\/fr\/#website\",\"url\":\"https:\/\/innovatione.eu\/fr\/\",\"name\":\"Innovatione\",\"description\":\"P&aacute;gina Oficial\",\"potentialAction\":[{\"@type\":\"SearchAction\",\"target\":{\"@type\":\"EntryPoint\",\"urlTemplate\":\"https:\/\/innovatione.eu\/fr\/?s={search_term_string}\"},\"query-input\":\"required name=search_term_string\"}],\"inLanguage\":\"fr-FR\"},{\"@type\":\"WebPage\",\"@id\":\"https:\/\/innovatione.eu\/fr\/\",\"url\":\"https:\/\/innovatione.eu\/fr\/\",\"name\":\"Innovatione AgroFood Design - Ing\u00e9nierie agricole innovante et de qualit\u00e9\",\"isPartOf\":{\"@id\":\"https:\/\/innovatione.eu\/fr\/#website\"},\"datePublished\":\"2017-03-15T05:38:58+00:00\",\"dateModified\":\"2022-07-11T18:29:44+00:00\",\"description\":\"Technologie, innovation et cr\u00e9ativit\u00e9 appliqu\u00e9es au secteur agroalimentaire. Innovatione AgroFood Design : soci\u00e9t\u00e9 d'ing\u00e9nierie agricole innovante et de qualit\u00e9\",\"breadcrumb\":{\"@id\":\"https:\/\/innovatione.eu\/fr\/#breadcrumb\"},\"inLanguage\":\"fr-FR\",\"potentialAction\":[{\"@type\":\"ReadAction\",\"target\":[\"https:\/\/innovatione.eu\/fr\/\"]}]},{\"@type\":\"BreadcrumbList\",\"@id\":\"https:\/\/innovatione.eu\/fr\/#breadcrumb\",\"itemListElement\":[{\"@type\":\"ListItem\",\"position\":1,\"name\":\"Portada\",\"item\":\"https:\/\/innovatione.eu\/fr\/\"},{\"@type\":\"ListItem\",\"position\":2,\"name\":\"Page d&rsquo;accueil\"}]}]}<\/script>\n<!-- \/ Yoast SEO plugin. -->","yoast_head_json":{"title":"Innovatione AgroFood Design - Ing\u00e9nierie agricole innovante et de qualit\u00e9","description":"Technologie, innovation et cr\u00e9ativit\u00e9 appliqu\u00e9es au secteur agroalimentaire. Innovatione AgroFood Design : soci\u00e9t\u00e9 d'ing\u00e9nierie agricole innovante et de qualit\u00e9","robots":{"index":"index","follow":"follow","max-snippet":"max-snippet:-1","max-image-preview":"max-image-preview:large","max-video-preview":"max-video-preview:-1"},"canonical":"https:\/\/innovatione.eu\/fr\/","og_locale":"fr_FR","og_type":"article","og_title":"Innovatione AgroFood Design - Ing\u00e9nierie agricole innovante et de qualit\u00e9","og_description":"Technologie, innovation et cr\u00e9ativit\u00e9 appliqu\u00e9es au secteur agroalimentaire. Innovatione AgroFood Design : soci\u00e9t\u00e9 d'ing\u00e9nierie agricole innovante et de qualit\u00e9","og_url":"https:\/\/innovatione.eu\/fr\/","og_site_name":"Innovatione","article_publisher":"https:\/\/www.facebook.com\/foodinnovatione\/","article_modified_time":"2022-07-11T18:29:44+00:00","twitter_card":"summary","twitter_site":"@foodinnovatione","twitter_misc":{"Dur\u00e9e de lecture estim\u00e9e":"8 minutes"},"schema":{"@context":"https:\/\/schema.org","@graph":[{"@type":"WebSite","@id":"https:\/\/innovatione.eu\/fr\/#website","url":"https:\/\/innovatione.eu\/fr\/","name":"Innovatione","description":"P&aacute;gina Oficial","potentialAction":[{"@type":"SearchAction","target":{"@type":"EntryPoint","urlTemplate":"https:\/\/innovatione.eu\/fr\/?s={search_term_string}"},"query-input":"required name=search_term_string"}],"inLanguage":"fr-FR"},{"@type":"WebPage","@id":"https:\/\/innovatione.eu\/fr\/","url":"https:\/\/innovatione.eu\/fr\/","name":"Innovatione AgroFood Design - Ing\u00e9nierie agricole innovante et de qualit\u00e9","isPartOf":{"@id":"https:\/\/innovatione.eu\/fr\/#website"},"datePublished":"2017-03-15T05:38:58+00:00","dateModified":"2022-07-11T18:29:44+00:00","description":"Technologie, innovation et cr\u00e9ativit\u00e9 appliqu\u00e9es au secteur agroalimentaire. Innovatione AgroFood Design : soci\u00e9t\u00e9 d'ing\u00e9nierie agricole innovante et de qualit\u00e9","breadcrumb":{"@id":"https:\/\/innovatione.eu\/fr\/#breadcrumb"},"inLanguage":"fr-FR","potentialAction":[{"@type":"ReadAction","target":["https:\/\/innovatione.eu\/fr\/"]}]},{"@type":"BreadcrumbList","@id":"https:\/\/innovatione.eu\/fr\/#breadcrumb","itemListElement":[{"@type":"ListItem","position":1,"name":"Portada","item":"https:\/\/innovatione.eu\/fr\/"},{"@type":"ListItem","position":2,"name":"Page d&rsquo;accueil"}]}]}},"_links":{"self":[{"href":"https:\/\/innovatione.eu\/fr\/wp-json\/wp\/v2\/pages\/7187"}],"collection":[{"href":"https:\/\/innovatione.eu\/fr\/wp-json\/wp\/v2\/pages"}],"about":[{"href":"https:\/\/innovatione.eu\/fr\/wp-json\/wp\/v2\/types\/page"}],"author":[{"embeddable":true,"href":"https:\/\/innovatione.eu\/fr\/wp-json\/wp\/v2\/users\/1"}],"replies":[{"embeddable":true,"href":"https:\/\/innovatione.eu\/fr\/wp-json\/wp\/v2\/comments?post=7187"}],"version-history":[{"count":0,"href":"https:\/\/innovatione.eu\/fr\/wp-json\/wp\/v2\/pages\/7187\/revisions"}],"wp:attachment":[{"href":"https:\/\/innovatione.eu\/fr\/wp-json\/wp\/v2\/media?parent=7187"}],"curies":[{"name":"wp","href":"https:\/\/api.w.org\/{rel}","templated":true}]}}