{"id":7184,"date":"2014-09-05T07:19:07","date_gmt":"2014-09-05T06:19:07","guid":{"rendered":"https:\/\/innovatione.eu\/offres-demploi-innovatione\/"},"modified":"2022-06-16T10:27:30","modified_gmt":"2022-06-16T09:27:30","slug":"offres-demploi-innovatione","status":"publish","type":"page","link":"https:\/\/innovatione.eu\/fr\/offres-demploi-innovatione\/","title":{"rendered":"Offres d&#8217;emploi Innovatione"},"content":{"rendered":"<div class=\"wpb-content-wrapper\">[vc_row fullwidth=\u00a0\u00bbtrue\u00a0\u00bb padding=\u00a0\u00bb0&Prime;][vc_column][mk_page_title_box page_title=\u00a0\u00bbOFFRES D&rsquo;EMPLOI\u00a0\u00bb page_subtitle=\u00a0\u00bbNous vous voulons dans notre \u00e9quipe\u00a0\u00bb bg_image=\u00a0\u00bbhttp:\/\/demos.artbees.net\/jupiter5\/big-vision\/wp-content\/uploads\/sites\/3\/2014\/08\/about-title-bg.jpg\u00a0\u00bb bg_position=\u00a0\u00bbcenter top\u00a0\u00bb bg_stretch=\u00a0\u00bbtrue\u00a0\u00bb bg_effects=\u00a0\u00bbparallax\u00a0\u00bb font_size=\u00a0\u00bb60&Prime; font_color=\u00a0\u00bb#ffffff\u00a0\u00bb sub_font_size=\u00a0\u00bb26&Prime; sub_font_color=\u00a0\u00bb#ffffff\u00a0\u00bb][mk_divider style=\u00a0\u00bbthin_solid\u00a0\u00bb thickness=\u00a0\u00bb3&Prime; margin_top=\u00a0\u00bb0&Prime; margin_bottom=\u00a0\u00bb0&Prime;][\/vc_column][\/vc_row][vc_row][vc_column][mk_padding_divider size=\u00a0\u00bb80&Prime;][vc_column_text title=\u00a0\u00bbGRACIAS POR LLEGAR HASTA AQU\u00cd\u00a0\u00bb]SI VOUS \u00caTES ARRIV\u00c9 JUSQU&rsquo;ICI, C&rsquo;EST QUE VOUS \u00caTES INT\u00c9RESS\u00c9 PAR UNE COLLABORATION AVEC NOUS, OU DU MOINS C&rsquo;EST CE QUE NOUS COMPRENONS. NOUS AIMONS VOTRE PROACTIVIT\u00c9 ET NOUS SOMMES IMPATIENTS DE VOUS RENCONTRER, MAIS TOUT D&rsquo;ABORD NOUS PENSONS QU&rsquo;IL EST BON POUR VOUS DE CONNA\u00ceTRE LES EXIGENCES ET LE PROFIL SP\u00c9CIFIQUE QUE NOUS RECHERCHONS CAR IL S&rsquo;AGIT D&rsquo;UNE OFFRE TR\u00c8S SP\u00c9CIFIQUE ET TOUT LE MONDE NE PEUT PAS Y ACC\u00c9DER.[\/vc_column_text][mk_padding_divider][vc_column_text]QUEL PROFIL RECHERCHONS-NOUS ?<\/p>\n<p><strong>Nous recherchons des jeunes<\/strong> de Castilla y Le\u00f3n, <strong>des dipl\u00f4m\u00e9s r\u00e9cents<\/strong> d&rsquo;une universit\u00e9 de Castilla y Le\u00f3n ou des dipl\u00f4m\u00e9s en formation professionnelle dans des domaines li\u00e9s aux nouvelles technologies et \u00e0 la num\u00e9risation des processus industriels, <strong>sans emploi<\/strong> et ayant moins d&rsquo;un an d&rsquo;exp\u00e9rience en rapport avec leur dipl\u00f4me sup\u00e9rieur.<\/p>\n<p><strong>Quelles sont les exigences \u00e0 respecter ?<\/strong><br \/>\n&#8211; \u00catre n\u00e9 ou r\u00e9sider en Castille-et-Le\u00f3n \u00e0 l&rsquo;heure actuelle et avant le 1er octobre 2017.<\/p>\n<p>&#8211; \u00catre ressortissant de l&rsquo;un des pays membres de l&rsquo;Union europ\u00e9enne.<\/p>\n<p>&#8211; Avoir un \u00e2ge inf\u00e9rieur ou \u00e9gal \u00e0 <strong>30 ans<\/strong> au moment de la demande.<\/p>\n<p>&#8211; \u00catre sans<strong> emploi<\/strong> ou menac\u00e9 d&rsquo;exclusion du march\u00e9 du travail (contrat de 90 jours maximum ou contrat \u00e0 temps partiel de 20 heures maximum par semaine), au moment du d\u00e9but du stage.<\/p>\n<p>&#8211; \u00catre titulaire d&rsquo;un <strong>dipl\u00f4me universitaire<\/strong> de l&rsquo;une des <strong>universit\u00e9s de Castilla y Le\u00f3n, ou \u00eatre titulaire<\/strong> d&rsquo;un <strong>dipl\u00f4me de formation professionnelle sup\u00e9rieure<\/strong> dans des domaines li\u00e9s aux nouvelles technologies et \u00e0 la num\u00e9risation des processus industriels.<\/p>\n<p>&#8211; Vous ne devez pas avoir eu de relation contractuelle avec nous avant la pr\u00e9sentation de l&rsquo;offre d&#8217;emploi.<\/p>\n<p>&#8211; Vous ne devez pas avoir eu une relation de travail de plus d&rsquo;un an en rapport avec votre dipl\u00f4me sup\u00e9rieur.<\/p>\n<p>&#8211; Ne pas avoir \u00e9t\u00e9 b\u00e9n\u00e9ficiaire d&rsquo;un programme de stage financ\u00e9 par l&rsquo;ICE.<\/p>\n<p>&nbsp;<\/p>\n<p>JE R\u00c9PONDS \u00c0 TOUT CE QUE J&rsquo;AI LU ET JE SUIS TOUJOURS INT\u00c9RESS\u00c9 PAR L&rsquo;OFFRE.<\/p>\n<p>Eh bien si vous \u00eates toujours int\u00e9ress\u00e9 par l&rsquo;offre, logiquement vous voudrez conna\u00eetre le salaire que nous offrons, nous sommes conscients qu&rsquo;il n&rsquo;est pas \u00e9lev\u00e9, donc nous recherchons des profils juniors de pr\u00e9f\u00e9rence encore avec ce salaire est de 650 \u20ac brut par mois pour une p\u00e9riode de 6 mois avec plus que probable de rejoindre notre personnel.<\/p>\n<p>Si, apr\u00e8s avoir parcouru ce chemin, vous pensez toujours que cette offre vous int\u00e9resse, veuillez nous envoyer votre CV \u00e0 info@innovatione.eu, nous nous r\u00e9jouissons de vous rencontrer.[\/vc_column_text][\/vc_column][\/vc_row]\n<\/div>","protected":false},"excerpt":{"rendered":"<p>[vc_row fullwidth=\u00a0\u00bbtrue\u00a0\u00bb padding=\u00a0\u00bb0&Prime;][vc_column][mk_page_title_box page_title=\u00a0\u00bbOFFRES D&rsquo;EMPLOI\u00a0\u00bb page_subtitle=\u00a0\u00bbNous vous voulons dans notre \u00e9quipe\u00a0\u00bb bg_image=\u00a0\u00bbhttp:\/\/demos.artbees.net\/jupiter5\/big-vision\/wp-content\/uploads\/sites\/3\/2014\/08\/about-title-bg.jpg\u00a0\u00bb bg_position=\u00a0\u00bbcenter top\u00a0\u00bb bg_stretch=\u00a0\u00bbtrue\u00a0\u00bb bg_effects=\u00a0\u00bbparallax\u00a0\u00bb font_size=\u00a0\u00bb60&Prime; font_color=\u00a0\u00bb#ffffff\u00a0\u00bb sub_font_size=\u00a0\u00bb26&Prime; sub_font_color=\u00a0\u00bb#ffffff\u00a0\u00bb][mk_divider style=\u00a0\u00bbthin_solid\u00a0\u00bb thickness=\u00a0\u00bb3&Prime; margin_top=\u00a0\u00bb0&Prime; margin_bottom=\u00a0\u00bb0&Prime;][\/vc_column][\/vc_row][vc_row][vc_column][mk_padding_divider size=\u00a0\u00bb80&Prime;][vc_column_text title=\u00a0\u00bbGRACIAS POR LLEGAR HASTA AQU\u00cd\u00a0\u00bb]SI VOUS \u00caTES ARRIV\u00c9 JUSQU&rsquo;ICI, C&rsquo;EST QUE VOUS \u00caTES INT\u00c9RESS\u00c9 PAR UNE COLLABORATION AVEC NOUS, OU DU MOINS C&rsquo;EST CE QUE NOUS COMPRENONS. NOUS AIMONS VOTRE [&hellip;]<\/p>\n","protected":false},"author":1,"featured_media":0,"parent":0,"menu_order":0,"comment_status":"open","ping_status":"open","template":"","meta":{"_joinchat":[]},"yoast_head":"<!-- This site is optimized with the Yoast SEO plugin v19.4 - https:\/\/yoast.com\/wordpress\/plugins\/seo\/ -->\n<title>Offres d&#039;emploi Innovatione - Innovatione<\/title>\n<meta name=\"robots\" content=\"index, follow, max-snippet:-1, max-image-preview:large, max-video-preview:-1\" \/>\n<link rel=\"canonical\" href=\"https:\/\/innovatione.eu\/fr\/offres-demploi-innovatione\/\" \/>\n<meta property=\"og:locale\" content=\"fr_FR\" \/>\n<meta property=\"og:type\" content=\"article\" \/>\n<meta property=\"og:title\" content=\"Offres d&#039;emploi Innovatione - Innovatione\" \/>\n<meta property=\"og:description\" content=\"[vc_row fullwidth=\u00a0\u00bbtrue\u00a0\u00bb padding=\u00a0\u00bb0&Prime;][vc_column][mk_page_title_box page_title=\u00a0\u00bbOFFRES D&rsquo;EMPLOI\u00a0\u00bb page_subtitle=\u00a0\u00bbNous vous voulons dans notre \u00e9quipe\u00a0\u00bb bg_image=\u00a0\u00bbhttp:\/\/demos.artbees.net\/jupiter5\/big-vision\/wp-content\/uploads\/sites\/3\/2014\/08\/about-title-bg.jpg\u00a0\u00bb bg_position=\u00a0\u00bbcenter top\u00a0\u00bb bg_stretch=\u00a0\u00bbtrue\u00a0\u00bb bg_effects=\u00a0\u00bbparallax\u00a0\u00bb font_size=\u00a0\u00bb60&Prime; font_color=\u00a0\u00bb#ffffff\u00a0\u00bb sub_font_size=\u00a0\u00bb26&Prime; sub_font_color=\u00a0\u00bb#ffffff\u00a0\u00bb][mk_divider style=\u00a0\u00bbthin_solid\u00a0\u00bb thickness=\u00a0\u00bb3&Prime; margin_top=\u00a0\u00bb0&Prime; margin_bottom=\u00a0\u00bb0&Prime;][\/vc_column][\/vc_row][vc_row][vc_column][mk_padding_divider size=\u00a0\u00bb80&Prime;][vc_column_text title=\u00a0\u00bbGRACIAS POR LLEGAR HASTA AQU\u00cd\u00a0\u00bb]SI VOUS \u00caTES ARRIV\u00c9 JUSQU&rsquo;ICI, C&rsquo;EST QUE VOUS \u00caTES INT\u00c9RESS\u00c9 PAR UNE COLLABORATION AVEC NOUS, OU DU MOINS C&rsquo;EST CE QUE NOUS COMPRENONS. NOUS AIMONS VOTRE [&hellip;]\" \/>\n<meta property=\"og:url\" content=\"https:\/\/innovatione.eu\/fr\/offres-demploi-innovatione\/\" \/>\n<meta property=\"og:site_name\" content=\"Innovatione\" \/>\n<meta property=\"article:publisher\" content=\"https:\/\/www.facebook.com\/foodinnovatione\/\" \/>\n<meta property=\"article:modified_time\" content=\"2022-06-16T09:27:30+00:00\" \/>\n<meta name=\"twitter:card\" content=\"summary\" \/>\n<meta name=\"twitter:site\" content=\"@foodinnovatione\" \/>\n<meta name=\"twitter:label1\" content=\"Dur\u00e9e de lecture estim\u00e9e\" \/>\n\t<meta name=\"twitter:data1\" content=\"3 minutes\" \/>\n<script type=\"application\/ld+json\" class=\"yoast-schema-graph\">{\"@context\":\"https:\/\/schema.org\",\"@graph\":[{\"@type\":\"WebSite\",\"@id\":\"https:\/\/innovatione.eu\/fr\/#website\",\"url\":\"https:\/\/innovatione.eu\/fr\/\",\"name\":\"Innovatione\",\"description\":\"P&aacute;gina Oficial\",\"potentialAction\":[{\"@type\":\"SearchAction\",\"target\":{\"@type\":\"EntryPoint\",\"urlTemplate\":\"https:\/\/innovatione.eu\/fr\/?s={search_term_string}\"},\"query-input\":\"required name=search_term_string\"}],\"inLanguage\":\"fr-FR\"},{\"@type\":\"WebPage\",\"@id\":\"https:\/\/innovatione.eu\/fr\/offres-demploi-innovatione\/\",\"url\":\"https:\/\/innovatione.eu\/fr\/offres-demploi-innovatione\/\",\"name\":\"Offres d'emploi Innovatione - Innovatione\",\"isPartOf\":{\"@id\":\"https:\/\/innovatione.eu\/fr\/#website\"},\"datePublished\":\"2014-09-05T06:19:07+00:00\",\"dateModified\":\"2022-06-16T09:27:30+00:00\",\"breadcrumb\":{\"@id\":\"https:\/\/innovatione.eu\/fr\/offres-demploi-innovatione\/#breadcrumb\"},\"inLanguage\":\"fr-FR\",\"potentialAction\":[{\"@type\":\"ReadAction\",\"target\":[\"https:\/\/innovatione.eu\/fr\/offres-demploi-innovatione\/\"]}]},{\"@type\":\"BreadcrumbList\",\"@id\":\"https:\/\/innovatione.eu\/fr\/offres-demploi-innovatione\/#breadcrumb\",\"itemListElement\":[{\"@type\":\"ListItem\",\"position\":1,\"name\":\"Portada\",\"item\":\"https:\/\/innovatione.eu\/fr\/\"},{\"@type\":\"ListItem\",\"position\":2,\"name\":\"Offres d&#8217;emploi Innovatione\"}]}]}<\/script>\n<!-- \/ Yoast SEO plugin. -->","yoast_head_json":{"title":"Offres d'emploi Innovatione - Innovatione","robots":{"index":"index","follow":"follow","max-snippet":"max-snippet:-1","max-image-preview":"max-image-preview:large","max-video-preview":"max-video-preview:-1"},"canonical":"https:\/\/innovatione.eu\/fr\/offres-demploi-innovatione\/","og_locale":"fr_FR","og_type":"article","og_title":"Offres d'emploi Innovatione - Innovatione","og_description":"[vc_row fullwidth=\u00a0\u00bbtrue\u00a0\u00bb padding=\u00a0\u00bb0&Prime;][vc_column][mk_page_title_box page_title=\u00a0\u00bbOFFRES D&rsquo;EMPLOI\u00a0\u00bb page_subtitle=\u00a0\u00bbNous vous voulons dans notre \u00e9quipe\u00a0\u00bb bg_image=\u00a0\u00bbhttp:\/\/demos.artbees.net\/jupiter5\/big-vision\/wp-content\/uploads\/sites\/3\/2014\/08\/about-title-bg.jpg\u00a0\u00bb bg_position=\u00a0\u00bbcenter top\u00a0\u00bb bg_stretch=\u00a0\u00bbtrue\u00a0\u00bb bg_effects=\u00a0\u00bbparallax\u00a0\u00bb font_size=\u00a0\u00bb60&Prime; font_color=\u00a0\u00bb#ffffff\u00a0\u00bb sub_font_size=\u00a0\u00bb26&Prime; sub_font_color=\u00a0\u00bb#ffffff\u00a0\u00bb][mk_divider style=\u00a0\u00bbthin_solid\u00a0\u00bb thickness=\u00a0\u00bb3&Prime; margin_top=\u00a0\u00bb0&Prime; margin_bottom=\u00a0\u00bb0&Prime;][\/vc_column][\/vc_row][vc_row][vc_column][mk_padding_divider size=\u00a0\u00bb80&Prime;][vc_column_text title=\u00a0\u00bbGRACIAS POR LLEGAR HASTA AQU\u00cd\u00a0\u00bb]SI VOUS \u00caTES ARRIV\u00c9 JUSQU&rsquo;ICI, C&rsquo;EST QUE VOUS \u00caTES INT\u00c9RESS\u00c9 PAR UNE COLLABORATION AVEC NOUS, OU DU MOINS C&rsquo;EST CE QUE NOUS COMPRENONS. NOUS AIMONS VOTRE [&hellip;]","og_url":"https:\/\/innovatione.eu\/fr\/offres-demploi-innovatione\/","og_site_name":"Innovatione","article_publisher":"https:\/\/www.facebook.com\/foodinnovatione\/","article_modified_time":"2022-06-16T09:27:30+00:00","twitter_card":"summary","twitter_site":"@foodinnovatione","twitter_misc":{"Dur\u00e9e de lecture estim\u00e9e":"3 minutes"},"schema":{"@context":"https:\/\/schema.org","@graph":[{"@type":"WebSite","@id":"https:\/\/innovatione.eu\/fr\/#website","url":"https:\/\/innovatione.eu\/fr\/","name":"Innovatione","description":"P&aacute;gina Oficial","potentialAction":[{"@type":"SearchAction","target":{"@type":"EntryPoint","urlTemplate":"https:\/\/innovatione.eu\/fr\/?s={search_term_string}"},"query-input":"required name=search_term_string"}],"inLanguage":"fr-FR"},{"@type":"WebPage","@id":"https:\/\/innovatione.eu\/fr\/offres-demploi-innovatione\/","url":"https:\/\/innovatione.eu\/fr\/offres-demploi-innovatione\/","name":"Offres d'emploi Innovatione - Innovatione","isPartOf":{"@id":"https:\/\/innovatione.eu\/fr\/#website"},"datePublished":"2014-09-05T06:19:07+00:00","dateModified":"2022-06-16T09:27:30+00:00","breadcrumb":{"@id":"https:\/\/innovatione.eu\/fr\/offres-demploi-innovatione\/#breadcrumb"},"inLanguage":"fr-FR","potentialAction":[{"@type":"ReadAction","target":["https:\/\/innovatione.eu\/fr\/offres-demploi-innovatione\/"]}]},{"@type":"BreadcrumbList","@id":"https:\/\/innovatione.eu\/fr\/offres-demploi-innovatione\/#breadcrumb","itemListElement":[{"@type":"ListItem","position":1,"name":"Portada","item":"https:\/\/innovatione.eu\/fr\/"},{"@type":"ListItem","position":2,"name":"Offres d&#8217;emploi Innovatione"}]}]}},"_links":{"self":[{"href":"https:\/\/innovatione.eu\/fr\/wp-json\/wp\/v2\/pages\/7184"}],"collection":[{"href":"https:\/\/innovatione.eu\/fr\/wp-json\/wp\/v2\/pages"}],"about":[{"href":"https:\/\/innovatione.eu\/fr\/wp-json\/wp\/v2\/types\/page"}],"author":[{"embeddable":true,"href":"https:\/\/innovatione.eu\/fr\/wp-json\/wp\/v2\/users\/1"}],"replies":[{"embeddable":true,"href":"https:\/\/innovatione.eu\/fr\/wp-json\/wp\/v2\/comments?post=7184"}],"version-history":[{"count":0,"href":"https:\/\/innovatione.eu\/fr\/wp-json\/wp\/v2\/pages\/7184\/revisions"}],"wp:attachment":[{"href":"https:\/\/innovatione.eu\/fr\/wp-json\/wp\/v2\/media?parent=7184"}],"curies":[{"name":"wp","href":"https:\/\/api.w.org\/{rel}","templated":true}]}}