{"id":7181,"date":"2014-09-05T10:00:44","date_gmt":"2014-09-05T09:00:44","guid":{"rendered":"https:\/\/innovatione.eu\/offres\/"},"modified":"2022-06-17T10:49:08","modified_gmt":"2022-06-17T09:49:08","slug":"offres","status":"publish","type":"page","link":"https:\/\/innovatione.eu\/fr\/offres\/","title":{"rendered":"Offres"},"content":{"rendered":"<div class=\"wpb-content-wrapper\">[vc_row][vc_column][vc_column_text][\/vc_column_text][\/vc_column][\/vc_row][vc_row fullwidth=\u00a0\u00bbtrue\u00a0\u00bb padding=\u00a0\u00bb0&Prime;][vc_column visibility=\u00a0\u00bbhidden-sm\u00a0\u00bb][mk_page_title_box page_title=\u00a0\u00bbPROMOTION SP\u00c9CIALE POUR UNE DUR\u00c9E LIMIT\u00c9E\u00a0\u00bb page_subtitle=\u00a0\u00bbProfitez de cette occasion unique\u00a0\u00bb section_height=\u00a0\u00bb500&Prime; bg_image=\u00a0\u00bbhttps:\/\/innovatione.eu\/wp-content\/uploads\/2017\/03\/henry-be-98915-1-e1530267822101.jpg\u00a0\u00bb bg_position=\u00a0\u00bbcenter top\u00a0\u00bb bg_stretch=\u00a0\u00bbtrue\u00a0\u00bb bg_effects=\u00a0\u00bbparallax\u00a0\u00bb font_size=\u00a0\u00bb60&Prime; font_color=\u00a0\u00bb#ffffff\u00a0\u00bb sub_font_size=\u00a0\u00bb26&Prime; sub_font_color=\u00a0\u00bb#ffffff\u00a0\u00bb][mk_divider style=\u00a0\u00bbthin_solid\u00a0\u00bb thickness=\u00a0\u00bb3&Prime; margin_top=\u00a0\u00bb0&Prime; margin_bottom=\u00a0\u00bb0&Prime;][mk_padding_divider size=\u00a0\u00bb80&Prime;][mk_fancy_title tag_name=\u00a0\u00bbh3&Prime; color=\u00a0\u00bb#636363&Prime; size=\u00a0\u00bb26&Prime; font_weight=\u00a0\u00bbbold\u00a0\u00bb txt_transform=\u00a0\u00bbuppercase\u00a0\u00bb letter_spacing=\u00a0\u00bb2&Prime; font_family=\u00a0\u00bbnone\u00a0\u00bb align=\u00a0\u00bbcenter\u00a0\u00bb]APPLIQUER L&rsquo;AGRICULTURE DE PR\u00c9CISION \u00c0 VOS CULTURES \u00c0 UN PRIX IRR\u00c9SISTIBLE[\/mk_fancy_title][mk_fancy_title tag_name=\u00a0\u00bbh3&Prime; color=\u00a0\u00bb#ddc133&Prime; size=\u00a0\u00bb28&Prime; font_weight=\u00a0\u00bbbold\u00a0\u00bb txt_transform=\u00a0\u00bbuppercase\u00a0\u00bb letter_spacing=\u00a0\u00bb2&Prime; font_family=\u00a0\u00bbnone\u00a0\u00bb align=\u00a0\u00bbcenter\u00a0\u00bb]AM\u00c9LIORER LA CONNAISSANCE OBJECTIVE DE VOS EXPLOITATIONS[\/mk_fancy_title][\/vc_column][\/vc_row][vc_row padding=\u00a0\u00bb1&Prime;][vc_column width=\u00a0\u00bb1\/2&Prime;][mk_image src=\u00a0\u00bbhttps:\/\/innovatione.eu\/wp-content\/uploads\/2019\/07\/unnamed-1.png\u00a0\u00bb image_width=\u00a0\u00bb650&Prime; group=\u00a0\u00bb_general\u00a0\u00bb crop=\u00a0\u00bbfalse\u00a0\u00bb][mk_fancy_title color=\u00a0\u00bb#393836&Prime; size=\u00a0\u00bb12&Prime; txt_transform=\u00a0\u00bbuppercase\u00a0\u00bb letter_spacing=\u00a0\u00bb1&Prime; font_family=\u00a0\u00bbnone\u00a0\u00bb align=\u00a0\u00bbcenter\u00a0\u00bb]La fusion est bas\u00e9e sur la g\u00e9n\u00e9ration d&rsquo;une image hybride drone-satellite.<\/p>\n<p>Fusion est une technologie qui permet une surveillance compl\u00e8te des champs, fournissant des<strong> rapports tous les 5 jours<\/strong> avec la pr\u00e9cision d&rsquo;un drone[\/mk_fancy_title][\/vc_column][vc_column width=\u00a0\u00bb1\/2&Prime;][mk_image src=\u00a0\u00bbhttps:\/\/innovatione.eu\/wp-content\/uploads\/2014\/09\/iStock-657925794_pleiades-1-e1562584729515.png\u00a0\u00bb image_width=\u00a0\u00bb650&Prime; group=\u00a0\u00bb_general\u00a0\u00bb crop=\u00a0\u00bbfalse\u00a0\u00bb][mk_fancy_title color=\u00a0\u00bb#393836&Prime; size=\u00a0\u00bb12&Prime; txt_transform=\u00a0\u00bbuppercase\u00a0\u00bb letter_spacing=\u00a0\u00bb1&Prime; font_family=\u00a0\u00bbnone\u00a0\u00bb align=\u00a0\u00bbcenter\u00a0\u00bb]En fonction des outils technologiques dont dispose l&rsquo;agriculteur, la gestion des parcelles peut \u00eatre r\u00e9alis\u00e9e de deux fa\u00e7ons nouvelles et plus efficaces :<\/p>\n<p>-Par secteur.<\/p>\n<p>-Plante par plante.[\/mk_fancy_title][\/vc_column][\/vc_row][vc_row padding=\u00a0\u00bb1&Prime;][vc_column][mk_padding_divider size=\u00a0\u00bb80&Prime;][mk_fancy_title tag_name=\u00a0\u00bbh3&Prime; color=\u00a0\u00bb#00e5ce\u00a0\u00bb size=\u00a0\u00bb20&Prime; txt_transform=\u00a0\u00bbuppercase\u00a0\u00bb letter_spacing=\u00a0\u00bb2&Prime; font_family=\u00a0\u00bbnone\u00a0\u00bb align=\u00a0\u00bbcenter\u00a0\u00bb]PROMOTION SP\u00c9CIALE D&rsquo;\u00c9T\u00c9[\/mk_fancy_title][vc_column_text]Promotion valable uniquement entre le 8 JUILLET 2019 et le 30 AOUT 2019. Toute demande soumise apr\u00e8s la date et l&rsquo;heure limites sera consid\u00e9r\u00e9e comme rejet\u00e9e. Les prix fournis sont approximatifs, Innovatione n&rsquo;est pas responsable des changements possibles dans le prix final, en raison d&rsquo;une plus grande complexit\u00e9 dans l&rsquo;ex\u00e9cution et le d\u00e9veloppement des projets en fonction des besoins pr\u00e9sent\u00e9s. Toutefois, il garantit une r\u00e9duction r\u00e9elle et d\u00e9montrable de 33% sur le prix final habituel de ce service. Pour acc\u00e9der \u00e0 la promotion, il est obligatoire de remplir et d&rsquo;envoyer les donn\u00e9es requises dans le formulaire au bas de cette page, sp\u00e9cialement activ\u00e9 pour l&rsquo;occasion. Si votre promotion a \u00e9t\u00e9 accept\u00e9e, une fois vos donn\u00e9es re\u00e7ues, vous serez redirig\u00e9 vers une page de confirmation, qui indiquera que nous avons bien re\u00e7u vos donn\u00e9es. Si ce n&rsquo;est pas le cas, veuillez nous contacter.[\/vc_column_text][\/vc_column][\/vc_row][vc_row][vc_column][mk_padding_divider size=\u00a0\u00bb60&Prime;][\/vc_column][\/vc_row][mk_page_section bg_color=\u00a0\u00bb#d8d8d8&Prime; min_height=\u00a0\u00bb0&Prime; padding_top=\u00a0\u00bb50&Prime; padding_bottom=\u00a0\u00bb40&Prime; sidebar=\u00a0\u00bbsidebar-1&Prime; first_page=\u00a0\u00bbfalse\u00a0\u00bb last_page=\u00a0\u00bbfalse\u00a0\u00bb][vc_column width=\u00a0\u00bb1\/4&Prime;][mk_fancy_title color=\u00a0\u00bb#ffffff\u00a0\u00bb size=\u00a0\u00bb30&Prime; font_style=\u00a0\u00bbnormal\u00a0\u00bb margin_top=\u00a0\u00bb13&Prime; margin_bottom=\u00a0\u00bb18&Prime; font_family=\u00a0\u00bbnone\u00a0\u00bb align=\u00a0\u00bbright\u00a0\u00bb]Laissez-nous vos coordonn\u00e9es ici et nous nous occuperons du reste. D\u00e8s que nous recevrons votre message, nous vous contacterons.[\/mk_fancy_title][\/vc_column][vc_column width=\u00a0\u00bb3\/4&Prime;][vc_raw_html]PCEtLSBOb3RlIDogLSBZb3UgY2FuIG1vZGlmeSB0aGUgZm9udCBzdHlsZSBhbmQgZm9ybSBzdHlsZSB0byBzdWl0IHlvdXIgd2Vic2l0ZS4gLSBDb2RlIGxpbmVzIHdpdGggY29tbWVudHMg77+977+977+9RG8gbm90IHJlbW92ZSB0aGlzIGNvZGXvv73vv73vv70gYXJlIHJlcXVpcmVkIGZvciB0aGUgZm9ybSB0byB3b3JrIHByb3Blcmx5LCBtYWtlIHN1cmUgdGhhdCB5b3UgZG8gbm90IHJlbW92ZSB0aGVzZSBsaW5lcyBvZiBjb2RlLiAtIFRoZSBNYW5kYXRvcnkgY2hlY2sgc2NyaXB0IGNhbiBtb2RpZmllZCBhcyB0byBzdWl0IHlvdXIgYnVzaW5lc3MgbmVlZHMuIC0gSXQgaXMgaW1wb3J0YW50IHRoYXQgeW91IHRlc3QgdGhlIG1vZGlmaWVkIGZvcm0gYmVmb3JlIGdvaW5nIGxpdmUuLS0+DQo8ZGl2IGlkPSJjcm1XZWJUb0VudGl0eUZvcm0iIHN0eWxlPSJ3aWR0aDogNjAwcHg7IG1hcmdpbjogYXV0bzsiPjxmb3JtIGFjY2VwdC1jaGFyc2V0PSJVVEYtOCIgYWN0aW9uPSJodHRwczovL2NybS56b2hvLmV1L2NybS9XZWJUb0NvbnRhY3RGb3JtIiBtZXRob2Q9IlBPU1QiIG5hbWU9IldlYlRvQ29udGFjdHMxMjQwODMwMDAwMDAwOTg5MzYiPjwhLS0gRG8gbm90IHJlbW92ZSB0aGlzIGNvZGUuIC0tPg0KPGlucHV0IHN0eWxlPSJkaXNwbGF5OiBub25lOyIgbmFtZT0ieG5Rc2pzZHAiIHR5cGU9InRleHQiIHZhbHVlPSIxYWZjZTRkM2YzZjFjYjQ1ZmQwZDgxN2EwZTc2YWJkYTk5YzA5NzE5ZDQ0YmU2M2NjOTMzZDM1MWJhZDVmNTJkIiAvPg0KPGlucHV0IGlkPSJ6Y19nYWQiIG5hbWU9InpjX2dhZCIgdHlwZT0iaGlkZGVuIiB2YWx1ZT0iIiAvPg0KPGlucHV0IHN0eWxlPSJkaXNwbGF5OiBub25lOyIgbmFtZT0ieG1Jd3RMRCIgdHlwZT0idGV4dCIgdmFsdWU9IjViMTBiYzZlZmZlNGU2MmY3NWQwODBkZDI4NmNjYzAwMDgwNjhhMDFiNWE0MzhiMmQ1ZTExYWFhOWIyMGZlMzciIC8+DQo8aW5wdXQgc3R5bGU9ImRpc3BsYXk6IG5vbmU7IiBuYW1lPSJhY3Rpb25UeXBlIiB0eXBlPSJ0ZXh0IiB2YWx1ZT0iUTI5dWRHRmpkSE09IiAvPg0KDQo8aW5wdXQgc3R5bGU9ImRpc3BsYXk6IG5vbmU7IiBuYW1lPSJyZXR1cm5VUkwiIHR5cGU9InRleHQiIHZhbHVlPSJodHRwOi8vaW5ub3ZhdGlvbmUuZXUvY29uZmlybWFjaW9uLXByb21vY2lvbi1mYWNlYm9vayIgLz4NCjwhLS0gRG8gbm90IHJlbW92ZSB0aGlzIGNvZGUuIC0tPg0KPGlucHV0IGlkPSJsZGVza3VpZCIgc3R5bGU9ImRpc3BsYXk6IG5vbmU7IiBuYW1lPSJsZGVza3VpZCIgdHlwZT0idGV4dCIgLz4NCjxpbnB1dCBpZD0iTERUdXZpZCIgc3R5bGU9ImRpc3BsYXk6IG5vbmU7IiBuYW1lPSJMRFR1dmlkIiB0eXBlPSJ0ZXh0IiAvPg0KPCEtLSBEbyBub3QgcmVtb3ZlIHRoaXMgY29kZS4gLS0+DQoNCjxzdHlsZT4NCgkJdHIgLCB0ZCB7PGJyIC8+DQoJCQlwYWRkaW5nOjZweDs8YnIgLz4NCgkJCWJvcmRlci1zcGFjaW5nOjBweDs8YnIgLz4NCgkJCWJvcmRlci13aWR0aDowcHg7PGJyIC8+DQoJCQl9PGJyIC8+DQoJPC9zdHlsZT4NCjx0YWJsZSBzdHlsZT0id2lkdGg6IDYwMHB4OyBiYWNrZ3JvdW5kLWNvbG9yOiB3aGl0ZTsgY29sb3I6IGJsYWNrOyI+DQo8dGJvZHk+DQo8dHI+DQo8dGQgc3R5bGU9InRleHQtYWxpZ246IGxlZnQ7IGNvbG9yOiBibGFjazsgZm9udC1mYW1pbHk6IEFyaWFsOyBmb250LXNpemU6IDE0cHg7IiBjb2xzcGFuPSIyIj48c3Ryb25nPlByb21vY2nDs24gRmFjZWJvb2s8L3N0cm9uZz48L3RkPg0KPC90cj4NCjx0cj4NCjx0ZCBzdHlsZT0ibm93cmFwOiBub3dyYXA7IHRleHQtYWxpZ246IGxlZnQ7IGZvbnQtc2l6ZTogMTJweDsgZm9udC1mYW1pbHk6IEFyaWFsOyB3aWR0aDogMjAwcHg7Ij5Ob21icmU8c3BhbiBzdHlsZT0iY29sb3I6IHJlZDsiPio8L3NwYW4+PC90ZD4NCjx0ZCBzdHlsZT0id2lkdGg6IDI1MHB4OyI+PGlucHV0IHN0eWxlPSJ3aWR0aDogMjUwcHg7IiBtYXhsZW5ndGg9IjgwIiBuYW1lPSJMYXN0IE5hbWUiIHR5cGU9InRleHQiIC8+PC90ZD4NCjwvdHI+DQo8dHI+DQo8dGQgc3R5bGU9Im5vd3JhcDogbm93cmFwOyB0ZXh0LWFsaWduOiBsZWZ0OyBmb250LXNpemU6IDEycHg7IGZvbnQtZmFtaWx5OiBBcmlhbDsgd2lkdGg6IDIwMHB4OyI+TcOzdmlsPC90ZD4NCjx0ZCBzdHlsZT0id2lkdGg6IDI1MHB4OyI+PGlucHV0IHN0eWxlPSJ3aWR0aDogMjUwcHg7IiBtYXhsZW5ndGg9IjMwIiBuYW1lPSJNb2JpbGUiIHR5cGU9InRleHQiIC8+PC90ZD4NCjwvdHI+DQo8dHI+DQo8dGQgc3R5bGU9Im5vd3JhcDogbm93cmFwOyB0ZXh0LWFsaWduOiBsZWZ0OyBmb250LXNpemU6IDEycHg7IGZvbnQtZmFtaWx5OiBBcmlhbDsgd2lkdGg6IDIwMHB4OyI+Q29ycmVvIGVsZWN0csOzbmljbzxzcGFuIHN0eWxlPSJjb2xvcjogcmVkOyI+Kjwvc3Bhbj48L3RkPg0KPHRkIHN0eWxlPSJ3aWR0aDogMjUwcHg7Ij48aW5wdXQgc3R5bGU9IndpZHRoOiAyNTBweDsiIG1heGxlbmd0aD0iMTAwIiBuYW1lPSJFbWFpbCIgdHlwZT0idGV4dCIgLz48L3RkPg0KPC90cj4NCjx0cj4NCjx0ZCBzdHlsZT0ibm93cmFwOiBub3dyYXA7IHRleHQtYWxpZ246IGxlZnQ7IGZvbnQtc2l6ZTogMTJweDsgZm9udC1mYW1pbHk6IEFyaWFsOyB3aWR0aDogMjAwcHg7Ij5IZSBsZcOtZG8geSBhY2VwdG8gbGEgcG9sw610aWNhIGRlIHByaXZhY2lkYWQ8c3BhbiBzdHlsZT0iY29sb3I6IHJlZDsiPio8L3NwYW4+PC90ZD4NCjx0ZCBzdHlsZT0id2lkdGg6IDI1MHB4OyI+PGlucHV0IG5hbWU9IkNPTlRBQ1RDRjEwMSIgdHlwZT0iY2hlY2tib3giIC8+PC90ZD4NCjwvdHI+DQo8dHIgc3R5bGU9ImRpc3BsYXk6IG5vbmU7Ij4NCjx0ZCBzdHlsZT0ibm93cmFwOiBub3dyYXA7IHRleHQtYWxpZ246IGxlZnQ7IGZvbnQtc2l6ZTogMTJweDsgZm9udC1mYW1pbHk6IEFyaWFsOyB3aWR0aDogNTAlOyI+VGlwbzwvdGQ+DQo8dGQgc3R5bGU9IndpZHRoOiAyNTBweDsiPjxzZWxlY3Qgc3R5bGU9IndpZHRoOiAyNTBweDsiIG11bHRpcGxlPSJtdWx0aXBsZSIgbmFtZT0iQ09OVEFDVENGMSI+DQo8b3B0aW9uIHNlbGVjdGVkPSJzZWxlY3RlZCIgdmFsdWU9IkFncmljdWx0b3JlcyI+QWdyaWN1bHRvcmVzPC9vcHRpb24+DQo8b3B0aW9uIHNlbGVjdGVkPSJzZWxlY3RlZCIgdmFsdWU9IkdhbmFkZXJvcyI+R2FuYWRlcm9zPC9vcHRpb24+DQo8b3B0aW9uIHZhbHVlPSJFbXByZXNhcyBhZ3JpY3VsdHVyYSI+RW1wcmVzYXMgYWdyaWN1bHR1cmE8L29wdGlvbj4NCjxvcHRpb24gdmFsdWU9IkVtcHJlc2FzIG1hcXVpbmFyaWEiPkVtcHJlc2FzIG1hcXVpbmFyaWE8L29wdGlvbj4NCjxvcHRpb24gdmFsdWU9IkVtcHJlc2FzIGZpdG9zYW5pdGFyaW9zIj5FbXByZXNhcyBmaXRvc2FuaXRhcmlvczwvb3B0aW9uPg0KPG9wdGlvbiB2YWx1ZT0iRW1wcmVzYXMgc2VtaWxsYXMiPkVtcHJlc2FzIHNlbWlsbGFzPC9vcHRpb24+DQo8b3B0aW9uIHZhbHVlPSJDb21wZXRlbmNpYSI+Q29tcGV0ZW5jaWE8L29wdGlvbj4NCjxvcHRpb24gdmFsdWU9Ik9yZ2FuaXphY2lvbmVzIj5Pcmdhbml6YWNpb25lczwvb3B0aW9uPg0KPG9wdGlvbiB2YWx1ZT0iQXNvY2lhY2lvbmVzIj5Bc29jaWFjaW9uZXM8L29wdGlvbj4NCjxvcHRpb24gdmFsdWU9IkNvbGFib3JhZG9yIj5Db2xhYm9yYWRvcjwvb3B0aW9uPg0KPG9wdGlvbiB2YWx1ZT0iUHJvdmVlZG9yIj5Qcm92ZWVkb3I8L29wdGlvbj4NCjxvcHRpb24gdmFsdWU9IlBhcnRpY3VsYXIiPlBhcnRpY3VsYXI8L29wdGlvbj4NCjxvcHRpb24gdmFsdWU9Ikluc3RpdHVjaW9uZXMgcMO6YmxpY2FzIj5JbnN0aXR1Y2lvbmVzIHDDumJsaWNhczwvb3B0aW9uPg0KPG9wdGlvbiB2YWx1ZT0iQ2VudHJvcyBkZSBpbnZlc3RpZ2FjacOzbiI+Q2VudHJvcyBkZSBpbnZlc3RpZ2FjacOzbjwvb3B0aW9uPg0KPC9zZWxlY3Q+PC90ZD4NCjwvdHI+DQo8dHI+DQo8dGQgc3R5bGU9InRleHQtYWxpZ246IGNlbnRlcjsgcGFkZGluZy10b3A6IDE1cHg7IiBjb2xzcGFuPSIyIj48aW5wdXQgc3R5bGU9ImZvbnQtc2l6ZTogMTJweDsgY29sb3I6IGJsYWNrOyIgdHlwZT0ic3VibWl0IiB2YWx1ZT0iRW52aWFyIiAvPg0KPGlucHV0IHN0eWxlPSJmb250LXNpemU6IDEycHg7IGNvbG9yOiBibGFjazsiIHR5cGU9InJlc2V0IiB2YWx1ZT0iUmVzdGFibGVjZXIiIC8+PC90ZD4NCjwvdHI+DQo8L3Rib2R5Pg0KPC90YWJsZT4NCjxzY3JpcHQ+DQogCSAgdmFyIG1uZEZpbGVkcz1uZXcgQXJyYXkoJ0xhc3QgTmFtZScsJ0VtYWlsJywnQ09OVEFDVENGMTAxJyk7DQogCSAgdmFyIGZsZExhbmdWYWw9bmV3IEFycmF5KCdOb21icmUnLCdDb3JyZW8gZWxlY3Ryw7NuaWNvJywnSGUgbGXDrWRvIHkgYWNlcHRvIGxhIHBvbMOtdGljYSBkZSBwcml2YWNpZGFkJyk7DQoJCXZhciBuYW1lPScnOw0KCQl2YXIgZW1haWw9Jyc7DQoNCiAJICBmdW5jdGlvbiBjaGVja01hbmRhdG9yeSgpIHsNCgkJZm9yKGk9MDtpPG1uZEZpbGVkcy5sZW5ndGg7aSsrKSB7DQoJCSAgdmFyIGZpZWxkT2JqPWRvY3VtZW50LmZvcm1zWydXZWJUb0NvbnRhY3RzMTI0MDgzMDAwMDAwMDk4OTM2J11bbW5kRmlsZWRzW2ldXTsNCgkJICBpZihmaWVsZE9iaikgew0KCQkJaWYgKCgoZmllbGRPYmoudmFsdWUpLnJlcGxhY2UoL15ccyt8XHMrJC9nLCAnJykpLmxlbmd0aD09MCkgew0KCQkJIGlmKGZpZWxkT2JqLnR5cGUgPT0nZmlsZScpDQoJCQkJeyANCgkJCQkgYWxlcnQoJ1NlbGVjY2lvbmUgdW4gYXJjaGl2byBwYXJhIGNhcmdhci4nKTsgDQoJCQkJIGZpZWxkT2JqLmZvY3VzKCk7IA0KCQkJCSByZXR1cm4gZmFsc2U7DQoJCQkJfSANCgkJCWFsZXJ0KGZsZExhbmdWYWxbaV0gKycgbm8gcHVlZGUgZXN0YXIgdmFjw61vLicpOyANCiAgIAkgICAJICAJICBmaWVsZE9iai5mb2N1cygpOw0KICAgCSAgIAkgIAkgIHJldHVybiBmYWxzZTsNCgkJCX0gIGVsc2UgaWYoZmllbGRPYmoubm9kZU5hbWU9PSdTRUxFQ1QnKSB7DQogIAkgICAJICAgCSBpZihmaWVsZE9iai5vcHRpb25zW2ZpZWxkT2JqLnNlbGVjdGVkSW5kZXhdLnZhbHVlPT0nLU5vbmUtJykgew0KCQkJCWFsZXJ0KGZsZExhbmdWYWxbaV0gKycgbm8gcHVlZGUgc2VyIG51bG8uJyk7IA0KCQkJCWZpZWxkT2JqLmZvY3VzKCk7DQoJCQkJcmV0dXJuIGZhbHNlOw0KCQkJICAgfQ0KCQkJfSBlbHNlIGlmKGZpZWxkT2JqLnR5cGUgPT0nY2hlY2tib3gnKXsNCiAJIAkgCSBpZihmaWVsZE9iai5jaGVja2VkID09IGZhbHNlKXsNCgkJCQlhbGVydCgnUGxlYXNlIGFjY2VwdCAgJytmbGRMYW5nVmFsW2ldKTsNCgkJCQlmaWVsZE9iai5mb2N1cygpOw0KCQkJCXJldHVybiBmYWxzZTsNCgkJCSAgIH0gDQoJCQkgfSANCgkJCSB0cnkgew0KCQkJICAgICBpZihmaWVsZE9iai5uYW1lID09ICdMYXN0IE5hbWUnKSB7DQoJCQkJbmFtZSA9IGZpZWxkT2JqLnZhbHVlOw0KIAkgCSAJICAgIH0NCgkJCX0gY2F0Y2ggKGUpIHt9DQoJCSAgICB9DQoJCX0NCgkJdHJhY2tWaXNpdG9yKCk7DQoJfQ0KPC9zY3JpcHQ+PHNjcmlwdCB0eXBlPSd0ZXh0L2phdmFzY3JpcHQnIGlkPSdWaXNpdG9yVHJhY2tpbmcnPnZhciAkem9obz0gJHpvaG8gfHwge307JHpvaG8uc2FsZXNpcSA9ICR6b2hvLnNhbGVzaXEgfHwge3dpZGdldGNvZGU6J2UxNTk0MzBkNjJlOTlmYTYxNjY2Nzk4YjU5OWIzYWE0NjhkYjQ1MWFjNmU3NWJkNzg5OTI4NGQ5YWZlZDI4Yjg0NzM3OWUyYjk1MmE1ZDhiNzU3Njc4ZTgwZDRlNGQ3MicsIHZhbHVlczp7fSxyZWFkeTpmdW5jdGlvbigpeyR6b2hvLnNhbGVzaXEuZmxvYXRidXR0b24udmlzaWJsZSgnaGlkZScpO319O3ZhciBkPWRvY3VtZW50O3M9ZC5jcmVhdGVFbGVtZW50KCdzY3JpcHQnKTtzLnR5cGU9J3RleHQvamF2YXNjcmlwdCc7cy5pZD0nenNpcXNjcmlwdCc7cy5kZWZlcj10cnVlO3Muc3JjPSdodHRwczovL3NhbGVzaXEuem9oby5ldS93aWRnZXQnO3Q9ZC5nZXRFbGVtZW50c0J5VGFnTmFtZSgnc2NyaXB0JylbMF07dC5wYXJlbnROb2RlLmluc2VydEJlZm9yZShzLHQpO2Z1bmN0aW9uIHRyYWNrVmlzaXRvcigpe3RyeXtpZigkem9obyl7dmFyIExEVHV2aWRPYmogPSBkb2N1bWVudC5mb3Jtc1snV2ViVG9Db250YWN0czEyNDA4MzAwMDAwMDA5ODkzNiddWydMRFR1dmlkJ107aWYoTERUdXZpZE9iail7TERUdXZpZE9iai52YWx1ZSA9ICR6b2hvLnNhbGVzaXEudmlzaXRvci51bmlxdWVpZCgpO312YXIgZmlyc3RuYW1lT2JqID0gZG9jdW1lbnQuZm9ybXNbJ1dlYlRvQ29udGFjdHMxMjQwODMwMDAwMDAwOTg5MzYnXVsnRmlyc3QgTmFtZSddO2lmKGZpcnN0bmFtZU9iail7bmFtZSA9IGZpcnN0bmFtZU9iai52YWx1ZSArJyAnK25hbWU7fSR6b2hvLnNhbGVzaXEudmlzaXRvci5uYW1lKG5hbWUpO3ZhciBlbWFpbE9iaiA9IGRvY3VtZW50LmZvcm1zWydXZWJUb0NvbnRhY3RzMTI0MDgzMDAwMDAwMDk4OTM2J11bJ0VtYWlsJ107aWYoZW1haWxPYmope2VtYWlsID0gZW1haWxPYmoudmFsdWU7JHpvaG8uc2FsZXNpcS52aXNpdG9yLmVtYWlsKGVtYWlsKTt9fX0gY2F0Y2goZSl7fX08L3NjcmlwdD4NCg0KPC9mb3JtPjwvZGl2Pg==[\/vc_raw_html][\/vc_column][\/mk_page_section][mk_page_section bg_image=\u00a0\u00bbhttps:\/\/innovatione.eu\/wp-content\/uploads\/2014\/09\/man-using-digital-tablet.jpg\u00a0\u00bb attachment=\u00a0\u00bbfixed\u00a0\u00bb bg_position=\u00a0\u00bbcenter center\u00a0\u00bb enable_3d=\u00a0\u00bbtrue\u00a0\u00bb padding_top=\u00a0\u00bb141&Prime; padding_bottom=\u00a0\u00bb141&Prime; sidebar=\u00a0\u00bbsidebar-1&Prime;][vc_column][mk_padding_divider][vc_progress_bar values=\u00a0\u00bb%5B%7B%22label%22%3A%22Exclusividad%22%2C%22value%22%3A%2294%22%7D%2C%7B%22label%22%3A%22Facilidad%20de%20uso%22%2C%22value%22%3A%2290%22%7D%2C%7B%22label%22%3A%22Dise%C3%B1o%20inteligente%22%2C%22value%22%3A%2288%22%7D%2C%7B%22label%22%3A%22Materiales%20de%20calidad%22%2C%22value%22%3A%2295%22%7D%2C%7B%22label%22%3A%22Sostenibilidad%22%2C%22value%22%3A%2284%22%7D%2C%7B%22label%22%3A%22Durabilidad%22%2C%22value%22%3A%2290%22%7D%5D\u00a0\u00bb bgcolor=\u00a0\u00bbbar_turquoise\u00a0\u00bb options=\u00a0\u00bbanimated\u00a0\u00bb units=\u00a0\u00bb%\u00a0\u00bb title=\u00a0\u00bbDANS LES MEILLEURES MAINS\u00a0\u00bb][mk_divider][mk_testimonials title=\u00a0\u00bbCE QUE NOS CLIENTS DISENT DE NOUS\u00a0\u00bb skin=\u00a0\u00bblight\u00a0\u00bb testimonials=\u00a0\u00bb4631, 46, 4853&Prime;][\/vc_column][\/mk_page_section]\n<\/div>","protected":false},"excerpt":{"rendered":"<p>[vc_row][vc_column][vc_column_text][\/vc_column_text][\/vc_column][\/vc_row][vc_row fullwidth=\u00a0\u00bbtrue\u00a0\u00bb padding=\u00a0\u00bb0&Prime;][vc_column visibility=\u00a0\u00bbhidden-sm\u00a0\u00bb][mk_page_title_box page_title=\u00a0\u00bbPROMOTION SP\u00c9CIALE POUR UNE DUR\u00c9E LIMIT\u00c9E\u00a0\u00bb page_subtitle=\u00a0\u00bbProfitez de cette occasion unique\u00a0\u00bb section_height=\u00a0\u00bb500&Prime; bg_image=\u00a0\u00bbhttps:\/\/innovatione.eu\/wp-content\/uploads\/2017\/03\/henry-be-98915-1-e1530267822101.jpg\u00a0\u00bb bg_position=\u00a0\u00bbcenter top\u00a0\u00bb bg_stretch=\u00a0\u00bbtrue\u00a0\u00bb bg_effects=\u00a0\u00bbparallax\u00a0\u00bb font_size=\u00a0\u00bb60&Prime; font_color=\u00a0\u00bb#ffffff\u00a0\u00bb sub_font_size=\u00a0\u00bb26&Prime; sub_font_color=\u00a0\u00bb#ffffff\u00a0\u00bb][mk_divider style=\u00a0\u00bbthin_solid\u00a0\u00bb thickness=\u00a0\u00bb3&Prime; margin_top=\u00a0\u00bb0&Prime; margin_bottom=\u00a0\u00bb0&Prime;][mk_padding_divider size=\u00a0\u00bb80&Prime;][mk_fancy_title tag_name=\u00a0\u00bbh3&Prime; color=\u00a0\u00bb#636363&Prime; size=\u00a0\u00bb26&Prime; font_weight=\u00a0\u00bbbold\u00a0\u00bb txt_transform=\u00a0\u00bbuppercase\u00a0\u00bb letter_spacing=\u00a0\u00bb2&Prime; font_family=\u00a0\u00bbnone\u00a0\u00bb align=\u00a0\u00bbcenter\u00a0\u00bb]APPLIQUER L&rsquo;AGRICULTURE DE PR\u00c9CISION \u00c0 VOS CULTURES \u00c0 UN PRIX IRR\u00c9SISTIBLE[\/mk_fancy_title][mk_fancy_title tag_name=\u00a0\u00bbh3&Prime; color=\u00a0\u00bb#ddc133&Prime; size=\u00a0\u00bb28&Prime; font_weight=\u00a0\u00bbbold\u00a0\u00bb txt_transform=\u00a0\u00bbuppercase\u00a0\u00bb letter_spacing=\u00a0\u00bb2&Prime; font_family=\u00a0\u00bbnone\u00a0\u00bb [&hellip;]<\/p>\n","protected":false},"author":1,"featured_media":0,"parent":0,"menu_order":0,"comment_status":"open","ping_status":"open","template":"","meta":{"_joinchat":[]},"yoast_head":"<!-- This site is optimized with the Yoast SEO plugin v19.4 - https:\/\/yoast.com\/wordpress\/plugins\/seo\/ -->\n<title>Offres pour les amateurs d&#039;agriculture et de jardinage<\/title>\n<meta name=\"description\" content=\"Profitez de l&#039;opportunit\u00e9 unique que nous offrons \u00e0 Innovatione cet hiver et profitez de nos fabuleuses r\u00e9ductions pour le jardinage et l&#039;agriculture.\" \/>\n<meta name=\"robots\" content=\"index, follow, max-snippet:-1, max-image-preview:large, max-video-preview:-1\" \/>\n<link rel=\"canonical\" href=\"https:\/\/innovatione.eu\/fr\/offres\/\" \/>\n<meta property=\"og:locale\" content=\"fr_FR\" \/>\n<meta property=\"og:type\" content=\"article\" \/>\n<meta property=\"og:title\" content=\"Offres pour les amateurs d&#039;agriculture et de jardinage\" \/>\n<meta property=\"og:description\" content=\"Profitez de l&#039;opportunit\u00e9 unique que nous offrons \u00e0 Innovatione cet hiver et profitez de nos fabuleuses r\u00e9ductions pour le jardinage et l&#039;agriculture.\" \/>\n<meta property=\"og:url\" content=\"https:\/\/innovatione.eu\/fr\/offres\/\" \/>\n<meta property=\"og:site_name\" content=\"Innovatione\" \/>\n<meta property=\"article:publisher\" content=\"https:\/\/www.facebook.com\/foodinnovatione\/\" \/>\n<meta property=\"article:modified_time\" content=\"2022-06-17T09:49:08+00:00\" \/>\n<meta name=\"twitter:card\" content=\"summary\" \/>\n<meta name=\"twitter:site\" content=\"@foodinnovatione\" \/>\n<meta name=\"twitter:label1\" content=\"Dur\u00e9e de lecture estim\u00e9e\" \/>\n\t<meta name=\"twitter:data1\" content=\"9 minutes\" \/>\n<script type=\"application\/ld+json\" class=\"yoast-schema-graph\">{\"@context\":\"https:\/\/schema.org\",\"@graph\":[{\"@type\":\"WebSite\",\"@id\":\"https:\/\/innovatione.eu\/fr\/#website\",\"url\":\"https:\/\/innovatione.eu\/fr\/\",\"name\":\"Innovatione\",\"description\":\"P&aacute;gina Oficial\",\"potentialAction\":[{\"@type\":\"SearchAction\",\"target\":{\"@type\":\"EntryPoint\",\"urlTemplate\":\"https:\/\/innovatione.eu\/fr\/?s={search_term_string}\"},\"query-input\":\"required name=search_term_string\"}],\"inLanguage\":\"fr-FR\"},{\"@type\":\"WebPage\",\"@id\":\"https:\/\/innovatione.eu\/fr\/offres\/\",\"url\":\"https:\/\/innovatione.eu\/fr\/offres\/\",\"name\":\"Offres pour les amateurs d'agriculture et de jardinage\",\"isPartOf\":{\"@id\":\"https:\/\/innovatione.eu\/fr\/#website\"},\"datePublished\":\"2014-09-05T09:00:44+00:00\",\"dateModified\":\"2022-06-17T09:49:08+00:00\",\"description\":\"Profitez de l'opportunit\u00e9 unique que nous offrons \u00e0 Innovatione cet hiver et profitez de nos fabuleuses r\u00e9ductions pour le jardinage et l'agriculture.\",\"breadcrumb\":{\"@id\":\"https:\/\/innovatione.eu\/fr\/offres\/#breadcrumb\"},\"inLanguage\":\"fr-FR\",\"potentialAction\":[{\"@type\":\"ReadAction\",\"target\":[\"https:\/\/innovatione.eu\/fr\/offres\/\"]}]},{\"@type\":\"BreadcrumbList\",\"@id\":\"https:\/\/innovatione.eu\/fr\/offres\/#breadcrumb\",\"itemListElement\":[{\"@type\":\"ListItem\",\"position\":1,\"name\":\"Portada\",\"item\":\"https:\/\/innovatione.eu\/fr\/\"},{\"@type\":\"ListItem\",\"position\":2,\"name\":\"Offres\"}]}]}<\/script>\n<!-- \/ Yoast SEO plugin. -->","yoast_head_json":{"title":"Offres pour les amateurs d'agriculture et de jardinage","description":"Profitez de l'opportunit\u00e9 unique que nous offrons \u00e0 Innovatione cet hiver et profitez de nos fabuleuses r\u00e9ductions pour le jardinage et l'agriculture.","robots":{"index":"index","follow":"follow","max-snippet":"max-snippet:-1","max-image-preview":"max-image-preview:large","max-video-preview":"max-video-preview:-1"},"canonical":"https:\/\/innovatione.eu\/fr\/offres\/","og_locale":"fr_FR","og_type":"article","og_title":"Offres pour les amateurs d'agriculture et de jardinage","og_description":"Profitez de l'opportunit\u00e9 unique que nous offrons \u00e0 Innovatione cet hiver et profitez de nos fabuleuses r\u00e9ductions pour le jardinage et l'agriculture.","og_url":"https:\/\/innovatione.eu\/fr\/offres\/","og_site_name":"Innovatione","article_publisher":"https:\/\/www.facebook.com\/foodinnovatione\/","article_modified_time":"2022-06-17T09:49:08+00:00","twitter_card":"summary","twitter_site":"@foodinnovatione","twitter_misc":{"Dur\u00e9e de lecture estim\u00e9e":"9 minutes"},"schema":{"@context":"https:\/\/schema.org","@graph":[{"@type":"WebSite","@id":"https:\/\/innovatione.eu\/fr\/#website","url":"https:\/\/innovatione.eu\/fr\/","name":"Innovatione","description":"P&aacute;gina Oficial","potentialAction":[{"@type":"SearchAction","target":{"@type":"EntryPoint","urlTemplate":"https:\/\/innovatione.eu\/fr\/?s={search_term_string}"},"query-input":"required name=search_term_string"}],"inLanguage":"fr-FR"},{"@type":"WebPage","@id":"https:\/\/innovatione.eu\/fr\/offres\/","url":"https:\/\/innovatione.eu\/fr\/offres\/","name":"Offres pour les amateurs d'agriculture et de jardinage","isPartOf":{"@id":"https:\/\/innovatione.eu\/fr\/#website"},"datePublished":"2014-09-05T09:00:44+00:00","dateModified":"2022-06-17T09:49:08+00:00","description":"Profitez de l'opportunit\u00e9 unique que nous offrons \u00e0 Innovatione cet hiver et profitez de nos fabuleuses r\u00e9ductions pour le jardinage et l'agriculture.","breadcrumb":{"@id":"https:\/\/innovatione.eu\/fr\/offres\/#breadcrumb"},"inLanguage":"fr-FR","potentialAction":[{"@type":"ReadAction","target":["https:\/\/innovatione.eu\/fr\/offres\/"]}]},{"@type":"BreadcrumbList","@id":"https:\/\/innovatione.eu\/fr\/offres\/#breadcrumb","itemListElement":[{"@type":"ListItem","position":1,"name":"Portada","item":"https:\/\/innovatione.eu\/fr\/"},{"@type":"ListItem","position":2,"name":"Offres"}]}]}},"_links":{"self":[{"href":"https:\/\/innovatione.eu\/fr\/wp-json\/wp\/v2\/pages\/7181"}],"collection":[{"href":"https:\/\/innovatione.eu\/fr\/wp-json\/wp\/v2\/pages"}],"about":[{"href":"https:\/\/innovatione.eu\/fr\/wp-json\/wp\/v2\/types\/page"}],"author":[{"embeddable":true,"href":"https:\/\/innovatione.eu\/fr\/wp-json\/wp\/v2\/users\/1"}],"replies":[{"embeddable":true,"href":"https:\/\/innovatione.eu\/fr\/wp-json\/wp\/v2\/comments?post=7181"}],"version-history":[{"count":0,"href":"https:\/\/innovatione.eu\/fr\/wp-json\/wp\/v2\/pages\/7181\/revisions"}],"wp:attachment":[{"href":"https:\/\/innovatione.eu\/fr\/wp-json\/wp\/v2\/media?parent=7181"}],"curies":[{"name":"wp","href":"https:\/\/api.w.org\/{rel}","templated":true}]}}