{"id":7178,"date":"2019-04-24T08:11:01","date_gmt":"2019-04-24T07:11:01","guid":{"rendered":"https:\/\/innovatione.eu\/recherche-et-developpement\/"},"modified":"2022-06-16T10:14:11","modified_gmt":"2022-06-16T09:14:11","slug":"recherche-et-developpement","status":"publish","type":"page","link":"https:\/\/innovatione.eu\/fr\/recherche-et-developpement\/","title":{"rendered":"Recherche et d\u00e9veloppement"},"content":{"rendered":"<div class=\"wpb-content-wrapper\">[vc_row fullwidth=\u00a0\u00bbtrue\u00a0\u00bb padding=\u00a0\u00bb0&Prime;][vc_column visibility=\u00a0\u00bbhidden-sm\u00a0\u00bb][mk_page_title_box page_title=\u00a0\u00bbRECHERCHE ET D\u00c9VELOPPEMENT\u00a0\u00bb page_subtitle=\u00a0\u00bbQue faisons-nous ?\u00a0\u00bb section_height=\u00a0\u00bb500&Prime; bg_image=\u00a0\u00bbhttps:\/\/innovatione.eu\/wp-content\/uploads\/2017\/03\/gaetano-cessati-128379-e1545070615654.jpg\u00a0\u00bb bg_position=\u00a0\u00bbcenter top\u00a0\u00bb bg_stretch=\u00a0\u00bbtrue\u00a0\u00bb overlay=\u00a0\u00bbrgba(10,10,10,0.4)\u00a0\u00bb bg_effects=\u00a0\u00bbparallax\u00a0\u00bb font_size=\u00a0\u00bb60&Prime; font_color=\u00a0\u00bb#ffffff\u00a0\u00bb sub_font_size=\u00a0\u00bb26&Prime; sub_font_color=\u00a0\u00bb#ffffff\u00a0\u00bb][mk_divider style=\u00a0\u00bbthin_solid\u00a0\u00bb thickness=\u00a0\u00bb3&Prime; margin_top=\u00a0\u00bb0&Prime; margin_bottom=\u00a0\u00bb0&Prime;][mk_padding_divider size=\u00a0\u00bb80&Prime;][\/vc_column][\/vc_row][vc_row fullwidth=\u00a0\u00bbtrue\u00a0\u00bb padding=\u00a0\u00bb0&Prime;][vc_column visibility=\u00a0\u00bbvisible-sm\u00a0\u00bb][mk_page_title_box page_title=\u00a0\u00bbRECHERCHE ET D\u00c9VELOPPEMENT\u00a0\u00bb page_subtitle=\u00a0\u00bbQue faisons-nous ?\u00a0\u00bb section_height=\u00a0\u00bb500&Prime; bg_image=\u00a0\u00bbhttps:\/\/innovatione.eu\/wp-content\/uploads\/2014\/09\/gaetano-cessati-128379-e1510246777391.jpg\u00a0\u00bb bg_position=\u00a0\u00bbcenter top\u00a0\u00bb bg_stretch=\u00a0\u00bbtrue\u00a0\u00bb overlay=\u00a0\u00bbrgba(10,10,10,0.4)\u00a0\u00bb bg_effects=\u00a0\u00bbparallax\u00a0\u00bb font_size=\u00a0\u00bb42&Prime; font_color=\u00a0\u00bb#ffffff\u00a0\u00bb sub_font_size=\u00a0\u00bb26&Prime; sub_font_color=\u00a0\u00bb#ffffff\u00a0\u00bb][mk_divider style=\u00a0\u00bbthin_solid\u00a0\u00bb thickness=\u00a0\u00bb3&Prime; margin_top=\u00a0\u00bb0&Prime; margin_bottom=\u00a0\u00bb0&Prime;][mk_padding_divider size=\u00a0\u00bb80&Prime;][\/vc_column][\/vc_row][vc_row][vc_column][mk_fancy_title color=\u00a0\u00bb#00afec\u00a0\u00bb size=\u00a0\u00bb44&Prime; font_weight=\u00a0\u00bb300&Prime; txt_transform=\u00a0\u00bbuppercase\u00a0\u00bb letter_spacing=\u00a0\u00bb1&Prime; margin_bottom=\u00a0\u00bb25&Prime; font_family=\u00a0\u00bbnone\u00a0\u00bb align=\u00a0\u00bbcenter\u00a0\u00bb]PROJETS EN COURS DE D\u00c9VELOPPEMENT[\/mk_fancy_title][mk_image src=\u00a0\u00bbhttps:\/\/innovatione.eu\/wp-content\/uploads\/2019\/04\/39462497880_d52234c949_b-e1557392113748.jpg\u00a0\u00bb image_size=\u00a0\u00bbmedium\u00a0\u00bb group=\u00a0\u00bb_general\u00a0\u00bb align=\u00a0\u00bbcenter\u00a0\u00bb margin_bottom=\u00a0\u00bb0&Prime;][mk_fancy_title color=\u00a0\u00bb#393836&Prime; size=\u00a0\u00bb20&Prime; font_weight=\u00a0\u00bb300&Prime; txt_transform=\u00a0\u00bbuppercase\u00a0\u00bb letter_spacing=\u00a0\u00bb1&Prime; margin_bottom=\u00a0\u00bb25&Prime; font_family=\u00a0\u00bbnone\u00a0\u00bb align=\u00a0\u00bbcenter\u00a0\u00bb]UTILISATION DE PRATIQUES AGRICOLES BIOLOGIQUES CERTIFI\u00c9ES COMME M\u00c9THODE DE CONSERVATION ET DE GESTION DU PAYSAGE DE L&rsquo;\u00c9COSYST\u00c8ME DEHESA.[\/mk_fancy_title][vc_column_text]Collaboration au projet \u00ab\u00a0Utilisation de pratiques agricoles certifi\u00e9es en agriculture biologique comme m\u00e9thode de conservation et de gestion du paysage de l&rsquo;\u00e9cosyst\u00e8me de Dehesa\u00a0\u00bb financ\u00e9 par la Diputaci\u00f3n de Salamanca. Contribution directe \u00e0 la recherche et au d\u00e9veloppement de technologies et de dispositifs pour le projet et leur mise en \u0153uvre ult\u00e9rieure.[\/vc_column_text][mk_padding_divider][\/vc_column][\/vc_row][vc_row][vc_column width=\u00a0\u00bb1\/3&Prime;][mk_image src=\u00a0\u00bbhttps:\/\/innovatione.eu\/wp-content\/uploads\/2019\/04\/IMG_20190321_115414-e1557482626761.jpg\u00a0\u00bb group=\u00a0\u00bb_general\u00a0\u00bb margin_bottom=\u00a0\u00bb0&Prime; animation=\u00a0\u00bbright-to-left\u00a0\u00bb][\/vc_column][vc_column width=\u00a0\u00bb1\/3&Prime;][mk_image src=\u00a0\u00bbhttps:\/\/innovatione.eu\/wp-content\/uploads\/2019\/04\/IMG_20190321_113350-e1557478145202.jpg\u00a0\u00bb group=\u00a0\u00bb_general\u00a0\u00bb margin_bottom=\u00a0\u00bb0&Prime; animation=\u00a0\u00bbright-to-left\u00a0\u00bb][\/vc_column][vc_column width=\u00a0\u00bb1\/3&Prime;][mk_image src=\u00a0\u00bbhttps:\/\/innovatione.eu\/wp-content\/uploads\/2019\/04\/IMG_20190321_115903-e1557944444238.jpg\u00a0\u00bb group=\u00a0\u00bb_general\u00a0\u00bb margin_bottom=\u00a0\u00bb0&Prime; animation=\u00a0\u00bbright-to-left\u00a0\u00bb][\/vc_column][\/vc_row][vc_row][vc_column][mk_padding_divider size=\u00a0\u00bb60&Prime;][\/vc_column][\/vc_row][vc_row][vc_column width=\u00a0\u00bb1\/2&Prime;][mk_padding_divider][mk_fancy_title color=\u00a0\u00bb#393836&Prime; size=\u00a0\u00bb22&Prime; txt_transform=\u00a0\u00bbuppercase\u00a0\u00bb letter_spacing=\u00a0\u00bb1&Prime; margin_bottom=\u00a0\u00bb25&Prime; font_family=\u00a0\u00bbnone\u00a0\u00bb]MISE EN \u0152UVRE D&rsquo;UN COMPLEXE AGRO-\u00c9COLOGIQUE \u00c0 RETORTILLO[\/mk_fancy_title][vc_column_text]R\u00e9cup\u00e9ration des vari\u00e9t\u00e9s indig\u00e8nes et mise en \u0153uvre de m\u00e9thodes de production durables. Les vari\u00e9t\u00e9s dites minoritaires sont en danger d&rsquo;extinction, mais elles peuvent offrir et offrent effectivement de nombreuses possibilit\u00e9s au secteur agricole. Ce projet vise \u00e0 r\u00e9cup\u00e9rer et conserver, \u00e9valuer, caract\u00e9riser et documenter le patrimoine vari\u00e9tal.[\/vc_column_text][\/vc_column][vc_column width=\u00a0\u00bb1\/2&Prime;][mk_image src=\u00a0\u00bbhttps:\/\/innovatione.eu\/wp-content\/uploads\/2019\/04\/IMG_20180904_151356-e1557483504292.jpg\u00a0\u00bb group=\u00a0\u00bb_general\u00a0\u00bb margin_bottom=\u00a0\u00bb0&Prime; animation=\u00a0\u00bbright-to-left\u00a0\u00bb][\/vc_column][\/vc_row][vc_row][vc_column][mk_padding_divider][\/vc_column][\/vc_row][vc_row][vc_column width=\u00a0\u00bb1\/2&Prime;][mk_image src=\u00a0\u00bbhttps:\/\/innovatione.eu\/wp-content\/uploads\/2019\/04\/IMG_20190325_140755-e1557478330758.jpg\u00a0\u00bb group=\u00a0\u00bb_general\u00a0\u00bb margin_bottom=\u00a0\u00bb0&Prime; animation=\u00a0\u00bbright-to-left\u00a0\u00bb][mk_padding_divider][mk_image src=\u00a0\u00bbhttps:\/\/innovatione.eu\/wp-content\/uploads\/2019\/04\/IMG_20190325_135822-e1557944932654.jpg\u00a0\u00bb group=\u00a0\u00bb_general\u00a0\u00bb margin_bottom=\u00a0\u00bb0&Prime; animation=\u00a0\u00bbright-to-left\u00a0\u00bb][\/vc_column][vc_column width=\u00a0\u00bb1\/2&Prime;][mk_padding_divider][mk_fancy_title color=\u00a0\u00bb#393836&Prime; size=\u00a0\u00bb22&Prime; txt_transform=\u00a0\u00bbuppercase\u00a0\u00bb letter_spacing=\u00a0\u00bb1&Prime; margin_bottom=\u00a0\u00bb25&Prime; font_family=\u00a0\u00bbnone\u00a0\u00bb]R\u00c9CUP\u00c9RATION DES VARI\u00c9T\u00c9S AUTOCHTONES DANS LES VIGNOBLES DE LA ZONE DES ARRIBES DEL DUERO[\/mk_fancy_title][vc_column_text]Nouvelle plantation de vignes r\u00e9alis\u00e9e \u00e0 San Felices de los Gallegos, dans l&rsquo;appellation d&rsquo;origine Arribes del Duero. Pour la multiplication des vari\u00e9t\u00e9s, l&rsquo;Institut agricole de Castilla y Le\u00f3n a collabor\u00e9 au projet.[\/vc_column_text][\/vc_column][\/vc_row][vc_row][vc_column][mk_padding_divider][\/vc_column][\/vc_row][vc_row][vc_column width=\u00a0\u00bb1\/2&Prime;][mk_padding_divider][mk_fancy_title color=\u00a0\u00bb#393836&Prime; size=\u00a0\u00bb22&Prime; txt_transform=\u00a0\u00bbuppercase\u00a0\u00bb letter_spacing=\u00a0\u00bb1&Prime; margin_bottom=\u00a0\u00bb25&Prime; font_family=\u00a0\u00bbnone\u00a0\u00bb]CONTR\u00d4LE DE LA V\u00c9G\u00c9TATION ADVENTICE POUR LE POIS CHICHE PEDROSILLO[\/mk_fancy_title][vc_column_text]Asesoramiento dentro del \u00e1mbito del control de especies adventicias en\u00a0tres fincas de cultivo de garbanzo, en base a los resultados obtenidos mediante teledetecci\u00f3n con drones, cuya informaci\u00f3n permite tomar decisiones con una mayor precisi\u00f3n, con el fin de optimizar el rendimiento de los diferentes cultivos.[\/vc_column_text][\/vc_column][vc_column width=\u00a0\u00bb1\/2&Prime;][mk_image src=\u00a0\u00bbhttps:\/\/innovatione.eu\/wp-content\/uploads\/2019\/04\/IMG_20190513_124937-e1557945462492.jpg\u00a0\u00bb group=\u00a0\u00bb_general\u00a0\u00bb margin_bottom=\u00a0\u00bb0&Prime; animation=\u00a0\u00bbright-to-left\u00a0\u00bb][mk_padding_divider][mk_image src=\u00a0\u00bbhttps:\/\/innovatione.eu\/wp-content\/uploads\/2019\/04\/IMG_20190513_125204-e1557945501106.jpg\u00a0\u00bb group=\u00a0\u00bb_general\u00a0\u00bb margin_bottom=\u00a0\u00bb0&Prime; animation=\u00a0\u00bbright-to-left\u00a0\u00bb][\/vc_column][\/vc_row][vc_row][vc_column][mk_padding_divider][\/vc_column][vc_column width=\u00a0\u00bb1\/2&Prime;][mk_image src=\u00a0\u00bbhttps:\/\/innovatione.eu\/wp-content\/uploads\/2019\/04\/15240008498_1c23f56dee_o.jpg\u00a0\u00bb group=\u00a0\u00bb_general\u00a0\u00bb margin_bottom=\u00a0\u00bb0&Prime; animation=\u00a0\u00bbright-to-left\u00a0\u00bb][mk_padding_divider][\/vc_column][vc_column width=\u00a0\u00bb1\/2&Prime;][mk_fancy_title color=\u00a0\u00bb#393836&Prime; size=\u00a0\u00bb22&Prime; txt_transform=\u00a0\u00bbuppercase\u00a0\u00bb letter_spacing=\u00a0\u00bb1&Prime; margin_bottom=\u00a0\u00bb25&Prime; font_family=\u00a0\u00bbnone\u00a0\u00bb]PROYECTO DE RIEGO EN MURCIA[\/mk_fancy_title][vc_column_text]Mise en place d&rsquo;un syst\u00e8me d&rsquo;irrigation goutte \u00e0 goutte dans une serre de Murcia, qui a \u00e9t\u00e9 divis\u00e9e en quatre secteurs.<\/p>\n[\/vc_column_text][\/vc_column][\/vc_row][vc_row][vc_column width=\u00a0\u00bb1\/2&Prime;][mk_fancy_title color=\u00a0\u00bb#393836&Prime; size=\u00a0\u00bb22&Prime; txt_transform=\u00a0\u00bbuppercase\u00a0\u00bb letter_spacing=\u00a0\u00bb1&Prime; margin_bottom=\u00a0\u00bb25&Prime; font_family=\u00a0\u00bbnone\u00a0\u00bb]FERME D&rsquo;EM\u00daES[\/mk_fancy_title][vc_column_text]Pr\u00e9paration d&rsquo;une \u00e9tude \u00e9conomique et de faisabilit\u00e9 pour l&rsquo;\u00e9tablissement d&rsquo;une ferme d&rsquo;\u00e9meus en Cantabrie. Nous d\u00e9veloppons actuellement le projet de mise en \u0153uvre et le traitement des subventions et de l&rsquo;incorporation.[\/vc_column_text][mk_padding_divider][\/vc_column][vc_column width=\u00a0\u00bb1\/2&Prime;][mk_image src=\u00a0\u00bbhttps:\/\/innovatione.eu\/wp-content\/uploads\/2019\/04\/bouquet-3668046_1920.jpg\u00a0\u00bb group=\u00a0\u00bb_general\u00a0\u00bb margin_bottom=\u00a0\u00bb0&Prime; animation=\u00a0\u00bbright-to-left\u00a0\u00bb][\/vc_column][\/vc_row][vc_row][vc_column][mk_padding_divider][\/vc_column][\/vc_row]\n<\/div>","protected":false},"excerpt":{"rendered":"<p>[vc_row fullwidth=\u00a0\u00bbtrue\u00a0\u00bb padding=\u00a0\u00bb0&Prime;][vc_column visibility=\u00a0\u00bbhidden-sm\u00a0\u00bb][mk_page_title_box page_title=\u00a0\u00bbRECHERCHE ET D\u00c9VELOPPEMENT\u00a0\u00bb page_subtitle=\u00a0\u00bbQue faisons-nous ?\u00a0\u00bb section_height=\u00a0\u00bb500&Prime; bg_image=\u00a0\u00bbhttps:\/\/innovatione.eu\/wp-content\/uploads\/2017\/03\/gaetano-cessati-128379-e1545070615654.jpg\u00a0\u00bb bg_position=\u00a0\u00bbcenter top\u00a0\u00bb bg_stretch=\u00a0\u00bbtrue\u00a0\u00bb overlay=\u00a0\u00bbrgba(10,10,10,0.4)\u00a0\u00bb bg_effects=\u00a0\u00bbparallax\u00a0\u00bb font_size=\u00a0\u00bb60&Prime; font_color=\u00a0\u00bb#ffffff\u00a0\u00bb sub_font_size=\u00a0\u00bb26&Prime; sub_font_color=\u00a0\u00bb#ffffff\u00a0\u00bb][mk_divider style=\u00a0\u00bbthin_solid\u00a0\u00bb thickness=\u00a0\u00bb3&Prime; margin_top=\u00a0\u00bb0&Prime; margin_bottom=\u00a0\u00bb0&Prime;][mk_padding_divider size=\u00a0\u00bb80&Prime;][\/vc_column][\/vc_row][vc_row fullwidth=\u00a0\u00bbtrue\u00a0\u00bb padding=\u00a0\u00bb0&Prime;][vc_column visibility=\u00a0\u00bbvisible-sm\u00a0\u00bb][mk_page_title_box page_title=\u00a0\u00bbRECHERCHE ET D\u00c9VELOPPEMENT\u00a0\u00bb page_subtitle=\u00a0\u00bbQue faisons-nous ?\u00a0\u00bb section_height=\u00a0\u00bb500&Prime; bg_image=\u00a0\u00bbhttps:\/\/innovatione.eu\/wp-content\/uploads\/2014\/09\/gaetano-cessati-128379-e1510246777391.jpg\u00a0\u00bb bg_position=\u00a0\u00bbcenter top\u00a0\u00bb bg_stretch=\u00a0\u00bbtrue\u00a0\u00bb overlay=\u00a0\u00bbrgba(10,10,10,0.4)\u00a0\u00bb bg_effects=\u00a0\u00bbparallax\u00a0\u00bb font_size=\u00a0\u00bb42&Prime; font_color=\u00a0\u00bb#ffffff\u00a0\u00bb sub_font_size=\u00a0\u00bb26&Prime; sub_font_color=\u00a0\u00bb#ffffff\u00a0\u00bb][mk_divider style=\u00a0\u00bbthin_solid\u00a0\u00bb thickness=\u00a0\u00bb3&Prime; margin_top=\u00a0\u00bb0&Prime; margin_bottom=\u00a0\u00bb0&Prime;][mk_padding_divider size=\u00a0\u00bb80&Prime;][\/vc_column][\/vc_row][vc_row][vc_column][mk_fancy_title color=\u00a0\u00bb#00afec\u00a0\u00bb size=\u00a0\u00bb44&Prime; font_weight=\u00a0\u00bb300&Prime; txt_transform=\u00a0\u00bbuppercase\u00a0\u00bb [&hellip;]<\/p>\n","protected":false},"author":1,"featured_media":0,"parent":0,"menu_order":0,"comment_status":"open","ping_status":"open","template":"","meta":{"_joinchat":[]},"yoast_head":"<!-- This site is optimized with the Yoast SEO plugin v19.4 - https:\/\/yoast.com\/wordpress\/plugins\/seo\/ -->\n<title>Recherche et d\u00e9veloppement de nouveaux projets agricoles<\/title>\n<meta name=\"description\" content=\"Chez Innovatione, nous disposons d&#039;un espace de recherche et d\u00e9veloppement, sp\u00e9cialement cr\u00e9\u00e9 pour les projets innovants. Nous contribuons au d\u00e9veloppement de l&#039;agri\" \/>\n<meta name=\"robots\" content=\"index, follow, max-snippet:-1, max-image-preview:large, max-video-preview:-1\" \/>\n<link rel=\"canonical\" href=\"https:\/\/innovatione.eu\/fr\/recherche-et-developpement\/\" \/>\n<meta property=\"og:locale\" content=\"fr_FR\" \/>\n<meta property=\"og:type\" content=\"article\" \/>\n<meta property=\"og:title\" content=\"Recherche et d\u00e9veloppement de nouveaux projets agricoles\" \/>\n<meta property=\"og:description\" content=\"Chez Innovatione, nous disposons d&#039;un espace de recherche et d\u00e9veloppement, sp\u00e9cialement cr\u00e9\u00e9 pour les projets innovants. Nous contribuons au d\u00e9veloppement de l&#039;agri\" \/>\n<meta property=\"og:url\" content=\"https:\/\/innovatione.eu\/fr\/recherche-et-developpement\/\" \/>\n<meta property=\"og:site_name\" content=\"Innovatione\" \/>\n<meta property=\"article:publisher\" content=\"https:\/\/www.facebook.com\/foodinnovatione\/\" \/>\n<meta property=\"article:modified_time\" content=\"2022-06-16T09:14:11+00:00\" \/>\n<meta name=\"twitter:card\" content=\"summary\" \/>\n<meta name=\"twitter:site\" content=\"@foodinnovatione\" \/>\n<meta name=\"twitter:label1\" content=\"Dur\u00e9e de lecture estim\u00e9e\" \/>\n\t<meta name=\"twitter:data1\" content=\"5 minutes\" \/>\n<script type=\"application\/ld+json\" class=\"yoast-schema-graph\">{\"@context\":\"https:\/\/schema.org\",\"@graph\":[{\"@type\":\"WebSite\",\"@id\":\"https:\/\/innovatione.eu\/fr\/#website\",\"url\":\"https:\/\/innovatione.eu\/fr\/\",\"name\":\"Innovatione\",\"description\":\"P&aacute;gina Oficial\",\"potentialAction\":[{\"@type\":\"SearchAction\",\"target\":{\"@type\":\"EntryPoint\",\"urlTemplate\":\"https:\/\/innovatione.eu\/fr\/?s={search_term_string}\"},\"query-input\":\"required name=search_term_string\"}],\"inLanguage\":\"fr-FR\"},{\"@type\":\"WebPage\",\"@id\":\"https:\/\/innovatione.eu\/fr\/recherche-et-developpement\/\",\"url\":\"https:\/\/innovatione.eu\/fr\/recherche-et-developpement\/\",\"name\":\"Recherche et d\u00e9veloppement de nouveaux projets agricoles\",\"isPartOf\":{\"@id\":\"https:\/\/innovatione.eu\/fr\/#website\"},\"datePublished\":\"2019-04-24T07:11:01+00:00\",\"dateModified\":\"2022-06-16T09:14:11+00:00\",\"description\":\"Chez Innovatione, nous disposons d'un espace de recherche et d\u00e9veloppement, sp\u00e9cialement cr\u00e9\u00e9 pour les projets innovants. Nous contribuons au d\u00e9veloppement de l'agri\",\"breadcrumb\":{\"@id\":\"https:\/\/innovatione.eu\/fr\/recherche-et-developpement\/#breadcrumb\"},\"inLanguage\":\"fr-FR\",\"potentialAction\":[{\"@type\":\"ReadAction\",\"target\":[\"https:\/\/innovatione.eu\/fr\/recherche-et-developpement\/\"]}]},{\"@type\":\"BreadcrumbList\",\"@id\":\"https:\/\/innovatione.eu\/fr\/recherche-et-developpement\/#breadcrumb\",\"itemListElement\":[{\"@type\":\"ListItem\",\"position\":1,\"name\":\"Portada\",\"item\":\"https:\/\/innovatione.eu\/fr\/\"},{\"@type\":\"ListItem\",\"position\":2,\"name\":\"Recherche et d\u00e9veloppement\"}]}]}<\/script>\n<!-- \/ Yoast SEO plugin. -->","yoast_head_json":{"title":"Recherche et d\u00e9veloppement de nouveaux projets agricoles","description":"Chez Innovatione, nous disposons d'un espace de recherche et d\u00e9veloppement, sp\u00e9cialement cr\u00e9\u00e9 pour les projets innovants. Nous contribuons au d\u00e9veloppement de l'agri","robots":{"index":"index","follow":"follow","max-snippet":"max-snippet:-1","max-image-preview":"max-image-preview:large","max-video-preview":"max-video-preview:-1"},"canonical":"https:\/\/innovatione.eu\/fr\/recherche-et-developpement\/","og_locale":"fr_FR","og_type":"article","og_title":"Recherche et d\u00e9veloppement de nouveaux projets agricoles","og_description":"Chez Innovatione, nous disposons d'un espace de recherche et d\u00e9veloppement, sp\u00e9cialement cr\u00e9\u00e9 pour les projets innovants. Nous contribuons au d\u00e9veloppement de l'agri","og_url":"https:\/\/innovatione.eu\/fr\/recherche-et-developpement\/","og_site_name":"Innovatione","article_publisher":"https:\/\/www.facebook.com\/foodinnovatione\/","article_modified_time":"2022-06-16T09:14:11+00:00","twitter_card":"summary","twitter_site":"@foodinnovatione","twitter_misc":{"Dur\u00e9e de lecture estim\u00e9e":"5 minutes"},"schema":{"@context":"https:\/\/schema.org","@graph":[{"@type":"WebSite","@id":"https:\/\/innovatione.eu\/fr\/#website","url":"https:\/\/innovatione.eu\/fr\/","name":"Innovatione","description":"P&aacute;gina Oficial","potentialAction":[{"@type":"SearchAction","target":{"@type":"EntryPoint","urlTemplate":"https:\/\/innovatione.eu\/fr\/?s={search_term_string}"},"query-input":"required name=search_term_string"}],"inLanguage":"fr-FR"},{"@type":"WebPage","@id":"https:\/\/innovatione.eu\/fr\/recherche-et-developpement\/","url":"https:\/\/innovatione.eu\/fr\/recherche-et-developpement\/","name":"Recherche et d\u00e9veloppement de nouveaux projets agricoles","isPartOf":{"@id":"https:\/\/innovatione.eu\/fr\/#website"},"datePublished":"2019-04-24T07:11:01+00:00","dateModified":"2022-06-16T09:14:11+00:00","description":"Chez Innovatione, nous disposons d'un espace de recherche et d\u00e9veloppement, sp\u00e9cialement cr\u00e9\u00e9 pour les projets innovants. Nous contribuons au d\u00e9veloppement de l'agri","breadcrumb":{"@id":"https:\/\/innovatione.eu\/fr\/recherche-et-developpement\/#breadcrumb"},"inLanguage":"fr-FR","potentialAction":[{"@type":"ReadAction","target":["https:\/\/innovatione.eu\/fr\/recherche-et-developpement\/"]}]},{"@type":"BreadcrumbList","@id":"https:\/\/innovatione.eu\/fr\/recherche-et-developpement\/#breadcrumb","itemListElement":[{"@type":"ListItem","position":1,"name":"Portada","item":"https:\/\/innovatione.eu\/fr\/"},{"@type":"ListItem","position":2,"name":"Recherche et d\u00e9veloppement"}]}]}},"_links":{"self":[{"href":"https:\/\/innovatione.eu\/fr\/wp-json\/wp\/v2\/pages\/7178"}],"collection":[{"href":"https:\/\/innovatione.eu\/fr\/wp-json\/wp\/v2\/pages"}],"about":[{"href":"https:\/\/innovatione.eu\/fr\/wp-json\/wp\/v2\/types\/page"}],"author":[{"embeddable":true,"href":"https:\/\/innovatione.eu\/fr\/wp-json\/wp\/v2\/users\/1"}],"replies":[{"embeddable":true,"href":"https:\/\/innovatione.eu\/fr\/wp-json\/wp\/v2\/comments?post=7178"}],"version-history":[{"count":0,"href":"https:\/\/innovatione.eu\/fr\/wp-json\/wp\/v2\/pages\/7178\/revisions"}],"wp:attachment":[{"href":"https:\/\/innovatione.eu\/fr\/wp-json\/wp\/v2\/media?parent=7178"}],"curies":[{"name":"wp","href":"https:\/\/api.w.org\/{rel}","templated":true}]}}