{"id":7175,"date":"2022-03-09T11:25:01","date_gmt":"2022-03-09T10:25:01","guid":{"rendered":"https:\/\/innovatione.eu\/internationalisation\/"},"modified":"2022-06-16T10:00:47","modified_gmt":"2022-06-16T09:00:47","slug":"internationalisation","status":"publish","type":"page","link":"https:\/\/innovatione.eu\/fr\/internationalisation\/","title":{"rendered":"Internationalisation"},"content":{"rendered":"<div class=\"wpb-content-wrapper\">[vc_row fullwidth=\u00a0\u00bbtrue\u00a0\u00bb][vc_column][mk_page_title_box page_title=\u00a0\u00bbINTERNATIONALISATION ET INNOVATION DANS LE SECTEUR AGRICOLE\u00a0\u00bb section_height=\u00a0\u00bb500&Prime; bg_image=\u00a0\u00bbhttps:\/\/innovatione.eu\/wp-content\/uploads\/2022\/06\/innovaciont.jpg\u00a0\u00bb bg_position=\u00a0\u00bbcenter top\u00a0\u00bb bg_stretch=\u00a0\u00bbtrue\u00a0\u00bb bg_effects=\u00a0\u00bbparallax\u00a0\u00bb font_size=\u00a0\u00bb60&Prime; font_color=\u00a0\u00bb#ffffff\u00a0\u00bb sub_font_size=\u00a0\u00bb26&Prime;][mk_divider style=\u00a0\u00bbthick_solid\u00a0\u00bb margin_top=\u00a0\u00bb3&Prime; margin_bottom=\u00a0\u00bb0&Prime;][mk_padding_divider size=\u00a0\u00bb80&Prime;][\/vc_column][\/vc_row][vc_row][vc_column width=\u00a0\u00bb1\/2&Prime;][mk_fancy_title size=\u00a0\u00bb22&Prime; txt_transform=\u00a0\u00bbuppercase\u00a0\u00bb letter_spacing=\u00a0\u00bb1&Prime; margin_bottom=\u00a0\u00bb25&Prime; font_family=\u00a0\u00bbnone\u00a0\u00bb]L&rsquo;\u00e9tat actuel de l&rsquo;internationalisation et de l&rsquo;innovation agricoles.<br \/>\n[\/mk_fancy_title][vc_column_text css=\u00a0\u00bb.vc_custom_1655275815872{margin-bottom: 0px !important;}\u00a0\u00bb]En termes d&rsquo;internationalisation et d&rsquo;innovation agricoles, l&rsquo;Espagne est l&rsquo;un des principaux exportateurs agricoles du monde gr\u00e2ce \u00e0 sa tradition agricole profond\u00e9ment ancr\u00e9e, notamment dans le domaine des fruits et l\u00e9gumes.[\/vc_column_text][\/vc_column][vc_column width=\u00a0\u00bb1\/2&Prime;][mk_image src=\u00a0\u00bbhttps:\/\/innovatione.eu\/wp-content\/uploads\/2022\/06\/innovatione-agrariot.jpg\u00a0\u00bb group=\u00a0\u00bb_general\u00a0\u00bb margin_bottom=\u00a0\u00bb0&Prime; animation=\u00a0\u00bbright-to-left\u00a0\u00bb][\/vc_column][\/vc_row][vc_row][vc_column][mk_padding_divider size=\u00a0\u00bb60&Prime;][\/vc_column][\/vc_row][vc_row][vc_column width=\u00a0\u00bb1\/2&Prime;][mk_image src=\u00a0\u00bbhttps:\/\/innovatione.eu\/wp-content\/uploads\/2022\/06\/innovatione-agrario2.jpg\u00a0\u00bb group=\u00a0\u00bb_general\u00a0\u00bb margin_bottom=\u00a0\u00bb0&Prime; visibility=\u00a0\u00bbhidden-sm\u00a0\u00bb animation=\u00a0\u00bbright-to-left\u00a0\u00bb][\/vc_column][vc_column width=\u00a0\u00bb1\/2&Prime;][mk_fancy_title size=\u00a0\u00bb22&Prime; txt_transform=\u00a0\u00bbuppercase\u00a0\u00bb letter_spacing=\u00a0\u00bb1&Prime; margin_bottom=\u00a0\u00bb25&Prime; font_family=\u00a0\u00bbnone\u00a0\u00bb]Entreprises espagnoles du secteur[\/mk_fancy_title][vc_column_text css=\u00a0\u00bb.vc_custom_1655275841029{margin-bottom: 0px !important;}\u00a0\u00bb]Certaines des principales entreprises de technologie agricole sont situ\u00e9es dans des r\u00e9gions telles que <strong>La Rioja, Murcie et Almeria<\/strong>, cette derni\u00e8re \u00e9tant l&rsquo;une des r\u00e9gions les plus pr\u00e9sentes \u00e0 l&rsquo;\u00e9tranger en raison du commerce ext\u00e9rieur de ses produits.[\/vc_column_text][mk_image src=\u00a0\u00bbhttps:\/\/innovatione.eu\/wp-content\/uploads\/2022\/06\/innovatione-agrario2.jpg\u00a0\u00bb group=\u00a0\u00bb_general\u00a0\u00bb margin_bottom=\u00a0\u00bb0&Prime; visibility=\u00a0\u00bbvisible-sm\u00a0\u00bb animation=\u00a0\u00bbright-to-left\u00a0\u00bb][\/vc_column][\/vc_row][vc_row][vc_column][mk_padding_divider size=\u00a0\u00bb60&Prime;][\/vc_column][\/vc_row][vc_row][vc_column width=\u00a0\u00bb1\/2&Prime;][mk_fancy_title size=\u00a0\u00bb22&Prime; txt_transform=\u00a0\u00bbuppercase\u00a0\u00bb letter_spacing=\u00a0\u00bb1&Prime; margin_bottom=\u00a0\u00bb25&Prime; font_family=\u00a0\u00bbnone\u00a0\u00bb]Smart Agro[\/mk_fancy_title][vc_column_text css=\u00a0\u00bb.vc_custom_1655275863074{margin-bottom: 0px !important;}\u00a0\u00bb]La technologie Smart Agro consiste en un ensemble de syst\u00e8mes d&rsquo;intelligence artificielle, d&rsquo;information et de communication qui contribuent \u00e0 rendre la gestion des exploitations agricoles plus simple, plus efficace et plus rentable.[\/vc_column_text][\/vc_column][vc_column width=\u00a0\u00bb1\/2&Prime;][mk_image src=\u00a0\u00bbhttps:\/\/innovatione.eu\/wp-content\/uploads\/2022\/06\/innovatione-agrario-tecnologico.jpg\u00a0\u00bb group=\u00a0\u00bb_general\u00a0\u00bb margin_bottom=\u00a0\u00bb0&Prime; animation=\u00a0\u00bbright-to-left\u00a0\u00bb][\/vc_column][\/vc_row][vc_row][vc_column][mk_padding_divider size=\u00a0\u00bb60&Prime;][\/vc_column][\/vc_row][vc_row][vc_column width=\u00a0\u00bb1\/2&Prime;][mk_image src=\u00a0\u00bbhttps:\/\/innovatione.eu\/wp-content\/uploads\/2022\/06\/innovatione-agrario-tractor.jpg\u00a0\u00bb group=\u00a0\u00bb_general\u00a0\u00bb margin_bottom=\u00a0\u00bb0&Prime; visibility=\u00a0\u00bbhidden-sm\u00a0\u00bb animation=\u00a0\u00bbright-to-left\u00a0\u00bb][\/vc_column][vc_column width=\u00a0\u00bb1\/2&Prime;][mk_fancy_title size=\u00a0\u00bb22&Prime; txt_transform=\u00a0\u00bbuppercase\u00a0\u00bb letter_spacing=\u00a0\u00bb1&Prime; margin_bottom=\u00a0\u00bb25&Prime; font_family=\u00a0\u00bbnone\u00a0\u00bb]Avantages de la technologie Smart Agro[\/mk_fancy_title][vc_column_text css=\u00a0\u00bb.vc_custom_1655275884699{margin-bottom: 0px !important;}\u00a0\u00bb]L&rsquo;utilisation de la <strong>technologie Smart Agro<\/strong> ou \u00ab\u00a0agriculture intelligente\u00a0\u00bb pr\u00e9sente de nombreux avantages :<br \/>\n&#8211; <strong>Am\u00e9lioration des pr\u00e9visions<\/strong> de r\u00e9colte gr\u00e2ce aux syst\u00e8mes d&rsquo;information g\u00e9ographique.<br \/>\n&#8211; Am\u00e9lioration de la connaissance des sols et de la productivit\u00e9 des r\u00e9coltes.<br \/>\n&#8211; Obtenir des r\u00e9coltes de meilleure qualit\u00e9.<br \/>\n&#8211; Facilit\u00e9 d&rsquo;exploitation et de gestion des exploitations.<br \/>\n&#8211; <strong>Optimiser l&rsquo;application des engrais<\/strong> et autres produits dans les champs de culture.[\/vc_column_text][mk_image src=\u00a0\u00bbhttps:\/\/innovatione.eu\/wp-content\/uploads\/2022\/06\/innovatione-agrario-tractor.jpg\u00a0\u00bb group=\u00a0\u00bb_general\u00a0\u00bb margin_bottom=\u00a0\u00bb0&Prime; visibility=\u00a0\u00bbvisible-sm\u00a0\u00bb animation=\u00a0\u00bbright-to-left\u00a0\u00bb][\/vc_column][\/vc_row][vc_row][vc_column][mk_padding_divider size=\u00a0\u00bb60&Prime;][\/vc_column][\/vc_row][vc_row][vc_column width=\u00a0\u00bb1\/2&Prime;][mk_fancy_title size=\u00a0\u00bb22&Prime; txt_transform=\u00a0\u00bbuppercase\u00a0\u00bb letter_spacing=\u00a0\u00bb1&Prime; margin_bottom=\u00a0\u00bb25&Prime; font_family=\u00a0\u00bbnone\u00a0\u00bb]Smart Agro dans l&rsquo;internationalisation[\/mk_fancy_title][vc_column_text css=\u00a0\u00bb.vc_custom_1655275907574{margin-bottom: 0px !important;}\u00a0\u00bb]Gr\u00e2ce \u00e0 cette technologie, il est possible de collecter des donn\u00e9es compl\u00e8tes, ce qui permet de compiler des statistiques pour aider \u00e0 cr\u00e9er des mod\u00e8les pr\u00e9dictifs fiables. En outre, la cr\u00e9ation de ces mod\u00e8les permettra d&rsquo;\u00e9conomiser de l&rsquo;\u00e9nergie, d&rsquo;optimiser le travail et de r\u00e9duire les co\u00fbts dans le secteur.[\/vc_column_text][\/vc_column][vc_column width=\u00a0\u00bb1\/2&Prime;][mk_image src=\u00a0\u00bbhttps:\/\/innovatione.eu\/wp-content\/uploads\/2022\/06\/innovatione-agrario-ventajas.jpg\u00a0\u00bb group=\u00a0\u00bb_general\u00a0\u00bb margin_bottom=\u00a0\u00bb0&Prime; animation=\u00a0\u00bbright-to-left\u00a0\u00bb][\/vc_column][\/vc_row][vc_row][vc_column][mk_padding_divider size=\u00a0\u00bb60&Prime;][\/vc_column][\/vc_row]\n<\/div>","protected":false},"excerpt":{"rendered":"<p>[vc_row fullwidth=\u00a0\u00bbtrue\u00a0\u00bb][vc_column][mk_page_title_box page_title=\u00a0\u00bbINTERNATIONALISATION ET INNOVATION DANS LE SECTEUR AGRICOLE\u00a0\u00bb section_height=\u00a0\u00bb500&Prime; bg_image=\u00a0\u00bbhttps:\/\/innovatione.eu\/wp-content\/uploads\/2022\/06\/innovaciont.jpg\u00a0\u00bb bg_position=\u00a0\u00bbcenter top\u00a0\u00bb bg_stretch=\u00a0\u00bbtrue\u00a0\u00bb bg_effects=\u00a0\u00bbparallax\u00a0\u00bb font_size=\u00a0\u00bb60&Prime; font_color=\u00a0\u00bb#ffffff\u00a0\u00bb sub_font_size=\u00a0\u00bb26&Prime;][mk_divider style=\u00a0\u00bbthick_solid\u00a0\u00bb margin_top=\u00a0\u00bb3&Prime; margin_bottom=\u00a0\u00bb0&Prime;][mk_padding_divider size=\u00a0\u00bb80&Prime;][\/vc_column][\/vc_row][vc_row][vc_column width=\u00a0\u00bb1\/2&Prime;][mk_fancy_title size=\u00a0\u00bb22&Prime; txt_transform=\u00a0\u00bbuppercase\u00a0\u00bb letter_spacing=\u00a0\u00bb1&Prime; margin_bottom=\u00a0\u00bb25&Prime; font_family=\u00a0\u00bbnone\u00a0\u00bb]L&rsquo;\u00e9tat actuel de l&rsquo;internationalisation et de l&rsquo;innovation agricoles. [\/mk_fancy_title][vc_column_text css=\u00a0\u00bb.vc_custom_1655275815872{margin-bottom: 0px !important;}\u00a0\u00bb]En termes d&rsquo;internationalisation et d&rsquo;innovation agricoles, l&rsquo;Espagne est l&rsquo;un des principaux exportateurs agricoles du monde gr\u00e2ce \u00e0 [&hellip;]<\/p>\n","protected":false},"author":7,"featured_media":0,"parent":0,"menu_order":0,"comment_status":"closed","ping_status":"closed","template":"","meta":{"_joinchat":[]},"yoast_head":"<!-- This site is optimized with the Yoast SEO plugin v19.4 - https:\/\/yoast.com\/wordpress\/plugins\/seo\/ -->\n<title>Internationalisation - Innovatione<\/title>\n<meta name=\"robots\" content=\"index, follow, max-snippet:-1, max-image-preview:large, max-video-preview:-1\" \/>\n<link rel=\"canonical\" href=\"https:\/\/innovatione.eu\/fr\/internationalisation\/\" \/>\n<meta property=\"og:locale\" content=\"fr_FR\" \/>\n<meta property=\"og:type\" content=\"article\" \/>\n<meta property=\"og:title\" content=\"Internationalisation - Innovatione\" \/>\n<meta property=\"og:description\" content=\"[vc_row fullwidth=\u00a0\u00bbtrue\u00a0\u00bb][vc_column][mk_page_title_box page_title=\u00a0\u00bbINTERNATIONALISATION ET INNOVATION DANS LE SECTEUR AGRICOLE\u00a0\u00bb section_height=\u00a0\u00bb500&Prime; bg_image=\u00a0\u00bbhttps:\/\/innovatione.eu\/wp-content\/uploads\/2022\/06\/innovaciont.jpg\u00a0\u00bb bg_position=\u00a0\u00bbcenter top\u00a0\u00bb bg_stretch=\u00a0\u00bbtrue\u00a0\u00bb bg_effects=\u00a0\u00bbparallax\u00a0\u00bb font_size=\u00a0\u00bb60&Prime; font_color=\u00a0\u00bb#ffffff\u00a0\u00bb sub_font_size=\u00a0\u00bb26&Prime;][mk_divider style=\u00a0\u00bbthick_solid\u00a0\u00bb margin_top=\u00a0\u00bb3&Prime; margin_bottom=\u00a0\u00bb0&Prime;][mk_padding_divider size=\u00a0\u00bb80&Prime;][\/vc_column][\/vc_row][vc_row][vc_column width=\u00a0\u00bb1\/2&Prime;][mk_fancy_title size=\u00a0\u00bb22&Prime; txt_transform=\u00a0\u00bbuppercase\u00a0\u00bb letter_spacing=\u00a0\u00bb1&Prime; margin_bottom=\u00a0\u00bb25&Prime; font_family=\u00a0\u00bbnone\u00a0\u00bb]L&rsquo;\u00e9tat actuel de l&rsquo;internationalisation et de l&rsquo;innovation agricoles. [\/mk_fancy_title][vc_column_text css=\u00a0\u00bb.vc_custom_1655275815872{margin-bottom: 0px !important;}\u00a0\u00bb]En termes d&rsquo;internationalisation et d&rsquo;innovation agricoles, l&rsquo;Espagne est l&rsquo;un des principaux exportateurs agricoles du monde gr\u00e2ce \u00e0 [&hellip;]\" \/>\n<meta property=\"og:url\" content=\"https:\/\/innovatione.eu\/fr\/internationalisation\/\" \/>\n<meta property=\"og:site_name\" content=\"Innovatione\" \/>\n<meta property=\"article:publisher\" content=\"https:\/\/www.facebook.com\/foodinnovatione\/\" \/>\n<meta property=\"article:modified_time\" content=\"2022-06-16T09:00:47+00:00\" \/>\n<meta name=\"twitter:card\" content=\"summary\" \/>\n<meta name=\"twitter:site\" content=\"@foodinnovatione\" \/>\n<meta name=\"twitter:label1\" content=\"Dur\u00e9e de lecture estim\u00e9e\" \/>\n\t<meta name=\"twitter:data1\" content=\"4 minutes\" \/>\n<script type=\"application\/ld+json\" class=\"yoast-schema-graph\">{\"@context\":\"https:\/\/schema.org\",\"@graph\":[{\"@type\":\"WebSite\",\"@id\":\"https:\/\/innovatione.eu\/fr\/#website\",\"url\":\"https:\/\/innovatione.eu\/fr\/\",\"name\":\"Innovatione\",\"description\":\"P&aacute;gina Oficial\",\"potentialAction\":[{\"@type\":\"SearchAction\",\"target\":{\"@type\":\"EntryPoint\",\"urlTemplate\":\"https:\/\/innovatione.eu\/fr\/?s={search_term_string}\"},\"query-input\":\"required name=search_term_string\"}],\"inLanguage\":\"fr-FR\"},{\"@type\":\"WebPage\",\"@id\":\"https:\/\/innovatione.eu\/fr\/internationalisation\/\",\"url\":\"https:\/\/innovatione.eu\/fr\/internationalisation\/\",\"name\":\"Internationalisation - Innovatione\",\"isPartOf\":{\"@id\":\"https:\/\/innovatione.eu\/fr\/#website\"},\"datePublished\":\"2022-03-09T10:25:01+00:00\",\"dateModified\":\"2022-06-16T09:00:47+00:00\",\"breadcrumb\":{\"@id\":\"https:\/\/innovatione.eu\/fr\/internationalisation\/#breadcrumb\"},\"inLanguage\":\"fr-FR\",\"potentialAction\":[{\"@type\":\"ReadAction\",\"target\":[\"https:\/\/innovatione.eu\/fr\/internationalisation\/\"]}]},{\"@type\":\"BreadcrumbList\",\"@id\":\"https:\/\/innovatione.eu\/fr\/internationalisation\/#breadcrumb\",\"itemListElement\":[{\"@type\":\"ListItem\",\"position\":1,\"name\":\"Portada\",\"item\":\"https:\/\/innovatione.eu\/fr\/\"},{\"@type\":\"ListItem\",\"position\":2,\"name\":\"Internationalisation\"}]}]}<\/script>\n<!-- \/ Yoast SEO plugin. -->","yoast_head_json":{"title":"Internationalisation - Innovatione","robots":{"index":"index","follow":"follow","max-snippet":"max-snippet:-1","max-image-preview":"max-image-preview:large","max-video-preview":"max-video-preview:-1"},"canonical":"https:\/\/innovatione.eu\/fr\/internationalisation\/","og_locale":"fr_FR","og_type":"article","og_title":"Internationalisation - Innovatione","og_description":"[vc_row fullwidth=\u00a0\u00bbtrue\u00a0\u00bb][vc_column][mk_page_title_box page_title=\u00a0\u00bbINTERNATIONALISATION ET INNOVATION DANS LE SECTEUR AGRICOLE\u00a0\u00bb section_height=\u00a0\u00bb500&Prime; bg_image=\u00a0\u00bbhttps:\/\/innovatione.eu\/wp-content\/uploads\/2022\/06\/innovaciont.jpg\u00a0\u00bb bg_position=\u00a0\u00bbcenter top\u00a0\u00bb bg_stretch=\u00a0\u00bbtrue\u00a0\u00bb bg_effects=\u00a0\u00bbparallax\u00a0\u00bb font_size=\u00a0\u00bb60&Prime; font_color=\u00a0\u00bb#ffffff\u00a0\u00bb sub_font_size=\u00a0\u00bb26&Prime;][mk_divider style=\u00a0\u00bbthick_solid\u00a0\u00bb margin_top=\u00a0\u00bb3&Prime; margin_bottom=\u00a0\u00bb0&Prime;][mk_padding_divider size=\u00a0\u00bb80&Prime;][\/vc_column][\/vc_row][vc_row][vc_column width=\u00a0\u00bb1\/2&Prime;][mk_fancy_title size=\u00a0\u00bb22&Prime; txt_transform=\u00a0\u00bbuppercase\u00a0\u00bb letter_spacing=\u00a0\u00bb1&Prime; margin_bottom=\u00a0\u00bb25&Prime; font_family=\u00a0\u00bbnone\u00a0\u00bb]L&rsquo;\u00e9tat actuel de l&rsquo;internationalisation et de l&rsquo;innovation agricoles. [\/mk_fancy_title][vc_column_text css=\u00a0\u00bb.vc_custom_1655275815872{margin-bottom: 0px !important;}\u00a0\u00bb]En termes d&rsquo;internationalisation et d&rsquo;innovation agricoles, l&rsquo;Espagne est l&rsquo;un des principaux exportateurs agricoles du monde gr\u00e2ce \u00e0 [&hellip;]","og_url":"https:\/\/innovatione.eu\/fr\/internationalisation\/","og_site_name":"Innovatione","article_publisher":"https:\/\/www.facebook.com\/foodinnovatione\/","article_modified_time":"2022-06-16T09:00:47+00:00","twitter_card":"summary","twitter_site":"@foodinnovatione","twitter_misc":{"Dur\u00e9e de lecture estim\u00e9e":"4 minutes"},"schema":{"@context":"https:\/\/schema.org","@graph":[{"@type":"WebSite","@id":"https:\/\/innovatione.eu\/fr\/#website","url":"https:\/\/innovatione.eu\/fr\/","name":"Innovatione","description":"P&aacute;gina Oficial","potentialAction":[{"@type":"SearchAction","target":{"@type":"EntryPoint","urlTemplate":"https:\/\/innovatione.eu\/fr\/?s={search_term_string}"},"query-input":"required name=search_term_string"}],"inLanguage":"fr-FR"},{"@type":"WebPage","@id":"https:\/\/innovatione.eu\/fr\/internationalisation\/","url":"https:\/\/innovatione.eu\/fr\/internationalisation\/","name":"Internationalisation - Innovatione","isPartOf":{"@id":"https:\/\/innovatione.eu\/fr\/#website"},"datePublished":"2022-03-09T10:25:01+00:00","dateModified":"2022-06-16T09:00:47+00:00","breadcrumb":{"@id":"https:\/\/innovatione.eu\/fr\/internationalisation\/#breadcrumb"},"inLanguage":"fr-FR","potentialAction":[{"@type":"ReadAction","target":["https:\/\/innovatione.eu\/fr\/internationalisation\/"]}]},{"@type":"BreadcrumbList","@id":"https:\/\/innovatione.eu\/fr\/internationalisation\/#breadcrumb","itemListElement":[{"@type":"ListItem","position":1,"name":"Portada","item":"https:\/\/innovatione.eu\/fr\/"},{"@type":"ListItem","position":2,"name":"Internationalisation"}]}]}},"_links":{"self":[{"href":"https:\/\/innovatione.eu\/fr\/wp-json\/wp\/v2\/pages\/7175"}],"collection":[{"href":"https:\/\/innovatione.eu\/fr\/wp-json\/wp\/v2\/pages"}],"about":[{"href":"https:\/\/innovatione.eu\/fr\/wp-json\/wp\/v2\/types\/page"}],"author":[{"embeddable":true,"href":"https:\/\/innovatione.eu\/fr\/wp-json\/wp\/v2\/users\/7"}],"replies":[{"embeddable":true,"href":"https:\/\/innovatione.eu\/fr\/wp-json\/wp\/v2\/comments?post=7175"}],"version-history":[{"count":0,"href":"https:\/\/innovatione.eu\/fr\/wp-json\/wp\/v2\/pages\/7175\/revisions"}],"wp:attachment":[{"href":"https:\/\/innovatione.eu\/fr\/wp-json\/wp\/v2\/media?parent=7175"}],"curies":[{"name":"wp","href":"https:\/\/api.w.org\/{rel}","templated":true}]}}