{"id":7172,"date":"2017-03-14T09:11:26","date_gmt":"2017-03-14T08:11:26","guid":{"rendered":"https:\/\/innovatione.eu\/ingenierie-agricole-a-murcia-et-castilla-y-leon\/"},"modified":"2022-06-16T09:57:11","modified_gmt":"2022-06-16T08:57:11","slug":"ingenierie-agricole-a-murcia-et-castilla-y-leon","status":"publish","type":"page","link":"https:\/\/innovatione.eu\/fr\/ingenierie-agricole-a-murcia-et-castilla-y-leon\/","title":{"rendered":"Ing\u00e9nierie agricole \u00e0 Murcia et Castilla y Le\u00f3n"},"content":{"rendered":"<div class=\"wpb-content-wrapper\">[vc_row fullwidth=\u00a0\u00bbtrue\u00a0\u00bb padding=\u00a0\u00bb0&Prime;][vc_column visibility=\u00a0\u00bbhidden-sm\u00a0\u00bb][mk_page_title_box page_title=\u00a0\u00bbCONSEIL AGRONOMIQUE\u00a0\u00bb page_subtitle=\u00a0\u00bbNous savons combien il est important pour vous de bien faire les choses.\u00a0\u00bb section_height=\u00a0\u00bb500&Prime; bg_image=\u00a0\u00bbhttp:\/\/innovatione.eu\/wp-content\/uploads\/2014\/08\/wheat-farming-rural.jpg\u00a0\u00bb bg_position=\u00a0\u00bbcenter top\u00a0\u00bb bg_stretch=\u00a0\u00bbtrue\u00a0\u00bb overlay=\u00a0\u00bbrgba(10,10,10,0.4)\u00a0\u00bb bg_effects=\u00a0\u00bbparallax\u00a0\u00bb font_size=\u00a0\u00bb60&Prime; font_color=\u00a0\u00bb#ffffff\u00a0\u00bb sub_font_size=\u00a0\u00bb26&Prime; sub_font_color=\u00a0\u00bb#ffffff\u00a0\u00bb][mk_divider style=\u00a0\u00bbthin_solid\u00a0\u00bb thickness=\u00a0\u00bb3&Prime; margin_top=\u00a0\u00bb0&Prime; margin_bottom=\u00a0\u00bb0&Prime;][mk_padding_divider size=\u00a0\u00bb80&Prime;][\/vc_column][\/vc_row][vc_row fullwidth=\u00a0\u00bbtrue\u00a0\u00bb padding=\u00a0\u00bb0&Prime;][vc_column visibility=\u00a0\u00bbvisible-sm\u00a0\u00bb][mk_page_title_box page_title=\u00a0\u00bbCONSEIL AGRONOMIQUE\u00a0\u00bb page_subtitle=\u00a0\u00bbNous savons combien il est important pour vous de bien faire les choses.\u00a0\u00bb section_height=\u00a0\u00bb500&Prime; bg_image=\u00a0\u00bbhttp:\/\/innovatione.eu\/wp-content\/uploads\/2014\/08\/wheat-farming-rural.jpg\u00a0\u00bb bg_position=\u00a0\u00bbcenter top\u00a0\u00bb bg_stretch=\u00a0\u00bbtrue\u00a0\u00bb overlay=\u00a0\u00bbrgba(10,10,10,0.4)\u00a0\u00bb bg_effects=\u00a0\u00bbparallax\u00a0\u00bb font_size=\u00a0\u00bb42&Prime; font_color=\u00a0\u00bb#ffffff\u00a0\u00bb sub_font_size=\u00a0\u00bb26&Prime; sub_font_color=\u00a0\u00bb#ffffff\u00a0\u00bb][mk_divider style=\u00a0\u00bbthin_solid\u00a0\u00bb thickness=\u00a0\u00bb3&Prime; margin_top=\u00a0\u00bb0&Prime; margin_bottom=\u00a0\u00bb0&Prime;][mk_padding_divider size=\u00a0\u00bb80&Prime;][\/vc_column][\/vc_row][vc_row][vc_column width=\u00a0\u00bb1\/2&Prime;][mk_image src=\u00a0\u00bbhttps:\/\/innovatione.eu\/wp-content\/uploads\/2017\/03\/combine-harvester-pouring-grain-into-trailer-towed-by-tractor-picjumbo-com-min-e1582809421500.jpg\u00a0\u00bb image_width=\u00a0\u00bb1275&Prime; image_height=\u00a0\u00bb2032&Prime; group=\u00a0\u00bb_general\u00a0\u00bb margin_bottom=\u00a0\u00bb0&Prime; animation=\u00a0\u00bbright-to-left\u00a0\u00bb crop=\u00a0\u00bbfalse\u00a0\u00bb][\/vc_column][vc_column width=\u00a0\u00bb1\/2&Prime;][mk_padding_divider][mk_padding_divider][mk_fancy_title color=\u00a0\u00bb#393836&Prime; size=\u00a0\u00bb22&Prime; txt_transform=\u00a0\u00bbuppercase\u00a0\u00bb letter_spacing=\u00a0\u00bb1&Prime; margin_bottom=\u00a0\u00bb25&Prime; font_family=\u00a0\u00bbnone\u00a0\u00bb]SOUTIEN AU SECTEUR AGRICOLE[\/mk_fancy_title][vc_column_text]Informations sur les aides li\u00e9es au secteur agricole, ainsi que sur le traitement des demandes, le suivi des dossiers, la r\u00e9solution des incidents et les recours.<br \/>\n[\/vc_column_text][\/vc_column][\/vc_row][vc_row][vc_column][mk_padding_divider][\/vc_column][\/vc_row][vc_row][vc_column width=\u00a0\u00bb1\/2&Prime;][mk_padding_divider][mk_padding_divider][mk_fancy_title color=\u00a0\u00bb#393836&Prime; size=\u00a0\u00bb22&Prime; txt_transform=\u00a0\u00bbuppercase\u00a0\u00bb letter_spacing=\u00a0\u00bb1&Prime; margin_bottom=\u00a0\u00bb25&Prime; font_family=\u00a0\u00bbnone\u00a0\u00bb]LA CONVERSION \u00c0 LA PRODUCTION BIOLOGIQUE[\/mk_fancy_title][vc_column_text]Parfois, la conversion des cultures traditionnelles \u00e0 la production biologique ou \u00e0 la production int\u00e9gr\u00e9e n&rsquo;est pas effectu\u00e9e en raison du manque de connaissances. Notre \u00e9quipe d&rsquo;experts du secteur agricole se charge d&rsquo;analyser la viabilit\u00e9 du projet et, une fois celle-ci assur\u00e9e, nous effectuons toutes les d\u00e9marches n\u00e9cessaires. De cette mani\u00e8re, nous obtenons le certificat de production \u00e9cologique ou de production int\u00e9gr\u00e9e dans les plus brefs d\u00e9lais, ce qui garantit le succ\u00e8s de la conversion, donnant ainsi une valeur ajout\u00e9e \u00e0 votre produit.[\/vc_column_text][\/vc_column][vc_column width=\u00a0\u00bb1\/2&Prime;][mk_image src=\u00a0\u00bbhttps:\/\/innovatione.eu\/wp-content\/uploads\/2019\/09\/salad-3519389-e1582808653135.jpg\u00a0\u00bb image_width=\u00a0\u00bb1275&Prime; image_height=\u00a0\u00bb2032&Prime; group=\u00a0\u00bb_general\u00a0\u00bb margin_bottom=\u00a0\u00bb0&Prime; animation=\u00a0\u00bbright-to-left\u00a0\u00bb crop=\u00a0\u00bbfalse\u00a0\u00bb][\/vc_column][\/vc_row][vc_row][vc_column][mk_padding_divider][\/vc_column][\/vc_row][vc_row][vc_column width=\u00a0\u00bb1\/2&Prime;][mk_image src=\u00a0\u00bbhttps:\/\/innovatione.eu\/wp-content\/uploads\/2017\/03\/paper-fountain-pen-pen-e1582810123824.jpg\u00a0\u00bb image_width=\u00a0\u00bb1275&Prime; image_height=\u00a0\u00bb2032&Prime; group=\u00a0\u00bb_general\u00a0\u00bb margin_bottom=\u00a0\u00bb0&Prime; animation=\u00a0\u00bbright-to-left\u00a0\u00bb crop=\u00a0\u00bbfalse\u00a0\u00bb][\/vc_column][vc_column width=\u00a0\u00bb1\/2&Prime;][mk_padding_divider][mk_padding_divider][mk_fancy_title color=\u00a0\u00bb#393836&Prime; size=\u00a0\u00bb22&Prime; txt_transform=\u00a0\u00bbuppercase\u00a0\u00bb letter_spacing=\u00a0\u00bb1&Prime; margin_bottom=\u00a0\u00bb25&Prime; font_family=\u00a0\u00bbnone\u00a0\u00bb]LA R\u00c9DACTION DE DOCUMENTS[\/mk_fancy_title][vc_column_text]Nous r\u00e9digeons des contrats de location, des contrats d&rsquo;achat et de vente de terres, d&rsquo;animaux, de droits, de semences, de transfert de propri\u00e9t\u00e9, de pr\u00eats. Nous \u00e9tablissons des factures, des r\u00e9clamations \u00e9crites. Demande de code d&rsquo;exploitation, de code de p\u00e2turage, de changement de nom en terre arable, bref, toute autre gestion li\u00e9e au monde de l&rsquo;agriculture dont vous pourriez avoir besoin.[\/vc_column_text][\/vc_column][\/vc_row][vc_row][vc_column][mk_padding_divider][\/vc_column][\/vc_row][vc_row][vc_column width=\u00a0\u00bb1\/2&Prime;][mk_padding_divider][mk_padding_divider][mk_fancy_title color=\u00a0\u00bb#393836&Prime; size=\u00a0\u00bb22&Prime; txt_transform=\u00a0\u00bbuppercase\u00a0\u00bb letter_spacing=\u00a0\u00bb1&Prime; margin_bottom=\u00a0\u00bb25&Prime; font_family=\u00a0\u00bbnone\u00a0\u00bb]CONSEILS D&rsquo;EXPERTS POUR LES AGRICULTEURS ET LES \u00c9LEVEURS[\/mk_fancy_title][vc_column_text]Des conseils pour s&rsquo;inscrire au RETA, obtenir un certificat num\u00e9rique, des questions sur la valeur des terrains, des doutes sur les droits aux paiements de base, des aides pour les ind\u00e9pendants et bien d&rsquo;autres choses encore, contactez-nous et vous comprendrez pourquoi ceux qui ont d\u00e9j\u00e0 fait appel \u00e0 nos services sont si heureux.[\/vc_column_text][\/vc_column][vc_column width=\u00a0\u00bb1\/2&Prime;][mk_image src=\u00a0\u00bbhttps:\/\/innovatione.eu\/wp-content\/uploads\/2017\/03\/agriculture-1646560-e1582810446871.jpg\u00a0\u00bb image_width=\u00a0\u00bb1275&Prime; image_height=\u00a0\u00bb2032&Prime; group=\u00a0\u00bb_general\u00a0\u00bb margin_bottom=\u00a0\u00bb0&Prime; animation=\u00a0\u00bbright-to-left\u00a0\u00bb crop=\u00a0\u00bbfalse\u00a0\u00bb][\/vc_column][\/vc_row][vc_row][vc_column][mk_padding_divider][\/vc_column][\/vc_row][vc_row][vc_column width=\u00a0\u00bb1\/2&Prime;][mk_image src=\u00a0\u00bbhttps:\/\/innovatione.eu\/wp-content\/uploads\/2017\/03\/alsace-1888909-e1582810517338.jpg\u00a0\u00bb image_width=\u00a0\u00bb1275&Prime; image_height=\u00a0\u00bb2032&Prime; group=\u00a0\u00bb_general\u00a0\u00bb margin_bottom=\u00a0\u00bb0&Prime; animation=\u00a0\u00bbright-to-left\u00a0\u00bb crop=\u00a0\u00bbfalse\u00a0\u00bb][\/vc_column][vc_column width=\u00a0\u00bb1\/2&Prime;][mk_padding_divider][mk_padding_divider][mk_fancy_title color=\u00a0\u00bb#393836&Prime; size=\u00a0\u00bb22&Prime; txt_transform=\u00a0\u00bbuppercase\u00a0\u00bb letter_spacing=\u00a0\u00bb1&Prime; margin_bottom=\u00a0\u00bb25&Prime; font_family=\u00a0\u00bbnone\u00a0\u00bb]\u00c9VALUATION DES PROPRI\u00c9T\u00c9S RURALES[\/mk_fancy_title][vc_column_text]Nous disposons d&rsquo;un service d&rsquo;\u00e9valuation des propri\u00e9t\u00e9s rurales. Une fois la visite \u00ab\u00a0in situ\u00a0\u00bb effectu\u00e9e, nous fournissons un rapport d\u00e9taill\u00e9 comprenant le prix de votre terre agricole ou de votre propri\u00e9t\u00e9 rurale, conform\u00e9ment aux directives l\u00e9gales \u00e9tablies dans le r\u00e8glement ECO\/805\/2003.[\/vc_column_text][\/vc_column][\/vc_row][vc_row][vc_column][mk_padding_divider][\/vc_column][\/vc_row]\n<\/div>","protected":false},"excerpt":{"rendered":"<p>[vc_row fullwidth=\u00a0\u00bbtrue\u00a0\u00bb padding=\u00a0\u00bb0&Prime;][vc_column visibility=\u00a0\u00bbhidden-sm\u00a0\u00bb][mk_page_title_box page_title=\u00a0\u00bbCONSEIL AGRONOMIQUE\u00a0\u00bb page_subtitle=\u00a0\u00bbNous savons combien il est important pour vous de bien faire les choses.\u00a0\u00bb section_height=\u00a0\u00bb500&Prime; bg_image=\u00a0\u00bbhttp:\/\/innovatione.eu\/wp-content\/uploads\/2014\/08\/wheat-farming-rural.jpg\u00a0\u00bb bg_position=\u00a0\u00bbcenter top\u00a0\u00bb bg_stretch=\u00a0\u00bbtrue\u00a0\u00bb overlay=\u00a0\u00bbrgba(10,10,10,0.4)\u00a0\u00bb bg_effects=\u00a0\u00bbparallax\u00a0\u00bb font_size=\u00a0\u00bb60&Prime; font_color=\u00a0\u00bb#ffffff\u00a0\u00bb sub_font_size=\u00a0\u00bb26&Prime; sub_font_color=\u00a0\u00bb#ffffff\u00a0\u00bb][mk_divider style=\u00a0\u00bbthin_solid\u00a0\u00bb thickness=\u00a0\u00bb3&Prime; margin_top=\u00a0\u00bb0&Prime; margin_bottom=\u00a0\u00bb0&Prime;][mk_padding_divider size=\u00a0\u00bb80&Prime;][\/vc_column][\/vc_row][vc_row fullwidth=\u00a0\u00bbtrue\u00a0\u00bb padding=\u00a0\u00bb0&Prime;][vc_column visibility=\u00a0\u00bbvisible-sm\u00a0\u00bb][mk_page_title_box page_title=\u00a0\u00bbCONSEIL AGRONOMIQUE\u00a0\u00bb page_subtitle=\u00a0\u00bbNous savons combien il est important pour vous de bien faire les choses.\u00a0\u00bb section_height=\u00a0\u00bb500&Prime; bg_image=\u00a0\u00bbhttp:\/\/innovatione.eu\/wp-content\/uploads\/2014\/08\/wheat-farming-rural.jpg\u00a0\u00bb [&hellip;]<\/p>\n","protected":false},"author":1,"featured_media":0,"parent":0,"menu_order":0,"comment_status":"closed","ping_status":"closed","template":"","meta":{"_joinchat":[]},"yoast_head":"<!-- This site is optimized with the Yoast SEO plugin v19.4 - https:\/\/yoast.com\/wordpress\/plugins\/seo\/ -->\n<title>Ing\u00e9nierie agricole en Murcie et Castille et L\u00e9on - Innovatione<\/title>\n<meta name=\"description\" content=\"Ing\u00e9nierie agricole \u00e0 Murcia et Castilla y Le\u00f3n, service de conseil aux agriculteurs et aux \u00e9leveurs sp\u00e9cialis\u00e9 dans les projets agricoles de qualit\u00e9.\" \/>\n<meta name=\"robots\" content=\"index, follow, max-snippet:-1, max-image-preview:large, max-video-preview:-1\" \/>\n<link rel=\"canonical\" href=\"https:\/\/innovatione.eu\/fr\/ingenierie-agricole-a-murcia-et-castilla-y-leon\/\" \/>\n<meta property=\"og:locale\" content=\"fr_FR\" \/>\n<meta property=\"og:type\" content=\"article\" \/>\n<meta property=\"og:title\" content=\"Ing\u00e9nierie agricole en Murcie et Castille et L\u00e9on - Innovatione\" \/>\n<meta property=\"og:description\" content=\"Ing\u00e9nierie agricole \u00e0 Murcia et Castilla y Le\u00f3n, service de conseil aux agriculteurs et aux \u00e9leveurs sp\u00e9cialis\u00e9 dans les projets agricoles de qualit\u00e9.\" \/>\n<meta property=\"og:url\" content=\"https:\/\/innovatione.eu\/fr\/ingenierie-agricole-a-murcia-et-castilla-y-leon\/\" \/>\n<meta property=\"og:site_name\" content=\"Innovatione\" \/>\n<meta property=\"article:publisher\" content=\"https:\/\/www.facebook.com\/foodinnovatione\/\" \/>\n<meta property=\"article:modified_time\" content=\"2022-06-16T08:57:11+00:00\" \/>\n<meta name=\"twitter:card\" content=\"summary\" \/>\n<meta name=\"twitter:site\" content=\"@foodinnovatione\" \/>\n<meta name=\"twitter:label1\" content=\"Dur\u00e9e de lecture estim\u00e9e\" \/>\n\t<meta name=\"twitter:data1\" content=\"4 minutes\" \/>\n<script type=\"application\/ld+json\" class=\"yoast-schema-graph\">{\"@context\":\"https:\/\/schema.org\",\"@graph\":[{\"@type\":\"WebSite\",\"@id\":\"https:\/\/innovatione.eu\/fr\/#website\",\"url\":\"https:\/\/innovatione.eu\/fr\/\",\"name\":\"Innovatione\",\"description\":\"P&aacute;gina Oficial\",\"potentialAction\":[{\"@type\":\"SearchAction\",\"target\":{\"@type\":\"EntryPoint\",\"urlTemplate\":\"https:\/\/innovatione.eu\/fr\/?s={search_term_string}\"},\"query-input\":\"required name=search_term_string\"}],\"inLanguage\":\"fr-FR\"},{\"@type\":\"WebPage\",\"@id\":\"https:\/\/innovatione.eu\/fr\/ingenierie-agricole-a-murcia-et-castilla-y-leon\/\",\"url\":\"https:\/\/innovatione.eu\/fr\/ingenierie-agricole-a-murcia-et-castilla-y-leon\/\",\"name\":\"Ing\u00e9nierie agricole en Murcie et Castille et L\u00e9on - Innovatione\",\"isPartOf\":{\"@id\":\"https:\/\/innovatione.eu\/fr\/#website\"},\"datePublished\":\"2017-03-14T08:11:26+00:00\",\"dateModified\":\"2022-06-16T08:57:11+00:00\",\"description\":\"Ing\u00e9nierie agricole \u00e0 Murcia et Castilla y Le\u00f3n, service de conseil aux agriculteurs et aux \u00e9leveurs sp\u00e9cialis\u00e9 dans les projets agricoles de qualit\u00e9.\",\"breadcrumb\":{\"@id\":\"https:\/\/innovatione.eu\/fr\/ingenierie-agricole-a-murcia-et-castilla-y-leon\/#breadcrumb\"},\"inLanguage\":\"fr-FR\",\"potentialAction\":[{\"@type\":\"ReadAction\",\"target\":[\"https:\/\/innovatione.eu\/fr\/ingenierie-agricole-a-murcia-et-castilla-y-leon\/\"]}]},{\"@type\":\"BreadcrumbList\",\"@id\":\"https:\/\/innovatione.eu\/fr\/ingenierie-agricole-a-murcia-et-castilla-y-leon\/#breadcrumb\",\"itemListElement\":[{\"@type\":\"ListItem\",\"position\":1,\"name\":\"Portada\",\"item\":\"https:\/\/innovatione.eu\/fr\/\"},{\"@type\":\"ListItem\",\"position\":2,\"name\":\"Ing\u00e9nierie agricole \u00e0 Murcia et Castilla y Le\u00f3n\"}]}]}<\/script>\n<!-- \/ Yoast SEO plugin. -->","yoast_head_json":{"title":"Ing\u00e9nierie agricole en Murcie et Castille et L\u00e9on - Innovatione","description":"Ing\u00e9nierie agricole \u00e0 Murcia et Castilla y Le\u00f3n, service de conseil aux agriculteurs et aux \u00e9leveurs sp\u00e9cialis\u00e9 dans les projets agricoles de qualit\u00e9.","robots":{"index":"index","follow":"follow","max-snippet":"max-snippet:-1","max-image-preview":"max-image-preview:large","max-video-preview":"max-video-preview:-1"},"canonical":"https:\/\/innovatione.eu\/fr\/ingenierie-agricole-a-murcia-et-castilla-y-leon\/","og_locale":"fr_FR","og_type":"article","og_title":"Ing\u00e9nierie agricole en Murcie et Castille et L\u00e9on - Innovatione","og_description":"Ing\u00e9nierie agricole \u00e0 Murcia et Castilla y Le\u00f3n, service de conseil aux agriculteurs et aux \u00e9leveurs sp\u00e9cialis\u00e9 dans les projets agricoles de qualit\u00e9.","og_url":"https:\/\/innovatione.eu\/fr\/ingenierie-agricole-a-murcia-et-castilla-y-leon\/","og_site_name":"Innovatione","article_publisher":"https:\/\/www.facebook.com\/foodinnovatione\/","article_modified_time":"2022-06-16T08:57:11+00:00","twitter_card":"summary","twitter_site":"@foodinnovatione","twitter_misc":{"Dur\u00e9e de lecture estim\u00e9e":"4 minutes"},"schema":{"@context":"https:\/\/schema.org","@graph":[{"@type":"WebSite","@id":"https:\/\/innovatione.eu\/fr\/#website","url":"https:\/\/innovatione.eu\/fr\/","name":"Innovatione","description":"P&aacute;gina Oficial","potentialAction":[{"@type":"SearchAction","target":{"@type":"EntryPoint","urlTemplate":"https:\/\/innovatione.eu\/fr\/?s={search_term_string}"},"query-input":"required name=search_term_string"}],"inLanguage":"fr-FR"},{"@type":"WebPage","@id":"https:\/\/innovatione.eu\/fr\/ingenierie-agricole-a-murcia-et-castilla-y-leon\/","url":"https:\/\/innovatione.eu\/fr\/ingenierie-agricole-a-murcia-et-castilla-y-leon\/","name":"Ing\u00e9nierie agricole en Murcie et Castille et L\u00e9on - Innovatione","isPartOf":{"@id":"https:\/\/innovatione.eu\/fr\/#website"},"datePublished":"2017-03-14T08:11:26+00:00","dateModified":"2022-06-16T08:57:11+00:00","description":"Ing\u00e9nierie agricole \u00e0 Murcia et Castilla y Le\u00f3n, service de conseil aux agriculteurs et aux \u00e9leveurs sp\u00e9cialis\u00e9 dans les projets agricoles de qualit\u00e9.","breadcrumb":{"@id":"https:\/\/innovatione.eu\/fr\/ingenierie-agricole-a-murcia-et-castilla-y-leon\/#breadcrumb"},"inLanguage":"fr-FR","potentialAction":[{"@type":"ReadAction","target":["https:\/\/innovatione.eu\/fr\/ingenierie-agricole-a-murcia-et-castilla-y-leon\/"]}]},{"@type":"BreadcrumbList","@id":"https:\/\/innovatione.eu\/fr\/ingenierie-agricole-a-murcia-et-castilla-y-leon\/#breadcrumb","itemListElement":[{"@type":"ListItem","position":1,"name":"Portada","item":"https:\/\/innovatione.eu\/fr\/"},{"@type":"ListItem","position":2,"name":"Ing\u00e9nierie agricole \u00e0 Murcia et Castilla y Le\u00f3n"}]}]}},"_links":{"self":[{"href":"https:\/\/innovatione.eu\/fr\/wp-json\/wp\/v2\/pages\/7172"}],"collection":[{"href":"https:\/\/innovatione.eu\/fr\/wp-json\/wp\/v2\/pages"}],"about":[{"href":"https:\/\/innovatione.eu\/fr\/wp-json\/wp\/v2\/types\/page"}],"author":[{"embeddable":true,"href":"https:\/\/innovatione.eu\/fr\/wp-json\/wp\/v2\/users\/1"}],"replies":[{"embeddable":true,"href":"https:\/\/innovatione.eu\/fr\/wp-json\/wp\/v2\/comments?post=7172"}],"version-history":[{"count":0,"href":"https:\/\/innovatione.eu\/fr\/wp-json\/wp\/v2\/pages\/7172\/revisions"}],"wp:attachment":[{"href":"https:\/\/innovatione.eu\/fr\/wp-json\/wp\/v2\/media?parent=7172"}],"curies":[{"name":"wp","href":"https:\/\/api.w.org\/{rel}","templated":true}]}}