{"id":7169,"date":"2017-03-26T09:37:21","date_gmt":"2017-03-26T08:37:21","guid":{"rendered":"https:\/\/innovatione.eu\/developpement-de-nouveaux-produits\/"},"modified":"2022-06-16T09:51:58","modified_gmt":"2022-06-16T08:51:58","slug":"developpement-de-nouveaux-produits","status":"publish","type":"page","link":"https:\/\/innovatione.eu\/fr\/developpement-de-nouveaux-produits\/","title":{"rendered":"D\u00e9veloppement de nouveaux produits"},"content":{"rendered":"<div class=\"wpb-content-wrapper\">[vc_row fullwidth=\u00a0\u00bbtrue\u00a0\u00bb padding=\u00a0\u00bb0&Prime;][vc_column visibility=\u00a0\u00bbhidden-sm\u00a0\u00bb][mk_page_title_box page_title=\u00a0\u00bbINVENTONS L&rsquo;AVENIR ENSEMBLE\u00a0\u00bb page_subtitle=\u00a0\u00bbNous donnons forme \u00e0 toute id\u00e9e pour en faire un succ\u00e8s\u00a0\u00bb section_height=\u00a0\u00bb500&Prime; bg_image=\u00a0\u00bbhttps:\/\/innovatione.eu\/wp-content\/uploads\/2017\/03\/StockSnap_GHVUNMPQ3Q.jpg\u00a0\u00bb bg_position=\u00a0\u00bbcenter top\u00a0\u00bb bg_stretch=\u00a0\u00bbtrue\u00a0\u00bb bg_effects=\u00a0\u00bbparallax\u00a0\u00bb font_size=\u00a0\u00bb60&Prime; font_color=\u00a0\u00bb#ffffff\u00a0\u00bb sub_font_size=\u00a0\u00bb26&Prime; sub_font_color=\u00a0\u00bb#ffffff\u00a0\u00bb][mk_divider style=\u00a0\u00bbthin_solid\u00a0\u00bb thickness=\u00a0\u00bb3&Prime; margin_top=\u00a0\u00bb0&Prime; margin_bottom=\u00a0\u00bb0&Prime;][mk_padding_divider size=\u00a0\u00bb80&Prime;][\/vc_column][\/vc_row][vc_row fullwidth=\u00a0\u00bbtrue\u00a0\u00bb padding=\u00a0\u00bb0&Prime;][vc_column visibility=\u00a0\u00bbvisible-sm\u00a0\u00bb css=\u00a0\u00bb.vc_custom_1543828980813{padding-right: 20px !important;padding-left: 20px !important;}\u00a0\u00bb][mk_page_title_box page_title=\u00a0\u00bbINVENTONS L&rsquo;AVENIR ENSEMBLE\u00a0\u00bb page_subtitle=\u00a0\u00bbNous donnons forme \u00e0 toute id\u00e9e pour en faire un succ\u00e8s\u00a0\u00bb section_height=\u00a0\u00bb500&Prime; bg_image=\u00a0\u00bbhttp:\/\/innovatione.eu\/wp-content\/uploads\/2017\/03\/StockSnap_GHVUNMPQ3Q.jpg\u00a0\u00bb bg_position=\u00a0\u00bbcenter top\u00a0\u00bb bg_stretch=\u00a0\u00bbtrue\u00a0\u00bb bg_effects=\u00a0\u00bbparallax\u00a0\u00bb font_size=\u00a0\u00bb42&Prime; font_color=\u00a0\u00bb#ffffff\u00a0\u00bb sub_font_size=\u00a0\u00bb26&Prime; sub_font_color=\u00a0\u00bb#ffffff\u00a0\u00bb][mk_divider style=\u00a0\u00bbthin_solid\u00a0\u00bb thickness=\u00a0\u00bb3&Prime; margin_top=\u00a0\u00bb0&Prime; margin_bottom=\u00a0\u00bb0&Prime;][mk_padding_divider size=\u00a0\u00bb80&Prime;][\/vc_column][\/vc_row][vc_row][vc_column][mk_padding_divider][mk_fancy_title color=\u00a0\u00bb#00afec\u00a0\u00bb size=\u00a0\u00bb26&Prime; font_weight=\u00a0\u00bbbold\u00a0\u00bb txt_transform=\u00a0\u00bbuppercase\u00a0\u00bb letter_spacing=\u00a0\u00bb2&Prime; font_family=\u00a0\u00bbnone\u00a0\u00bb align=\u00a0\u00bbcenter\u00a0\u00bb]NOUS COMBINONS CR\u00c9ATIVIT\u00c9, INNOVATION ET TECHNOLOGIE POUR CR\u00c9ER DE NOUVEAUX PRODUITS ALIMENTAIRES PR\u00c9SENTANT UN \u00c9QUILIBRE PARFAIT ENTRE DESIGN, UTILIT\u00c9 ET TECHNOLOGIE.[\/mk_fancy_title][mk_padding_divider][mk_steps title=\u00a0\u00bbNOTRE PROCESSUS\u00a0\u00bb icon_1=\u00a0\u00bbmk-li-pencil\u00a0\u00bb title_1=\u00a0\u00bbDESSIN CONCEPTUEL\u00a0\u00bb icon_2=\u00a0\u00bbmk-moon-cog-2&Prime; title_2=\u00a0\u00bbD\u00c9VELOPPEMENT\u00a0\u00bb icon_3=\u00a0\u00bbmk-moon-clipboard-2&Prime; title_3=\u00a0\u00bbPROTOTYPED\u00a0\u00bb icon_4=\u00a0\u00bbmk-icon-rocket\u00a0\u00bb title_4=\u00a0\u00bbMANUFACTURIERS\u00a0\u00bb][\/vc_column][\/vc_row][vc_row][vc_column][mk_padding_divider][mk_page_title_box page_title=\u00a0\u00bbR\u00e9volution\u00a0\u00bb page_subtitle=\u00a0\u00bb&quot; Si les gens ne vous disent pas que vous \u00eates fou lorsque vous lancez votre id\u00e9e sur le march\u00e9, il est trop tard.&quot;\u00a0\u00bb bg_image=\u00a0\u00bbhttp:\/\/innovatione.eu\/wp-content\/uploads\/2014\/08\/oqnfwbC2.gif\u00a0\u00bb bg_position=\u00a0\u00bbcenter center\u00a0\u00bb font_color=\u00a0\u00bb#dddddd\u00a0\u00bb][mk_padding_divider][\/vc_column][\/vc_row][vc_row][vc_column][mk_padding_divider size=\u00a0\u00bb60&Prime;][\/vc_column][\/vc_row][vc_row padding=\u00a0\u00bb1&Prime;][vc_column width=\u00a0\u00bb1\/2&Prime;][mk_image src=\u00a0\u00bbhttps:\/\/innovatione.eu\/wp-content\/uploads\/2017\/03\/party-square-2724653.jpg\u00a0\u00bb group=\u00a0\u00bb_general\u00a0\u00bb margin_bottom=\u00a0\u00bb0&Prime; animation=\u00a0\u00bbright-to-left\u00a0\u00bb][\/vc_column][vc_column width=\u00a0\u00bb1\/2&Prime;][mk_fancy_title color=\u00a0\u00bb#393836&Prime; size=\u00a0\u00bb22&Prime; txt_transform=\u00a0\u00bbuppercase\u00a0\u00bb letter_spacing=\u00a0\u00bb1&Prime; margin_bottom=\u00a0\u00bb25&Prime; font_family=\u00a0\u00bbnone\u00a0\u00bb]ANALYSE DU MARCH\u00c9 ET NOUVELLES TENDANCES[\/mk_fancy_title][vc_column_text disable_pattern=\u00a0\u00bbfalse\u00a0\u00bb]Les consommateurs sont de plus en plus exigeants en mati\u00e8re de produits alimentaires et c&rsquo;est pourquoi nous recommandons de r\u00e9aliser une \u00e9tude de march\u00e9 avant le lancement ou la conception de tout produit. De cette fa\u00e7on, nous garantissons un pourcentage \u00e9lev\u00e9 de r\u00e9ussite dans le lancement sur le march\u00e9 des nouveaux produits auxquels nous collaborons.[\/vc_column_text][\/vc_column][\/vc_row][vc_row][vc_column][mk_padding_divider size=\u00a0\u00bb60&Prime;][\/vc_column][\/vc_row][vc_row padding=\u00a0\u00bb1&Prime;][vc_column width=\u00a0\u00bb1\/2&Prime;][mk_fancy_title color=\u00a0\u00bb#393836&Prime; size=\u00a0\u00bb22&Prime; txt_transform=\u00a0\u00bbuppercase\u00a0\u00bb letter_spacing=\u00a0\u00bb1&Prime; margin_bottom=\u00a0\u00bb25&Prime; font_family=\u00a0\u00bbnone\u00a0\u00bb]NOUS SOUTENONS VOTRE ID\u00c9E[\/mk_fancy_title][vc_column_text disable_pattern=\u00a0\u00bbfalse\u00a0\u00bb]Concevons ensemble l&rsquo;alimentation du futur. Si vous avez une id\u00e9e pour un nouveau produit, nous pouvons vous aider. Dans la plupart des cas, ce n&rsquo;est pas parce que c&rsquo;est une mauvaise id\u00e9e, mais par manque de connaissances et de moyens pour la r\u00e9aliser. C&rsquo;est pourquoi nous mettons notre \u00e9quipe d&rsquo;experts \u00e0 votre disposition, afin qu&rsquo;ensemble nous puissions donner une issue \u00e0 votre id\u00e9e et cr\u00e9er un nouveau produit qui sera un succ\u00e8s sur le march\u00e9.[\/vc_column_text][\/vc_column][vc_column width=\u00a0\u00bb1\/2&Prime;][mk_image src=\u00a0\u00bbhttps:\/\/innovatione.eu\/wp-content\/uploads\/2017\/03\/5.jpg\u00a0\u00bb group=\u00a0\u00bb_general\u00a0\u00bb margin_bottom=\u00a0\u00bb0&Prime; animation=\u00a0\u00bbright-to-left\u00a0\u00bb][\/vc_column][\/vc_row][vc_row][vc_column][mk_padding_divider size=\u00a0\u00bb60&Prime;][\/vc_column][\/vc_row][vc_row padding=\u00a0\u00bb1&Prime;][vc_column width=\u00a0\u00bb1\/2&Prime;][mk_image src=\u00a0\u00bbhttps:\/\/innovatione.eu\/wp-content\/uploads\/2014\/08\/image-2017-03-23-50.jpg\u00a0\u00bb group=\u00a0\u00bb_general\u00a0\u00bb margin_bottom=\u00a0\u00bb0&Prime; animation=\u00a0\u00bbright-to-left\u00a0\u00bb][\/vc_column][vc_column width=\u00a0\u00bb1\/2&Prime;][mk_fancy_title color=\u00a0\u00bb#393836&Prime; size=\u00a0\u00bb22&Prime; txt_transform=\u00a0\u00bbuppercase\u00a0\u00bb letter_spacing=\u00a0\u00bb1&Prime; margin_bottom=\u00a0\u00bb25&Prime; font_family=\u00a0\u00bbnone\u00a0\u00bb]D\u00c9VELOPPEMENT INT\u00c9GR\u00c9 DE PRODUITS SAINS[\/mk_fancy_title][vc_column_text disable_pattern=\u00a0\u00bbfalse\u00a0\u00bb]Les consommateurs sont conscients de l&rsquo;importance de prendre soin de leur alimentation et de mener un mode de vie sain. Choisir des aliments sains conform\u00e9ment \u00e0 ces principes est l&rsquo;un des piliers fondamentaux d&rsquo;un mode de vie sain. Nous vous aidons \u00e0 cr\u00e9er de nouveaux aliments au profil nutritionnel sain, qui incitent les gens \u00e0 choisir votre produit.[\/vc_column_text][\/vc_column][\/vc_row][vc_row][vc_column][mk_padding_divider size=\u00a0\u00bb60&Prime;][\/vc_column][\/vc_row][vc_row padding=\u00a0\u00bb1&Prime;][vc_column width=\u00a0\u00bb1\/2&Prime;][mk_fancy_title color=\u00a0\u00bb#393836&Prime; size=\u00a0\u00bb22&Prime; txt_transform=\u00a0\u00bbuppercase\u00a0\u00bb letter_spacing=\u00a0\u00bb1&Prime; margin_bottom=\u00a0\u00bb25&Prime; font_family=\u00a0\u00bbnone\u00a0\u00bb]R&amp;D&amp;I PACKAGING[\/mk_fancy_title][vc_column_text disable_pattern=\u00a0\u00bbfalse\u00a0\u00bb]Dans le monde d&rsquo;aujourd&rsquo;hui, la conception de votre emballage est de plus en plus importante pour attirer l&rsquo;attention du consommateur. En outre, les consommateurs sont de plus en plus pr\u00e9occup\u00e9s par la migration possible de compos\u00e9s nocifs des emballages vers les aliments. Chez Innovatione, nous nous soucions des pr\u00e9occupations des consommateurs et nous vous proposons les meilleures solutions pour vous adapter au march\u00e9 actuel.[\/vc_column_text][\/vc_column][vc_column width=\u00a0\u00bb1\/2&Prime;][mk_image src=\u00a0\u00bbhttps:\/\/innovatione.eu\/wp-content\/uploads\/2014\/08\/bottle-2032980_1920.jpg\u00a0\u00bb group=\u00a0\u00bb_general\u00a0\u00bb margin_bottom=\u00a0\u00bb0&Prime; animation=\u00a0\u00bbright-to-left\u00a0\u00bb][\/vc_column][\/vc_row][vc_row][vc_column][mk_padding_divider][\/vc_column][\/vc_row]\n<\/div>","protected":false},"excerpt":{"rendered":"<p>[vc_row fullwidth=\u00a0\u00bbtrue\u00a0\u00bb padding=\u00a0\u00bb0&Prime;][vc_column visibility=\u00a0\u00bbhidden-sm\u00a0\u00bb][mk_page_title_box page_title=\u00a0\u00bbINVENTONS L&rsquo;AVENIR ENSEMBLE\u00a0\u00bb page_subtitle=\u00a0\u00bbNous donnons forme \u00e0 toute id\u00e9e pour en faire un succ\u00e8s\u00a0\u00bb section_height=\u00a0\u00bb500&Prime; bg_image=\u00a0\u00bbhttps:\/\/innovatione.eu\/wp-content\/uploads\/2017\/03\/StockSnap_GHVUNMPQ3Q.jpg\u00a0\u00bb bg_position=\u00a0\u00bbcenter top\u00a0\u00bb bg_stretch=\u00a0\u00bbtrue\u00a0\u00bb bg_effects=\u00a0\u00bbparallax\u00a0\u00bb font_size=\u00a0\u00bb60&Prime; font_color=\u00a0\u00bb#ffffff\u00a0\u00bb sub_font_size=\u00a0\u00bb26&Prime; sub_font_color=\u00a0\u00bb#ffffff\u00a0\u00bb][mk_divider style=\u00a0\u00bbthin_solid\u00a0\u00bb thickness=\u00a0\u00bb3&Prime; margin_top=\u00a0\u00bb0&Prime; margin_bottom=\u00a0\u00bb0&Prime;][mk_padding_divider size=\u00a0\u00bb80&Prime;][\/vc_column][\/vc_row][vc_row fullwidth=\u00a0\u00bbtrue\u00a0\u00bb padding=\u00a0\u00bb0&Prime;][vc_column visibility=\u00a0\u00bbvisible-sm\u00a0\u00bb css=\u00a0\u00bb.vc_custom_1543828980813{padding-right: 20px !important;padding-left: 20px !important;}\u00a0\u00bb][mk_page_title_box page_title=\u00a0\u00bbINVENTONS L&rsquo;AVENIR ENSEMBLE\u00a0\u00bb page_subtitle=\u00a0\u00bbNous donnons forme \u00e0 toute id\u00e9e pour en faire un succ\u00e8s\u00a0\u00bb [&hellip;]<\/p>\n","protected":false},"author":1,"featured_media":0,"parent":0,"menu_order":0,"comment_status":"open","ping_status":"closed","template":"","meta":{"_joinchat":[]},"yoast_head":"<!-- This site is optimized with the Yoast SEO plugin v19.4 - https:\/\/yoast.com\/wordpress\/plugins\/seo\/ -->\n<title>L&#039;innovation pour le d\u00e9veloppement de nouveaux produits alimentaires<\/title>\n<meta name=\"description\" content=\"L&#039;innovation pour le d\u00e9veloppement de nouveaux produits alimentaires r\u00e9ussis. Nous d\u00e9veloppons votre id\u00e9e et la transformons en r\u00e9alit\u00e9.\" \/>\n<meta name=\"robots\" content=\"index, follow, max-snippet:-1, max-image-preview:large, max-video-preview:-1\" \/>\n<link rel=\"canonical\" href=\"https:\/\/innovatione.eu\/fr\/developpement-de-nouveaux-produits\/\" \/>\n<meta property=\"og:locale\" content=\"fr_FR\" \/>\n<meta property=\"og:type\" content=\"article\" \/>\n<meta property=\"og:title\" content=\"L&#039;innovation pour le d\u00e9veloppement de nouveaux produits alimentaires\" \/>\n<meta property=\"og:description\" content=\"L&#039;innovation pour le d\u00e9veloppement de nouveaux produits alimentaires r\u00e9ussis. Nous d\u00e9veloppons votre id\u00e9e et la transformons en r\u00e9alit\u00e9.\" \/>\n<meta property=\"og:url\" content=\"https:\/\/innovatione.eu\/fr\/developpement-de-nouveaux-produits\/\" \/>\n<meta property=\"og:site_name\" content=\"Innovatione\" \/>\n<meta property=\"article:publisher\" content=\"https:\/\/www.facebook.com\/foodinnovatione\/\" \/>\n<meta property=\"article:modified_time\" content=\"2022-06-16T08:51:58+00:00\" \/>\n<meta name=\"twitter:card\" content=\"summary\" \/>\n<meta name=\"twitter:site\" content=\"@foodinnovatione\" \/>\n<meta name=\"twitter:label1\" content=\"Dur\u00e9e de lecture estim\u00e9e\" \/>\n\t<meta name=\"twitter:data1\" content=\"5 minutes\" \/>\n<script type=\"application\/ld+json\" class=\"yoast-schema-graph\">{\"@context\":\"https:\/\/schema.org\",\"@graph\":[{\"@type\":\"WebSite\",\"@id\":\"https:\/\/innovatione.eu\/fr\/#website\",\"url\":\"https:\/\/innovatione.eu\/fr\/\",\"name\":\"Innovatione\",\"description\":\"P&aacute;gina Oficial\",\"potentialAction\":[{\"@type\":\"SearchAction\",\"target\":{\"@type\":\"EntryPoint\",\"urlTemplate\":\"https:\/\/innovatione.eu\/fr\/?s={search_term_string}\"},\"query-input\":\"required name=search_term_string\"}],\"inLanguage\":\"fr-FR\"},{\"@type\":\"WebPage\",\"@id\":\"https:\/\/innovatione.eu\/fr\/developpement-de-nouveaux-produits\/\",\"url\":\"https:\/\/innovatione.eu\/fr\/developpement-de-nouveaux-produits\/\",\"name\":\"L'innovation pour le d\u00e9veloppement de nouveaux produits alimentaires\",\"isPartOf\":{\"@id\":\"https:\/\/innovatione.eu\/fr\/#website\"},\"datePublished\":\"2017-03-26T08:37:21+00:00\",\"dateModified\":\"2022-06-16T08:51:58+00:00\",\"description\":\"L'innovation pour le d\u00e9veloppement de nouveaux produits alimentaires r\u00e9ussis. Nous d\u00e9veloppons votre id\u00e9e et la transformons en r\u00e9alit\u00e9.\",\"breadcrumb\":{\"@id\":\"https:\/\/innovatione.eu\/fr\/developpement-de-nouveaux-produits\/#breadcrumb\"},\"inLanguage\":\"fr-FR\",\"potentialAction\":[{\"@type\":\"ReadAction\",\"target\":[\"https:\/\/innovatione.eu\/fr\/developpement-de-nouveaux-produits\/\"]}]},{\"@type\":\"BreadcrumbList\",\"@id\":\"https:\/\/innovatione.eu\/fr\/developpement-de-nouveaux-produits\/#breadcrumb\",\"itemListElement\":[{\"@type\":\"ListItem\",\"position\":1,\"name\":\"Portada\",\"item\":\"https:\/\/innovatione.eu\/fr\/\"},{\"@type\":\"ListItem\",\"position\":2,\"name\":\"D\u00e9veloppement de nouveaux produits\"}]}]}<\/script>\n<!-- \/ Yoast SEO plugin. -->","yoast_head_json":{"title":"L'innovation pour le d\u00e9veloppement de nouveaux produits alimentaires","description":"L'innovation pour le d\u00e9veloppement de nouveaux produits alimentaires r\u00e9ussis. Nous d\u00e9veloppons votre id\u00e9e et la transformons en r\u00e9alit\u00e9.","robots":{"index":"index","follow":"follow","max-snippet":"max-snippet:-1","max-image-preview":"max-image-preview:large","max-video-preview":"max-video-preview:-1"},"canonical":"https:\/\/innovatione.eu\/fr\/developpement-de-nouveaux-produits\/","og_locale":"fr_FR","og_type":"article","og_title":"L'innovation pour le d\u00e9veloppement de nouveaux produits alimentaires","og_description":"L'innovation pour le d\u00e9veloppement de nouveaux produits alimentaires r\u00e9ussis. Nous d\u00e9veloppons votre id\u00e9e et la transformons en r\u00e9alit\u00e9.","og_url":"https:\/\/innovatione.eu\/fr\/developpement-de-nouveaux-produits\/","og_site_name":"Innovatione","article_publisher":"https:\/\/www.facebook.com\/foodinnovatione\/","article_modified_time":"2022-06-16T08:51:58+00:00","twitter_card":"summary","twitter_site":"@foodinnovatione","twitter_misc":{"Dur\u00e9e de lecture estim\u00e9e":"5 minutes"},"schema":{"@context":"https:\/\/schema.org","@graph":[{"@type":"WebSite","@id":"https:\/\/innovatione.eu\/fr\/#website","url":"https:\/\/innovatione.eu\/fr\/","name":"Innovatione","description":"P&aacute;gina Oficial","potentialAction":[{"@type":"SearchAction","target":{"@type":"EntryPoint","urlTemplate":"https:\/\/innovatione.eu\/fr\/?s={search_term_string}"},"query-input":"required name=search_term_string"}],"inLanguage":"fr-FR"},{"@type":"WebPage","@id":"https:\/\/innovatione.eu\/fr\/developpement-de-nouveaux-produits\/","url":"https:\/\/innovatione.eu\/fr\/developpement-de-nouveaux-produits\/","name":"L'innovation pour le d\u00e9veloppement de nouveaux produits alimentaires","isPartOf":{"@id":"https:\/\/innovatione.eu\/fr\/#website"},"datePublished":"2017-03-26T08:37:21+00:00","dateModified":"2022-06-16T08:51:58+00:00","description":"L'innovation pour le d\u00e9veloppement de nouveaux produits alimentaires r\u00e9ussis. Nous d\u00e9veloppons votre id\u00e9e et la transformons en r\u00e9alit\u00e9.","breadcrumb":{"@id":"https:\/\/innovatione.eu\/fr\/developpement-de-nouveaux-produits\/#breadcrumb"},"inLanguage":"fr-FR","potentialAction":[{"@type":"ReadAction","target":["https:\/\/innovatione.eu\/fr\/developpement-de-nouveaux-produits\/"]}]},{"@type":"BreadcrumbList","@id":"https:\/\/innovatione.eu\/fr\/developpement-de-nouveaux-produits\/#breadcrumb","itemListElement":[{"@type":"ListItem","position":1,"name":"Portada","item":"https:\/\/innovatione.eu\/fr\/"},{"@type":"ListItem","position":2,"name":"D\u00e9veloppement de nouveaux produits"}]}]}},"_links":{"self":[{"href":"https:\/\/innovatione.eu\/fr\/wp-json\/wp\/v2\/pages\/7169"}],"collection":[{"href":"https:\/\/innovatione.eu\/fr\/wp-json\/wp\/v2\/pages"}],"about":[{"href":"https:\/\/innovatione.eu\/fr\/wp-json\/wp\/v2\/types\/page"}],"author":[{"embeddable":true,"href":"https:\/\/innovatione.eu\/fr\/wp-json\/wp\/v2\/users\/1"}],"replies":[{"embeddable":true,"href":"https:\/\/innovatione.eu\/fr\/wp-json\/wp\/v2\/comments?post=7169"}],"version-history":[{"count":0,"href":"https:\/\/innovatione.eu\/fr\/wp-json\/wp\/v2\/pages\/7169\/revisions"}],"wp:attachment":[{"href":"https:\/\/innovatione.eu\/fr\/wp-json\/wp\/v2\/media?parent=7169"}],"curies":[{"name":"wp","href":"https:\/\/api.w.org\/{rel}","templated":true}]}}