{"id":7165,"date":"2013-02-06T12:10:35","date_gmt":"2013-02-06T11:10:35","guid":{"rendered":"https:\/\/innovatione.eu\/cookies\/"},"modified":"2022-07-12T08:23:45","modified_gmt":"2022-07-12T07:23:45","slug":"cookies","status":"publish","type":"page","link":"https:\/\/innovatione.eu\/fr\/cookies\/","title":{"rendered":"Cookies"},"content":{"rendered":"<div class=\"wpb-content-wrapper\">[vc_row][vc_column][vc_empty_space height=\u00a0\u00bb140px\u00a0\u00bb][vc_column_text]<strong>Politique en mati\u00e8re de cookies<\/strong><\/p>\n<p>Ce portail, comme la plupart des portails Internet, utilise des cookies pour am\u00e9liorer l&rsquo;exp\u00e9rience de navigation de l&rsquo;utilisateur. Les cookies personnalisent les services offerts par le site web, en proposant \u00e0 chaque utilisateur des informations susceptibles de l&rsquo;int\u00e9resser, en fonction de la mani\u00e8re dont il utilise ce site web. Vous trouverez ci-dessous des informations sur ce que sont les cookies, quel type de cookies ce site web utilise, comment vous pouvez d\u00e9sactiver les cookies dans votre navigateur ou comment d\u00e9sactiver sp\u00e9cifiquement l&rsquo;installation de cookies tiers et ce qui se passe si vous les d\u00e9sactivez.<\/p>\n<p><strong>Que sont les cookies ?<\/strong><\/p>\n<p>Les cookies sont de petits fichiers que certaines plateformes, comme les sites web, peuvent installer sur votre ordinateur, smartphone, tablette ou t\u00e9l\u00e9vision connect\u00e9e lorsque vous y acc\u00e9dez. Leurs fonctions peuvent \u00eatre tr\u00e8s vari\u00e9es : stockage de vos pr\u00e9f\u00e9rences de navigation, collecte d&rsquo;informations statistiques, activation de certaines fonctionnalit\u00e9s techniques, stockage et r\u00e9cup\u00e9ration d&rsquo;informations sur les habitudes ou les pr\u00e9f\u00e9rences de navigation d&rsquo;un utilisateur ou de son \u00e9quipement au point, parfois, en fonction des informations qu&rsquo;ils contiennent et de la mani\u00e8re dont vous utilisez votre \u00e9quipement, de pouvoir vous reconna\u00eetre. Un cookie est stock\u00e9 sur un ordinateur afin de personnaliser et de faciliter au maximum la navigation de l&rsquo;utilisateur. Les cookies sont uniquement associ\u00e9s \u00e0 un utilisateur et \u00e0 son ordinateur et ne fournissent pas de r\u00e9f\u00e9rences permettant de d\u00e9duire les donn\u00e9es personnelles de l&rsquo;utilisateur. L&rsquo;utilisateur peut configurer son navigateur pour notifier ou refuser l&rsquo;installation des cookies envoy\u00e9s par le site web.<\/p>\n<p><strong>Pourquoi sont-ils importants ?<\/strong><\/p>\n<p>Les cookies sont utiles pour plusieurs raisons. D&rsquo;un point de vue technique, ils permettent aux sites web de fonctionner plus rapidement et de s&rsquo;adapter aux pr\u00e9f\u00e9rences de l&rsquo;utilisateur, par exemple en m\u00e9morisant la langue de l&rsquo;utilisateur ou la devise de son pays. Ils aident \u00e9galement les exploitants de sites web \u00e0 am\u00e9liorer les services qu&rsquo;ils proposent, gr\u00e2ce aux informations statistiques qu&rsquo;ils recueillent par leur interm\u00e9diaire. Enfin, ils sont utilis\u00e9s pour rendre plus efficace la publicit\u00e9 que nous vous pr\u00e9sentons, gr\u00e2ce \u00e0 laquelle nous pouvons vous offrir des services gratuits.<\/p>\n<p><strong>Comment utilisons-nous les cookies ?<\/strong><\/p>\n<p>La navigation sur ce site web signifie que les types de cookies suivants peuvent \u00eatre install\u00e9s :<br \/>\nCookies d&rsquo;am\u00e9lioration des performances.<br \/>\nCes cookies conservent vos pr\u00e9f\u00e9rences pour certains outils ou services afin que vous ne deviez pas les reconfigurer \u00e0 chaque fois que vous visitez notre site et, dans certains cas, ils peuvent \u00eatre fournis par des tiers. Des exemples de ce type de cookie sont : les param\u00e8tres de volume des lecteurs multim\u00e9dias, les pr\u00e9f\u00e9rences de tri des \u00e9l\u00e9ments ou les vitesses de lecture vid\u00e9o prises en charge. Dans le cas du commerce \u00e9lectronique, ils permettent de conserver des informations sur votre panier d&rsquo;achat.<br \/>\n<strong>Cookies d&rsquo;analyse statistique<\/strong><br \/>\nCes cookies, trait\u00e9s par nous ou par des tiers, nous permettent de quantifier le nombre de visiteurs et d&rsquo;analyser statistiquement l&rsquo;utilisation faite par les utilisateurs de nos services. Gr\u00e2ce \u00e0 eux, nous pouvons \u00e9tudier la navigation sur notre site web et ainsi am\u00e9liorer la gamme de produits ou de services que nous proposons. Ces cookies ne seront associ\u00e9s \u00e0 aucune donn\u00e9e personnelle permettant d&rsquo;identifier l&rsquo;utilisateur, fournissant des informations sur le comportement de navigation de mani\u00e8re anonyme.<br \/>\n<strong>Cookies de g\u00e9olocalisation<\/strong><br \/>\nCes cookies sont utilis\u00e9s par des programmes qui tentent de localiser g\u00e9ographiquement l&#8217;emplacement de l&rsquo;ordinateur, du smartphone, de la tablette ou de la t\u00e9l\u00e9vision connect\u00e9e, afin de proposer de mani\u00e8re anonyme des contenus et des services plus appropri\u00e9s.<br \/>\n<strong>Cookies d&rsquo;enregistrement<\/strong><br \/>\nIl s&rsquo;agit de cookies qui vous identifient en tant qu&rsquo;utilisateur enregistr\u00e9 et qui indiquent quand vous vous \u00eates identifi\u00e9 sur le site web. Ces cookies sont utilis\u00e9s pour identifier votre compte utilisateur et ses services associ\u00e9s, facilitant ainsi votre navigation. Ces cookies sont conserv\u00e9s tant que vous ne vous d\u00e9connectez pas de votre compte, ne fermez pas votre navigateur ou n&rsquo;\u00e9teignez pas votre appareil. Ces cookies peuvent \u00eatre utilis\u00e9s en combinaison avec des donn\u00e9es analytiques pour identifier individuellement vos pr\u00e9f\u00e9rences sur notre site web.<br \/>\n<strong>Cookies publicitaires<\/strong><br \/>\nCe sont celles qui, trait\u00e9es par nous ou par des tiers, nous permettent de g\u00e9rer efficacement les espaces publicitaires de notre site web, en adaptant le contenu de la publicit\u00e9 au contenu du service demand\u00e9 ou \u00e0 l&rsquo;utilisation que vous faites de notre site web. Gr\u00e2ce \u00e0 eux, nous pouvons conna\u00eetre vos habitudes de navigation sur Internet et vous montrer des publicit\u00e9s li\u00e9es \u00e0 votre profil de navigation.<br \/>\n<strong>Autres cookies de tiers<\/strong><br \/>\nCertaines de nos pages peuvent installer des cookies tiers qui nous permettent de g\u00e9rer et d&rsquo;am\u00e9liorer les services qu&rsquo;ils proposent. Un exemple de cette utilisation sont les liens vers les r\u00e9seaux sociaux qui vous permettent de partager notre contenu.<br \/>\nComment puis-je configurer mes pr\u00e9f\u00e9rences ?<\/p>\n<p>Vous pouvez autoriser, bloquer ou supprimer les cookies install\u00e9s sur votre ordinateur en configurant les options de votre navigateur internet.<br \/>\nVous trouverez ci-dessous des liens vers des informations sur la fa\u00e7on dont vous pouvez activer vos pr\u00e9f\u00e9rences dans les principaux navigateurs :<br \/>\n&#8211; Google Chrome<br \/>\n&#8211; Mozilla Firefox<br \/>\n&#8211; Internet Explorer<br \/>\n&#8211; Safari<br \/>\n&#8211; Safari pour iOS (iPhone, iPad)<\/p>\n<p><strong>Que se passe-t-il si les cookies sont d\u00e9sactiv\u00e9s ?<\/strong><\/p>\n<p>Si vous bloquez ou n&rsquo;acceptez pas l&rsquo;installation de cookies, il est possible que certains services offerts par notre site web qui n\u00e9cessitent leur utilisation soient d\u00e9sactiv\u00e9s et, par cons\u00e9quent, ne soient pas disponibles pour vous et que vous ne puissiez pas profiter pleinement de tout ce que notre site web et nos applications ont \u00e0 offrir. Il est \u00e9galement possible que les performances du site web soient r\u00e9duites.<\/p>\n<p><strong>TYPES DE COOKIES<\/strong><\/p>\n<p>Nom du cookie Objectif Propri\u00e9taire Plus d&rsquo;informations<br \/>\nWordfence wfvt_3178974772 Enregistre le trafic du site web et le temps pass\u00e9 sur le site afin de pr\u00e9venir d&rsquo;\u00e9ventuelles attaques ou logiciels malveillants. &#8211; Wordfence &#8211; Wordfence<br \/>\nGoogle Analytics _ga,_gat Collecte des informations anonymes sur la navigation des utilisateurs sur le site web afin de conna\u00eetre l&rsquo;origine des visites et d&rsquo;autres donn\u00e9es statistiques similaires. Nous n&rsquo;utilisons pas actuellement ces cookies. &#8211; Google &#8211; Centre de confidentialit\u00e9 de Google<br \/>\n&#8211; Module compl\u00e9mentaire de d\u00e9sactivation de Google Analytics<br \/>\nGoogle APISID, SID, HSID, NID Google enregistre les pr\u00e9f\u00e9rences des utilisateurs et d&rsquo;autres informations. &#8211; Google &#8211; Centre de confidentialit\u00e9 de Google<\/p>\n<p><strong>Accepter les cookies<\/strong><\/p>\n<p>Si vous continuez \u00e0 naviguer apr\u00e8s avoir \u00e9t\u00e9 inform\u00e9 de notre politique en mati\u00e8re de cookies, nous comprenons que vous acceptez l&rsquo;utilisation de cookies. Lorsque vous acc\u00e9dez \u00e0 ce site web ou \u00e0 cette application pour la premi\u00e8re fois, vous verrez une fen\u00eatre dans laquelle vous serez inform\u00e9 de l&rsquo;utilisation de cookies et o\u00f9 vous pourrez consulter cette politique en mati\u00e8re de cookies. Si vous consentez \u00e0 l&rsquo;utilisation de cookies, continuez \u00e0 naviguer ou cliquez sur un lien, il sera entendu que vous avez consenti \u00e0 notre politique en mati\u00e8re de cookies et, par cons\u00e9quent, \u00e0 l&rsquo;installation de cookies sur votre ordinateur ou votre appareil.<br \/>\nEn plus de l&rsquo;utilisation de nos propres cookies, nous autorisons des tiers \u00e0 installer des cookies et \u00e0 y acc\u00e9der sur votre ordinateur. Le consentement \u00e0 l&rsquo;utilisation des cookies de cette soci\u00e9t\u00e9 est li\u00e9 \u00e0 la navigation sur ce site web.<br \/>\nSi vous avez des questions concernant l&rsquo;utilisation des cookies sur notre site web, veuillez nous appeler au 661162378 ou nous envoyer un courriel \u00e0 info@innovatione.eu.[\/vc_column_text][\/vc_column][\/vc_row]\n<\/div>","protected":false},"excerpt":{"rendered":"<p>[vc_row][vc_column][vc_empty_space height=\u00a0\u00bb140px\u00a0\u00bb][vc_column_text]Politique en mati\u00e8re de cookies Ce portail, comme la plupart des portails Internet, utilise des cookies pour am\u00e9liorer l&rsquo;exp\u00e9rience de navigation de l&rsquo;utilisateur. Les cookies personnalisent les services offerts par le site web, en proposant \u00e0 chaque utilisateur des informations susceptibles de l&rsquo;int\u00e9resser, en fonction de la mani\u00e8re dont il utilise ce site web. [&hellip;]<\/p>\n","protected":false},"author":2,"featured_media":0,"parent":0,"menu_order":0,"comment_status":"open","ping_status":"open","template":"","meta":{"_joinchat":[]},"yoast_head":"<!-- This site is optimized with the Yoast SEO plugin v19.4 - https:\/\/yoast.com\/wordpress\/plugins\/seo\/ -->\n<title>Cookies - Innovatione<\/title>\n<meta name=\"robots\" content=\"index, follow, max-snippet:-1, max-image-preview:large, max-video-preview:-1\" \/>\n<link rel=\"canonical\" href=\"https:\/\/innovatione.eu\/fr\/cookies\/\" \/>\n<meta property=\"og:locale\" content=\"fr_FR\" \/>\n<meta property=\"og:type\" content=\"article\" \/>\n<meta property=\"og:title\" content=\"Cookies - Innovatione\" \/>\n<meta property=\"og:description\" content=\"[vc_row][vc_column][vc_empty_space height=\u00a0\u00bb140px\u00a0\u00bb][vc_column_text]Politique en mati\u00e8re de cookies Ce portail, comme la plupart des portails Internet, utilise des cookies pour am\u00e9liorer l&rsquo;exp\u00e9rience de navigation de l&rsquo;utilisateur. Les cookies personnalisent les services offerts par le site web, en proposant \u00e0 chaque utilisateur des informations susceptibles de l&rsquo;int\u00e9resser, en fonction de la mani\u00e8re dont il utilise ce site web. [&hellip;]\" \/>\n<meta property=\"og:url\" content=\"https:\/\/innovatione.eu\/fr\/cookies\/\" \/>\n<meta property=\"og:site_name\" content=\"Innovatione\" \/>\n<meta property=\"article:publisher\" content=\"https:\/\/www.facebook.com\/foodinnovatione\/\" \/>\n<meta property=\"article:modified_time\" content=\"2022-07-12T07:23:45+00:00\" \/>\n<meta name=\"twitter:card\" content=\"summary\" \/>\n<meta name=\"twitter:site\" content=\"@foodinnovatione\" \/>\n<meta name=\"twitter:label1\" content=\"Dur\u00e9e de lecture estim\u00e9e\" \/>\n\t<meta name=\"twitter:data1\" content=\"7 minutes\" \/>\n<script type=\"application\/ld+json\" class=\"yoast-schema-graph\">{\"@context\":\"https:\/\/schema.org\",\"@graph\":[{\"@type\":\"WebSite\",\"@id\":\"https:\/\/innovatione.eu\/fr\/#website\",\"url\":\"https:\/\/innovatione.eu\/fr\/\",\"name\":\"Innovatione\",\"description\":\"P&aacute;gina Oficial\",\"potentialAction\":[{\"@type\":\"SearchAction\",\"target\":{\"@type\":\"EntryPoint\",\"urlTemplate\":\"https:\/\/innovatione.eu\/fr\/?s={search_term_string}\"},\"query-input\":\"required name=search_term_string\"}],\"inLanguage\":\"fr-FR\"},{\"@type\":\"WebPage\",\"@id\":\"https:\/\/innovatione.eu\/fr\/cookies\/\",\"url\":\"https:\/\/innovatione.eu\/fr\/cookies\/\",\"name\":\"Cookies - Innovatione\",\"isPartOf\":{\"@id\":\"https:\/\/innovatione.eu\/fr\/#website\"},\"datePublished\":\"2013-02-06T11:10:35+00:00\",\"dateModified\":\"2022-07-12T07:23:45+00:00\",\"breadcrumb\":{\"@id\":\"https:\/\/innovatione.eu\/fr\/cookies\/#breadcrumb\"},\"inLanguage\":\"fr-FR\",\"potentialAction\":[{\"@type\":\"ReadAction\",\"target\":[\"https:\/\/innovatione.eu\/fr\/cookies\/\"]}]},{\"@type\":\"BreadcrumbList\",\"@id\":\"https:\/\/innovatione.eu\/fr\/cookies\/#breadcrumb\",\"itemListElement\":[{\"@type\":\"ListItem\",\"position\":1,\"name\":\"Portada\",\"item\":\"https:\/\/innovatione.eu\/fr\/\"},{\"@type\":\"ListItem\",\"position\":2,\"name\":\"Cookies\"}]}]}<\/script>\n<!-- \/ Yoast SEO plugin. -->","yoast_head_json":{"title":"Cookies - Innovatione","robots":{"index":"index","follow":"follow","max-snippet":"max-snippet:-1","max-image-preview":"max-image-preview:large","max-video-preview":"max-video-preview:-1"},"canonical":"https:\/\/innovatione.eu\/fr\/cookies\/","og_locale":"fr_FR","og_type":"article","og_title":"Cookies - Innovatione","og_description":"[vc_row][vc_column][vc_empty_space height=\u00a0\u00bb140px\u00a0\u00bb][vc_column_text]Politique en mati\u00e8re de cookies Ce portail, comme la plupart des portails Internet, utilise des cookies pour am\u00e9liorer l&rsquo;exp\u00e9rience de navigation de l&rsquo;utilisateur. Les cookies personnalisent les services offerts par le site web, en proposant \u00e0 chaque utilisateur des informations susceptibles de l&rsquo;int\u00e9resser, en fonction de la mani\u00e8re dont il utilise ce site web. [&hellip;]","og_url":"https:\/\/innovatione.eu\/fr\/cookies\/","og_site_name":"Innovatione","article_publisher":"https:\/\/www.facebook.com\/foodinnovatione\/","article_modified_time":"2022-07-12T07:23:45+00:00","twitter_card":"summary","twitter_site":"@foodinnovatione","twitter_misc":{"Dur\u00e9e de lecture estim\u00e9e":"7 minutes"},"schema":{"@context":"https:\/\/schema.org","@graph":[{"@type":"WebSite","@id":"https:\/\/innovatione.eu\/fr\/#website","url":"https:\/\/innovatione.eu\/fr\/","name":"Innovatione","description":"P&aacute;gina Oficial","potentialAction":[{"@type":"SearchAction","target":{"@type":"EntryPoint","urlTemplate":"https:\/\/innovatione.eu\/fr\/?s={search_term_string}"},"query-input":"required name=search_term_string"}],"inLanguage":"fr-FR"},{"@type":"WebPage","@id":"https:\/\/innovatione.eu\/fr\/cookies\/","url":"https:\/\/innovatione.eu\/fr\/cookies\/","name":"Cookies - Innovatione","isPartOf":{"@id":"https:\/\/innovatione.eu\/fr\/#website"},"datePublished":"2013-02-06T11:10:35+00:00","dateModified":"2022-07-12T07:23:45+00:00","breadcrumb":{"@id":"https:\/\/innovatione.eu\/fr\/cookies\/#breadcrumb"},"inLanguage":"fr-FR","potentialAction":[{"@type":"ReadAction","target":["https:\/\/innovatione.eu\/fr\/cookies\/"]}]},{"@type":"BreadcrumbList","@id":"https:\/\/innovatione.eu\/fr\/cookies\/#breadcrumb","itemListElement":[{"@type":"ListItem","position":1,"name":"Portada","item":"https:\/\/innovatione.eu\/fr\/"},{"@type":"ListItem","position":2,"name":"Cookies"}]}]}},"_links":{"self":[{"href":"https:\/\/innovatione.eu\/fr\/wp-json\/wp\/v2\/pages\/7165"}],"collection":[{"href":"https:\/\/innovatione.eu\/fr\/wp-json\/wp\/v2\/pages"}],"about":[{"href":"https:\/\/innovatione.eu\/fr\/wp-json\/wp\/v2\/types\/page"}],"author":[{"embeddable":true,"href":"https:\/\/innovatione.eu\/fr\/wp-json\/wp\/v2\/users\/2"}],"replies":[{"embeddable":true,"href":"https:\/\/innovatione.eu\/fr\/wp-json\/wp\/v2\/comments?post=7165"}],"version-history":[{"count":0,"href":"https:\/\/innovatione.eu\/fr\/wp-json\/wp\/v2\/pages\/7165\/revisions"}],"wp:attachment":[{"href":"https:\/\/innovatione.eu\/fr\/wp-json\/wp\/v2\/media?parent=7165"}],"curies":[{"name":"wp","href":"https:\/\/api.w.org\/{rel}","templated":true}]}}