{"id":7156,"date":"2018-05-22T16:25:49","date_gmt":"2018-05-22T15:25:49","guid":{"rendered":"https:\/\/innovatione.eu\/confirmation-de-la-promotion\/"},"modified":"2022-06-16T09:24:47","modified_gmt":"2022-06-16T08:24:47","slug":"confirmation-de-la-promotion","status":"publish","type":"page","link":"https:\/\/innovatione.eu\/fr\/confirmation-de-la-promotion\/","title":{"rendered":"Confirmation de la promotion"},"content":{"rendered":"<div class=\"wpb-content-wrapper\">[vc_row fullwidth=\u00a0\u00bbtrue\u00a0\u00bb][vc_column][mk_page_title_box page_title=\u00a0\u00bbF\u00c9LICITATIONS VOUS POURREZ PROFITER DE NOTRE PROMOTION EXCLUSIVE !\u00a0\u00bb page_subtitle=\u00a0\u00bbnous vous contacterons d\u00e8s que possible\u00a0\u00bb section_height=\u00a0\u00bb700&Prime; bg_image=\u00a0\u00bbhttp:\/\/innovatione.eu\/wp-content\/uploads\/2018\/05\/smiles-woman-happy-woman-smile.jpg\u00a0\u00bb bg_position=\u00a0\u00bbcenter top\u00a0\u00bb bg_stretch=\u00a0\u00bbtrue\u00a0\u00bb overlay=\u00a0\u00bbrgba(0,0,0,0.2)\u00a0\u00bb bg_effects=\u00a0\u00bbparallax\u00a0\u00bb font_size=\u00a0\u00bb60&Prime; font_color=\u00a0\u00bb#ffffff\u00a0\u00bb sub_font_size=\u00a0\u00bb26&Prime; sub_font_color=\u00a0\u00bb#ffffff\u00a0\u00bb][mk_divider style=\u00a0\u00bbthin_solid\u00a0\u00bb thickness=\u00a0\u00bb3&Prime; margin_top=\u00a0\u00bb0&Prime; margin_bottom=\u00a0\u00bb0&Prime;][\/vc_column][\/vc_row][mk_page_section bg_color=\u00a0\u00bb#efefef\u00a0\u00bb attachment=\u00a0\u00bbfixed\u00a0\u00bb bg_repeat=\u00a0\u00bbno-repeat\u00a0\u00bb bg_stretch=\u00a0\u00bbtrue\u00a0\u00bb min_height=\u00a0\u00bb416&Prime; padding_top=\u00a0\u00bb60&Prime; padding_bottom=\u00a0\u00bb30&Prime; sidebar=\u00a0\u00bbsidebar-1&Prime; first_page=\u00a0\u00bbfalse\u00a0\u00bb last_page=\u00a0\u00bbfalse\u00a0\u00bb][vc_column width=\u00a0\u00bb1\/2&Prime;][mk_padding_divider][vc_video link=\u00a0\u00bbhttps:\/\/vimeo.com\/272838267&Prime;][\/vc_column][vc_column width=\u00a0\u00bb1\/2&Prime;][mk_padding_divider size=\u00a0\u00bb60&Prime;][mk_fancy_title tag_name=\u00a0\u00bbh3&Prime; color_style=\u00a0\u00bbgradient_color\u00a0\u00bb grandient_color_from=\u00a0\u00bb#ebef00&Prime; grandient_color_to=\u00a0\u00bb#eeee22&Prime; grandient_color_angle=\u00a0\u00bbdiagonal_left_bottom\u00a0\u00bb grandient_color_fallback=\u00a0\u00bb#c9b43e\u00a0\u00bb size=\u00a0\u00bb24&Prime; font_weight=\u00a0\u00bbbold\u00a0\u00bb txt_transform=\u00a0\u00bbuppercase\u00a0\u00bb letter_spacing=\u00a0\u00bb2&Prime; font_family=\u00a0\u00bbnone\u00a0\u00bb]Tout est correct, nous vous informons que nous avons d\u00e9j\u00e0 re\u00e7u votre demande pour b\u00e9n\u00e9ficier de notre promotion exclusive pour nos clients. Bient\u00f4t, un de nos agents vous contactera pour savoir exactement de quel forfait vous souhaitez profiter et prendre connaissance de vos besoins. En attendant, recevez un salut cordial.[\/mk_fancy_title][\/vc_column][\/mk_page_section]\n<\/div>","protected":false},"excerpt":{"rendered":"<p>[vc_row fullwidth=\u00a0\u00bbtrue\u00a0\u00bb][vc_column][mk_page_title_box page_title=\u00a0\u00bbF\u00c9LICITATIONS VOUS POURREZ PROFITER DE NOTRE PROMOTION EXCLUSIVE !\u00a0\u00bb page_subtitle=\u00a0\u00bbnous vous contacterons d\u00e8s que possible\u00a0\u00bb section_height=\u00a0\u00bb700&Prime; bg_image=\u00a0\u00bbhttp:\/\/innovatione.eu\/wp-content\/uploads\/2018\/05\/smiles-woman-happy-woman-smile.jpg\u00a0\u00bb bg_position=\u00a0\u00bbcenter top\u00a0\u00bb bg_stretch=\u00a0\u00bbtrue\u00a0\u00bb overlay=\u00a0\u00bbrgba(0,0,0,0.2)\u00a0\u00bb bg_effects=\u00a0\u00bbparallax\u00a0\u00bb font_size=\u00a0\u00bb60&Prime; font_color=\u00a0\u00bb#ffffff\u00a0\u00bb sub_font_size=\u00a0\u00bb26&Prime; sub_font_color=\u00a0\u00bb#ffffff\u00a0\u00bb][mk_divider style=\u00a0\u00bbthin_solid\u00a0\u00bb thickness=\u00a0\u00bb3&Prime; margin_top=\u00a0\u00bb0&Prime; margin_bottom=\u00a0\u00bb0&Prime;][\/vc_column][\/vc_row][mk_page_section bg_color=\u00a0\u00bb#efefef\u00a0\u00bb attachment=\u00a0\u00bbfixed\u00a0\u00bb bg_repeat=\u00a0\u00bbno-repeat\u00a0\u00bb bg_stretch=\u00a0\u00bbtrue\u00a0\u00bb min_height=\u00a0\u00bb416&Prime; padding_top=\u00a0\u00bb60&Prime; padding_bottom=\u00a0\u00bb30&Prime; sidebar=\u00a0\u00bbsidebar-1&Prime; first_page=\u00a0\u00bbfalse\u00a0\u00bb last_page=\u00a0\u00bbfalse\u00a0\u00bb][vc_column width=\u00a0\u00bb1\/2&Prime;][mk_padding_divider][vc_video link=\u00a0\u00bbhttps:\/\/vimeo.com\/272838267&Prime;][\/vc_column][vc_column width=\u00a0\u00bb1\/2&Prime;][mk_padding_divider size=\u00a0\u00bb60&Prime;][mk_fancy_title tag_name=\u00a0\u00bbh3&Prime; color_style=\u00a0\u00bbgradient_color\u00a0\u00bb grandient_color_from=\u00a0\u00bb#ebef00&Prime; grandient_color_to=\u00a0\u00bb#eeee22&Prime; grandient_color_angle=\u00a0\u00bbdiagonal_left_bottom\u00a0\u00bb grandient_color_fallback=\u00a0\u00bb#c9b43e\u00a0\u00bb size=\u00a0\u00bb24&Prime; font_weight=\u00a0\u00bbbold\u00a0\u00bb txt_transform=\u00a0\u00bbuppercase\u00a0\u00bb [&hellip;]<\/p>\n","protected":false},"author":1,"featured_media":0,"parent":0,"menu_order":0,"comment_status":"closed","ping_status":"closed","template":"","meta":{"_joinchat":[]},"yoast_head":"<!-- This site is optimized with the Yoast SEO plugin v19.4 - https:\/\/yoast.com\/wordpress\/plugins\/seo\/ -->\n<title>Confirmation de la promotion - Innovatione<\/title>\n<meta name=\"robots\" content=\"index, follow, max-snippet:-1, max-image-preview:large, max-video-preview:-1\" \/>\n<link rel=\"canonical\" href=\"https:\/\/innovatione.eu\/fr\/confirmation-de-la-promotion\/\" \/>\n<meta property=\"og:locale\" content=\"fr_FR\" \/>\n<meta property=\"og:type\" content=\"article\" \/>\n<meta property=\"og:title\" content=\"Confirmation de la promotion - Innovatione\" \/>\n<meta property=\"og:description\" content=\"[vc_row fullwidth=\u00a0\u00bbtrue\u00a0\u00bb][vc_column][mk_page_title_box page_title=\u00a0\u00bbF\u00c9LICITATIONS VOUS POURREZ PROFITER DE NOTRE PROMOTION EXCLUSIVE !\u00a0\u00bb page_subtitle=\u00a0\u00bbnous vous contacterons d\u00e8s que possible\u00a0\u00bb section_height=\u00a0\u00bb700&Prime; bg_image=\u00a0\u00bbhttp:\/\/innovatione.eu\/wp-content\/uploads\/2018\/05\/smiles-woman-happy-woman-smile.jpg\u00a0\u00bb bg_position=\u00a0\u00bbcenter top\u00a0\u00bb bg_stretch=\u00a0\u00bbtrue\u00a0\u00bb overlay=\u00a0\u00bbrgba(0,0,0,0.2)\u00a0\u00bb bg_effects=\u00a0\u00bbparallax\u00a0\u00bb font_size=\u00a0\u00bb60&Prime; font_color=\u00a0\u00bb#ffffff\u00a0\u00bb sub_font_size=\u00a0\u00bb26&Prime; sub_font_color=\u00a0\u00bb#ffffff\u00a0\u00bb][mk_divider style=\u00a0\u00bbthin_solid\u00a0\u00bb thickness=\u00a0\u00bb3&Prime; margin_top=\u00a0\u00bb0&Prime; margin_bottom=\u00a0\u00bb0&Prime;][\/vc_column][\/vc_row][mk_page_section bg_color=\u00a0\u00bb#efefef\u00a0\u00bb attachment=\u00a0\u00bbfixed\u00a0\u00bb bg_repeat=\u00a0\u00bbno-repeat\u00a0\u00bb bg_stretch=\u00a0\u00bbtrue\u00a0\u00bb min_height=\u00a0\u00bb416&Prime; padding_top=\u00a0\u00bb60&Prime; padding_bottom=\u00a0\u00bb30&Prime; sidebar=\u00a0\u00bbsidebar-1&Prime; first_page=\u00a0\u00bbfalse\u00a0\u00bb last_page=\u00a0\u00bbfalse\u00a0\u00bb][vc_column width=\u00a0\u00bb1\/2&Prime;][mk_padding_divider][vc_video link=\u00a0\u00bbhttps:\/\/vimeo.com\/272838267&Prime;][\/vc_column][vc_column width=\u00a0\u00bb1\/2&Prime;][mk_padding_divider size=\u00a0\u00bb60&Prime;][mk_fancy_title tag_name=\u00a0\u00bbh3&Prime; color_style=\u00a0\u00bbgradient_color\u00a0\u00bb grandient_color_from=\u00a0\u00bb#ebef00&Prime; grandient_color_to=\u00a0\u00bb#eeee22&Prime; grandient_color_angle=\u00a0\u00bbdiagonal_left_bottom\u00a0\u00bb grandient_color_fallback=\u00a0\u00bb#c9b43e\u00a0\u00bb size=\u00a0\u00bb24&Prime; font_weight=\u00a0\u00bbbold\u00a0\u00bb txt_transform=\u00a0\u00bbuppercase\u00a0\u00bb [&hellip;]\" \/>\n<meta property=\"og:url\" content=\"https:\/\/innovatione.eu\/fr\/confirmation-de-la-promotion\/\" \/>\n<meta property=\"og:site_name\" content=\"Innovatione\" \/>\n<meta property=\"article:publisher\" content=\"https:\/\/www.facebook.com\/foodinnovatione\/\" \/>\n<meta property=\"article:modified_time\" content=\"2022-06-16T08:24:47+00:00\" \/>\n<meta name=\"twitter:card\" content=\"summary\" \/>\n<meta name=\"twitter:site\" content=\"@foodinnovatione\" \/>\n<meta name=\"twitter:label1\" content=\"Dur\u00e9e de lecture estim\u00e9e\" \/>\n\t<meta name=\"twitter:data1\" content=\"1 minute\" \/>\n<script type=\"application\/ld+json\" class=\"yoast-schema-graph\">{\"@context\":\"https:\/\/schema.org\",\"@graph\":[{\"@type\":\"WebSite\",\"@id\":\"https:\/\/innovatione.eu\/fr\/#website\",\"url\":\"https:\/\/innovatione.eu\/fr\/\",\"name\":\"Innovatione\",\"description\":\"P&aacute;gina Oficial\",\"potentialAction\":[{\"@type\":\"SearchAction\",\"target\":{\"@type\":\"EntryPoint\",\"urlTemplate\":\"https:\/\/innovatione.eu\/fr\/?s={search_term_string}\"},\"query-input\":\"required name=search_term_string\"}],\"inLanguage\":\"fr-FR\"},{\"@type\":\"WebPage\",\"@id\":\"https:\/\/innovatione.eu\/fr\/confirmation-de-la-promotion\/\",\"url\":\"https:\/\/innovatione.eu\/fr\/confirmation-de-la-promotion\/\",\"name\":\"Confirmation de la promotion - Innovatione\",\"isPartOf\":{\"@id\":\"https:\/\/innovatione.eu\/fr\/#website\"},\"datePublished\":\"2018-05-22T15:25:49+00:00\",\"dateModified\":\"2022-06-16T08:24:47+00:00\",\"breadcrumb\":{\"@id\":\"https:\/\/innovatione.eu\/fr\/confirmation-de-la-promotion\/#breadcrumb\"},\"inLanguage\":\"fr-FR\",\"potentialAction\":[{\"@type\":\"ReadAction\",\"target\":[\"https:\/\/innovatione.eu\/fr\/confirmation-de-la-promotion\/\"]}]},{\"@type\":\"BreadcrumbList\",\"@id\":\"https:\/\/innovatione.eu\/fr\/confirmation-de-la-promotion\/#breadcrumb\",\"itemListElement\":[{\"@type\":\"ListItem\",\"position\":1,\"name\":\"Portada\",\"item\":\"https:\/\/innovatione.eu\/fr\/\"},{\"@type\":\"ListItem\",\"position\":2,\"name\":\"Confirmation de la promotion\"}]}]}<\/script>\n<!-- \/ Yoast SEO plugin. -->","yoast_head_json":{"title":"Confirmation de la promotion - Innovatione","robots":{"index":"index","follow":"follow","max-snippet":"max-snippet:-1","max-image-preview":"max-image-preview:large","max-video-preview":"max-video-preview:-1"},"canonical":"https:\/\/innovatione.eu\/fr\/confirmation-de-la-promotion\/","og_locale":"fr_FR","og_type":"article","og_title":"Confirmation de la promotion - Innovatione","og_description":"[vc_row fullwidth=\u00a0\u00bbtrue\u00a0\u00bb][vc_column][mk_page_title_box page_title=\u00a0\u00bbF\u00c9LICITATIONS VOUS POURREZ PROFITER DE NOTRE PROMOTION EXCLUSIVE !\u00a0\u00bb page_subtitle=\u00a0\u00bbnous vous contacterons d\u00e8s que possible\u00a0\u00bb section_height=\u00a0\u00bb700&Prime; bg_image=\u00a0\u00bbhttp:\/\/innovatione.eu\/wp-content\/uploads\/2018\/05\/smiles-woman-happy-woman-smile.jpg\u00a0\u00bb bg_position=\u00a0\u00bbcenter top\u00a0\u00bb bg_stretch=\u00a0\u00bbtrue\u00a0\u00bb overlay=\u00a0\u00bbrgba(0,0,0,0.2)\u00a0\u00bb bg_effects=\u00a0\u00bbparallax\u00a0\u00bb font_size=\u00a0\u00bb60&Prime; font_color=\u00a0\u00bb#ffffff\u00a0\u00bb sub_font_size=\u00a0\u00bb26&Prime; sub_font_color=\u00a0\u00bb#ffffff\u00a0\u00bb][mk_divider style=\u00a0\u00bbthin_solid\u00a0\u00bb thickness=\u00a0\u00bb3&Prime; margin_top=\u00a0\u00bb0&Prime; margin_bottom=\u00a0\u00bb0&Prime;][\/vc_column][\/vc_row][mk_page_section bg_color=\u00a0\u00bb#efefef\u00a0\u00bb attachment=\u00a0\u00bbfixed\u00a0\u00bb bg_repeat=\u00a0\u00bbno-repeat\u00a0\u00bb bg_stretch=\u00a0\u00bbtrue\u00a0\u00bb min_height=\u00a0\u00bb416&Prime; padding_top=\u00a0\u00bb60&Prime; padding_bottom=\u00a0\u00bb30&Prime; sidebar=\u00a0\u00bbsidebar-1&Prime; first_page=\u00a0\u00bbfalse\u00a0\u00bb last_page=\u00a0\u00bbfalse\u00a0\u00bb][vc_column width=\u00a0\u00bb1\/2&Prime;][mk_padding_divider][vc_video link=\u00a0\u00bbhttps:\/\/vimeo.com\/272838267&Prime;][\/vc_column][vc_column width=\u00a0\u00bb1\/2&Prime;][mk_padding_divider size=\u00a0\u00bb60&Prime;][mk_fancy_title tag_name=\u00a0\u00bbh3&Prime; color_style=\u00a0\u00bbgradient_color\u00a0\u00bb grandient_color_from=\u00a0\u00bb#ebef00&Prime; grandient_color_to=\u00a0\u00bb#eeee22&Prime; grandient_color_angle=\u00a0\u00bbdiagonal_left_bottom\u00a0\u00bb grandient_color_fallback=\u00a0\u00bb#c9b43e\u00a0\u00bb size=\u00a0\u00bb24&Prime; font_weight=\u00a0\u00bbbold\u00a0\u00bb txt_transform=\u00a0\u00bbuppercase\u00a0\u00bb [&hellip;]","og_url":"https:\/\/innovatione.eu\/fr\/confirmation-de-la-promotion\/","og_site_name":"Innovatione","article_publisher":"https:\/\/www.facebook.com\/foodinnovatione\/","article_modified_time":"2022-06-16T08:24:47+00:00","twitter_card":"summary","twitter_site":"@foodinnovatione","twitter_misc":{"Dur\u00e9e de lecture estim\u00e9e":"1 minute"},"schema":{"@context":"https:\/\/schema.org","@graph":[{"@type":"WebSite","@id":"https:\/\/innovatione.eu\/fr\/#website","url":"https:\/\/innovatione.eu\/fr\/","name":"Innovatione","description":"P&aacute;gina Oficial","potentialAction":[{"@type":"SearchAction","target":{"@type":"EntryPoint","urlTemplate":"https:\/\/innovatione.eu\/fr\/?s={search_term_string}"},"query-input":"required name=search_term_string"}],"inLanguage":"fr-FR"},{"@type":"WebPage","@id":"https:\/\/innovatione.eu\/fr\/confirmation-de-la-promotion\/","url":"https:\/\/innovatione.eu\/fr\/confirmation-de-la-promotion\/","name":"Confirmation de la promotion - Innovatione","isPartOf":{"@id":"https:\/\/innovatione.eu\/fr\/#website"},"datePublished":"2018-05-22T15:25:49+00:00","dateModified":"2022-06-16T08:24:47+00:00","breadcrumb":{"@id":"https:\/\/innovatione.eu\/fr\/confirmation-de-la-promotion\/#breadcrumb"},"inLanguage":"fr-FR","potentialAction":[{"@type":"ReadAction","target":["https:\/\/innovatione.eu\/fr\/confirmation-de-la-promotion\/"]}]},{"@type":"BreadcrumbList","@id":"https:\/\/innovatione.eu\/fr\/confirmation-de-la-promotion\/#breadcrumb","itemListElement":[{"@type":"ListItem","position":1,"name":"Portada","item":"https:\/\/innovatione.eu\/fr\/"},{"@type":"ListItem","position":2,"name":"Confirmation de la promotion"}]}]}},"_links":{"self":[{"href":"https:\/\/innovatione.eu\/fr\/wp-json\/wp\/v2\/pages\/7156"}],"collection":[{"href":"https:\/\/innovatione.eu\/fr\/wp-json\/wp\/v2\/pages"}],"about":[{"href":"https:\/\/innovatione.eu\/fr\/wp-json\/wp\/v2\/types\/page"}],"author":[{"embeddable":true,"href":"https:\/\/innovatione.eu\/fr\/wp-json\/wp\/v2\/users\/1"}],"replies":[{"embeddable":true,"href":"https:\/\/innovatione.eu\/fr\/wp-json\/wp\/v2\/comments?post=7156"}],"version-history":[{"count":0,"href":"https:\/\/innovatione.eu\/fr\/wp-json\/wp\/v2\/pages\/7156\/revisions"}],"wp:attachment":[{"href":"https:\/\/innovatione.eu\/fr\/wp-json\/wp\/v2\/media?parent=7156"}],"curies":[{"name":"wp","href":"https:\/\/api.w.org\/{rel}","templated":true}]}}