{"id":7153,"date":"2014-09-05T07:29:42","date_gmt":"2014-09-05T06:29:42","guid":{"rendered":"https:\/\/innovatione.eu\/blog\/"},"modified":"2022-07-11T20:34:21","modified_gmt":"2022-07-11T19:34:21","slug":"blog","status":"publish","type":"page","link":"https:\/\/innovatione.eu\/fr\/blog\/","title":{"rendered":"Blog"},"content":{"rendered":"<div class=\"wpb-content-wrapper\">[vc_row fullwidth=\u00a0\u00bbtrue\u00a0\u00bb padding=\u00a0\u00bb0&Prime;][vc_column][mk_page_title_box page_title=\u00a0\u00bbBLOG\u00a0\u00bb page_subtitle=\u00a0\u00bbSi vous voulez en savoir plus\u00a0\u00bb section_height=\u00a0\u00bb455&Prime; bg_image=\u00a0\u00bbhttps:\/\/innovatione.eu\/wp-content\/uploads\/2014\/09\/landscape-540115.jpg\u00a0\u00bb bg_position=\u00a0\u00bbcenter center\u00a0\u00bb bg_stretch=\u00a0\u00bbtrue\u00a0\u00bb bg_effects=\u00a0\u00bbparallax\u00a0\u00bb font_size=\u00a0\u00bb60&Prime; font_color=\u00a0\u00bb#ffffff\u00a0\u00bb sub_font_size=\u00a0\u00bb26&Prime; sub_font_color=\u00a0\u00bb#ffffff\u00a0\u00bb][mk_divider style=\u00a0\u00bbthin_solid\u00a0\u00bb thickness=\u00a0\u00bb3&Prime; margin_top=\u00a0\u00bb0&Prime; margin_bottom=\u00a0\u00bb0&Prime;][\/vc_column][\/vc_row][vc_row][vc_column][mk_padding_divider size=\u00a0\u00bb80&Prime;][mk_blog style=\u00a0\u00bbgrid\u00a0\u00bb post_count=\u00a0\u00bb-1&Prime; excerpt_length=\u00a0\u00bb300&Prime; image_quality=\u00a0\u00bb1&Prime; count=\u00a0\u00bb12&Prime; offset=\u00a0\u00bb0&Prime; disable_lightbox=\u00a0\u00bbtrue\u00a0\u00bb item_id=\u00a0\u00bb1409842685-54087dfd6a7ba\u00a0\u00bb exclude_post_format=\u00a0\u00bb\u00a0\u00bb][\/vc_column][\/vc_row]\n<\/div>","protected":false},"excerpt":{"rendered":"<p>[vc_row fullwidth=\u00a0\u00bbtrue\u00a0\u00bb padding=\u00a0\u00bb0&Prime;][vc_column][mk_page_title_box page_title=\u00a0\u00bbBLOG\u00a0\u00bb page_subtitle=\u00a0\u00bbSi vous voulez en savoir plus\u00a0\u00bb section_height=\u00a0\u00bb455&Prime; bg_image=\u00a0\u00bbhttps:\/\/innovatione.eu\/wp-content\/uploads\/2014\/09\/landscape-540115.jpg\u00a0\u00bb bg_position=\u00a0\u00bbcenter center\u00a0\u00bb bg_stretch=\u00a0\u00bbtrue\u00a0\u00bb bg_effects=\u00a0\u00bbparallax\u00a0\u00bb font_size=\u00a0\u00bb60&Prime; font_color=\u00a0\u00bb#ffffff\u00a0\u00bb sub_font_size=\u00a0\u00bb26&Prime; sub_font_color=\u00a0\u00bb#ffffff\u00a0\u00bb][mk_divider style=\u00a0\u00bbthin_solid\u00a0\u00bb thickness=\u00a0\u00bb3&Prime; margin_top=\u00a0\u00bb0&Prime; margin_bottom=\u00a0\u00bb0&Prime;][\/vc_column][\/vc_row][vc_row][vc_column][mk_padding_divider size=\u00a0\u00bb80&Prime;][mk_blog style=\u00a0\u00bbgrid\u00a0\u00bb post_count=\u00a0\u00bb-1&Prime; excerpt_length=\u00a0\u00bb300&Prime; image_quality=\u00a0\u00bb1&Prime; count=\u00a0\u00bb12&Prime; offset=\u00a0\u00bb0&Prime; disable_lightbox=\u00a0\u00bbtrue\u00a0\u00bb item_id=\u00a0\u00bb1409842685-54087dfd6a7ba\u00a0\u00bb exclude_post_format=\u00a0\u00bb\u00a0\u00bb][\/vc_column][\/vc_row]<\/p>\n","protected":false},"author":1,"featured_media":6977,"parent":0,"menu_order":0,"comment_status":"open","ping_status":"closed","template":"","meta":{"_joinchat":[]},"yoast_head":"<!-- This site is optimized with the Yoast SEO plugin v19.4 - https:\/\/yoast.com\/wordpress\/plugins\/seo\/ -->\n<title>Blog agriculture et \u00e9levage - Innovatione<\/title>\n<meta name=\"description\" content=\"Blog d\u00e9di\u00e9 \u00e0 l&#039;agriculture et \u00e0 l&#039;\u00e9levage, dans lequel de nouvelles publications consacr\u00e9es \u00e0 diff\u00e9rents sujets seront trouv\u00e9es chaque semaine.\" \/>\n<meta name=\"robots\" content=\"index, follow, max-snippet:-1, max-image-preview:large, max-video-preview:-1\" \/>\n<link rel=\"canonical\" href=\"https:\/\/innovatione.eu\/fr\/blog\/\" \/>\n<meta property=\"og:locale\" content=\"fr_FR\" \/>\n<meta property=\"og:type\" content=\"article\" \/>\n<meta property=\"og:title\" content=\"Blog agriculture et \u00e9levage - Innovatione\" \/>\n<meta property=\"og:description\" content=\"Blog d\u00e9di\u00e9 \u00e0 l&#039;agriculture et \u00e0 l&#039;\u00e9levage, dans lequel de nouvelles publications consacr\u00e9es \u00e0 diff\u00e9rents sujets seront trouv\u00e9es chaque semaine.\" \/>\n<meta property=\"og:url\" content=\"https:\/\/innovatione.eu\/fr\/blog\/\" \/>\n<meta property=\"og:site_name\" content=\"Innovatione\" \/>\n<meta property=\"article:publisher\" content=\"https:\/\/www.facebook.com\/foodinnovatione\/\" \/>\n<meta property=\"article:modified_time\" content=\"2022-07-11T19:34:21+00:00\" \/>\n<meta property=\"og:image\" content=\"https:\/\/innovatione.eu\/wp-content\/uploads\/2014\/09\/landscape-540115-e1623159030269.jpg\" \/>\n\t<meta property=\"og:image:width\" content=\"800\" \/>\n\t<meta property=\"og:image:height\" content=\"533\" \/>\n\t<meta property=\"og:image:type\" content=\"image\/jpeg\" \/>\n<meta name=\"twitter:card\" content=\"summary\" \/>\n<meta name=\"twitter:site\" content=\"@foodinnovatione\" \/>\n<meta name=\"twitter:label1\" content=\"Dur\u00e9e de lecture estim\u00e9e\" \/>\n\t<meta name=\"twitter:data1\" content=\"1 minute\" \/>\n<script type=\"application\/ld+json\" class=\"yoast-schema-graph\">{\"@context\":\"https:\/\/schema.org\",\"@graph\":[{\"@type\":\"WebSite\",\"@id\":\"https:\/\/innovatione.eu\/fr\/#website\",\"url\":\"https:\/\/innovatione.eu\/fr\/\",\"name\":\"Innovatione\",\"description\":\"P&aacute;gina Oficial\",\"potentialAction\":[{\"@type\":\"SearchAction\",\"target\":{\"@type\":\"EntryPoint\",\"urlTemplate\":\"https:\/\/innovatione.eu\/fr\/?s={search_term_string}\"},\"query-input\":\"required name=search_term_string\"}],\"inLanguage\":\"fr-FR\"},{\"@type\":\"WebPage\",\"@id\":\"https:\/\/innovatione.eu\/fr\/blog\/\",\"url\":\"https:\/\/innovatione.eu\/fr\/blog\/\",\"name\":\"Blog agriculture et \u00e9levage - Innovatione\",\"isPartOf\":{\"@id\":\"https:\/\/innovatione.eu\/fr\/#website\"},\"datePublished\":\"2014-09-05T06:29:42+00:00\",\"dateModified\":\"2022-07-11T19:34:21+00:00\",\"description\":\"Blog d\u00e9di\u00e9 \u00e0 l'agriculture et \u00e0 l'\u00e9levage, dans lequel de nouvelles publications consacr\u00e9es \u00e0 diff\u00e9rents sujets seront trouv\u00e9es chaque semaine.\",\"breadcrumb\":{\"@id\":\"https:\/\/innovatione.eu\/fr\/blog\/#breadcrumb\"},\"inLanguage\":\"fr-FR\",\"potentialAction\":[{\"@type\":\"ReadAction\",\"target\":[\"https:\/\/innovatione.eu\/fr\/blog\/\"]}]},{\"@type\":\"BreadcrumbList\",\"@id\":\"https:\/\/innovatione.eu\/fr\/blog\/#breadcrumb\",\"itemListElement\":[{\"@type\":\"ListItem\",\"position\":1,\"name\":\"Portada\",\"item\":\"https:\/\/innovatione.eu\/fr\/\"},{\"@type\":\"ListItem\",\"position\":2,\"name\":\"Blog\"}]}]}<\/script>\n<!-- \/ Yoast SEO plugin. -->","yoast_head_json":{"title":"Blog agriculture et \u00e9levage - Innovatione","description":"Blog d\u00e9di\u00e9 \u00e0 l'agriculture et \u00e0 l'\u00e9levage, dans lequel de nouvelles publications consacr\u00e9es \u00e0 diff\u00e9rents sujets seront trouv\u00e9es chaque semaine.","robots":{"index":"index","follow":"follow","max-snippet":"max-snippet:-1","max-image-preview":"max-image-preview:large","max-video-preview":"max-video-preview:-1"},"canonical":"https:\/\/innovatione.eu\/fr\/blog\/","og_locale":"fr_FR","og_type":"article","og_title":"Blog agriculture et \u00e9levage - Innovatione","og_description":"Blog d\u00e9di\u00e9 \u00e0 l'agriculture et \u00e0 l'\u00e9levage, dans lequel de nouvelles publications consacr\u00e9es \u00e0 diff\u00e9rents sujets seront trouv\u00e9es chaque semaine.","og_url":"https:\/\/innovatione.eu\/fr\/blog\/","og_site_name":"Innovatione","article_publisher":"https:\/\/www.facebook.com\/foodinnovatione\/","article_modified_time":"2022-07-11T19:34:21+00:00","og_image":[{"width":800,"height":533,"url":"https:\/\/innovatione.eu\/wp-content\/uploads\/2014\/09\/landscape-540115-e1623159030269.jpg","type":"image\/jpeg"}],"twitter_card":"summary","twitter_site":"@foodinnovatione","twitter_misc":{"Dur\u00e9e de lecture estim\u00e9e":"1 minute"},"schema":{"@context":"https:\/\/schema.org","@graph":[{"@type":"WebSite","@id":"https:\/\/innovatione.eu\/fr\/#website","url":"https:\/\/innovatione.eu\/fr\/","name":"Innovatione","description":"P&aacute;gina Oficial","potentialAction":[{"@type":"SearchAction","target":{"@type":"EntryPoint","urlTemplate":"https:\/\/innovatione.eu\/fr\/?s={search_term_string}"},"query-input":"required name=search_term_string"}],"inLanguage":"fr-FR"},{"@type":"WebPage","@id":"https:\/\/innovatione.eu\/fr\/blog\/","url":"https:\/\/innovatione.eu\/fr\/blog\/","name":"Blog agriculture et \u00e9levage - Innovatione","isPartOf":{"@id":"https:\/\/innovatione.eu\/fr\/#website"},"datePublished":"2014-09-05T06:29:42+00:00","dateModified":"2022-07-11T19:34:21+00:00","description":"Blog d\u00e9di\u00e9 \u00e0 l'agriculture et \u00e0 l'\u00e9levage, dans lequel de nouvelles publications consacr\u00e9es \u00e0 diff\u00e9rents sujets seront trouv\u00e9es chaque semaine.","breadcrumb":{"@id":"https:\/\/innovatione.eu\/fr\/blog\/#breadcrumb"},"inLanguage":"fr-FR","potentialAction":[{"@type":"ReadAction","target":["https:\/\/innovatione.eu\/fr\/blog\/"]}]},{"@type":"BreadcrumbList","@id":"https:\/\/innovatione.eu\/fr\/blog\/#breadcrumb","itemListElement":[{"@type":"ListItem","position":1,"name":"Portada","item":"https:\/\/innovatione.eu\/fr\/"},{"@type":"ListItem","position":2,"name":"Blog"}]}]}},"_links":{"self":[{"href":"https:\/\/innovatione.eu\/fr\/wp-json\/wp\/v2\/pages\/7153"}],"collection":[{"href":"https:\/\/innovatione.eu\/fr\/wp-json\/wp\/v2\/pages"}],"about":[{"href":"https:\/\/innovatione.eu\/fr\/wp-json\/wp\/v2\/types\/page"}],"author":[{"embeddable":true,"href":"https:\/\/innovatione.eu\/fr\/wp-json\/wp\/v2\/users\/1"}],"replies":[{"embeddable":true,"href":"https:\/\/innovatione.eu\/fr\/wp-json\/wp\/v2\/comments?post=7153"}],"version-history":[{"count":0,"href":"https:\/\/innovatione.eu\/fr\/wp-json\/wp\/v2\/pages\/7153\/revisions"}],"wp:featuredmedia":[{"embeddable":true,"href":"https:\/\/innovatione.eu\/fr\/wp-json\/wp\/v2\/media\/6977"}],"wp:attachment":[{"href":"https:\/\/innovatione.eu\/fr\/wp-json\/wp\/v2\/media?parent=7153"}],"curies":[{"name":"wp","href":"https:\/\/api.w.org\/{rel}","templated":true}]}}