{"id":7152,"date":"2017-11-23T21:00:06","date_gmt":"2017-11-23T20:00:06","guid":{"rendered":"https:\/\/innovatione.eu\/avis-juridique\/"},"modified":"2022-07-12T08:18:42","modified_gmt":"2022-07-12T07:18:42","slug":"avis-juridique","status":"publish","type":"page","link":"https:\/\/innovatione.eu\/fr\/avis-juridique\/","title":{"rendered":"Avis juridique"},"content":{"rendered":"<div class=\"wpb-content-wrapper\">[vc_row][vc_column][vc_empty_space height=\u00a0\u00bb140px\u00a0\u00bb][vc_column_text]<strong>Avis juridique<\/strong><\/p>\n<p>http:\/\/innovatione.eu, conform\u00e9ment \u00e0 la loi 34\/2002, du 11 juillet, sur les services de la soci\u00e9t\u00e9 de l&rsquo;information et le commerce \u00e9lectronique, s&rsquo;engage \u00e0 faire preuve de transparence et vous informe donc que :<\/p>\n<p>Son nom de soci\u00e9t\u00e9 est : Innovatione<br \/>\nSon si\u00e8ge social est situ\u00e9 \u00e0 c\/ Adaja 10, edificio M3, Oficina P1 07, Parque Cient\u00edfico USAL, Villamayor, Salamanca, cp : 37185.<br \/>\nSon activit\u00e9 sociale est l&rsquo;ing\u00e9nierie agricole.<\/p>\n<p><strong>Nos termes et conditions<\/strong><\/p>\n<p>Les pr\u00e9sentes conditions g\u00e9n\u00e9rales r\u00e9gissent l&rsquo;utilisation (y compris le simple acc\u00e8s) des pages web qui composent le site web Arturo Garc\u00eda, y compris les contenus et services qui y sont mis \u00e0 disposition. Toute personne acc\u00e9dant au portail http:\/\/Innovatione.es (\u00ab\u00a0Utilisateur\u00a0\u00bb) accepte d&rsquo;\u00eatre li\u00e9e par les conditions g\u00e9n\u00e9rales en vigueur \u00e0 tout moment sur le portail http:\/\/Innovatione.es.<\/p>\n<p><strong>L&rsquo;objectif de notre site web<\/strong><\/p>\n<p>Les services fournis par http:\/\/innovatione.eu sont l&rsquo;ing\u00e9nierie agricole, le conseil technologique et la consultance.<br \/>\nLe pr\u00e9sent avis juridique (ci-apr\u00e8s, l'\u00a0\u00bbavis juridique\u00a0\u00bb) r\u00e9git l&rsquo;utilisation du site web : http:\/\/innovatione.eu.<br \/>\nCe que nous attendons de nos utilisateurs<\/p>\n<p>L&rsquo;acc\u00e8s et\/ou l&rsquo;utilisation de ce site web conf\u00e8re la condition d&rsquo;Utilisateur \u00e0 ceux qui y acc\u00e8dent et\/ou l&rsquo;utilisent, en acceptant, d\u00e8s ce moment, pleinement et sans r\u00e9serve, le pr\u00e9sent Avis l\u00e9gal, ainsi que les conditions particuli\u00e8res qui, le cas \u00e9ch\u00e9ant, le compl\u00e8tent, en relation avec certains services et contenus du site web.<\/p>\n<p>L&rsquo;Utilisateur est inform\u00e9 et accepte que l&rsquo;acc\u00e8s \u00e0 ce site web n&rsquo;implique, en aucune mani\u00e8re, le d\u00e9but d&rsquo;une relation commerciale avec Innovatione.<\/p>\n<p>Ainsi, l&rsquo;utilisateur s&rsquo;engage \u00e0 utiliser le site web, ses services et ses contenus sans contrevenir \u00e0 la l\u00e9gislation en vigueur, \u00e0 la bonne foi et \u00e0 l&rsquo;ordre public. Il est interdit d&rsquo;utiliser le site web \u00e0 des fins ill\u00e9gales ou nuisibles, ou qui, de quelque mani\u00e8re que ce soit, peuvent causer des dommages ou entraver le fonctionnement normal du site web. En ce qui concerne le contenu de ce site, il est interdit :<\/p>\n<p>Sa reproduction, sa distribution ou sa modification, en tout ou en partie, \u00e0 moins qu&rsquo;elle n&rsquo;ait l&rsquo;autorisation de l&rsquo;\u00c9tat.<br \/>\nAutorisation de leurs propri\u00e9taires l\u00e9gitimes ;<br \/>\nToute violation des droits du fournisseur ou des propri\u00e9taires l\u00e9gitimes ;<br \/>\nSon utilisation \u00e0 des fins commerciales ou publicitaires.<br \/>\nQuelles informations recueillons-nous aupr\u00e8s de nos utilisateurs et \u00e0 quelles fins les utilisons-nous ?<\/p>\n<p>Sur le site web, il est possible de s&rsquo;inscrire aux syst\u00e8mes de suivi automatique et \u00e0 la Newsletter pour recevoir les nouvelles publi\u00e9es de diff\u00e9rentes mani\u00e8res :<\/p>\n<p>Flux RSS. \u00ab\u00a0RSS\u00a0\u00bb ou \u00ab\u00a0Feed RSS\u00a0\u00bb (ou \u00ab\u00a0XML\u00a0\u00bb) est un fichier g\u00e9n\u00e9r\u00e9 par certains sites web (et par de nombreux weblogs) qui contient une version sp\u00e9cifique des informations publi\u00e9es sur ce site web. Il n\u00e9cessite l&rsquo;utilisation d&rsquo;un agr\u00e9gateur de nouvelles et ne requiert aucune donn\u00e9e.<\/p>\n<p>Formulaires d&rsquo;abonnement au contenu : le site web contient plusieurs formulaires permettant d&rsquo;activer l&rsquo;abonnement. Regardez dans votre bo\u00eete aux lettres \u00e9lectronique. Vous devrez confirmer votre inscription afin que nous puissions valider votre adresse \u00e9lectronique. J&rsquo;utiliserai les donn\u00e9es fournies pour vous envoyer ma Newsletter et vous tenir au courant des nouveaut\u00e9s et des offres sp\u00e9ciales, exclusivement pour les abonn\u00e9s.<\/p>\n<p>Formulaire de contact : Il existe \u00e9galement un formulaire de contact pour les questions, les suggestions ou les contacts professionnels. Dans ce cas, l&rsquo;adresse \u00e9lectronique sera utilis\u00e9e pour leur r\u00e9pondre.<\/p>\n<p>Vous pouvez vous d\u00e9sinscrire \u00e0 tout moment des services fournis par http:\/\/innovatione.eu dans la m\u00eame Newsletter.<\/p>\n<p>Vos informations sont prot\u00e9g\u00e9es conform\u00e9ment \u00e0 notre politique de confidentialit\u00e9 et \u00e0 nos conditions de service. En activant un abonnement, vous comprenez et acceptez que :<\/p>\n<p>A partir du moment o\u00f9 vous faites votre abonnement, http:\/\/innovatione.eu a acc\u00e8s \u00e0 : Nom d&rsquo;utilisateur et adresse \u00e9lectronique, formant un fichier d\u00fbment inscrit au registre g\u00e9n\u00e9ral de l&rsquo;Agence espagnole de protection des donn\u00e9es sous le nom de \u00ab\u00a0UTILISATEURS WEB\u00a0\u00bb.<\/p>\n<p>Dans tous les cas, Innovatione se r\u00e9serve le droit de modifier, \u00e0 tout moment et sans pr\u00e9avis, la pr\u00e9sentation et la configuration du portail http:\/\/innovatione.eu ainsi que les pr\u00e9sentes Conditions G\u00e9n\u00e9rales ou les Conditions Particuli\u00e8res correspondantes.<\/p>\n<p><strong>Engagements et obligations envers nos utilisateurs<\/strong><\/p>\n<p>L&rsquo;acc\u00e8s et\/ou l&rsquo;utilisation de ce site web conf\u00e8re \u00e0 l&rsquo;utilisateur la condition d&rsquo;Utilisateur, acceptant, d\u00e8s ce moment, pleinement et sans r\u00e9serve, le pr\u00e9sent Avis L\u00e9gal en relation avec certains services et contenus du site web.<\/p>\n<p>Lors de l&rsquo;utilisation du portail http:\/\/Innovatione.eu, l&rsquo;utilisateur s&rsquo;engage \u00e0 n&rsquo;adopter aucun comportement susceptible de porter atteinte \u00e0 l&rsquo;image, aux int\u00e9r\u00eats et aux droits de Innovatione ou de tiers, ou susceptible d&rsquo;endommager, de d\u00e9sactiver ou de surcharger le portail http:\/\/Innovatione.eu ou d&#8217;emp\u00eacher, de quelque mani\u00e8re que ce soit, l&rsquo;utilisation normale du portail.<\/p>\n<p>Traduit avec www.DeepL.com\/Translator (version gratuite)<\/p>\n<p>Innovatione adopte des mesures de s\u00e9curit\u00e9 raisonnablement ad\u00e9quates pour d\u00e9tecter l&rsquo;existence de virus. Toutefois, l&rsquo;Utilisateur doit \u00eatre conscient que les mesures de s\u00e9curit\u00e9 des syst\u00e8mes informatiques sur Internet ne sont pas enti\u00e8rement fiables et que, par cons\u00e9quent, Innovatione ne peut garantir l&rsquo;absence de virus ou d&rsquo;autres \u00e9l\u00e9ments susceptibles de provoquer des alt\u00e9rations dans les syst\u00e8mes informatiques (logiciels et mat\u00e9riels) de l&rsquo;Utilisateur ou dans ses documents \u00e9lectroniques et les fichiers qui y sont contenus.<\/p>\n<p><strong>Droits de propri\u00e9t\u00e9 intellectuelle et industrielle<\/strong><\/p>\n<p>Par le biais des pr\u00e9sentes Conditions G\u00e9n\u00e9rales, aucun droit de propri\u00e9t\u00e9 intellectuelle ou industrielle n&rsquo;est transf\u00e9r\u00e9 sur le portail Innovatione ou sur l&rsquo;un de ses \u00e9l\u00e9ments int\u00e9graux, et la reproduction, la transformation, la distribution, la communication publique, la mise \u00e0 disposition du public, l&rsquo;extraction, la r\u00e9utilisation, la r\u00e9exp\u00e9dition ou l&rsquo;utilisation de toute nature, par tout moyen ou proc\u00e9dure, de l&rsquo;un d&rsquo;entre eux est express\u00e9ment interdite \u00e0 l&rsquo;Utilisateur, sauf dans les cas o\u00f9 elle est l\u00e9galement permise ou autoris\u00e9e par le titulaire des droits correspondants.<\/p>\n<p>L&rsquo;utilisateur reconna\u00eet et accepte que l&rsquo;ensemble du site web, y compris, mais sans s&rsquo;y limiter, le texte, le logiciel, le contenu (y compris la structure, la s\u00e9lection, l&rsquo;arrangement et la pr\u00e9sentation de celui-ci), les photographies, le mat\u00e9riel audiovisuel et les graphiques, est prot\u00e9g\u00e9 par des marques, des droits d&rsquo;auteur et d&rsquo;autres droits l\u00e9gitimes enregistr\u00e9s, conform\u00e9ment aux trait\u00e9s internationaux auxquels l&rsquo;Espagne est partie et aux autres droits de propri\u00e9t\u00e9 et lois espagnoles.<\/p>\n<p><strong>Liens externes<\/strong><\/p>\n<p>Les pages du portail Innovatione contiennent des liens vers d&rsquo;autres sites web et des contenus appartenant \u00e0 des tiers. L&rsquo;unique objectif des liens est de fournir \u00e0 l&rsquo;Utilisateur la possibilit\u00e9 d&rsquo;acc\u00e9der \u00e0 ces liens, bien que Innovatione n&rsquo;offre pas et ne commercialise pas, elle-m\u00eame ou par l&rsquo;interm\u00e9diaire de tiers, l&rsquo;information, les contenus et les services disponibles sur les sites li\u00e9s, et n&rsquo;approuve pas, ne supervise pas et ne contr\u00f4le pas, de quelque mani\u00e8re que ce soit, les contenus et les services et tout mat\u00e9riel de toute nature existant sur ces sites. Innovatione n&rsquo;est en aucun cas responsable des r\u00e9sultats qui pourraient \u00eatre obtenus par l&rsquo;Utilisateur en acc\u00e9dant \u00e0 ces liens.<\/p>\n<p>L&rsquo;Utilisateur qui entend \u00e9tablir un lien technique entre son site web et le portail Innovatione doit obtenir l&rsquo;autorisation \u00e9crite pr\u00e9alable d&rsquo;Innovatione. L&rsquo;\u00e9tablissement du lien n&rsquo;implique en aucun cas l&rsquo;existence de relations entre Innovatione et le propri\u00e9taire du site o\u00f9 le lien est \u00e9tabli, ni l&rsquo;acceptation ou l&rsquo;approbation par Innovatione de ses contenus ou services.<\/p>\n<p>Nous nous soucions de vos informations : Notre politique de protection des donn\u00e9es et de confidentialit\u00e9<\/p>\n<p>Innovatione s&rsquo;engage dans l&rsquo;utilisation des donn\u00e9es incluses dans le fichier, \u00e0 respecter sa confidentialit\u00e9 et \u00e0 les utiliser conform\u00e9ment \u00e0 la finalit\u00e9 du m\u00eame, ainsi qu&rsquo;\u00e0 respecter son obligation de les sauvegarder et d&rsquo;adapter toutes les mesures pour \u00e9viter l&rsquo;alt\u00e9ration, la perte, l&rsquo;acc\u00e8s ou le traitement non autoris\u00e9, conform\u00e9ment aux dispositions du D\u00e9cret Royal 1720\/2007 du 21 d\u00e9cembre, qui approuve le R\u00e8glement de d\u00e9veloppement de la Loi 15\/1999 du 13 d\u00e9cembre, sur la Protection des Donn\u00e9es Personnelles.<\/p>\n<p>L&rsquo;Utilisateur garantit que les donn\u00e9es personnelles fournies \u00e0 travers le formulaire sont v\u00e9ridiques, \u00e9tant oblig\u00e9 de communiquer toute modification de celles-ci. De m\u00eame, l&rsquo;utilisateur garantit que toutes les informations fournies correspondent \u00e0 sa situation r\u00e9elle, qu&rsquo;elles sont \u00e0 jour et exactes. En outre, l&rsquo;Utilisateur s&rsquo;engage \u00e0 maintenir ses donn\u00e9es \u00e0 jour \u00e0 tout moment, \u00e9tant seul responsable de l&rsquo;inexactitude ou de la fausset\u00e9 des donn\u00e9es fournies et des dommages qui pourraient \u00eatre caus\u00e9s de ce fait \u00e0 Innovatione en tant que propri\u00e9taire du portail http:\/\/innovatione.eu, ou \u00e0 des tiers du fait de l&rsquo;utilisation dudit portail.<\/p>\n<p>Nous vous informons que vous pouvez exercer, en ce qui concerne les donn\u00e9es recueillies, les droits reconnus par la loi organique 15\/1999, d&rsquo;acc\u00e8s, de rectification ou d&rsquo;annulation des donn\u00e9es et d&rsquo;opposition. Vous \u00eates donc inform\u00e9 que vous pouvez exercer ces droits en envoyant une demande \u00e9crite et sign\u00e9e, accompagn\u00e9e d&rsquo;une photocopie de votre carte d&rsquo;identit\u00e9 ou d&rsquo;un document d&rsquo;identification \u00e9quivalent, \u00e0 l&rsquo;adresse postale d&rsquo;Innovatione (c\/ Adaja 10, Edificio M3, Oficina P1 07, Parque Cient\u00edfico USAL, cp : 37185, Villamayor, Salamanca).<\/p>\n<p><strong>Exclusion des garanties et de la responsabilit\u00e9<\/strong><br \/>\nLe prestataire n&rsquo;accorde aucune garantie et ne sera en aucun cas responsable des dommages de toute nature qui pourraient \u00eatre caus\u00e9s par :<\/p>\n<p>-Le manque de disponibilit\u00e9, de maintenance et de fonctionnement efficace du site web ou de ses services et contenus ;<br \/>\n-L&rsquo;existence de virus, de programmes malveillants ou nuisibles dans les contenus ;<br \/>\n-L&rsquo;utilisation illicite, n\u00e9gligente, frauduleuse ou contraire au pr\u00e9sent avis juridique ;<\/p>\n<p>-Le manque de l\u00e9galit\u00e9, de qualit\u00e9, de fiabilit\u00e9, d&rsquo;utilit\u00e9 et de disponibilit\u00e9 des services fournis par des tiers et mis \u00e0 la disposition des utilisateurs sur le site web.<br \/>\n-Le fournisseur ne sera en aucun cas responsable des dommages qui pourraient r\u00e9sulter de l&rsquo;utilisation ill\u00e9gale ou inappropri\u00e9e de ce site web.<\/p>\n<p><strong>Droit applicable et juridiction<\/strong><\/p>\n<p>En g\u00e9n\u00e9ral, les relations entre Innovatione et les utilisateurs de ses services t\u00e9l\u00e9matiques, pr\u00e9sents sur ce site web, sont soumises \u00e0 la l\u00e9gislation et \u00e0 la juridiction espagnoles.<\/p>\n<p><strong>Voici notre contact<\/strong><\/p>\n<p>Si un utilisateur a des questions sur les pr\u00e9sentes conditions g\u00e9n\u00e9rales ou des commentaires sur le portail http:\/\/innovatione.eu, il peut contacter info@innovatione.eu.[\/vc_column_text][\/vc_column][\/vc_row]\n<\/div>","protected":false},"excerpt":{"rendered":"<p>[vc_row][vc_column][vc_empty_space height=\u00a0\u00bb140px\u00a0\u00bb][vc_column_text]Avis juridique http:\/\/innovatione.eu, conform\u00e9ment \u00e0 la loi 34\/2002, du 11 juillet, sur les services de la soci\u00e9t\u00e9 de l&rsquo;information et le commerce \u00e9lectronique, s&rsquo;engage \u00e0 faire preuve de transparence et vous informe donc que : Son nom de soci\u00e9t\u00e9 est : Innovatione Son si\u00e8ge social est situ\u00e9 \u00e0 c\/ Adaja 10, edificio M3, Oficina [&hellip;]<\/p>\n","protected":false},"author":1,"featured_media":0,"parent":0,"menu_order":0,"comment_status":"closed","ping_status":"closed","template":"","meta":{"_joinchat":[]},"yoast_head":"<!-- This site is optimized with the Yoast SEO plugin v19.4 - https:\/\/yoast.com\/wordpress\/plugins\/seo\/ -->\n<title>Avis juridique - Innovatione<\/title>\n<meta name=\"robots\" content=\"index, follow, max-snippet:-1, max-image-preview:large, max-video-preview:-1\" \/>\n<link rel=\"canonical\" href=\"https:\/\/innovatione.eu\/fr\/avis-juridique\/\" \/>\n<meta property=\"og:locale\" content=\"fr_FR\" \/>\n<meta property=\"og:type\" content=\"article\" \/>\n<meta property=\"og:title\" content=\"Avis juridique - Innovatione\" \/>\n<meta property=\"og:description\" content=\"[vc_row][vc_column][vc_empty_space height=\u00a0\u00bb140px\u00a0\u00bb][vc_column_text]Avis juridique http:\/\/innovatione.eu, conform\u00e9ment \u00e0 la loi 34\/2002, du 11 juillet, sur les services de la soci\u00e9t\u00e9 de l&rsquo;information et le commerce \u00e9lectronique, s&rsquo;engage \u00e0 faire preuve de transparence et vous informe donc que : Son nom de soci\u00e9t\u00e9 est : Innovatione Son si\u00e8ge social est situ\u00e9 \u00e0 c\/ Adaja 10, edificio M3, Oficina [&hellip;]\" \/>\n<meta property=\"og:url\" content=\"https:\/\/innovatione.eu\/fr\/avis-juridique\/\" \/>\n<meta property=\"og:site_name\" content=\"Innovatione\" \/>\n<meta property=\"article:publisher\" content=\"https:\/\/www.facebook.com\/foodinnovatione\/\" \/>\n<meta property=\"article:modified_time\" content=\"2022-07-12T07:18:42+00:00\" \/>\n<meta name=\"twitter:card\" content=\"summary\" \/>\n<meta name=\"twitter:site\" content=\"@foodinnovatione\" \/>\n<meta name=\"twitter:label1\" content=\"Dur\u00e9e de lecture estim\u00e9e\" \/>\n\t<meta name=\"twitter:data1\" content=\"9 minutes\" \/>\n<script type=\"application\/ld+json\" class=\"yoast-schema-graph\">{\"@context\":\"https:\/\/schema.org\",\"@graph\":[{\"@type\":\"WebSite\",\"@id\":\"https:\/\/innovatione.eu\/fr\/#website\",\"url\":\"https:\/\/innovatione.eu\/fr\/\",\"name\":\"Innovatione\",\"description\":\"P&aacute;gina Oficial\",\"potentialAction\":[{\"@type\":\"SearchAction\",\"target\":{\"@type\":\"EntryPoint\",\"urlTemplate\":\"https:\/\/innovatione.eu\/fr\/?s={search_term_string}\"},\"query-input\":\"required name=search_term_string\"}],\"inLanguage\":\"fr-FR\"},{\"@type\":\"WebPage\",\"@id\":\"https:\/\/innovatione.eu\/fr\/avis-juridique\/\",\"url\":\"https:\/\/innovatione.eu\/fr\/avis-juridique\/\",\"name\":\"Avis juridique - Innovatione\",\"isPartOf\":{\"@id\":\"https:\/\/innovatione.eu\/fr\/#website\"},\"datePublished\":\"2017-11-23T20:00:06+00:00\",\"dateModified\":\"2022-07-12T07:18:42+00:00\",\"breadcrumb\":{\"@id\":\"https:\/\/innovatione.eu\/fr\/avis-juridique\/#breadcrumb\"},\"inLanguage\":\"fr-FR\",\"potentialAction\":[{\"@type\":\"ReadAction\",\"target\":[\"https:\/\/innovatione.eu\/fr\/avis-juridique\/\"]}]},{\"@type\":\"BreadcrumbList\",\"@id\":\"https:\/\/innovatione.eu\/fr\/avis-juridique\/#breadcrumb\",\"itemListElement\":[{\"@type\":\"ListItem\",\"position\":1,\"name\":\"Portada\",\"item\":\"https:\/\/innovatione.eu\/fr\/\"},{\"@type\":\"ListItem\",\"position\":2,\"name\":\"Avis juridique\"}]}]}<\/script>\n<!-- \/ Yoast SEO plugin. -->","yoast_head_json":{"title":"Avis juridique - Innovatione","robots":{"index":"index","follow":"follow","max-snippet":"max-snippet:-1","max-image-preview":"max-image-preview:large","max-video-preview":"max-video-preview:-1"},"canonical":"https:\/\/innovatione.eu\/fr\/avis-juridique\/","og_locale":"fr_FR","og_type":"article","og_title":"Avis juridique - Innovatione","og_description":"[vc_row][vc_column][vc_empty_space height=\u00a0\u00bb140px\u00a0\u00bb][vc_column_text]Avis juridique http:\/\/innovatione.eu, conform\u00e9ment \u00e0 la loi 34\/2002, du 11 juillet, sur les services de la soci\u00e9t\u00e9 de l&rsquo;information et le commerce \u00e9lectronique, s&rsquo;engage \u00e0 faire preuve de transparence et vous informe donc que : Son nom de soci\u00e9t\u00e9 est : Innovatione Son si\u00e8ge social est situ\u00e9 \u00e0 c\/ Adaja 10, edificio M3, Oficina [&hellip;]","og_url":"https:\/\/innovatione.eu\/fr\/avis-juridique\/","og_site_name":"Innovatione","article_publisher":"https:\/\/www.facebook.com\/foodinnovatione\/","article_modified_time":"2022-07-12T07:18:42+00:00","twitter_card":"summary","twitter_site":"@foodinnovatione","twitter_misc":{"Dur\u00e9e de lecture estim\u00e9e":"9 minutes"},"schema":{"@context":"https:\/\/schema.org","@graph":[{"@type":"WebSite","@id":"https:\/\/innovatione.eu\/fr\/#website","url":"https:\/\/innovatione.eu\/fr\/","name":"Innovatione","description":"P&aacute;gina Oficial","potentialAction":[{"@type":"SearchAction","target":{"@type":"EntryPoint","urlTemplate":"https:\/\/innovatione.eu\/fr\/?s={search_term_string}"},"query-input":"required name=search_term_string"}],"inLanguage":"fr-FR"},{"@type":"WebPage","@id":"https:\/\/innovatione.eu\/fr\/avis-juridique\/","url":"https:\/\/innovatione.eu\/fr\/avis-juridique\/","name":"Avis juridique - Innovatione","isPartOf":{"@id":"https:\/\/innovatione.eu\/fr\/#website"},"datePublished":"2017-11-23T20:00:06+00:00","dateModified":"2022-07-12T07:18:42+00:00","breadcrumb":{"@id":"https:\/\/innovatione.eu\/fr\/avis-juridique\/#breadcrumb"},"inLanguage":"fr-FR","potentialAction":[{"@type":"ReadAction","target":["https:\/\/innovatione.eu\/fr\/avis-juridique\/"]}]},{"@type":"BreadcrumbList","@id":"https:\/\/innovatione.eu\/fr\/avis-juridique\/#breadcrumb","itemListElement":[{"@type":"ListItem","position":1,"name":"Portada","item":"https:\/\/innovatione.eu\/fr\/"},{"@type":"ListItem","position":2,"name":"Avis juridique"}]}]}},"_links":{"self":[{"href":"https:\/\/innovatione.eu\/fr\/wp-json\/wp\/v2\/pages\/7152"}],"collection":[{"href":"https:\/\/innovatione.eu\/fr\/wp-json\/wp\/v2\/pages"}],"about":[{"href":"https:\/\/innovatione.eu\/fr\/wp-json\/wp\/v2\/types\/page"}],"author":[{"embeddable":true,"href":"https:\/\/innovatione.eu\/fr\/wp-json\/wp\/v2\/users\/1"}],"replies":[{"embeddable":true,"href":"https:\/\/innovatione.eu\/fr\/wp-json\/wp\/v2\/comments?post=7152"}],"version-history":[{"count":0,"href":"https:\/\/innovatione.eu\/fr\/wp-json\/wp\/v2\/pages\/7152\/revisions"}],"wp:attachment":[{"href":"https:\/\/innovatione.eu\/fr\/wp-json\/wp\/v2\/media?parent=7152"}],"curies":[{"name":"wp","href":"https:\/\/api.w.org\/{rel}","templated":true}]}}