{"id":7149,"date":"2014-09-04T12:52:04","date_gmt":"2014-09-04T11:52:04","guid":{"rendered":"https:\/\/innovatione.eu\/conseils-pour-le-secteur-agroalimentaire\/"},"modified":"2022-07-28T12:21:21","modified_gmt":"2022-07-28T11:21:21","slug":"conseils-pour-le-secteur-agroalimentaire","status":"publish","type":"page","link":"https:\/\/innovatione.eu\/fr\/conseils-pour-le-secteur-agroalimentaire\/","title":{"rendered":"Conseils pour le secteur agroalimentaire"},"content":{"rendered":"<div class=\"wpb-content-wrapper\">[vc_row fullwidth=\u00a0\u00bbtrue\u00a0\u00bb padding=\u00a0\u00bb0&Prime;][vc_column][mk_page_title_box page_title=\u00a0\u00bbCONSEIL SP\u00c9CIALIS\u00c9\u00a0\u00bb page_subtitle=\u00a0\u00bbConcentr\u00e9 sur vous aider \u00e0 am\u00e9liorer chaque d\u00e9tail\u00a0\u00bb section_height=\u00a0\u00bb500&Prime; bg_image=\u00a0\u00bbhttps:\/\/innovatione.eu\/wp-content\/uploads\/2019\/09\/salad-3519389-e1582808653135.jpg\u00a0\u00bb bg_position=\u00a0\u00bbcenter top\u00a0\u00bb bg_stretch=\u00a0\u00bbtrue\u00a0\u00bb overlay=\u00a0\u00bbrgba(10,10,10,0.4)\u00a0\u00bb bg_effects=\u00a0\u00bbparallax\u00a0\u00bb font_size=\u00a0\u00bb60&Prime; font_color=\u00a0\u00bb#ffffff\u00a0\u00bb sub_font_size=\u00a0\u00bb26&Prime; sub_font_color=\u00a0\u00bb#ffffff\u00a0\u00bb][mk_divider style=\u00a0\u00bbthin_solid\u00a0\u00bb thickness=\u00a0\u00bb3&Prime; margin_top=\u00a0\u00bb0&Prime; margin_bottom=\u00a0\u00bb0&Prime;][mk_padding_divider size=\u00a0\u00bb80&Prime;][\/vc_column][\/vc_row][vc_row padding=\u00a0\u00bb1&Prime;][vc_column width=\u00a0\u00bb1\/2&Prime;][mk_image src=\u00a0\u00bbhttps:\/\/innovatione.eu\/wp-content\/uploads\/2019\/09\/grass-1148913-e1582808766925.jpg\u00a0\u00bb image_width=\u00a0\u00bb1275&Prime; image_height=\u00a0\u00bb2032&Prime; group=\u00a0\u00bb_general\u00a0\u00bb margin_bottom=\u00a0\u00bb0&Prime; animation=\u00a0\u00bbright-to-left\u00a0\u00bb crop=\u00a0\u00bbfalse\u00a0\u00bb][\/vc_column][vc_column width=\u00a0\u00bb1\/2&Prime;][mk_padding_divider size=\u00a0\u00bb60&Prime;][mk_fancy_title color=\u00a0\u00bb#393836&Prime; size=\u00a0\u00bb22&Prime; txt_transform=\u00a0\u00bbuppercase\u00a0\u00bb letter_spacing=\u00a0\u00bb1&Prime; margin_bottom=\u00a0\u00bb25&Prime; font_family=\u00a0\u00bbnone\u00a0\u00bb]\n<p><a data-mce-href=\"\/?page_id=7149\" href=\"https:\/\/innovatione.eu\/fr\/conseils-pour-le-secteur-agroalimentaire\/\">CONSEIL AGRONOMIQUE<\/a><\/p>\n[\/mk_fancy_title][vc_column_text disable_pattern=\u00a0\u00bbfalse\u00a0\u00bb]\n<p>Si vous \u00eates agriculteur ou \u00e9leveur et que vous avez besoin de l&rsquo;aide d&rsquo;ing\u00e9nieurs experts du secteur agricole, c&rsquo;est tr\u00e8s simple pour vous, cliquez sur le lien suivant et d\u00e9couvrez tous les services que nous proposons pour votre entreprise. Notre service d&rsquo;ing\u00e9nierie est particuli\u00e8rement orient\u00e9 pour offrir des solutions pratiques et \u00e9conomiques aux entreprises du secteur agroalimentaire,<\/p>\n[\/vc_column_text][\/vc_column][\/vc_row][vc_row][vc_column][mk_padding_divider size=\u00a0\u00bb60&Prime;][\/vc_column][\/vc_row][vc_row padding=\u00a0\u00bb1&Prime;][vc_column width=\u00a0\u00bb1\/2&Prime;][mk_padding_divider size=\u00a0\u00bb60&Prime;][mk_padding_divider size=\u00a0\u00bb60&Prime;][mk_fancy_title color=\u00a0\u00bb#393836&Prime; size=\u00a0\u00bb22&Prime; txt_transform=\u00a0\u00bbuppercase\u00a0\u00bb letter_spacing=\u00a0\u00bb1&Prime; margin_bottom=\u00a0\u00bb25&Prime; font_family=\u00a0\u00bbnone\u00a0\u00bb]\n<p><a data-mce-href=\"_wp_link_placeholder\" href=\"_wp_link_placeholder\" data-wplink-edit=\"true\">CONSEIL AGRONOMIQUE<\/a><\/p>\n[\/mk_fancy_title][vc_column_text disable_pattern=\u00a0\u00bbfalse\u00a0\u00bb]\n<p>Nous sommes parfaitement conscients de la difficult\u00e9 de g\u00e9rer son propre commerce, d&rsquo;autant plus s&rsquo;il s&rsquo;agit d&rsquo;une exploitation agricole. Tous les services que nous offrons aux entreprises du secteur agricole visent \u00e0 faciliter votre travail et \u00e0 vous donner un nouveau point de vue plus actuel.<\/p>\n[\/vc_column_text][\/vc_column][vc_column width=\u00a0\u00bb1\/2&Prime;][mk_image src=\u00a0\u00bbhttps:\/\/innovatione.eu\/wp-content\/uploads\/2014\/09\/brooke-cagle-39569-e1582808033269.jpg\u00a0\u00bb image_width=\u00a0\u00bb1275&Prime; image_height=\u00a0\u00bb2032&Prime; group=\u00a0\u00bb_general\u00a0\u00bb margin_bottom=\u00a0\u00bb0&Prime; animation=\u00a0\u00bbright-to-left\u00a0\u00bb crop=\u00a0\u00bbfalse\u00a0\u00bb][\/vc_column][\/vc_row][vc_row][vc_column][mk_padding_divider size=\u00a0\u00bb60&Prime;][\/vc_column][\/vc_row][vc_row padding=\u00a0\u00bb1&Prime;][vc_column width=\u00a0\u00bb1\/2&Prime;][mk_image src=\u00a0\u00bbhttps:\/\/innovatione.eu\/wp-content\/uploads\/2014\/09\/handful-pasta-hands-e1582808155171.jpg\u00a0\u00bb image_width=\u00a0\u00bb1275&Prime; image_height=\u00a0\u00bb2032&Prime; group=\u00a0\u00bb_general\u00a0\u00bb margin_bottom=\u00a0\u00bb0&Prime; animation=\u00a0\u00bbright-to-left\u00a0\u00bb crop=\u00a0\u00bbfalse\u00a0\u00bb][\/vc_column][vc_column width=\u00a0\u00bb1\/2&Prime;][mk_padding_divider size=\u00a0\u00bb60&Prime;][mk_padding_divider size=\u00a0\u00bb60&Prime;][mk_fancy_title color=\u00a0\u00bb#393836&Prime; size=\u00a0\u00bb22&Prime; txt_transform=\u00a0\u00bbuppercase\u00a0\u00bb letter_spacing=\u00a0\u00bb1&Prime; margin_bottom=\u00a0\u00bb25&Prime; font_family=\u00a0\u00bbnone\u00a0\u00bb]\n<p>CONSEILS ALIMENTAIRES<\/p>\n[\/mk_fancy_title][vc_column_text disable_pattern=\u00a0\u00bbfalse\u00a0\u00bb]\n<p>Nous sommes \u00e0 la disposition de votre entreprise pour vous aider \u00e0 am\u00e9liorer tout aspect dont vous avez besoin. S\u00e9curit\u00e9 alimentaire, \u00e9laboration de plans HACCP, certifications ISO&#8230; Entrez et d\u00e9couvrez tous les services que nous proposons.<\/p>\n[\/vc_column_text][\/vc_column][\/vc_row][vc_row][vc_column][mk_padding_divider size=\u00a0\u00bb60&Prime;][\/vc_column][\/vc_row][vc_row padding=\u00a0\u00bb1&Prime;][vc_column width=\u00a0\u00bb1\/2&Prime;][mk_padding_divider size=\u00a0\u00bb60&Prime;][mk_padding_divider size=\u00a0\u00bb60&Prime;][mk_fancy_title color=\u00a0\u00bb#393836&Prime; size=\u00a0\u00bb22&Prime; txt_transform=\u00a0\u00bbuppercase\u00a0\u00bb letter_spacing=\u00a0\u00bb1&Prime; margin_bottom=\u00a0\u00bb25&Prime; font_family=\u00a0\u00bbnone\u00a0\u00bb]\n<div id=\"tw-target-text-container\" class=\"tw-ta-container F0azHf tw-nfl\" data-mce-tabindex=\"0\">\n<pre id=\"tw-target-text\" class=\"tw-data-text tw-text-large tw-ta\" dir=\"ltr\" data-placeholder=\"Traducci\u00f3n\"><span class=\"Y2IQFc\" lang=\"fr\">CONSEIL ALIMENTAIRE<\/span><\/pre>\n<\/div>\n<div id=\"tw-target-rmn-container\" class=\"tw-target-rmn tw-ta-container F0azHf tw-nfl\">\n<pre id=\"tw-target-rmn\" class=\"tw-data-placeholder tw-text-small tw-ta\" dir=\"ltr\" data-placeholder=\"\"><br><\/pre>\n<\/div>\n<div class=\"iYB33c\">\n<div class=\"dlJLJe\">\n<div data-cviv=\"false\" data-ved=\"2ahUKEwi-xPuQvLH4AhXF8qQKHe0fA_MQz_AEegQIAhAP\">\n<div class=\"U9URNb\"><img loading=\"lazy\" id=\"dimg_3\" class=\"YQ4gaf zr758c wA1Bge\" src=\"data:image\/png;base64,iVBORw0KGgoAAAANSUhEUgAAABQAAAAUCAQAAAAngNWGAAAA\/0lEQVR4AYXNMSiEcRyA4cfmGHQbCZIipkuxnJgMStlMNmeyD2dwmc8+sZgxYJd9ErIZFHUyYYD7fkr6l4\/rnvmtl7+KitrqV\/fq2Y5eLY3Z9S48eRLe7BmVZ9qhTLhQ0algzZWQOVKSsCF8OjAnwbxDTWFDUhPK\/jMr1H6HE\/IqRky2DyvCefuwItwZzodVoYRiLqMkVCXrwpJ9twZ+sgfDYEFYl8wIWxZ9uFf7zkallxlJh4YrLGsKjZRx7VGHhLqwgFUN45DGdb8MeXGpgB4ABZdeDcpZEY51A+hyLKz4S1W4MQWm3AibWtgWmk6dyISa1pSdyWTOlLXVp0+eL9D\/ZPfBTNanAAAAAElFTkSuQmCC\" alt=\"Icono de Validado por la comunidad\" width=\"16\" height=\"16\" data-atf=\"0\" data-frt=\"0\" loading=\"lazy\" decoding=\"async\"><\/div>\n<\/div>\n<\/div>\n<div id=\"tw-tmenu\" class=\"tw-menu\"><\/div>\n<\/div>\n[\/mk_fancy_title][vc_column_text disable_pattern=\u00a0\u00bbfalse\u00a0\u00bb]\n<p>Faire les choses diff\u00e9remment est tr\u00e8s difficile, mais chez Innovatione, nous vous facilitons la t\u00e2che, voyez par vous-m\u00eame.<\/p>\n[\/vc_column_text][\/vc_column][vc_column width=\u00a0\u00bb1\/2&Prime;][mk_image src=\u00a0\u00bbhttps:\/\/innovatione.eu\/wp-content\/uploads\/2014\/09\/medic-563423-e1582808205847.jpg\u00a0\u00bb image_width=\u00a0\u00bb1275&Prime; image_height=\u00a0\u00bb2032&Prime; group=\u00a0\u00bb_general\u00a0\u00bb margin_bottom=\u00a0\u00bb0&Prime; animation=\u00a0\u00bbright-to-left\u00a0\u00bb crop=\u00a0\u00bbfalse\u00a0\u00bb][\/vc_column][\/vc_row][vc_row][vc_column][mk_padding_divider size=\u00a0\u00bb60&Prime;][\/vc_column][\/vc_row]\n<\/div>","protected":false},"excerpt":{"rendered":"<p>[vc_row fullwidth=\u00a0\u00bbtrue\u00a0\u00bb padding=\u00a0\u00bb0&Prime;][vc_column][mk_page_title_box page_title=\u00a0\u00bbCONSEIL SP\u00c9CIALIS\u00c9\u00a0\u00bb page_subtitle=\u00a0\u00bbConcentr\u00e9 sur vous aider \u00e0 am\u00e9liorer chaque d\u00e9tail\u00a0\u00bb section_height=\u00a0\u00bb500&Prime; bg_image=\u00a0\u00bbhttps:\/\/innovatione.eu\/wp-content\/uploads\/2019\/09\/salad-3519389-e1582808653135.jpg\u00a0\u00bb bg_position=\u00a0\u00bbcenter top\u00a0\u00bb bg_stretch=\u00a0\u00bbtrue\u00a0\u00bb overlay=\u00a0\u00bbrgba(10,10,10,0.4)\u00a0\u00bb bg_effects=\u00a0\u00bbparallax\u00a0\u00bb font_size=\u00a0\u00bb60&Prime; font_color=\u00a0\u00bb#ffffff\u00a0\u00bb sub_font_size=\u00a0\u00bb26&Prime; sub_font_color=\u00a0\u00bb#ffffff\u00a0\u00bb][mk_divider style=\u00a0\u00bbthin_solid\u00a0\u00bb thickness=\u00a0\u00bb3&Prime; margin_top=\u00a0\u00bb0&Prime; margin_bottom=\u00a0\u00bb0&Prime;][mk_padding_divider size=\u00a0\u00bb80&Prime;][\/vc_column][\/vc_row][vc_row padding=\u00a0\u00bb1&Prime;][vc_column width=\u00a0\u00bb1\/2&Prime;][mk_image src=\u00a0\u00bbhttps:\/\/innovatione.eu\/wp-content\/uploads\/2019\/09\/grass-1148913-e1582808766925.jpg\u00a0\u00bb image_width=\u00a0\u00bb1275&Prime; image_height=\u00a0\u00bb2032&Prime; group=\u00a0\u00bb_general\u00a0\u00bb margin_bottom=\u00a0\u00bb0&Prime; animation=\u00a0\u00bbright-to-left\u00a0\u00bb crop=\u00a0\u00bbfalse\u00a0\u00bb][\/vc_column][vc_column width=\u00a0\u00bb1\/2&Prime;][mk_padding_divider size=\u00a0\u00bb60&Prime;][mk_fancy_title color=\u00a0\u00bb#393836&Prime; size=\u00a0\u00bb22&Prime; txt_transform=\u00a0\u00bbuppercase\u00a0\u00bb letter_spacing=\u00a0\u00bb1&Prime; margin_bottom=\u00a0\u00bb25&Prime; font_family=\u00a0\u00bbnone\u00a0\u00bb] CONSEIL AGRONOMIQUE [\/mk_fancy_title][vc_column_text disable_pattern=\u00a0\u00bbfalse\u00a0\u00bb] Si vous \u00eates agriculteur ou [&hellip;]<\/p>\n","protected":false},"author":1,"featured_media":0,"parent":0,"menu_order":0,"comment_status":"open","ping_status":"open","template":"","meta":{"_joinchat":[]},"yoast_head":"<!-- This site is optimized with the Yoast SEO plugin v19.4 - https:\/\/yoast.com\/wordpress\/plugins\/seo\/ -->\n<title>Conseil agroalimentaire \u00e0 Murcie et Salamanque - Innovatione<\/title>\n<meta name=\"description\" content=\"Nous offrons un service d&#039;ing\u00e9nierie visant \u00e0 offrir des solutions pratiques et \u00e9conomiques aux entreprises du secteur agroalimentaire de Murcie et de Salamanque.\" \/>\n<meta name=\"robots\" content=\"index, follow, max-snippet:-1, max-image-preview:large, max-video-preview:-1\" \/>\n<link rel=\"canonical\" href=\"https:\/\/innovatione.eu\/fr\/conseils-pour-le-secteur-agroalimentaire\/\" \/>\n<meta property=\"og:locale\" content=\"fr_FR\" \/>\n<meta property=\"og:type\" content=\"article\" \/>\n<meta property=\"og:title\" content=\"Conseil agroalimentaire \u00e0 Murcie et Salamanque - Innovatione\" \/>\n<meta property=\"og:description\" content=\"Nous offrons un service d&#039;ing\u00e9nierie visant \u00e0 offrir des solutions pratiques et \u00e9conomiques aux entreprises du secteur agroalimentaire de Murcie et de Salamanque.\" \/>\n<meta property=\"og:url\" content=\"https:\/\/innovatione.eu\/fr\/conseils-pour-le-secteur-agroalimentaire\/\" \/>\n<meta property=\"og:site_name\" content=\"Innovatione\" \/>\n<meta property=\"article:publisher\" content=\"https:\/\/www.facebook.com\/foodinnovatione\/\" \/>\n<meta property=\"article:modified_time\" content=\"2022-07-28T11:21:21+00:00\" \/>\n<meta name=\"twitter:card\" content=\"summary\" \/>\n<meta name=\"twitter:site\" content=\"@foodinnovatione\" \/>\n<meta name=\"twitter:label1\" content=\"Dur\u00e9e de lecture estim\u00e9e\" \/>\n\t<meta name=\"twitter:data1\" content=\"3 minutes\" \/>\n<script type=\"application\/ld+json\" class=\"yoast-schema-graph\">{\"@context\":\"https:\/\/schema.org\",\"@graph\":[{\"@type\":\"WebSite\",\"@id\":\"https:\/\/innovatione.eu\/fr\/#website\",\"url\":\"https:\/\/innovatione.eu\/fr\/\",\"name\":\"Innovatione\",\"description\":\"P&aacute;gina Oficial\",\"potentialAction\":[{\"@type\":\"SearchAction\",\"target\":{\"@type\":\"EntryPoint\",\"urlTemplate\":\"https:\/\/innovatione.eu\/fr\/?s={search_term_string}\"},\"query-input\":\"required name=search_term_string\"}],\"inLanguage\":\"fr-FR\"},{\"@type\":\"WebPage\",\"@id\":\"https:\/\/innovatione.eu\/fr\/conseils-pour-le-secteur-agroalimentaire\/\",\"url\":\"https:\/\/innovatione.eu\/fr\/conseils-pour-le-secteur-agroalimentaire\/\",\"name\":\"Conseil agroalimentaire \u00e0 Murcie et Salamanque - Innovatione\",\"isPartOf\":{\"@id\":\"https:\/\/innovatione.eu\/fr\/#website\"},\"datePublished\":\"2014-09-04T11:52:04+00:00\",\"dateModified\":\"2022-07-28T11:21:21+00:00\",\"description\":\"Nous offrons un service d'ing\u00e9nierie visant \u00e0 offrir des solutions pratiques et \u00e9conomiques aux entreprises du secteur agroalimentaire de Murcie et de Salamanque.\",\"breadcrumb\":{\"@id\":\"https:\/\/innovatione.eu\/fr\/conseils-pour-le-secteur-agroalimentaire\/#breadcrumb\"},\"inLanguage\":\"fr-FR\",\"potentialAction\":[{\"@type\":\"ReadAction\",\"target\":[\"https:\/\/innovatione.eu\/fr\/conseils-pour-le-secteur-agroalimentaire\/\"]}]},{\"@type\":\"BreadcrumbList\",\"@id\":\"https:\/\/innovatione.eu\/fr\/conseils-pour-le-secteur-agroalimentaire\/#breadcrumb\",\"itemListElement\":[{\"@type\":\"ListItem\",\"position\":1,\"name\":\"Portada\",\"item\":\"https:\/\/innovatione.eu\/fr\/\"},{\"@type\":\"ListItem\",\"position\":2,\"name\":\"Conseils pour le secteur agroalimentaire\"}]}]}<\/script>\n<!-- \/ Yoast SEO plugin. -->","yoast_head_json":{"title":"Conseil agroalimentaire \u00e0 Murcie et Salamanque - Innovatione","description":"Nous offrons un service d'ing\u00e9nierie visant \u00e0 offrir des solutions pratiques et \u00e9conomiques aux entreprises du secteur agroalimentaire de Murcie et de Salamanque.","robots":{"index":"index","follow":"follow","max-snippet":"max-snippet:-1","max-image-preview":"max-image-preview:large","max-video-preview":"max-video-preview:-1"},"canonical":"https:\/\/innovatione.eu\/fr\/conseils-pour-le-secteur-agroalimentaire\/","og_locale":"fr_FR","og_type":"article","og_title":"Conseil agroalimentaire \u00e0 Murcie et Salamanque - Innovatione","og_description":"Nous offrons un service d'ing\u00e9nierie visant \u00e0 offrir des solutions pratiques et \u00e9conomiques aux entreprises du secteur agroalimentaire de Murcie et de Salamanque.","og_url":"https:\/\/innovatione.eu\/fr\/conseils-pour-le-secteur-agroalimentaire\/","og_site_name":"Innovatione","article_publisher":"https:\/\/www.facebook.com\/foodinnovatione\/","article_modified_time":"2022-07-28T11:21:21+00:00","twitter_card":"summary","twitter_site":"@foodinnovatione","twitter_misc":{"Dur\u00e9e de lecture estim\u00e9e":"3 minutes"},"schema":{"@context":"https:\/\/schema.org","@graph":[{"@type":"WebSite","@id":"https:\/\/innovatione.eu\/fr\/#website","url":"https:\/\/innovatione.eu\/fr\/","name":"Innovatione","description":"P&aacute;gina Oficial","potentialAction":[{"@type":"SearchAction","target":{"@type":"EntryPoint","urlTemplate":"https:\/\/innovatione.eu\/fr\/?s={search_term_string}"},"query-input":"required name=search_term_string"}],"inLanguage":"fr-FR"},{"@type":"WebPage","@id":"https:\/\/innovatione.eu\/fr\/conseils-pour-le-secteur-agroalimentaire\/","url":"https:\/\/innovatione.eu\/fr\/conseils-pour-le-secteur-agroalimentaire\/","name":"Conseil agroalimentaire \u00e0 Murcie et Salamanque - Innovatione","isPartOf":{"@id":"https:\/\/innovatione.eu\/fr\/#website"},"datePublished":"2014-09-04T11:52:04+00:00","dateModified":"2022-07-28T11:21:21+00:00","description":"Nous offrons un service d'ing\u00e9nierie visant \u00e0 offrir des solutions pratiques et \u00e9conomiques aux entreprises du secteur agroalimentaire de Murcie et de Salamanque.","breadcrumb":{"@id":"https:\/\/innovatione.eu\/fr\/conseils-pour-le-secteur-agroalimentaire\/#breadcrumb"},"inLanguage":"fr-FR","potentialAction":[{"@type":"ReadAction","target":["https:\/\/innovatione.eu\/fr\/conseils-pour-le-secteur-agroalimentaire\/"]}]},{"@type":"BreadcrumbList","@id":"https:\/\/innovatione.eu\/fr\/conseils-pour-le-secteur-agroalimentaire\/#breadcrumb","itemListElement":[{"@type":"ListItem","position":1,"name":"Portada","item":"https:\/\/innovatione.eu\/fr\/"},{"@type":"ListItem","position":2,"name":"Conseils pour le secteur agroalimentaire"}]}]}},"_links":{"self":[{"href":"https:\/\/innovatione.eu\/fr\/wp-json\/wp\/v2\/pages\/7149"}],"collection":[{"href":"https:\/\/innovatione.eu\/fr\/wp-json\/wp\/v2\/pages"}],"about":[{"href":"https:\/\/innovatione.eu\/fr\/wp-json\/wp\/v2\/types\/page"}],"author":[{"embeddable":true,"href":"https:\/\/innovatione.eu\/fr\/wp-json\/wp\/v2\/users\/1"}],"replies":[{"embeddable":true,"href":"https:\/\/innovatione.eu\/fr\/wp-json\/wp\/v2\/comments?post=7149"}],"version-history":[{"count":0,"href":"https:\/\/innovatione.eu\/fr\/wp-json\/wp\/v2\/pages\/7149\/revisions"}],"wp:attachment":[{"href":"https:\/\/innovatione.eu\/fr\/wp-json\/wp\/v2\/media?parent=7149"}],"curies":[{"name":"wp","href":"https:\/\/api.w.org\/{rel}","templated":true}]}}