{"id":7143,"date":"2014-09-05T07:42:43","date_gmt":"2014-09-05T06:42:43","guid":{"rendered":"https:\/\/innovatione.eu\/lagriculture-de-precision\/"},"modified":"2022-07-11T23:00:35","modified_gmt":"2022-07-11T22:00:35","slug":"lagriculture-de-precision","status":"publish","type":"page","link":"https:\/\/innovatione.eu\/fr\/lagriculture-de-precision\/","title":{"rendered":"L&rsquo;agriculture de pr\u00e9cision"},"content":{"rendered":"<div class=\"wpb-content-wrapper\">[vc_row fullwidth=\u00a0\u00bbtrue\u00a0\u00bb padding=\u00a0\u00bb0&Prime;][vc_column visibility=\u00a0\u00bbhidden-sm\u00a0\u00bb][mk_page_title_box page_title=\u00a0\u00bbL&rsquo;agriculture de pr\u00e9cision\u00a0\u00bb page_subtitle=\u00a0\u00bbLa derni\u00e8re technologie entre vos mains\u00a0\u00bb section_height=\u00a0\u00bb500&Prime; bg_image=\u00a0\u00bbhttps:\/\/innovatione.eu\/wp-content\/uploads\/2014\/09\/image12931-2-e1582812025273.png\u00a0\u00bb bg_position=\u00a0\u00bbcenter top\u00a0\u00bb bg_stretch=\u00a0\u00bbtrue\u00a0\u00bb overlay=\u00a0\u00bbrgba(10,10,10,0.4)\u00a0\u00bb bg_effects=\u00a0\u00bbparallax\u00a0\u00bb font_size=\u00a0\u00bb60&Prime; font_color=\u00a0\u00bb#ffffff\u00a0\u00bb sub_font_size=\u00a0\u00bb26&Prime; sub_font_color=\u00a0\u00bb#ffffff\u00a0\u00bb][mk_divider style=\u00a0\u00bbthin_solid\u00a0\u00bb thickness=\u00a0\u00bb3&Prime; margin_top=\u00a0\u00bb0&Prime; margin_bottom=\u00a0\u00bb0&Prime;][mk_padding_divider size=\u00a0\u00bb80&Prime;][\/vc_column][\/vc_row][vc_row fullwidth=\u00a0\u00bbtrue\u00a0\u00bb padding=\u00a0\u00bb0&Prime;][vc_column visibility=\u00a0\u00bbvisible-sm\u00a0\u00bb css=\u00a0\u00bb.vc_custom_1543827802225{padding-right: 20px !important;padding-left: 20px !important;}\u00a0\u00bb][mk_page_title_box page_title=\u00a0\u00bbL&rsquo;agriculture de pr\u00e9cision\u00a0\u00bb page_subtitle=\u00a0\u00bbLa derni\u00e8re technologie entre vos mains\u00a0\u00bb section_height=\u00a0\u00bb500&Prime; bg_image=\u00a0\u00bbhttps:\/\/innovatione.eu\/wp-content\/uploads\/2014\/09\/image12931-2-e1582812025273.png\u00a0\u00bb bg_position=\u00a0\u00bbcenter top\u00a0\u00bb bg_stretch=\u00a0\u00bbtrue\u00a0\u00bb overlay=\u00a0\u00bbrgba(10,10,10,0.4)\u00a0\u00bb bg_effects=\u00a0\u00bbparallax\u00a0\u00bb font_size=\u00a0\u00bb42&Prime; font_color=\u00a0\u00bb#ffffff\u00a0\u00bb sub_font_size=\u00a0\u00bb26&Prime; sub_font_color=\u00a0\u00bb#ffffff\u00a0\u00bb][mk_divider style=\u00a0\u00bbthin_solid\u00a0\u00bb thickness=\u00a0\u00bb3&Prime; margin_top=\u00a0\u00bb0&Prime; margin_bottom=\u00a0\u00bb0&Prime;][mk_padding_divider size=\u00a0\u00bb80&Prime;][\/vc_column][\/vc_row][vc_row padding=\u00a0\u00bb1&Prime;][vc_column width=\u00a0\u00bb1\/2&Prime;][mk_image src=\u00a0\u00bbhttps:\/\/innovatione.eu\/wp-content\/uploads\/2014\/09\/Imagen1-1-e1582811907162.png\u00a0\u00bb image_width=\u00a0\u00bb1275&Prime; image_height=\u00a0\u00bb2032&Prime; group=\u00a0\u00bb_general\u00a0\u00bb margin_bottom=\u00a0\u00bb0&Prime; animation=\u00a0\u00bbright-to-left\u00a0\u00bb crop=\u00a0\u00bbfalse\u00a0\u00bb][\/vc_column][vc_column width=\u00a0\u00bb1\/2&Prime;][mk_padding_divider size=\u00a0\u00bb60&Prime;][mk_fancy_title color=\u00a0\u00bb#393836&Prime; size=\u00a0\u00bb22&Prime; txt_transform=\u00a0\u00bbuppercase\u00a0\u00bb letter_spacing=\u00a0\u00bb1&Prime; margin_bottom=\u00a0\u00bb25&Prime; font_family=\u00a0\u00bbnone\u00a0\u00bb]DEPARTEMENT SPECIALISE AGRICULTURE DE PRECISION[\/mk_fancy_title][vc_column_text disable_pattern=\u00a0\u00bbfalse\u00a0\u00bb]Une de nos branches est sp\u00e9cifiquement d\u00e9di\u00e9e \u00e0 l&rsquo;agriculture de pr\u00e9cision, dont l&rsquo;objectif principal est d&rsquo;optimiser (gr\u00e2ce \u00e0 l&rsquo;utilisation de la technologie des drones et au traitement ult\u00e9rieur des donn\u00e9es) la productivit\u00e9 et la qualit\u00e9 des r\u00e9coltes de ses clients.[\/vc_column_text][\/vc_column][\/vc_row][vc_row][vc_column][mk_padding_divider size=\u00a0\u00bb60&Prime;][\/vc_column][\/vc_row][vc_row padding=\u00a0\u00bb1&Prime;][vc_column width=\u00a0\u00bb1\/2&Prime;][mk_padding_divider size=\u00a0\u00bb60&Prime;][mk_fancy_title color=\u00a0\u00bb#393836&Prime; size=\u00a0\u00bb22&Prime; txt_transform=\u00a0\u00bbuppercase\u00a0\u00bb letter_spacing=\u00a0\u00bb1&Prime; margin_bottom=\u00a0\u00bb25&Prime; font_family=\u00a0\u00bbnone\u00a0\u00bb]QUE R\u00c9ALISONS-NOUS AVEC LA TECHNOLOGIE DRON ?[\/mk_fancy_title][vc_column_text disable_pattern=\u00a0\u00bbfalse\u00a0\u00bb]Avec la technologie des drones et les rapports qui en d\u00e9coulent, ce que nous r\u00e9alisons, c&rsquo;est d&rsquo;aider \u00e0 la prise de d\u00e9cision en donnant des indications tr\u00e8s pr\u00e9cises sur l&rsquo;\u00e9tat actuel des cultures. Lors de la r\u00e9alisation de traitements agricoles, cet outil nous permettra d&rsquo;agir uniquement sur les endroits o\u00f9 cela est vraiment n\u00e9cessaire. Parvenir ainsi \u00e0 une am\u00e9lioration du rendement et de la qualit\u00e9 des cultures, ainsi qu&rsquo;\u00e0 une diminution de la consommation d&rsquo;intrants.[\/vc_column_text][\/vc_column][vc_column width=\u00a0\u00bb1\/2&Prime;][mk_image src=\u00a0\u00bbhttps:\/\/innovatione.eu\/wp-content\/uploads\/2014\/09\/agriculture-3182252_1920-1-e1582811591724.jpg\u00a0\u00bb image_width=\u00a0\u00bb1275&Prime; image_height=\u00a0\u00bb2032&Prime; group=\u00a0\u00bb_general\u00a0\u00bb margin_bottom=\u00a0\u00bb0&Prime; animation=\u00a0\u00bbright-to-left\u00a0\u00bb crop=\u00a0\u00bbfalse\u00a0\u00bb][\/vc_column][\/vc_row][vc_row][vc_column][mk_padding_divider size=\u00a0\u00bb60&Prime;][\/vc_column][\/vc_row][vc_row padding=\u00a0\u00bb1&Prime;][vc_column width=\u00a0\u00bb1\/2&Prime;][mk_image src=\u00a0\u00bbhttps:\/\/innovatione.eu\/wp-content\/uploads\/2014\/09\/LECHUGAS_RGB-1-e1582812129283.jpg\u00a0\u00bb image_width=\u00a0\u00bb1275&Prime; image_height=\u00a0\u00bb2032&Prime; group=\u00a0\u00bb_general\u00a0\u00bb margin_bottom=\u00a0\u00bb0&Prime; animation=\u00a0\u00bbleft-to-right\u00a0\u00bb crop=\u00a0\u00bbfalse\u00a0\u00bb][\/vc_column][vc_column width=\u00a0\u00bb1\/2&Prime;][mk_padding_divider size=\u00a0\u00bb60&Prime;][mk_fancy_title color=\u00a0\u00bb#393836&Prime; size=\u00a0\u00bb22&Prime; txt_transform=\u00a0\u00bbuppercase\u00a0\u00bb letter_spacing=\u00a0\u00bb1&Prime; margin_bottom=\u00a0\u00bb25&Prime; font_family=\u00a0\u00bbnone\u00a0\u00bb]BESOINS EN EAU[\/mk_fancy_title][vc_column_text disable_pattern=\u00a0\u00bbfalse\u00a0\u00bb]Conna\u00eetre l&rsquo;\u00e9tat r\u00e9el de la culture nous aide \u00e0 faire des recommandations d&rsquo;irrigation tr\u00e8s pr\u00e9cises. De cette mani\u00e8re, les probl\u00e8mes d\u00e9riv\u00e9s d&rsquo;une application insuffisante d&rsquo;eau dans les zones pr\u00e9sentant un stress hydrique sont minimis\u00e9s et l&rsquo;application d&rsquo;eau dans les zones \u00e0 faible besoin est optimis\u00e9e. Le syst\u00e8me ajuste l&rsquo;application d&rsquo;eau n\u00e9cessaire aux besoins r\u00e9els de l&rsquo;usine et \u00e0 la concession d&rsquo;eau disponible.[\/vc_column_text][\/vc_column][\/vc_row][vc_row][vc_column][mk_padding_divider size=\u00a0\u00bb60&Prime;][\/vc_column][\/vc_row][vc_row padding=\u00a0\u00bb1&Prime;][vc_column width=\u00a0\u00bb1\/2&Prime;][mk_padding_divider size=\u00a0\u00bb60&Prime;][mk_padding_divider size=\u00a0\u00bb60&Prime;][mk_fancy_title color=\u00a0\u00bb#393836&Prime; size=\u00a0\u00bb22&Prime; txt_transform=\u00a0\u00bbuppercase\u00a0\u00bb letter_spacing=\u00a0\u00bb1&Prime; margin_bottom=\u00a0\u00bb25&Prime; font_family=\u00a0\u00bbnone\u00a0\u00bb]ALERTE AUX PATHOG\u00c8NES V\u00c9G\u00c9TAUX[\/mk_fancy_title][vc_column_text disable_pattern=\u00a0\u00bbfalse\u00a0\u00bb css=\u00a0\u00bb.vc_custom_1657576631273{margin-bottom: 0px !important;}\u00a0\u00bb]Avec les vols, il est possible de d\u00e9tecter les foyers d&rsquo;alerte phytopathog\u00e8nes, de cette mani\u00e8re des traitements localis\u00e9s peuvent \u00eatre appliqu\u00e9s, ce qui r\u00e9duit le pourcentage d&rsquo;affectation de la parcelle et parvient ainsi \u00e0 contr\u00f4ler les foyers potentiels de dommages aux cultures.[\/vc_column_text][\/vc_column][vc_column width=\u00a0\u00bb1\/2&Prime;][mk_image src=\u00a0\u00bbhttps:\/\/innovatione.eu\/wp-content\/uploads\/2014\/09\/Pro_Huerta_-_Cucurbita_maxima_var._zapallito_-_Trialeurodes_vaporariorum_03_adults-e1582810822758.jpg\u00a0\u00bb image_width=\u00a0\u00bb1275&Prime; image_height=\u00a0\u00bb2032&Prime; group=\u00a0\u00bb_general\u00a0\u00bb margin_bottom=\u00a0\u00bb0&Prime; animation=\u00a0\u00bbleft-to-right\u00a0\u00bb crop=\u00a0\u00bbfalse\u00a0\u00bb][\/vc_column][\/vc_row][vc_row][vc_column][mk_padding_divider size=\u00a0\u00bb60&Prime;][\/vc_column][\/vc_row][vc_row padding=\u00a0\u00bb1&Prime;][vc_column width=\u00a0\u00bb1\/2&Prime;][mk_image src=\u00a0\u00bbhttps:\/\/innovatione.eu\/wp-content\/uploads\/2017\/03\/drone-1816506-e1582811410694.jpg\u00a0\u00bb image_width=\u00a0\u00bb1275&Prime; image_height=\u00a0\u00bb2032&Prime; group=\u00a0\u00bb_general\u00a0\u00bb margin_bottom=\u00a0\u00bb0&Prime; animation=\u00a0\u00bbright-to-left\u00a0\u00bb crop=\u00a0\u00bbfalse\u00a0\u00bb][\/vc_column][vc_column width=\u00a0\u00bb1\/2&Prime;][mk_fancy_title color=\u00a0\u00bb#393836&Prime; size=\u00a0\u00bb22&Prime; txt_transform=\u00a0\u00bbuppercase\u00a0\u00bb letter_spacing=\u00a0\u00bb1&Prime; margin_bottom=\u00a0\u00bb25&Prime; font_family=\u00a0\u00bbnone\u00a0\u00bb]\u00c9LABORATION DE PLANS DE FERTILISATION[\/mk_fancy_title][vc_column_text disable_pattern=\u00a0\u00bbfalse\u00a0\u00bb]Gr\u00e2ce \u00e0 la technologie dont nous disposons avec des drones et des cam\u00e9ras multispectrales, nous obtenons toutes les donn\u00e9es n\u00e9cessaires pour faire des recommandations de fertilisation. Celles-ci seront toujours optimis\u00e9es en fonction de la culture et de son coefficient d&rsquo;extraction. Avec les drones, nous obtenons des donn\u00e9es sur l&rsquo;azote foliaire au moment du vol et en extrapolant, nous obtenons les besoins en engrais de la plante. Toujours attentifs \u00e0 l&rsquo;\u00e9tat actuel de la r\u00e9colte et, dans la mesure du possible, \u00e0 un historique qui nous permet d&rsquo;affiner encore nos recommandations.[\/vc_column_text][\/vc_column][\/vc_row][vc_row][vc_column][mk_padding_divider][\/vc_column][\/vc_row]\n<\/div>","protected":false},"excerpt":{"rendered":"<p>[vc_row fullwidth=\u00a0\u00bbtrue\u00a0\u00bb padding=\u00a0\u00bb0&Prime;][vc_column visibility=\u00a0\u00bbhidden-sm\u00a0\u00bb][mk_page_title_box page_title=\u00a0\u00bbL&rsquo;agriculture de pr\u00e9cision\u00a0\u00bb page_subtitle=\u00a0\u00bbLa derni\u00e8re technologie entre vos mains\u00a0\u00bb section_height=\u00a0\u00bb500&Prime; bg_image=\u00a0\u00bbhttps:\/\/innovatione.eu\/wp-content\/uploads\/2014\/09\/image12931-2-e1582812025273.png\u00a0\u00bb bg_position=\u00a0\u00bbcenter top\u00a0\u00bb bg_stretch=\u00a0\u00bbtrue\u00a0\u00bb overlay=\u00a0\u00bbrgba(10,10,10,0.4)\u00a0\u00bb bg_effects=\u00a0\u00bbparallax\u00a0\u00bb font_size=\u00a0\u00bb60&Prime; font_color=\u00a0\u00bb#ffffff\u00a0\u00bb sub_font_size=\u00a0\u00bb26&Prime; sub_font_color=\u00a0\u00bb#ffffff\u00a0\u00bb][mk_divider style=\u00a0\u00bbthin_solid\u00a0\u00bb thickness=\u00a0\u00bb3&Prime; margin_top=\u00a0\u00bb0&Prime; margin_bottom=\u00a0\u00bb0&Prime;][mk_padding_divider size=\u00a0\u00bb80&Prime;][\/vc_column][\/vc_row][vc_row fullwidth=\u00a0\u00bbtrue\u00a0\u00bb padding=\u00a0\u00bb0&Prime;][vc_column visibility=\u00a0\u00bbvisible-sm\u00a0\u00bb css=\u00a0\u00bb.vc_custom_1543827802225{padding-right: 20px !important;padding-left: 20px !important;}\u00a0\u00bb][mk_page_title_box page_title=\u00a0\u00bbL&rsquo;agriculture de pr\u00e9cision\u00a0\u00bb page_subtitle=\u00a0\u00bbLa derni\u00e8re technologie entre vos mains\u00a0\u00bb section_height=\u00a0\u00bb500&Prime; bg_image=\u00a0\u00bbhttps:\/\/innovatione.eu\/wp-content\/uploads\/2014\/09\/image12931-2-e1582812025273.png\u00a0\u00bb bg_position=\u00a0\u00bbcenter top\u00a0\u00bb bg_stretch=\u00a0\u00bbtrue\u00a0\u00bb overlay=\u00a0\u00bbrgba(10,10,10,0.4)\u00a0\u00bb bg_effects=\u00a0\u00bbparallax\u00a0\u00bb font_size=\u00a0\u00bb42&Prime; font_color=\u00a0\u00bb#ffffff\u00a0\u00bb [&hellip;]<\/p>\n","protected":false},"author":1,"featured_media":0,"parent":0,"menu_order":0,"comment_status":"open","ping_status":"open","template":"","meta":{"_joinchat":[]},"yoast_head":"<!-- This site is optimized with the Yoast SEO plugin v19.4 - https:\/\/yoast.com\/wordpress\/plugins\/seo\/ -->\n<title>Agriculture de pr\u00e9cision - Drones appliqu\u00e9s \u00e0 l&#039;agriculture<\/title>\n<meta name=\"description\" content=\"Nous analysons votre culture gr\u00e2ce \u00e0 la technologie des drones, nous obtenons des rapports et des cartes avec des recommandations agronomiques pour vous aider \u00e0 prendre des d\u00e9cisions\" \/>\n<meta name=\"robots\" content=\"index, follow, max-snippet:-1, max-image-preview:large, max-video-preview:-1\" \/>\n<link rel=\"canonical\" href=\"https:\/\/innovatione.eu\/fr\/lagriculture-de-precision\/\" \/>\n<meta property=\"og:locale\" content=\"fr_FR\" \/>\n<meta property=\"og:type\" content=\"article\" \/>\n<meta property=\"og:title\" content=\"Agriculture de pr\u00e9cision - Drones appliqu\u00e9s \u00e0 l&#039;agriculture\" \/>\n<meta property=\"og:description\" content=\"Nous analysons votre culture gr\u00e2ce \u00e0 la technologie des drones, nous obtenons des rapports et des cartes avec des recommandations agronomiques pour vous aider \u00e0 prendre des d\u00e9cisions\" \/>\n<meta property=\"og:url\" content=\"https:\/\/innovatione.eu\/fr\/lagriculture-de-precision\/\" \/>\n<meta property=\"og:site_name\" content=\"Innovatione\" \/>\n<meta property=\"article:publisher\" content=\"https:\/\/www.facebook.com\/foodinnovatione\/\" \/>\n<meta property=\"article:modified_time\" content=\"2022-07-11T22:00:35+00:00\" \/>\n<meta name=\"twitter:card\" content=\"summary\" \/>\n<meta name=\"twitter:site\" content=\"@foodinnovatione\" \/>\n<meta name=\"twitter:label1\" content=\"Dur\u00e9e de lecture estim\u00e9e\" \/>\n\t<meta name=\"twitter:data1\" content=\"5 minutes\" \/>\n<script type=\"application\/ld+json\" class=\"yoast-schema-graph\">{\"@context\":\"https:\/\/schema.org\",\"@graph\":[{\"@type\":\"WebSite\",\"@id\":\"https:\/\/innovatione.eu\/fr\/#website\",\"url\":\"https:\/\/innovatione.eu\/fr\/\",\"name\":\"Innovatione\",\"description\":\"P&aacute;gina Oficial\",\"potentialAction\":[{\"@type\":\"SearchAction\",\"target\":{\"@type\":\"EntryPoint\",\"urlTemplate\":\"https:\/\/innovatione.eu\/fr\/?s={search_term_string}\"},\"query-input\":\"required name=search_term_string\"}],\"inLanguage\":\"fr-FR\"},{\"@type\":\"WebPage\",\"@id\":\"https:\/\/innovatione.eu\/fr\/lagriculture-de-precision\/\",\"url\":\"https:\/\/innovatione.eu\/fr\/lagriculture-de-precision\/\",\"name\":\"Agriculture de pr\u00e9cision - Drones appliqu\u00e9s \u00e0 l'agriculture\",\"isPartOf\":{\"@id\":\"https:\/\/innovatione.eu\/fr\/#website\"},\"datePublished\":\"2014-09-05T06:42:43+00:00\",\"dateModified\":\"2022-07-11T22:00:35+00:00\",\"description\":\"Nous analysons votre culture gr\u00e2ce \u00e0 la technologie des drones, nous obtenons des rapports et des cartes avec des recommandations agronomiques pour vous aider \u00e0 prendre des d\u00e9cisions\",\"breadcrumb\":{\"@id\":\"https:\/\/innovatione.eu\/fr\/lagriculture-de-precision\/#breadcrumb\"},\"inLanguage\":\"fr-FR\",\"potentialAction\":[{\"@type\":\"ReadAction\",\"target\":[\"https:\/\/innovatione.eu\/fr\/lagriculture-de-precision\/\"]}]},{\"@type\":\"BreadcrumbList\",\"@id\":\"https:\/\/innovatione.eu\/fr\/lagriculture-de-precision\/#breadcrumb\",\"itemListElement\":[{\"@type\":\"ListItem\",\"position\":1,\"name\":\"Portada\",\"item\":\"https:\/\/innovatione.eu\/fr\/\"},{\"@type\":\"ListItem\",\"position\":2,\"name\":\"L&rsquo;agriculture de pr\u00e9cision\"}]}]}<\/script>\n<!-- \/ Yoast SEO plugin. -->","yoast_head_json":{"title":"Agriculture de pr\u00e9cision - Drones appliqu\u00e9s \u00e0 l'agriculture","description":"Nous analysons votre culture gr\u00e2ce \u00e0 la technologie des drones, nous obtenons des rapports et des cartes avec des recommandations agronomiques pour vous aider \u00e0 prendre des d\u00e9cisions","robots":{"index":"index","follow":"follow","max-snippet":"max-snippet:-1","max-image-preview":"max-image-preview:large","max-video-preview":"max-video-preview:-1"},"canonical":"https:\/\/innovatione.eu\/fr\/lagriculture-de-precision\/","og_locale":"fr_FR","og_type":"article","og_title":"Agriculture de pr\u00e9cision - Drones appliqu\u00e9s \u00e0 l'agriculture","og_description":"Nous analysons votre culture gr\u00e2ce \u00e0 la technologie des drones, nous obtenons des rapports et des cartes avec des recommandations agronomiques pour vous aider \u00e0 prendre des d\u00e9cisions","og_url":"https:\/\/innovatione.eu\/fr\/lagriculture-de-precision\/","og_site_name":"Innovatione","article_publisher":"https:\/\/www.facebook.com\/foodinnovatione\/","article_modified_time":"2022-07-11T22:00:35+00:00","twitter_card":"summary","twitter_site":"@foodinnovatione","twitter_misc":{"Dur\u00e9e de lecture estim\u00e9e":"5 minutes"},"schema":{"@context":"https:\/\/schema.org","@graph":[{"@type":"WebSite","@id":"https:\/\/innovatione.eu\/fr\/#website","url":"https:\/\/innovatione.eu\/fr\/","name":"Innovatione","description":"P&aacute;gina Oficial","potentialAction":[{"@type":"SearchAction","target":{"@type":"EntryPoint","urlTemplate":"https:\/\/innovatione.eu\/fr\/?s={search_term_string}"},"query-input":"required name=search_term_string"}],"inLanguage":"fr-FR"},{"@type":"WebPage","@id":"https:\/\/innovatione.eu\/fr\/lagriculture-de-precision\/","url":"https:\/\/innovatione.eu\/fr\/lagriculture-de-precision\/","name":"Agriculture de pr\u00e9cision - Drones appliqu\u00e9s \u00e0 l'agriculture","isPartOf":{"@id":"https:\/\/innovatione.eu\/fr\/#website"},"datePublished":"2014-09-05T06:42:43+00:00","dateModified":"2022-07-11T22:00:35+00:00","description":"Nous analysons votre culture gr\u00e2ce \u00e0 la technologie des drones, nous obtenons des rapports et des cartes avec des recommandations agronomiques pour vous aider \u00e0 prendre des d\u00e9cisions","breadcrumb":{"@id":"https:\/\/innovatione.eu\/fr\/lagriculture-de-precision\/#breadcrumb"},"inLanguage":"fr-FR","potentialAction":[{"@type":"ReadAction","target":["https:\/\/innovatione.eu\/fr\/lagriculture-de-precision\/"]}]},{"@type":"BreadcrumbList","@id":"https:\/\/innovatione.eu\/fr\/lagriculture-de-precision\/#breadcrumb","itemListElement":[{"@type":"ListItem","position":1,"name":"Portada","item":"https:\/\/innovatione.eu\/fr\/"},{"@type":"ListItem","position":2,"name":"L&rsquo;agriculture de pr\u00e9cision"}]}]}},"_links":{"self":[{"href":"https:\/\/innovatione.eu\/fr\/wp-json\/wp\/v2\/pages\/7143"}],"collection":[{"href":"https:\/\/innovatione.eu\/fr\/wp-json\/wp\/v2\/pages"}],"about":[{"href":"https:\/\/innovatione.eu\/fr\/wp-json\/wp\/v2\/types\/page"}],"author":[{"embeddable":true,"href":"https:\/\/innovatione.eu\/fr\/wp-json\/wp\/v2\/users\/1"}],"replies":[{"embeddable":true,"href":"https:\/\/innovatione.eu\/fr\/wp-json\/wp\/v2\/comments?post=7143"}],"version-history":[{"count":0,"href":"https:\/\/innovatione.eu\/fr\/wp-json\/wp\/v2\/pages\/7143\/revisions"}],"wp:attachment":[{"href":"https:\/\/innovatione.eu\/fr\/wp-json\/wp\/v2\/media?parent=7143"}],"curies":[{"name":"wp","href":"https:\/\/api.w.org\/{rel}","templated":true}]}}